{"id":18699,"date":"2023-11-29T21:51:24","date_gmt":"2023-11-29T20:51:24","guid":{"rendered":"https:\/\/terratuscia.com\/?post_type=product&#038;p=18699"},"modified":"2023-12-21T18:16:07","modified_gmt":"2023-12-21T17:16:07","slug":"lavanda-valli-vita-lavanda-idrolato","status":"publish","type":"product","link":"https:\/\/terratuscia.com\/it\/shop\/drogeria\/lavanda-valli-vita-lavanda-idrolato\/","title":{"rendered":"Lavanda Valli Vita Idrolato di Lavanda Officinale"},"content":{"rendered":"<p><strong>Produzione<br \/>\n<\/strong>L&#8217;idrolato \u00e8 ottenuto dalla distillazione a vapore dei fiori di lavanda per produrre oli essenziali. Es handelt sich im Wesentlichen um destilliertes Wasser mit Tropfen \u00e4therischem Lavendel\u00f6l. \u00c8 cos\u00ec delicato che pu\u00f2 essere utilizzato anche sui bambini. Ha un effetto calmante, rilassante, tonificante, antisettico e decongestionante.<\/p>\n<p><strong>Applicazione<\/strong><br \/>\nRepellente naturale per zanzare.<br \/>\nTrattamento antipulci e zecche per cani (impedisce la schiusa delle uova di zecca). Sfortunatamente, \u00e8 meno adatto ai gatti.<br \/>\nSollievo da ustioni e scottature solari.<br \/>\nCalmante dopo la depilazione e la rasatura.<br \/>\nProfumo e lucentezza per i tuoi capelli.<br \/>\nTonico per il viso.<br \/>\nPulizia del viso in abbinamento a detergenti delicati (spruzzare direttamente sul viso o con panni imbevuti).<br \/>\nAcqua rinfrescante viso-corpo (soprattutto se conservata in frigorifero per ottimizzarne l&#8217;effetto rinfrescante e tonificante).<\/p>\n<p><img decoding=\"async\" loading=\"lazy\" class=\"alignnone size-medium wp-image-18667\" src=\"https:\/\/terratuscia.com\/wp-content\/uploads\/2023\/11\/lavanda_vallivita_banner-768x320.jpg\" alt=\"\" width=\"768\" height=\"320\" srcset=\"https:\/\/terratuscia.com\/wp-content\/uploads\/2023\/11\/lavanda_vallivita_banner-768x320.jpg 768w, https:\/\/terratuscia.com\/wp-content\/uploads\/2023\/11\/lavanda_vallivita_banner-1440x600.jpg 1440w, https:\/\/terratuscia.com\/wp-content\/uploads\/2023\/11\/lavanda_vallivita_banner.jpg 1536w\" sizes=\"(max-width: 768px) 100vw, 768px\" title=\"\"><\/p>\n","protected":false},"excerpt":{"rendered":"<p>Olio di lavanda officinalis in acqua pura. Coltivato su terreno vulcanico non trattato sopra il Lago di Bolsena. Raccolto a mano prima dell&#8217;alba. Trasformato con cura in uno spray delicato. Calmante e rilassante.<\/p>\n","protected":false},"featured_media":18693,"comment_status":"open","ping_status":"closed","template":"","meta":{"_uag_custom_page_level_css":"","site-sidebar-layout":"default","site-content-layout":"default","ast-global-header-display":"","ast-banner-title-visibility":"","ast-main-header-display":"","ast-hfb-above-header-display":"","ast-hfb-below-header-display":"","ast-hfb-mobile-header-display":"","site-post-title":"","ast-breadcrumbs-content":"","ast-featured-img":"","footer-sml-layout":"","theme-transparent-header-meta":"default","adv-header-id-meta":"","stick-header-meta":"default","header-above-stick-meta":"","header-main-stick-meta":"","header-below-stick-meta":""},"pwb-brand":[506],"product_cat":[143],"product_tag":[],"supplier_id":18686,"supplier_sku":"","barcode":null,"atum_controlled":true,"out_stock_date":null,"out_stock_threshold":null,"inheritable":false,"inbound_stock":0,"stock_on_hold":0,"sold_today":0,"sales_last_days":0,"reserved_stock":0,"customer_returns":0,"warehouse_damage":0,"lost_in_post":0,"other_logs":0,"out_stock_days":0,"lost_sales":0,"has_location":false,"update_date":"2026-04-10T07:05:55","atum_locations":[],"atum_stock_status":"instock","restock_status":false,"low_stock_amount":"","sales_update_date":"2026-04-10T07:05:55","calc_backorders":null,"uagb_featured_image_src":{"full":["https:\/\/terratuscia.com\/wp-content\/uploads\/2023\/11\/lavanda_vallivita_idrolato.jpg",1000,1000,false],"thumbnail":["https:\/\/terratuscia.com\/wp-content\/uploads\/2023\/11\/lavanda_vallivita_idrolato-150x150.jpg",150,150,true],"medium":["https:\/\/terratuscia.com\/wp-content\/uploads\/2023\/11\/lavanda_vallivita_idrolato-768x768.jpg",768,768,true],"medium_large":["https:\/\/terratuscia.com\/wp-content\/uploads\/2023\/11\/lavanda_vallivita_idrolato-768x768.jpg",768,768,true],"large":["https:\/\/terratuscia.com\/wp-content\/uploads\/2023\/11\/lavanda_vallivita_idrolato.jpg",1000,1000,false],"1536x1536":["https:\/\/terratuscia.com\/wp-content\/uploads\/2023\/11\/lavanda_vallivita_idrolato.jpg",1000,1000,false],"2048x2048":["https:\/\/terratuscia.com\/wp-content\/uploads\/2023\/11\/lavanda_vallivita_idrolato.jpg",1000,1000,false],"woocommerce_thumbnail":["https:\/\/terratuscia.com\/wp-content\/uploads\/2023\/11\/lavanda_vallivita_idrolato-350x350.jpg",350,350,true],"woocommerce_single":["https:\/\/terratuscia.com\/wp-content\/uploads\/2023\/11\/lavanda_vallivita_idrolato-768x768.jpg",768,768,true],"woocommerce_gallery_thumbnail":["https:\/\/terratuscia.com\/wp-content\/uploads\/2023\/11\/lavanda_vallivita_idrolato-200x200.jpg",200,200,true]},"uagb_author_info":{"display_name":"SabineH","author_link":"https:\/\/terratuscia.com\/it\/author\/"},"uagb_comment_info":0,"uagb_excerpt":"Olio di lavanda officinalis in acqua pura. Coltivato su terreno vulcanico non trattato sopra il Lago di Bolsena. Raccolto a mano prima dell'alba. Trasformato con cura in uno spray delicato. Calmante e rilassante.","brands":[{"id":506,"name":"Lavanda Valli Vita","slug":"lavanda-valli-vita-it"}],"_links":{"self":[{"href":"https:\/\/terratuscia.com\/it\/wp-json\/wp\/v2\/product\/18699"}],"collection":[{"href":"https:\/\/terratuscia.com\/it\/wp-json\/wp\/v2\/product"}],"about":[{"href":"https:\/\/terratuscia.com\/it\/wp-json\/wp\/v2\/types\/product"}],"replies":[{"embeddable":true,"href":"https:\/\/terratuscia.com\/it\/wp-json\/wp\/v2\/comments?post=18699"}],"wp:featuredmedia":[{"embeddable":true,"href":"https:\/\/terratuscia.com\/it\/wp-json\/wp\/v2\/media\/18693"}],"wp:attachment":[{"href":"https:\/\/terratuscia.com\/it\/wp-json\/wp\/v2\/media?parent=18699"}],"wp:term":[{"taxonomy":"pwb-brand","embeddable":true,"href":"https:\/\/terratuscia.com\/it\/wp-json\/wp\/v2\/pwb-brand?post=18699"},{"taxonomy":"product_cat","embeddable":true,"href":"https:\/\/terratuscia.com\/it\/wp-json\/wp\/v2\/product_cat?post=18699"},{"taxonomy":"product_tag","embeddable":true,"href":"https:\/\/terratuscia.com\/it\/wp-json\/wp\/v2\/product_tag?post=18699"}],"curies":[{"name":"wp","href":"https:\/\/api.w.org\/{rel}","templated":true}]}}