{"id":11964,"date":"2022-07-22T11:58:38","date_gmt":"2022-07-22T09:58:38","guid":{"rendered":"https:\/\/terratuscia.com\/shop\/senza-categoria\/qualiterbe-bio-gesichtscreme\/"},"modified":"2023-12-21T18:08:29","modified_gmt":"2023-12-21T17:08:29","slug":"qualiterbe-bio-crema-viso-nutriente-anti-age","status":"publish","type":"product","link":"https:\/\/terratuscia.com\/it\/shop\/drogeria\/qualiterbe-bio-crema-viso-nutriente-anti-age\/","title":{"rendered":"Qualiterbe Bio Crema Viso Nutriente Anti-Age"},"content":{"rendered":"<p>Crema Biologica nutriente e anti-et\u00e0, dalla spiccata azione tonificante, protettiva, illuminante e fortemente antiossidante, a base di Bacche di Goji e Olio di Macadamia.<br \/>\nFormulata con burro di Karit\u00e8, olio di Avocado ed olio di Albicocca, che nutrono ed ammorbidiscono la pelle.<br \/>\nArricchita da estratti di T\u00e8 Verde, Mandarino e Calamo Aromatico.<\/p>\n<p>La miscela di queste piante conferisce caratteristiche uniche a questa crema.<br \/>\nIl T\u00e8 Verde possiede straordinarie propriet\u00e0 antiossidanti e antiradicaliche, l&#8217;estratto di scorze di Mandarino ha attivit\u00e0 astringente e sinergizza con l&#8217;estratto di Calamo aromatico tonificando il tessuto cutaneo. La Vitamina E, estratta dalla Soja, \u00e8 un potente antiossidante, in quanto \u00e8 capace di neutralizzare la reattivit\u00e0 dei radicali liberi, arginando gli effetti dello stress ossidativo.<\/p>\n<p>Aqua, Helianthus Annuus Seed Oil*, Cetearyl Alcohol, PrunusArmeniaca Kernel Oil, Cetearyl Glucoside, Butyrospermum Parkii Butter*, Persea Gratissima Oil, Macadamia Ternifolia Seed Oil, Glycerin, Aesculus Hippocastanum Fruit Extract, Lycium Barbarum Fruit Extract, Citrus Nobilis Peel Extract, Camellia Sinensis Leaf Extract, Althaea Officinalis Root Extract, AcorusCalamus Rhizome Extract, Tocopherol, Parfum, Hydrogenated ethylhexylolivate, Hydrogenated Olive Oil Unsaponifiables, Citric acid,Benzyl Alcohol, Phenoxyethanol, Potassium Sorbate, Sodium Benzoate.<br \/>\n*Da agricoltura biologica<\/p>\n","protected":false},"excerpt":{"rendered":"<p>Qualiterbe Bio Crema Viso Nutriente Anti-Age Bio Crema viso Anti-Age nutriente e Bio-Attivante Con Goji e Olio di Macadamia FORMULA GREEN: Senza Parabeni, senza alcool, senza PEG, senza OGM, profumazione naturale, oli vegetali spremuti a freddo, acqua purificata e biodinamizzata, ingredienti attivi funzionali, Vegan Okk<\/p>\n","protected":false},"featured_media":12269,"comment_status":"open","ping_status":"closed","template":"","meta":{"_uag_custom_page_level_css":"","site-sidebar-layout":"default","site-content-layout":"default","ast-global-header-display":"","ast-banner-title-visibility":"","ast-main-header-display":"","ast-hfb-above-header-display":"","ast-hfb-below-header-display":"","ast-hfb-mobile-header-display":"","site-post-title":"","ast-breadcrumbs-content":"","ast-featured-img":"","footer-sml-layout":"","theme-transparent-header-meta":"","adv-header-id-meta":"","stick-header-meta":"","header-above-stick-meta":"","header-main-stick-meta":"","header-below-stick-meta":""},"pwb-brand":[130],"product_cat":[143],"product_tag":[],"supplier_id":10326,"supplier_sku":"","barcode":null,"atum_controlled":true,"out_stock_date":null,"out_stock_threshold":-3,"inheritable":false,"inbound_stock":0,"stock_on_hold":0,"sold_today":0,"sales_last_days":0,"reserved_stock":0,"customer_returns":0,"warehouse_damage":0,"lost_in_post":0,"other_logs":0,"out_stock_days":0,"lost_sales":0,"has_location":false,"update_date":"2026-04-10T07:05:53","atum_locations":[],"atum_stock_status":"instock","restock_status":false,"low_stock_amount":"","sales_update_date":"2026-04-10T07:05:53","calc_backorders":0,"uagb_featured_image_src":{"full":["https:\/\/terratuscia.com\/wp-content\/uploads\/2022\/07\/Qualiterbe_BioCremaAntiAge.jpg",1000,1000,false],"thumbnail":["https:\/\/terratuscia.com\/wp-content\/uploads\/2022\/07\/Qualiterbe_BioCremaAntiAge-150x150.jpg",150,150,true],"medium":["https:\/\/terratuscia.com\/wp-content\/uploads\/2022\/07\/Qualiterbe_BioCremaAntiAge-768x768.jpg",768,768,true],"medium_large":["https:\/\/terratuscia.com\/wp-content\/uploads\/2022\/07\/Qualiterbe_BioCremaAntiAge-768x768.jpg",768,768,true],"large":["https:\/\/terratuscia.com\/wp-content\/uploads\/2022\/07\/Qualiterbe_BioCremaAntiAge.jpg",1000,1000,false],"1536x1536":["https:\/\/terratuscia.com\/wp-content\/uploads\/2022\/07\/Qualiterbe_BioCremaAntiAge.jpg",1000,1000,false],"2048x2048":["https:\/\/terratuscia.com\/wp-content\/uploads\/2022\/07\/Qualiterbe_BioCremaAntiAge.jpg",1000,1000,false],"woocommerce_thumbnail":["https:\/\/terratuscia.com\/wp-content\/uploads\/2022\/07\/Qualiterbe_BioCremaAntiAge-350x350.jpg",350,350,true],"woocommerce_single":["https:\/\/terratuscia.com\/wp-content\/uploads\/2022\/07\/Qualiterbe_BioCremaAntiAge-768x768.jpg",768,768,true],"woocommerce_gallery_thumbnail":["https:\/\/terratuscia.com\/wp-content\/uploads\/2022\/07\/Qualiterbe_BioCremaAntiAge-200x200.jpg",200,200,true]},"uagb_author_info":{"display_name":"SabineH","author_link":"https:\/\/terratuscia.com\/it\/author\/"},"uagb_comment_info":0,"uagb_excerpt":"Qualiterbe Bio Crema Viso Nutriente Anti-Age Bio Crema viso Anti-Age nutriente e Bio-Attivante Con Goji e Olio di Macadamia FORMULA GREEN: Senza Parabeni, senza alcool, senza PEG, senza OGM, profumazione naturale, oli vegetali spremuti a freddo, acqua purificata e biodinamizzata, ingredienti attivi funzionali, Vegan Okk","brands":[{"id":130,"name":"Qualiterbe","slug":"qualiterbe-it"}],"_links":{"self":[{"href":"https:\/\/terratuscia.com\/it\/wp-json\/wp\/v2\/product\/11964"}],"collection":[{"href":"https:\/\/terratuscia.com\/it\/wp-json\/wp\/v2\/product"}],"about":[{"href":"https:\/\/terratuscia.com\/it\/wp-json\/wp\/v2\/types\/product"}],"replies":[{"embeddable":true,"href":"https:\/\/terratuscia.com\/it\/wp-json\/wp\/v2\/comments?post=11964"}],"wp:featuredmedia":[{"embeddable":true,"href":"https:\/\/terratuscia.com\/it\/wp-json\/wp\/v2\/media\/12269"}],"wp:attachment":[{"href":"https:\/\/terratuscia.com\/it\/wp-json\/wp\/v2\/media?parent=11964"}],"wp:term":[{"taxonomy":"pwb-brand","embeddable":true,"href":"https:\/\/terratuscia.com\/it\/wp-json\/wp\/v2\/pwb-brand?post=11964"},{"taxonomy":"product_cat","embeddable":true,"href":"https:\/\/terratuscia.com\/it\/wp-json\/wp\/v2\/product_cat?post=11964"},{"taxonomy":"product_tag","embeddable":true,"href":"https:\/\/terratuscia.com\/it\/wp-json\/wp\/v2\/product_tag?post=11964"}],"curies":[{"name":"wp","href":"https:\/\/api.w.org\/{rel}","templated":true}]}}