{"id":11873,"date":"2022-07-21T10:13:49","date_gmt":"2022-07-21T08:13:49","guid":{"rendered":"https:\/\/terratuscia.com\/shop\/senza-categoria\/qualiterbe-echina-goji-abwehr-tropfen\/"},"modified":"2023-10-29T17:15:16","modified_gmt":"2023-10-29T16:15:16","slug":"qualiterbe-echina-goji-defense-gocce","status":"publish","type":"product","link":"https:\/\/terratuscia.com\/it\/shop\/drogeria\/qualiterbe-echina-goji-defense-gocce\/","title":{"rendered":"Qualiterbe Echina Goji Defence Gocce"},"content":{"rendered":"<p>Tintura di echinacea (Echinacea purpurea Moench e Echinacea pallida Britton &#8211; radice e goji, (Lycium barbarum L. &#8211; bacche). Alcool biologico a 60 vol.<\/p>\n<p><strong>Dosaggio:<\/strong><br \/>\nAssumere 40-60 gocce diluite in acqua 2-3 volte al giorno.<br \/>\nPer trattamenti intensivi 60 gocce 3 volte al giorno.<br \/>\nPer trattamenti di mantenimento 40 gocce 3 volte al giorno.<\/p>\n<p><strong>Controindicazione:<\/strong><br \/>\nGravidanza ed allattamento. Tenere fuori dalla portata dei bambini sotto i 10 anni. Controindicato in caso di sensibilizzazione personale ai principi attivi contenuti nella pianta (l\u2019Echinacea appartiene alla famiglia delle Asteracee).<\/p>\n<p><strong>Estratto idroalcolico in gocce a base di Echinacea:<\/strong><\/p>\n<p>Preparazione di alta qualit\u00e0 di questo prodotto fitoterapico lungo tutta la linea di produzione: metodi di selezione ed estrazione della materia prima secondo Farmacopea Ufficiale Italiana, controlli di qualit\u00e0 chimici e biologici.<br \/>\nQualiterbe Echinacea proviene da agricoltura biologica italiana, raccolta nella stagione balsamica e selezionata direttamente dal dipartimento scientifico Qualiterbe.<br \/>\nI test chimici di tutti i principali ingredienti della nostra tintura di echinacea vengono effettuati in collaborazione con l&#8217;Universit\u00e0 degli studi di Siena, cos\u00ec come i confronti con tutte le preparazioni con i comuni t\u00e8 alla radice di echinacea in commercio.<br \/>\nTutti i test confermano la qualit\u00e0 superiore della nostra materia prima: Sia lo spettro UV-Vis che i test specifici sui principi attivi dimostrano che il preparato di principio attivo ottenuto con l&#8217;echinacea biologica \u00e8 il pi\u00f9 ricco di tutti gli ingredienti.<\/p>\n<p><strong>Bacche di Goji<\/strong><\/p>\n<p>Una pianta di antica origine orientale, coltivata da tempo immemorabile per le sue straordinarie propriet\u00e0 nutritive. Il frutto \u00e8 molto ricco di vitamina C e minerali come lo zinco.<\/p>\n<p>Inoltre \u00e8 ricco di polifenoli e in particolare di flavonoidi. \u00c8 noto che questi componenti stimolano la capacit\u00e0 antiossidante del nostro organismo e aumentano la resistenza del nostro sistema immunitario.<\/p>\n","protected":false},"excerpt":{"rendered":"<p>Qualiterbe Echina-Goji Defense Gocce Rafforza e stimola il sistema immunitario. Previene influenza e raffreddore. Antiossidante. Vegan Ok, senza ingegneria genetica, senza conservanti e coloranti, principi attivi funzionali, in alcool biologico.<\/p>\n","protected":false},"featured_media":9541,"comment_status":"open","ping_status":"closed","template":"","meta":{"_uag_custom_page_level_css":"","site-sidebar-layout":"default","site-content-layout":"default","ast-global-header-display":"","ast-banner-title-visibility":"","ast-main-header-display":"","ast-hfb-above-header-display":"","ast-hfb-below-header-display":"","ast-hfb-mobile-header-display":"","site-post-title":"","ast-breadcrumbs-content":"","ast-featured-img":"","footer-sml-layout":"","theme-transparent-header-meta":"","adv-header-id-meta":"","stick-header-meta":"","header-above-stick-meta":"","header-main-stick-meta":"","header-below-stick-meta":""},"pwb-brand":[130],"product_cat":[143],"product_tag":[],"supplier_id":10326,"supplier_sku":"","barcode":null,"atum_controlled":true,"out_stock_date":null,"out_stock_threshold":-3,"inheritable":false,"inbound_stock":0,"stock_on_hold":0,"sold_today":0,"sales_last_days":0,"reserved_stock":0,"customer_returns":0,"warehouse_damage":0,"lost_in_post":0,"other_logs":0,"out_stock_days":0,"lost_sales":0,"has_location":false,"update_date":"2026-04-10T07:05:54","atum_locations":[],"atum_stock_status":"instock","restock_status":false,"low_stock_amount":"","sales_update_date":"2026-04-10T07:05:54","calc_backorders":0,"uagb_featured_image_src":{"full":["https:\/\/terratuscia.com\/wp-content\/uploads\/2022\/02\/qualiterbe-echina-gojo-defence.jpg",1000,1000,false],"thumbnail":["https:\/\/terratuscia.com\/wp-content\/uploads\/2022\/02\/qualiterbe-echina-gojo-defence-150x150.jpg",150,150,true],"medium":["https:\/\/terratuscia.com\/wp-content\/uploads\/2022\/02\/qualiterbe-echina-gojo-defence-768x768.jpg",768,768,true],"medium_large":["https:\/\/terratuscia.com\/wp-content\/uploads\/2022\/02\/qualiterbe-echina-gojo-defence-768x768.jpg",768,768,true],"large":["https:\/\/terratuscia.com\/wp-content\/uploads\/2022\/02\/qualiterbe-echina-gojo-defence.jpg",1000,1000,false],"1536x1536":["https:\/\/terratuscia.com\/wp-content\/uploads\/2022\/02\/qualiterbe-echina-gojo-defence.jpg",1000,1000,false],"2048x2048":["https:\/\/terratuscia.com\/wp-content\/uploads\/2022\/02\/qualiterbe-echina-gojo-defence.jpg",1000,1000,false],"woocommerce_thumbnail":["https:\/\/terratuscia.com\/wp-content\/uploads\/2022\/02\/qualiterbe-echina-gojo-defence-350x350.jpg",350,350,true],"woocommerce_single":["https:\/\/terratuscia.com\/wp-content\/uploads\/2022\/02\/qualiterbe-echina-gojo-defence-768x768.jpg",768,768,true],"woocommerce_gallery_thumbnail":["https:\/\/terratuscia.com\/wp-content\/uploads\/2022\/02\/qualiterbe-echina-gojo-defence-200x200.jpg",200,200,true]},"uagb_author_info":{"display_name":"SabineH","author_link":"https:\/\/terratuscia.com\/it\/author\/"},"uagb_comment_info":0,"uagb_excerpt":"Qualiterbe Echina-Goji Defense Gocce Rafforza e stimola il sistema immunitario. Previene influenza e raffreddore. Antiossidante. Vegan Ok, senza ingegneria genetica, senza conservanti e coloranti, principi attivi funzionali, in alcool biologico.","brands":[{"id":130,"name":"Qualiterbe","slug":"qualiterbe-it"}],"_links":{"self":[{"href":"https:\/\/terratuscia.com\/it\/wp-json\/wp\/v2\/product\/11873"}],"collection":[{"href":"https:\/\/terratuscia.com\/it\/wp-json\/wp\/v2\/product"}],"about":[{"href":"https:\/\/terratuscia.com\/it\/wp-json\/wp\/v2\/types\/product"}],"replies":[{"embeddable":true,"href":"https:\/\/terratuscia.com\/it\/wp-json\/wp\/v2\/comments?post=11873"}],"wp:featuredmedia":[{"embeddable":true,"href":"https:\/\/terratuscia.com\/it\/wp-json\/wp\/v2\/media\/9541"}],"wp:attachment":[{"href":"https:\/\/terratuscia.com\/it\/wp-json\/wp\/v2\/media?parent=11873"}],"wp:term":[{"taxonomy":"pwb-brand","embeddable":true,"href":"https:\/\/terratuscia.com\/it\/wp-json\/wp\/v2\/pwb-brand?post=11873"},{"taxonomy":"product_cat","embeddable":true,"href":"https:\/\/terratuscia.com\/it\/wp-json\/wp\/v2\/product_cat?post=11873"},{"taxonomy":"product_tag","embeddable":true,"href":"https:\/\/terratuscia.com\/it\/wp-json\/wp\/v2\/product_tag?post=11873"}],"curies":[{"name":"wp","href":"https:\/\/api.w.org\/{rel}","templated":true}]}}