{"id":7477,"date":"2021-08-15T15:16:40","date_gmt":"2021-08-15T13:16:40","guid":{"rendered":"https:\/\/terratuscia.com\/widerrufsbestimmungen\/"},"modified":"2023-02-09T16:54:09","modified_gmt":"2023-02-09T15:54:09","slug":"diritto-di-recesso","status":"publish","type":"page","link":"https:\/\/terratuscia.com\/it\/diritto-di-recesso\/","title":{"rendered":"Diritto di recesso"},"content":{"rendered":"\n          \n\n          <p>Un &#8220;consumatore&#8221; ai sensi di questa politica di cancellazione \u00e8 qualsiasi persona fisica che entra in una transazione legale per scopi che non sono prevalentemente commerciali o di lavoro autonomo.<\/p>\n          \n\n          <h4>Diritti di revoca<\/h4>\n          \n\n          \n\n          <p>Lei ha il diritto di annullare questo contratto entro 14 giorni senza dare alcuna motivazione.<\/p>\n          \n\n          <p>Il periodo di recesso \u00e8 di 14 giorni a partire dal giorno in cui lei o un terzo da lei nominato, che non sia il trasportatore, ha preso o ha preso possesso dell&#8217;ultima merce. <\/p>\n          \n\n          <p>Per esercitare il tuo diritto di recesso, devi informarci (TerraTuscia srl, Loc la Cantoniera 24, 01010 Gradoli (VT), Italia, indirizzo e-mail: widerruf@terratuscia.com) mediante una dichiarazione chiara (ad esempio una lettera o un&#8217;e-mail inviata per posta) della tua decisione di recedere dal presente contratto. A questo scopo potete usare il modello di modulo di ritiro allegato, che tuttavia non \u00e8 obbligatorio.<\/p>\n          \n\n          <p>Per rispettare il periodo di cancellazione, \u00e8 sufficiente che lei invii la notifica dell&#8217;esercizio del diritto di cancellazione prima della fine del periodo di cancellazione.<\/p>\n          \n\n          <h4>Conseguenze dell revoca<\/h4>\n          \n\n          <p>Se lei recede da questo contratto, dobbiamo rimborsare tutti i pagamenti che abbiamo ricevuto da lei, compresi i costi di consegna (ad eccezione dei costi aggiuntivi derivanti dal fatto che lei ha scelto un tipo di consegna diverso dalla consegna standard pi\u00f9 economica da noi offerta), senza ritardo e al massimo entro quattordici giorni dal giorno in cui abbiamo ricevuto la notifica del suo recesso da questo contratto. Per questo rimborso, useremo lo stesso mezzo di pagamento che hai usato per la transazione originale, a meno che non sia stato espressamente concordato diversamente con te; in nessun caso ti verr\u00e0 addebitato questo rimborso.<\/p>\n          \n\n          <p>Possiamo rifiutare il rimborso fino a quando non avremo ricevuto la merce indietro o fino a quando lei non avr\u00e0 fornito la prova di aver restituito la merce, qualunque sia la prima. <\/p>\n          \n\n          <p>Lei deve restituire o consegnarci la merce immediatamente e in ogni caso non pi\u00f9 tardi di quattordici giorni dal giorno in cui ci ha notificato l&#8217;annullamento del presente contratto. Il termine \u00e8 rispettato se si invia la merce prima della scadenza del periodo di quattordici giorni.<\/p>\n          \n\n          <p>I costi diretti della restituzione della merce sono a vostro carico.<\/p>\n          \n\n          <p>Lei deve pagare la perdita di valore della merce solo se questa perdita di valore \u00e8 dovuta alla manipolazione della merce che non \u00e8 necessaria per testare la qualit\u00e0, le caratteristiche e il funzionamento della merce.<\/p>\n          \n\n          <h4 id=\"m3322\">Esclusione o scadenza anticipata del diritto di recesso<\/h4>\n          <ul>\n            <li>Il diritto di recesso scade prematuramente per i contratti per la consegna di beni sigillati che non sono adatti alla restituzione per motivi di protezione della salute o di igiene se il loro sigillo \u00e8 stato rimosso dopo la consegna.<\/li>\n          <\/ul>\n          <bdo><\/bdo>\n          <h4 id=\"m3320\">Modulo di cancellazione campione<\/h4>\n          <p>(Se desiderate revocare il contratto, compilate e restituite questo modulo).<\/p>\n          \n\n          <p>A<\/p>\n          \n\n          <p>TerraTuscia srl<br\/>\nLoc la Cantoniera 24<br\/>\n01010 Gradoli (VT)<br\/>\nItalia<br\/>\nIndirizzo email: widerruf@terratuscia.com<\/p>\n          \n\n          <p>Io\/noi (*) revochiamo il contratto concluso da me\/noi (*) relativo al<\/p>\n          \n\n          <p>Acquisto dei seguenti beni (*)\/fornitura del seguente servizio (*)<\/p>\n          \n\n          <p>______________________________________________________<\/p>\n          \n\n          <p>______________________________________________________<\/p>\n          \n\n          <p>Ordinato il (*) ____________ \/ ricevuto il (*) _________________<\/p>\n          \n\n          <p>_______________________________________________________<\/p>\n          \n\n          <p>Nome del\/i consumatore\/i<\/p>\n          \n\n          <p>_______________________________________________________<\/p>\n          \n\n          <p>Indirizzo del consumatore<\/p>\n          \n\n          <p>_______________________________________________________<\/p>\n          \n\n          <p>Firma del\/i consumatore\/i (solo in caso di notifica su carta)<\/p>\n          \n\n          <p>_________________________<\/p>\n          \n\n          <p>Data<\/p>\n          \n\n          <p>(*) Cancellare se necessario<\/p>\n          \n\n          <h4 id=\"m3307\">Note sulla restituzione della merce<\/h4>\n          <ul>\n            <li>Le seguenti modalit\u00e0 menzionate in questa sezione non sono un prerequisito per l&#8217;effettivo esercizio del diritto di recesso.<\/li>\n            <li>Si prega di non inviare la merce a noi per il ritiro merci.<\/li>\n            <li>Si prega di restituire la merce come un pacchetto prepagato all&#8217;indirizzo di ritorno specificato e si prega di conservare la prova di consegna.<\/li>\n            <li>Si prega di evitare di danneggiare o contaminare la merce.<\/li>\n            <li>Se possibile, vi preghiamo di restituirci la merce nella confezione originale e nell&#8217;imballaggio esterno con tutti gli accessori e i componenti dell&#8217;imballaggio. Se l&#8217;imballaggio originale o l&#8217;imballaggio esterno non \u00e8 pi\u00f9 in vostro possesso, si dovrebbe utilizzare un altro imballaggio adeguato per garantire una protezione adeguata contro i danni durante il trasporto e per evitare qualsiasi reclamo per danni dovuti a un imballaggio inadeguato.<\/li>\n          <\/ul>\n          \n\n        \n\n<div style=\"height:20px\" aria-hidden=\"true\" class=\"wp-block-spacer\"><\/div>\n","protected":false},"excerpt":{"rendered":"<p>Un &#8220;consumatore&#8221; ai sensi di questa politica di cancellazione \u00e8 qualsiasi persona fisica che entra in una transazione legale per scopi che non sono prevalentemente commerciali o di lavoro autonomo. Lei ha il diritto di annullare questo contratto entro 14 giorni senza dare alcuna motivazione. Il periodo di recesso \u00e8 di 14 giorni a partire &hellip;<\/p>\n<p class=\"read-more\"> <a class=\"ast-button\" href=\"https:\/\/terratuscia.com\/it\/diritto-di-recesso\/\"> <span class=\"screen-reader-text\">Diritto di recesso<\/span> Leggi tutto \u00bb<\/a><\/p>\n","protected":false},"author":1,"featured_media":0,"parent":0,"menu_order":0,"comment_status":"closed","ping_status":"closed","template":"","meta":{"_uag_custom_page_level_css":"","site-sidebar-layout":"default","site-content-layout":"default","ast-global-header-display":"","ast-banner-title-visibility":"","ast-main-header-display":"","ast-hfb-above-header-display":"","ast-hfb-below-header-display":"","ast-hfb-mobile-header-display":"","site-post-title":"","ast-breadcrumbs-content":"","ast-featured-img":"","footer-sml-layout":"","theme-transparent-header-meta":"default","adv-header-id-meta":"","stick-header-meta":"default","header-above-stick-meta":"","header-main-stick-meta":"","header-below-stick-meta":""},"uagb_featured_image_src":{"full":false,"thumbnail":false,"medium":false,"medium_large":false,"large":false,"1536x1536":false,"2048x2048":false,"woocommerce_thumbnail":false,"woocommerce_single":false,"woocommerce_gallery_thumbnail":false},"uagb_author_info":{"display_name":"HolgerD","author_link":"https:\/\/terratuscia.com\/it\/author\/holgerd\/"},"uagb_comment_info":0,"uagb_excerpt":"Un &#8220;consumatore&#8221; ai sensi di questa politica di cancellazione \u00e8 qualsiasi persona fisica che entra in una transazione legale per scopi che non sono prevalentemente commerciali o di lavoro autonomo. Lei ha il diritto di annullare questo contratto entro 14 giorni senza dare alcuna motivazione. Il periodo di recesso \u00e8 di 14 giorni a partire&hellip;","_links":{"self":[{"href":"https:\/\/terratuscia.com\/it\/wp-json\/wp\/v2\/pages\/7477"}],"collection":[{"href":"https:\/\/terratuscia.com\/it\/wp-json\/wp\/v2\/pages"}],"about":[{"href":"https:\/\/terratuscia.com\/it\/wp-json\/wp\/v2\/types\/page"}],"author":[{"embeddable":true,"href":"https:\/\/terratuscia.com\/it\/wp-json\/wp\/v2\/users\/1"}],"replies":[{"embeddable":true,"href":"https:\/\/terratuscia.com\/it\/wp-json\/wp\/v2\/comments?post=7477"}],"version-history":[{"count":2,"href":"https:\/\/terratuscia.com\/it\/wp-json\/wp\/v2\/pages\/7477\/revisions"}],"predecessor-version":[{"id":15758,"href":"https:\/\/terratuscia.com\/it\/wp-json\/wp\/v2\/pages\/7477\/revisions\/15758"}],"wp:attachment":[{"href":"https:\/\/terratuscia.com\/it\/wp-json\/wp\/v2\/media?parent=7477"}],"curies":[{"name":"wp","href":"https:\/\/api.w.org\/{rel}","templated":true}]}}