{"id":7475,"date":"2022-01-22T10:16:08","date_gmt":"2022-01-22T09:16:08","guid":{"rendered":"https:\/\/terratuscia.com\/restaurants\/loasi-del-pescatore\/"},"modified":"2023-02-09T16:42:36","modified_gmt":"2023-02-09T15:42:36","slug":"loasi-del-pescatore","status":"publish","type":"page","link":"https:\/\/terratuscia.com\/it\/ristoranti\/loasi-del-pescatore\/","title":{"rendered":"L&#8217;Oasi del Pescatore"},"content":{"rendered":"\n<div class=\"wp-block-group alignwide wp-block-group-hdm-no-margin has-white-background-color has-background is-layout-flow\">\n<div class=\"wp-block-columns alignwide is-layout-flex wp-container-4\">\n<div class=\"wp-block-column is-layout-flow\">\n<h1 class=\"has-text-align-left wp-block-heading\">L&#8217;Oasi del Pescatore<\/h1>\n<\/div>\n\n\n\n<div class=\"wp-block-column is-vertically-aligned-center is-layout-flow\">\n<ul class=\"wp-block-social-links alignright has-small-icon-size items-justified-right is-layout-flex\"><li class=\"wp-social-link wp-social-link-facebook wp-block-social-link\"><a rel=\" noopener nofollow\" target=\"_blank\" href=\"https:\/\/www.facebook.com\/pages\/category\/Seafood-Restaurant\/LOasi-Del-Pescatore-Viterbo-1714186055504294\/\" class=\"wp-block-social-link-anchor\"><svg width=\"24\" height=\"24\" viewBox=\"0 0 24 24\" version=\"1.1\" xmlns=\"http:\/\/www.w3.org\/2000\/svg\" aria-hidden=\"true\" focusable=\"false\"><path d=\"M12 2C6.5 2 2 6.5 2 12c0 5 3.7 9.1 8.4 9.9v-7H7.9V12h2.5V9.8c0-2.5 1.5-3.9 3.8-3.9 1.1 0 2.2.2 2.2.2v2.5h-1.3c-1.2 0-1.6.8-1.6 1.6V12h2.8l-.4 2.9h-2.3v7C18.3 21.1 22 17 22 12c0-5.5-4.5-10-10-10z\"><\/path><\/svg><span class=\"wp-block-social-link-label screen-reader-text\">Facebook<\/span><\/a><\/li><\/ul>\n<\/div>\n<\/div>\n\n\n\n<blockquote class=\"wp-block-quote\">\n<p>Mauro pesca e Maria cucina. L&#8217;idilliaco tratto di spiaggia, riparato da salici con sabbia nera di lava e acqua limpida, \u00e8 stato l&#8217;approdo della barca da pesca di Mauro pi\u00f9 di 30 anni fa.<\/p>\n<\/blockquote>\n\n\n\n<figure class=\"wp-block-image alignwide size-full is-style-rounded\"><img decoding=\"async\" loading=\"lazy\" width=\"1200\" height=\"600\" src=\"https:\/\/terratuscia.com\/wp-content\/uploads\/2022\/01\/loasi-del-pecatore-banner.jpg\" alt=\"\" class=\"wp-image-6218\" srcset=\"https:\/\/terratuscia.com\/wp-content\/uploads\/2022\/01\/loasi-del-pecatore-banner.jpg 1200w, https:\/\/terratuscia.com\/wp-content\/uploads\/2022\/01\/loasi-del-pecatore-banner-768x384.jpg 768w\" sizes=\"(max-width: 1200px) 100vw, 1200px\" title=\"\"><figcaption class=\"wp-element-caption\">L&#8217;Oasi del Pescatore<\/figcaption><\/figure>\n\n\n\n<div class=\"wp-block-columns alignwide is-layout-flex wp-container-7\">\n<div class=\"wp-block-column is-layout-flow\">\n<p>A quel tempo, sua moglie Maria preparava il pesce fresco direttamente sulla spiaggia. Per la famiglia e per gli amici che sono passati. Solo ogni tanto. E poi regolarmente C&#8217;era il pesce del lago, le verdure dell&#8217;orto e la pasta fatta in casa.<\/p>\n\n\n\n<figure class=\"wp-block-image size-full is-style-rounded\"><img decoding=\"async\" loading=\"lazy\" width=\"600\" height=\"400\" src=\"https:\/\/terratuscia.com\/wp-content\/uploads\/2022\/01\/loasi-del-pecatore-4.jpg\" alt=\"\" class=\"wp-image-6216\" title=\"\"><\/figure>\n\n\n\n<p>L&#8217;Oasi del Pescatore \u00e8 veramente un&#8217;oasi meravigliosa &#8211; un ritiro direttamente sul lago. La barca da pesca che Mauro porta fuori ogni giorno \u00e8 ancora l\u00ec. Il ristorante \u00e8 tenuto molto semplice e di legno. Ci si pu\u00f2 sedere in piccoli tavoli graziosi, con i piedi nella sabbia nera, sotto il tetto del gazebo o nel ristorante con una grande facciata aperta verso il lago.<\/p>\n\n\n\n<figure class=\"wp-block-image size-full is-style-rounded\"><img decoding=\"async\" loading=\"lazy\" width=\"600\" height=\"400\" src=\"https:\/\/terratuscia.com\/wp-content\/uploads\/2022\/01\/loasi-del-pecatore-1.jpg\" alt=\"\" class=\"wp-image-6213\" title=\"\"><\/figure>\n<\/div>\n\n\n\n<div class=\"wp-block-column is-layout-flow\">\n<figure class=\"wp-block-image size-full is-style-rounded\"><img decoding=\"async\" loading=\"lazy\" width=\"600\" height=\"400\" src=\"https:\/\/terratuscia.com\/wp-content\/uploads\/2022\/01\/loasi-del-pecatore-2.jpg\" alt=\"\" class=\"wp-image-6214\" title=\"\"><\/figure>\n\n\n\n<p>A poco a poco, \u00e8 nata l&#8217;idea di aprire un piccolo ristorante. Ma dovrebbe anche rimanere la spiaggia idilliaca e l&#8217;ormeggio della barca di Mauro. Perch\u00e9 tutti si sentivano a loro agio l\u00ec. Ed \u00e8 ancora cos\u00ec oggi.<\/p>\n\n\n\n<figure class=\"wp-block-image size-full is-style-rounded\"><img decoding=\"async\" loading=\"lazy\" width=\"600\" height=\"400\" src=\"https:\/\/terratuscia.com\/wp-content\/uploads\/2022\/01\/loasi-del-pecatore-3.jpg\" alt=\"\" class=\"wp-image-6215\" title=\"\"><\/figure>\n\n\n\n<p>Il menu non dice n\u00e9 &#8220;organico&#8221; n\u00e9 &#8220;km0&#8221;, ma se si chiede a Maria da dove vengono i suoi ingredienti, lei dice semplicemente &#8220;da qui&#8221;. Pasta e dolci deliziosi fatti in casa, pesce pescato in casa e verdure che crescono (in autunno ci sono deliziosi cavoli e cicorie, ma sicuramente niente zucchine o pomodori). Maria cucina per molti pi\u00f9 ospiti di prima e tuttavia trova sempre il tempo di scambiare qualche parola con tutti. La sua squadra sostiene in cucina e nel servizio con cuore e anima, e sembra una grande famiglia felice.<\/p>\n<\/div>\n<\/div>\n\n\n\n<figure class=\"wp-block-image alignwide size-full is-style-rounded\"><img decoding=\"async\" loading=\"lazy\" width=\"1200\" height=\"411\" src=\"https:\/\/terratuscia.com\/wp-content\/uploads\/2022\/01\/loasi-del-pecatore-banner-2.jpg\" alt=\"\" class=\"wp-image-6222\" srcset=\"https:\/\/terratuscia.com\/wp-content\/uploads\/2022\/01\/loasi-del-pecatore-banner-2.jpg 1200w, https:\/\/terratuscia.com\/wp-content\/uploads\/2022\/01\/loasi-del-pecatore-banner-2-768x263.jpg 768w\" sizes=\"(max-width: 1200px) 100vw, 1200px\" title=\"\"><\/figure>\n<\/div>\n","protected":false},"excerpt":{"rendered":"<p>Facebook Mauro pesca e Maria cucina. L&#8217;idilliaco tratto di spiaggia, riparato da salici con sabbia nera di lava e acqua limpida, \u00e8 stato l&#8217;approdo della barca da pesca di Mauro pi\u00f9 di 30 anni fa. L&#8217;Oasi del Pescatore A quel tempo, sua moglie Maria preparava il pesce fresco direttamente sulla spiaggia. Per la famiglia e &hellip;<\/p>\n<p class=\"read-more\"> <a class=\"ast-button\" href=\"https:\/\/terratuscia.com\/it\/ristoranti\/loasi-del-pescatore\/\"> <span class=\"screen-reader-text\">L&#8217;Oasi del Pescatore<\/span> Leggi tutto \u00bb<\/a><\/p>\n","protected":false},"author":1,"featured_media":7125,"parent":7465,"menu_order":0,"comment_status":"open","ping_status":"closed","template":"","meta":{"_uag_custom_page_level_css":"","site-sidebar-layout":"default","site-content-layout":"default","ast-global-header-display":"","ast-banner-title-visibility":"","ast-main-header-display":"","ast-hfb-above-header-display":"","ast-hfb-below-header-display":"","ast-hfb-mobile-header-display":"","site-post-title":"disabled","ast-breadcrumbs-content":"","ast-featured-img":"disabled","footer-sml-layout":"","theme-transparent-header-meta":"","adv-header-id-meta":"","stick-header-meta":"","header-above-stick-meta":"","header-main-stick-meta":"","header-below-stick-meta":""},"uagb_featured_image_src":{"full":["https:\/\/terratuscia.com\/wp-content\/uploads\/2022\/01\/loasi-del-pecatore-4.jpg",600,400,false],"thumbnail":["https:\/\/terratuscia.com\/wp-content\/uploads\/2022\/01\/loasi-del-pecatore-4-150x150.jpg",150,150,true],"medium":["https:\/\/terratuscia.com\/wp-content\/uploads\/2022\/01\/loasi-del-pecatore-4.jpg",600,400,false],"medium_large":["https:\/\/terratuscia.com\/wp-content\/uploads\/2022\/01\/loasi-del-pecatore-4.jpg",600,400,false],"large":["https:\/\/terratuscia.com\/wp-content\/uploads\/2022\/01\/loasi-del-pecatore-4.jpg",600,400,false],"1536x1536":["https:\/\/terratuscia.com\/wp-content\/uploads\/2022\/01\/loasi-del-pecatore-4.jpg",600,400,false],"2048x2048":["https:\/\/terratuscia.com\/wp-content\/uploads\/2022\/01\/loasi-del-pecatore-4.jpg",600,400,false],"woocommerce_thumbnail":["https:\/\/terratuscia.com\/wp-content\/uploads\/2022\/01\/loasi-del-pecatore-4-350x350.jpg",350,350,true],"woocommerce_single":["https:\/\/terratuscia.com\/wp-content\/uploads\/2022\/01\/loasi-del-pecatore-4.jpg",600,400,false],"woocommerce_gallery_thumbnail":["https:\/\/terratuscia.com\/wp-content\/uploads\/2022\/01\/loasi-del-pecatore-4-200x200.jpg",200,200,true]},"uagb_author_info":{"display_name":"HolgerD","author_link":"https:\/\/terratuscia.com\/it\/author\/holgerd\/"},"uagb_comment_info":0,"uagb_excerpt":"Facebook Mauro pesca e Maria cucina. L&#8217;idilliaco tratto di spiaggia, riparato da salici con sabbia nera di lava e acqua limpida, \u00e8 stato l&#8217;approdo della barca da pesca di Mauro pi\u00f9 di 30 anni fa. L&#8217;Oasi del Pescatore A quel tempo, sua moglie Maria preparava il pesce fresco direttamente sulla spiaggia. Per la famiglia e&hellip;","_links":{"self":[{"href":"https:\/\/terratuscia.com\/it\/wp-json\/wp\/v2\/pages\/7475"}],"collection":[{"href":"https:\/\/terratuscia.com\/it\/wp-json\/wp\/v2\/pages"}],"about":[{"href":"https:\/\/terratuscia.com\/it\/wp-json\/wp\/v2\/types\/page"}],"author":[{"embeddable":true,"href":"https:\/\/terratuscia.com\/it\/wp-json\/wp\/v2\/users\/1"}],"replies":[{"embeddable":true,"href":"https:\/\/terratuscia.com\/it\/wp-json\/wp\/v2\/comments?post=7475"}],"version-history":[{"count":2,"href":"https:\/\/terratuscia.com\/it\/wp-json\/wp\/v2\/pages\/7475\/revisions"}],"predecessor-version":[{"id":14683,"href":"https:\/\/terratuscia.com\/it\/wp-json\/wp\/v2\/pages\/7475\/revisions\/14683"}],"up":[{"embeddable":true,"href":"https:\/\/terratuscia.com\/it\/wp-json\/wp\/v2\/pages\/7465"}],"wp:featuredmedia":[{"embeddable":true,"href":"https:\/\/terratuscia.com\/it\/wp-json\/wp\/v2\/media\/7125"}],"wp:attachment":[{"href":"https:\/\/terratuscia.com\/it\/wp-json\/wp\/v2\/media?parent=7475"}],"curies":[{"name":"wp","href":"https:\/\/api.w.org\/{rel}","templated":true}]}}