{"id":7427,"date":"2021-04-29T19:36:00","date_gmt":"2021-04-29T17:36:00","guid":{"rendered":"https:\/\/terratuscia.com\/agb\/"},"modified":"2023-10-29T18:21:57","modified_gmt":"2023-10-29T17:21:57","slug":"condizioni-generali-di-vendita","status":"publish","type":"page","link":"https:\/\/terratuscia.com\/it\/condizioni-generali-di-vendita\/","title":{"rendered":"Condizioni generali di vendita"},"content":{"rendered":"\n<h4 class=\"wp-block-heading\">1. Ambito di applicazione<\/h4>\n\n<p>Per tutti gli ordini effettuati tramite il nostro negozio online da consumatori e imprenditori, si applicano le seguenti CGV.<\/p>\n\n<p>Un consumatore \u00e8 una persona fisica che conclude un negozio giuridico per scopi che non possono essere prevalentemente attribuiti n\u00e9 alla sua attivit\u00e0 commerciale n\u00e9 alla sua attivit\u00e0 professionale indipendente. Un imprenditore \u00e8 una persona fisica o giuridica o una societ\u00e0 di persone con capacit\u00e0 giuridica che, nel concludere un negozio giuridico, agisce nell&#8217;esercizio della propria attivit\u00e0 commerciale o professionale indipendente. <\/p>\n\n<p>Quanto segue si applica nei confronti degli imprenditori: Se l&#8217;imprenditore utilizza condizioni generali di contratto contrastanti o aggiuntive, la loro validit\u00e0 \u00e8 contestata; esse diventeranno parte del contratto solo se noi le avremo espressamente accettate. <\/p>\n\n<h4 class=\"wp-block-heading\">2. Parte contraente, Conclusione del contratto, Opzioni di correzione<\/h4>\n\n<p>Il contratto di acquisto viene stipulato con TerraTuscia srl.<\/p>\n\n<p>La presentazione dei prodotti nel negozio online non costituisce un&#8217;offerta legalmente vincolante, ma un catalogo online non vincolante. Puoi inserire inizialmente i nostri prodotti nel carrello senza alcun obbligo e correggere i tuoi inserimenti in qualsiasi momento prima di inoltrare l&#8217;ordine vincolante utilizzando gli strumenti di correzione forniti e spiegati a tal fine nel processo d&#8217;ordine. Cliccando sul pulsante dell&#8217;ordine, invii un&#8217;offerta vincolante per i prodotti contenuti nel carrello. La conferma di ricezione dell&#8217;ordine sar\u00e0 inviata via e-mail subito dopo l&#8217;invio dell&#8217;ordine.<\/p>\n\n<p>Accetteremo la tua offerta entro due giorni<\/p>\n\n<ul>\n<li>rilasciando una dichiarazione di accettazione in un&#8217;e-mail separata oppure<\/li>\n\n\n\n<li>consegnare i beni o<\/li>\n\n\n\n<li>se applicabile, la transazione di pagamento viene effettuata dal nostro fornitore di servizi o dal fornitore di servizi di pagamento selezionato. Il tempo di esecuzione della transazione di pagamento dipende dal metodo di pagamento selezionato (vedi &#8220;Pagamento&#8221;).<\/li>\n<\/ul>\n\n<p>L&#8217;alternativa che ti interessa si basa su quale degli eventi elencati si verifica per primo. <\/p>\n\n<h4 class=\"wp-block-heading\">3. Linguaggio del contratto, memorizzazione del testo del contratto<\/h4>\n\n<p>Lingua\/e disponibile\/i per la stipula del contratto: Inglese<\/p>\n\n<p>Salviamo il testo del contratto e ti inviamo i dati dell&#8217;ordine e le nostre CGC in forma testuale. Puoi visualizzare il testo del contratto nel nostro login clienti.\n\t<br\/>\n<\/p>\n\n<h4 class=\"wp-block-heading\">4. Termini di consegna<\/h4>\n\n<p>I costi di spedizione vengono aggiunti ai prezzi dei prodotti indicati. Puoi trovare maggiori informazioni sull&#8217;importo delle spese di spedizione nelle offerte.<\/p>\n\n<p>Consegniamo solo tramite spedizione. Purtroppo non \u00e8 possibile ritirare la merce in autonomia. <\/p>\n\n<p>Non effettuiamo consegne presso le stazioni di imballaggio.<\/p>\n\n<h4 class=\"wp-block-heading\">5. Pagamento<\/h4>\n\n<p>Nel nostro negozio puoi utilizzare i seguenti metodi di pagamento:<\/p>\n<div class=\"woocommerce woocommerce-gzd\">\n\t<ul class=\"payment_methods methods\">\n\t\t\t\t\t<li class=\"payment_method_bacs\">\n\t\t\t\t<label>Bonifico bancario<\/label>\n\t\t\t\t\t\t\t\t\t<div class=\"payment_box payment_method_bacs\">\n\t\t\t\t\t\t<p>Per facilitare il bonifico, dopo aver completato l'acquisto, visualizziamo anche un codice QR per la tua app bancaria.<\/p>\n\t\t\t\t\t<\/div>\n\t\t\t\t\t\t\t<\/li>\n\t\t\t<\/ul>\n<\/div>\n\n<h4 class=\"wp-block-heading\">6. Diritto di revoca<\/h4>\n\n<p>I consumatori hanno diritto al diritto di recesso previsto dalla legge, come descritto nella <a href=\"https:\/\/terratuscia.com\/it\/diritto-di-recesso\/\">politica di revoca<\/a>. Agli imprenditori non \u00e8 concesso il diritto di recesso volontario.<\/p>\n\n<h4 class=\"wp-block-heading\">7. Riserva di propriet\u00e0<\/h4>\n\n<p>La merce rimane di nostra propriet\u00e0 fino al completo pagamento.\n\t\t\t<br\/> Per gli imprenditori si applicano inoltre le seguenti disposizioni: Conserveremo la propriet\u00e0 dei beni fino a quando tutti i reclami derivanti da un rapporto commerciale in corso non saranno stati completamente saldati. Puoi rivendere la merce soggetta a riserva di propriet\u00e0 nel corso della normale attivit\u00e0 commerciale; ci cedi in anticipo tutti i crediti derivanti da tale rivendita &#8211; a prescindere da qualsiasi combinazione o mescolamento della merce soggetta a riserva di propriet\u00e0 con un nuovo articolo &#8211; per l&#8217;importo della fattura e noi accettiamo tale cessione. Tu rimani autorizzato a riscuotere i crediti, ma noi possiamo anche riscuotere i crediti stessi se non riesci a rispettare i tuoi obblighi di pagamento. Su tua richiesta, svincoleremo i titoli a cui abbiamo diritto nella misura in cui il valore realizzabile dei titoli superi di oltre il 10% il valore dei crediti in essere.<\/p>\n\n<h4 class=\"wp-block-heading\">8. Danni da trasporto<\/h4>\n\n<p>Per i consumatori vale quanto segue: Se la merce viene consegnata con evidenti danni da trasporto, ti invitiamo a denunciare tali difetti alla societ\u00e0 di consegna il prima possibile e a contattarci immediatamente. La mancata presentazione di un reclamo o il mancato contatto con noi non avr\u00e0 alcuna conseguenza sui tuoi diritti legali e sulla loro applicazione, in particolare sui tuoi diritti di garanzia. Tuttavia, ci aiuti a far valere i nostri diritti nei confronti del vettore o dell&#8217;assicurazione del trasporto.<\/p>\n\n<p>Per gli imprenditori si applica quanto segue: Il rischio di perdita accidentale e di deterioramento accidentale passer\u00e0 a te non appena avremo consegnato l&#8217;articolo allo spedizioniere, al vettore o alla persona o all&#8217;istituzione altrimenti designata per effettuare la spedizione.<\/p>\n\n<h4 class=\"wp-block-heading\">9. Garanzia e garanzie<\/h4>\n\n<p>\n          <strong>Validit\u00e0 della responsabilit\u00e0 legale per i difetti<\/strong>\n        <\/p>\n\n<p>Se non espressamente concordato diversamente, si applica la responsabilit\u00e0 legale per i difetti.\n\t\t\t<br\/> Le seguenti limitazioni e riduzioni dei termini non si applicheranno alle richieste di risarcimento basate su danni causati da noi, dai nostri rappresentanti legali o da agenti ausiliari<\/p>\n\n<ul>\n<li>in caso di lesioni alla vita, al corpo o alla salute<\/li>\n\n\n\n<li>in caso di violazione intenzionale o gravemente negligente dei doveri e di intento fraudolento.<\/li>\n\n\n\n<li>in caso di violazione di obblighi contrattuali essenziali, il cui adempimento \u00e8 un prerequisito per la corretta esecuzione del contratto e sulla cui osservanza il partner contrattuale pu\u00f2 regolarmente fare affidamento (obblighi cardinali)<\/li>\n\n\n\n<li>nell&#8217;ambito di una promessa di garanzia, se concordata, o<\/li>\n\n\n\n<li>nella misura in cui viene aperto il campo di applicazione della Legge sulla Responsabilit\u00e0 del Prodotto.<\/li>\n<\/ul>\n\n<p>\n          <strong>Restrizioni nei confronti dei consumatori<\/strong>\n        <\/p>\n\n<p>Nel caso di acquisto di beni usati da parte di consumatori, si applica quanto segue: se il difetto si verifica dopo la scadenza di un anno dalla consegna dei beni, i reclami per difetti sono esclusi. I difetti che si verificano entro un anno dalla consegna dei beni possono essere rivendicati entro il termine di prescrizione legale di due anni dalla consegna dei beni. <\/p>\n\n<p>\n          <strong>Restrizioni per gli imprenditori<\/strong>\n        <\/p>\n\n<p>Per quanto riguarda gli imprenditori, solo le nostre informazioni e le descrizioni dei prodotti del produttore incluse nel contratto saranno considerate un accordo sulla qualit\u00e0 della merce; non ci assumiamo alcuna responsabilit\u00e0 per le dichiarazioni pubbliche fatte dal produttore o per altre dichiarazioni pubblicitarie. Per gli imprenditori, il periodo di prescrizione per le richieste di risarcimento per i difetti dei beni di nuova produzione \u00e8 di un anno dal trasferimento del rischio. La vendita di beni usati avviene con l&#8217;esclusione di qualsiasi garanzia. I termini di prescrizione previsti dalla legge per il diritto di ricorso ai sensi del \u00a7 445a BGB rimangono inalterati.<\/p>\n\n<p>\n          <strong>Regolamenti per i commercianti<\/strong>\n        <\/p>\n\n<p>Tra i commercianti, si applica l&#8217;obbligo regolamentato di ispezionare e notificare i difetti. In caso di mancata notifica, la merce si riterr\u00e0 approvata, a meno che il difetto non sia riconoscibile durante l&#8217;ispezione. Questo non vale se abbiamo occultato fraudolentemente un difetto.<\/p>\n\n<p>\n          <strong>Garanzie e assistenza post-vendita<\/strong>\n        <\/p>\n\n<p>Le informazioni su eventuali garanzie aggiuntive e i loro termini esatti sono disponibili con il prodotto e nelle pagine informative speciali del negozio online.<\/p>\n\n<h4 class=\"wp-block-heading\">10. Responsabilit\u00e0<\/h4>\n\n<p>Per le richieste di risarcimento basate su danni causati da noi, dai nostri rappresentanti legali o da agenti vicari, saremo sempre responsabili senza limitazioni<\/p>\n\n<ul>\n<li>in caso di lesioni alla vita, al corpo o alla salute,<\/li>\n\n\n\n<li>in caso di violazione intenzionale o gravemente negligente del dovere,<\/li>\n\n\n\n<li>nel caso di promesse di garanzia, se concordate, o<\/li>\n\n\n\n<li>nella misura in cui viene aperto il campo di applicazione della Legge sulla Responsabilit\u00e0 del Prodotto.<\/li>\n<\/ul>\n\n<p>In caso di violazione di obblighi contrattuali sostanziali, il cui adempimento \u00e8 un prerequisito per la corretta esecuzione del contratto e sul cui rispetto il partner contrattuale pu\u00f2 regolarmente fare affidamento (obblighi cardinali) a causa di negligenza lieve da parte nostra, dei nostri rappresentanti legali o dei nostri agenti vicari, la responsabilit\u00e0 sar\u00e0 limitata all&#8217;importo del danno prevedibile al momento della conclusione del contratto, il cui verificarsi deve essere tipicamente previsto.\n\t\t\t<br\/> In caso contrario, le richieste di risarcimento danni sono escluse.<\/p>\n\n<h4 class=\"wp-block-heading\">11. Risoluzione delle controversie<\/h4>\n\n<p>La Commissione europea mette a disposizione una piattaforma per la risoluzione delle controversie online (OS), che puoi trovare <a href=\"https:\/\/ec.europa.eu\/consumers\/odr\/\" target=\"_blank\" rel=\"noopener\">qui<\/a>. Non siamo obbligati a partecipare a un processo di risoluzione delle controversie di un comitato di arbitrato dei consumatori di terze parti.\n\t\t\t<br\/> <\/p>\n\n<h4 class=\"wp-block-heading\">12. Clausole finali <\/h4>\n\n<p>Se sei un imprenditore, la legge italiana si applica ad esclusione della Convenzione delle Nazioni Unite sui contratti di vendita internazionale di beni mobili.\n\t\t\t<br\/>\n\t\t<\/p>\n\n<p>Se sei un commerciante ai sensi del Codice del Commercio, una persona giuridica di diritto pubblico o un fondo speciale di diritto pubblico, il foro competente esclusivo per tutte le controversie derivanti da rapporti contrattuali tra noi e te sar\u00e0 la nostra sede legale.\n\t\t\t\n\t\t<br\/><\/p>\n","protected":false},"excerpt":{"rendered":"<p>Per tutti gli ordini effettuati tramite il nostro negozio online da consumatori e imprenditori, si applicano le seguenti CGV. Un consumatore \u00e8 una persona fisica che conclude un negozio giuridico per scopi che non possono essere prevalentemente attribuiti n\u00e9 alla sua attivit\u00e0 commerciale n\u00e9 alla sua attivit\u00e0 professionale indipendente. Un imprenditore \u00e8 una persona fisica &hellip;<\/p>\n<p class=\"read-more\"> <a class=\"ast-button\" href=\"https:\/\/terratuscia.com\/it\/condizioni-generali-di-vendita\/\"> <span class=\"screen-reader-text\">Condizioni generali di vendita<\/span> Leggi tutto \u00bb<\/a><\/p>\n","protected":false},"author":1,"featured_media":0,"parent":0,"menu_order":0,"comment_status":"closed","ping_status":"closed","template":"","meta":{"_uag_custom_page_level_css":"","site-sidebar-layout":"default","site-content-layout":"default","ast-global-header-display":"","ast-banner-title-visibility":"","ast-main-header-display":"","ast-hfb-above-header-display":"","ast-hfb-below-header-display":"","ast-hfb-mobile-header-display":"","site-post-title":"","ast-breadcrumbs-content":"","ast-featured-img":"","footer-sml-layout":"","theme-transparent-header-meta":"","adv-header-id-meta":"","stick-header-meta":"","header-above-stick-meta":"","header-main-stick-meta":"","header-below-stick-meta":""},"uagb_featured_image_src":{"full":false,"thumbnail":false,"medium":false,"medium_large":false,"large":false,"1536x1536":false,"2048x2048":false,"woocommerce_thumbnail":false,"woocommerce_single":false,"woocommerce_gallery_thumbnail":false},"uagb_author_info":{"display_name":"HolgerD","author_link":"https:\/\/terratuscia.com\/it\/author\/holgerd\/"},"uagb_comment_info":0,"uagb_excerpt":"Per tutti gli ordini effettuati tramite il nostro negozio online da consumatori e imprenditori, si applicano le seguenti CGV. Un consumatore \u00e8 una persona fisica che conclude un negozio giuridico per scopi che non possono essere prevalentemente attribuiti n\u00e9 alla sua attivit\u00e0 commerciale n\u00e9 alla sua attivit\u00e0 professionale indipendente. Un imprenditore \u00e8 una persona fisica&hellip;","_links":{"self":[{"href":"https:\/\/terratuscia.com\/it\/wp-json\/wp\/v2\/pages\/7427"}],"collection":[{"href":"https:\/\/terratuscia.com\/it\/wp-json\/wp\/v2\/pages"}],"about":[{"href":"https:\/\/terratuscia.com\/it\/wp-json\/wp\/v2\/types\/page"}],"author":[{"embeddable":true,"href":"https:\/\/terratuscia.com\/it\/wp-json\/wp\/v2\/users\/1"}],"replies":[{"embeddable":true,"href":"https:\/\/terratuscia.com\/it\/wp-json\/wp\/v2\/comments?post=7427"}],"version-history":[{"count":8,"href":"https:\/\/terratuscia.com\/it\/wp-json\/wp\/v2\/pages\/7427\/revisions"}],"predecessor-version":[{"id":18224,"href":"https:\/\/terratuscia.com\/it\/wp-json\/wp\/v2\/pages\/7427\/revisions\/18224"}],"wp:attachment":[{"href":"https:\/\/terratuscia.com\/it\/wp-json\/wp\/v2\/media?parent=7427"}],"curies":[{"name":"wp","href":"https:\/\/api.w.org\/{rel}","templated":true}]}}