{"id":7416,"date":"2022-01-13T11:15:57","date_gmt":"2022-01-13T10:15:57","guid":{"rendered":"https:\/\/terratuscia.com\/terratuscia-und-biodistretto\/"},"modified":"2023-09-22T15:45:40","modified_gmt":"2023-09-22T13:45:40","slug":"terratuscia-e-biodistretto","status":"publish","type":"page","link":"https:\/\/terratuscia.com\/it\/terratuscia-e-biodistretto\/","title":{"rendered":"TerraTuscia e BioDistretto"},"content":{"rendered":"\r\n<div class=\"wp-block-group alignwide wp-block-group-hdm-no-margin has-white-background-color has-background is-layout-flow\">\r\n<h1 class=\"alignwide wp-block-heading\">TerraTuscia e BioDistretto<\/h1>\r\n\r\n\r\n\r\n<blockquote class=\"wp-block-quote is-style-default\">\r\n<p>Per addolcire la tua esperienza d&#8217;acquisto, e per poter mostrare la variet\u00e0 italiana di prodotti alimentari eccezionali e ottimizzare l&#8217;offerta per te, infatti, TerraTuscia lavora con produttori biologici e agricoltori convenzionali selezionati. Nel nostro punto vendita troverai dei premi comprensibili e dei filtri per trovare il prodotto giusto per te. Gestiamo TerraTuscia &#8220;senza scopo di lucro&#8221;. Il profitto \u00e8 investito in posti di lavoro, nell&#8217;espansione della piattaforma e in idee per un modo di vita sostenibile per la regione. Ogni aiuto \u00e8 benvenuto.<\/p>\r\n<\/blockquote>\r\n\r\n\r\n\r\n<h4 class=\"alignwide wp-block-heading\">Perch\u00e9 TerraTuscia?<\/h4>\r\n\r\n\r\n\r\n<div class=\"wp-block-columns alignwide is-layout-flex wp-container-3\">\r\n<div class=\"wp-block-column is-layout-flow\" style=\"flex-basis:50%\">\r\n<figure class=\"wp-block-image aligncenter size-full is-style-rounded\"><img decoding=\"async\" loading=\"lazy\" width=\"600\" height=\"600\" src=\"https:\/\/terratuscia.com\/wp-content\/uploads\/2022\/01\/natur-pur-e1673103107398.jpg\" alt=\"\" class=\"wp-image-5693\" srcset=\"https:\/\/terratuscia.com\/wp-content\/uploads\/2022\/01\/natur-pur-e1673103107398.jpg 600w, https:\/\/terratuscia.com\/wp-content\/uploads\/2022\/01\/natur-pur-e1673103107398-350x350.jpg 350w, https:\/\/terratuscia.com\/wp-content\/uploads\/2022\/01\/natur-pur-e1673103107398-200x200.jpg 200w, https:\/\/terratuscia.com\/wp-content\/uploads\/2022\/01\/natur-pur-e1673103107398-150x150.jpg 150w\" sizes=\"(max-width: 600px) 100vw, 600px\" title=\"\"><\/figure>\r\n<\/div>\r\n\r\n\r\n\r\n<div class=\"wp-block-column is-layout-flow\" style=\"flex-basis:50%\">\r\n<p>Vogliamo proteggere l&#8217;ambiente e la biodiversit\u00e0 del Lago di Bolsena &#8211; Tuscia, perch\u00e9 amiamo &#8220;la vita&#8221; qui.<\/p>\r\n\r\n\r\n\r\n<p>Crediamo al 100% non solo nei benefici ecologici e sociali dell&#8217;agricoltura sostenibile, ma anche in quelli economici. Solo allora pu\u00f2 diventare una realt\u00e0 e funzionare. E diffondersi. TerraTuscia \u00e8 il nostro contributo.<\/p>\r\n\r\n\r\n\r\n<p>Gradoli sul lago di Bolsena \u00e8 la nostra nuova o seconda casa. Siamo venuti a vivere e lavorare qui. Per la natura incontaminata, l&#8217;aria pulita, la terra attiva e il lago. Per la bellezza dei villaggi originali e la ricchezza della storia. Ma anche qui non tutto \u00e8 perfetto. Molti giovani lasciano i villaggi per trovare lavoro altrove. La popolazione sta invecchiando, i piccoli appezzamenti non sono pi\u00f9 coltivati, i terreni coltivati stanno diventando boschivi. Anche qui, ci sono pesticidi e si stanno sviluppando danni ambientali.<br\/> <br\/>Cosa si potrebbe fare per proteggere e sostenere questo ambiente? Abbiamo cominciato a sognare: come sarebbe geniale se il nostro villaggio o tutti i villaggi intorno al lago diventassero completamente &#8220;organici&#8221;! Non solo in termini di prodotti agricoli. La natura, la biodiversit\u00e0 e la vita sarebbero state protette, sarebbero stati creati nuovi posti di lavoro&#8230; Abbiamo visto tutto questo davanti a noi \ud83d\ude09<\/p>\r\n<\/div>\r\n<\/div>\r\n\r\n\r\n\r\n<h4 class=\"wp-block-heading\">Cos&#8217;\u00e8 TerraTuscia?<\/h4>\r\n\r\n\r\n\r\n<div class=\"wp-block-columns alignwide is-layout-flex wp-container-7\">\r\n<div class=\"wp-block-column is-layout-flow\" style=\"flex-basis:70%\">\r\n<p>Per dare il nostro contributo concreto a questo sogno e sperare di fare una piccola differenza, abbiamo costruito TerraTuscia. Una piattaforma web e webshop con blog e forum per lo scambio tra di loro &#8211; per prodotti sostenibili della regione Lago di Bolsena, Tuscia e la regione stessa.<br\/>In modo che i molti piccoli agricoltori biologici locali abbiano accesso a un mercato pi\u00f9 grande.<br\/>Quindi quell&#8217;organico (continua a) valere per loro. Vale anche per coloro che coltivano la loro terra con amore e cura e pi\u00f9 di tutte le regole biologiche dell&#8217;UE e producono prodotti fantastici.<br\/>In modo che tutti gli agricoltori non ancora biologici possano vedere che ne vale la pena. Per il portafoglio e per vivere in un ambiente sano.<br\/>Al fine di ampliare la gamma di informazioni anche per i visitatori del BioDistretto, del Lago di Bolsena e di tutta la regione, cerchiamo di includere agriturismi selezionati, ristoranti, negozi, eventi e campeggi, ecc.<\/p>\r\n\r\n\r\n\r\n<div class=\"inherit-container-width wp-block-group is-layout-constrained\" style=\"padding-top:var(--wp--preset--spacing--60);padding-bottom:var(--wp--preset--spacing--60)\">\r\n<figure class=\"wp-block-image aligncenter size-full is-resized is-style-default hdm_teiler\"><img decoding=\"async\" loading=\"lazy\" src=\"https:\/\/terratuscia.com\/wp-content\/uploads\/2021\/05\/Untitled_Artwork-19_horizontal.png\" alt=\"\" class=\"wp-image-4890\" width=\"200\" height=\"30\" title=\"\"><\/figure>\r\n<\/div>\r\n<\/div>\r\n\r\n\r\n\r\n<div class=\"wp-block-column is-vertically-aligned-top is-layout-flow\" style=\"flex-basis:30%\">\r\n<figure class=\"wp-block-image aligncenter size-full is-style-rounded\"><a href=\"http:\/\/www.ortodellefate.it\" target=\"_blank\" rel=\"noopener\"><img decoding=\"async\" loading=\"lazy\" width=\"675\" height=\"675\" src=\"https:\/\/terratuscia.com\/wp-content\/uploads\/2022\/01\/old-lady-ontractor-square.jpg\" alt=\"\" class=\"wp-image-5706\" srcset=\"https:\/\/terratuscia.com\/wp-content\/uploads\/2022\/01\/old-lady-ontractor-square.jpg 675w, https:\/\/terratuscia.com\/wp-content\/uploads\/2022\/01\/old-lady-ontractor-square-350x350.jpg 350w, https:\/\/terratuscia.com\/wp-content\/uploads\/2022\/01\/old-lady-ontractor-square-200x200.jpg 200w, https:\/\/terratuscia.com\/wp-content\/uploads\/2022\/01\/old-lady-ontractor-square-150x150.jpg 150w\" sizes=\"(max-width: 675px) 100vw, 675px\" title=\"\"><\/a><figcaption class=\"wp-element-caption\">  <\/figcaption><\/figure>\r\n<\/div>\r\n<\/div>\r\n\r\n\r\n\r\n<h4 class=\"alignwide wp-block-heading\">cosa offre TerraTuscia? &#8211; per i nostri clienti<\/h4>\r\n\r\n\r\n\r\n<ul>\r\n<li>Fare la spesa come al mercato settimanale biologico della Tuscia ma online e curato<\/li>\r\n\r\n\r\n\r\n<li>Prodotti sostenibili della regione del Lago di Bolsena &#8211; Tuscia<\/li>\r\n\r\n\r\n\r\n<li>Fornitori selezionati a mano e piccoli agricoltori che praticano un&#8217;agricoltura onesta e sostenibile <\/li>\r\n\r\n\r\n\r\n<li>Comunicazione concreta e trasparente sul prodotto e sul funzionamento<\/li>\r\n\r\n\r\n\r\n<li>Pagamento online sicuro e facile (carta di credito, paypal, bonifico bancario)<\/li>\r\n\r\n\r\n\r\n<li>Imballaggio sostenibile<\/li>\r\n\r\n\r\n\r\n<li>Consegna da parte di partner professionali (raccolta cumulativa di pacchi solo due volte a settimana per mantenere l&#8217;impronta ridotta)<\/li>\r\n\r\n\r\n\r\n<li>Comunicazione diretta e veloce via chat, posta e servizio messaggi (italiano, tedesco, inglese)<\/li>\r\n\r\n\r\n\r\n<li>Ogni acquisto sostiene lo sviluppo di un&#8217;agricoltura sostenibile e di un reddito sostenibile per la gente della regione<\/li>\r\n\r\n\r\n\r\n<li>Per ravanare in TerraTuscia e per i visitatori della regione, informazioni generali su agriturismi, ristoranti, negozi, eventi, campeggi e quant&#8217;altro piace nella regione del Lago di Bolsena &#8211; Tuscia.<\/li>\r\n<\/ul>\r\n\r\n\r\n\r\n<div class=\"inherit-container-width wp-block-group alignwide is-layout-constrained\" style=\"padding-top:var(--wp--preset--spacing--50);padding-bottom:var(--wp--preset--spacing--50)\">\r\n<figure class=\"wp-block-image aligncenter size-full\"><img decoding=\"async\" loading=\"lazy\" width=\"200\" height=\"40\" src=\"https:\/\/terratuscia.com\/wp-content\/uploads\/2021\/05\/Untitled_Artwork-2_horizontal.png\" alt=\"\" class=\"wp-image-4888\" title=\"\"><\/figure>\r\n<\/div>\r\n\r\n\r\n\r\n<h4 class=\"alignwide wp-block-heading\">cosa offre TerraTuscia? &#8211; per i nostri fornitori<\/h4>\r\n\r\n\r\n\r\n<h5 class=\"alignwide wp-block-heading\">Sito web e webshop<\/h5>\r\n\r\n\r\n\r\n<ul>\r\n<li>Creazione e costruzione del sito e del webshop, compresi i beni e il sistema di fatturazione<\/li>\r\n\r\n\r\n\r\n<li>Forum per lo scambio di esperienze e sfide della burocrazia<\/li>\r\n\r\n\r\n\r\n<li>Messaggi sul blog. Generale. Divertente. Insegnabile. Informativo<\/li>\r\n\r\n\r\n\r\n<li>Calendario degli eventi (mercati, eventi, riunioni, ecc, &#8230;.)<\/li>\r\n\r\n\r\n\r\n<li>Pubblicazione delle informazioni fornite dai fornitori (prodotti, funzionamento, filosofia, storia, prezzi, foto)<\/li>\r\n\r\n\r\n\r\n<li>Caratteristiche e fatti interessanti sui produttori e la regione<\/li>\r\n\r\n\r\n\r\n<li>Attivazione dei prodotti nel negozio online (il produttore determina i prezzi) <\/li>\r\n\r\n\r\n\r\n<li>Pagamento online sicuro e facile (carta di credito, Paypal, bonifico bancario, ecc.)<\/li>\r\n\r\n\r\n\r\n<li>Comunicazione con i clienti via telefono, email e messaggi (italiano, tedesco, inglese)<\/li>\r\n<\/ul>\r\n\r\n\r\n\r\n<h5 class=\"alignwide wp-block-heading\">Pubblicit\u00e0<\/h5>\r\n\r\n\r\n\r\n<ul>\r\n<li>Promozione del sito attraverso il marketing professionale su internet<\/li>\r\n\r\n\r\n\r\n<li>Blog e vlog<\/li>\r\n\r\n\r\n\r\n<li>Promozioni e campagne pubblicitarie in consultazione con i fornitori<\/li>\r\n<\/ul>\r\n\r\n\r\n\r\n<h5 class=\"alignwide wp-block-heading\">Magazzino e consegna<\/h5>\r\n\r\n\r\n\r\n<ul>\r\n<li>Conservazione adeguata dei prodotti (inizialmente nessun prodotto fresco)  <\/li>\r\n\r\n\r\n\r\n<li>Consegna da parte di partner professionali<\/li>\r\n\r\n\r\n\r\n<li>Imballaggio sostenibile. Trasporto il pi\u00f9 sostenibile possibile<\/li>\r\n<\/ul>\r\n\r\n\r\n\r\n<div class=\"inherit-container-width wp-block-group alignwide is-layout-constrained\" style=\"padding-top:var(--wp--preset--spacing--50);padding-bottom:var(--wp--preset--spacing--50)\">\r\n<figure class=\"wp-block-image aligncenter size-full\"><img decoding=\"async\" loading=\"lazy\" width=\"200\" height=\"29\" src=\"https:\/\/terratuscia.com\/wp-content\/uploads\/2021\/05\/Untitled_Artwork-7_horizontal.png\" alt=\"\" class=\"wp-image-4889\" title=\"\"><\/figure>\r\n<\/div>\r\n\r\n\r\n\r\n<h4 class=\"alignwide wp-block-heading\" id=\"anker-anbieter\">Come posso vendere la mia merce attraverso TerraTuscia e\/o partecipare? &#8211; per i fornitori<\/h4>\r\n\r\n\r\n\r\n<p>Invia un&#8217;email a web@terratuscia.com con le seguenti informazioni:<\/p>\r\n\r\n\r\n\r\n<ul>\r\n<li>Informazioni sull&#8217;azienda, la storia, la filosofia e i vostri prodotti o la vostra offerta<\/li>\r\n\r\n\r\n\r\n<li>Foto!!!, numero di telefono, indirizzo email, pagine sociali, sito web se ne avete uno. Link a Google Maps o posizione GPS della sua attivit\u00e0.<\/li>\r\n\r\n\r\n\r\n<li>Nessun contenuto o foto disponibile? Siamo felici di aiutare<\/li>\r\n\r\n\r\n\r\n<li>Certificazione biologica UE e\/o membro qualificato dell\u2019associazione bio-distretto Lago di Bolsena, oppure no?<\/li>\r\n<\/ul>\r\n\r\n\r\n\r\n<p class=\"has-text-align-center\"><strong>&#8212;- per agriturismi, ristoranti, campeggi, eventi, ecc. i punti precedenti sono sufficienti &#8212;-<\/strong><\/p>\r\n\r\n\r\n\r\n<ul>\r\n<li>I vostri prodotti e prezzi. Siete voi a determinare il prezzo di vendita. Tuttavia, questo non dovrebbe essere pi\u00f9 alto che, per esempio, nel proprio webshop\/sala di vendita.<\/li>\r\n\r\n\r\n\r\n<li>Dettagli su come fatturerete (forma societaria, piccola impresa, C.F\/P.IVA, ecc.) e quanto spesso fatturerete (consigliato trimestralmente).<\/li>\r\n<\/ul>\r\n\r\n\r\n\r\n<ul>\r\n<li>Dopo la conferma da parte nostra, consegnare una quantit\u00e0 minima di prodotti al nostro magazzino e successivamente rifornire in modo tempestivo per soddisfare gli ordini in modo tempestivo e come richiesto dal cliente.<\/li>\r\n\r\n\r\n\r\n<li>Confermiamo il ricevimento della merce e registriamo l&#8217;emissione della merce<\/li>\r\n\r\n\r\n\r\n<li>La nostra commissione sui prodotti venduti tramite TerraTuscia sul prezzo netto di vendita: <br><br>\r\n<ul>\r\n<li>Prodotti certificati biologici UE da membri qualificati dell\u2019associazione bio-distretto: commissione ridotta<\/li>\r\n\r\n\r\n\r\n<li>Prodotti certificati biologici UE provenienti da fuori della regione del BioDistretto o non membri: commisione ridotta + 10%<\/li>\r\n\r\n\r\n\r\n<li>Prodotti dell&#8217;agricoltura convenzionale: commissione ridotta + 20%.<\/li>\r\n<\/ul>\r\n<\/li>\r\n<\/ul>\r\n\r\n\r\n\r\n<ul>\r\n<li>Fatturazione da voi a TerraTuscia per i prodotti venduti: Prezzo netto di vendita meno la commissione pi\u00f9 l&#8217;IVA. (se addebitate l&#8217;IVA)<\/li>\r\n<\/ul>\r\n\r\n\r\n\r\n<div class=\"inherit-container-width wp-block-group alignwide is-layout-constrained\" style=\"padding-top:var(--wp--preset--spacing--50);padding-right:0;padding-bottom:var(--wp--preset--spacing--50);padding-left:0\">\r\n<figure class=\"wp-block-image aligncenter size-full\"><img decoding=\"async\" loading=\"lazy\" width=\"200\" height=\"32\" src=\"https:\/\/terratuscia.com\/wp-content\/uploads\/2021\/05\/Untitled_Artwork-23_horizontal.png\" alt=\"\" class=\"wp-image-4891\" title=\"\"><\/figure>\r\n<\/div>\r\n\r\n\r\n\r\n<h4 class=\"alignwide wp-block-heading\">Cos\u2019\u00e8 il BioDistretto?<\/h4>\r\n\r\n\r\n\r\n<p>Nella regione del BioDistretto Lago di Bolsena, comuni, cittadini, imprese, agricoltura, turismo e scienziati lavorano con passione e in progetti concreti sulla sostenibilit\u00e0 nella regione. Questo significa proteggere il suolo, il lago, il paesaggio, la biodiversit\u00e0 e i beni culturali arcaici, sviluppare l&#8217;agricoltura biologica, il turismo dolce e l&#8217;approvvigionamento energetico sostenibile. Attraverso l&#8217;informazione, lo scambio, il perfezionamento e l&#8217;autocostruzione attiva.<\/p>\r\n\r\n\r\n\r\n<div class=\"wp-block-columns alignwide is-layout-flex wp-container-13\">\r\n<div class=\"wp-block-column is-vertically-aligned-center is-layout-flow\" style=\"flex-basis:50%\">\r\n<p>Gli agricoltori e le aziende si qualificano per il logo dell\u2019associazione bio-distretto Lago di Bolsena se soddisfano determinati criteri (info in corso)<\/p>\r\n<\/div>\r\n\r\n\r\n\r\n<div class=\"wp-block-column is-vertically-aligned-center is-layout-flow\" style=\"flex-basis:50%\">\r\n<figure class=\"wp-block-image aligncenter size-full is-resized\"><a href=\"https:\/\/www.facebook.com\/biodistrettolagobolsena\/\" target=\"_blank\" rel=\"noopener\"><img decoding=\"async\" loading=\"lazy\" src=\"https:\/\/terratuscia.com\/wp-content\/uploads\/2022\/01\/BioDistretto-Logo-beschnitten.jpg\" alt=\"\" class=\"wp-image-6316\" width=\"162\" height=\"96\" title=\"\"><\/a><\/figure>\r\n<\/div>\r\n<\/div>\r\n\r\n\r\n\r\n<blockquote class=\"wp-block-quote\">\r\n<p>Siamo entusiasti di questa iniziativa e siamo lieti di offrire una commissione di vendita ridotta agli agricoltori biologici certificati UE che sono membri qualificati dell\u2019associazione bio-distretto Lago di Bolsena. Vorremmo offrire una piattaforma a tutti gli attivisti della regione Lago di Bolsena &#8211; Tuscia e speriamo di promuovere e sostenere l&#8217;idea anche con il nostro lavoro.<\/p>\r\n<\/blockquote>\r\n\r\n\r\n\r\n<div class=\"wp-block-columns alignwide is-layout-flex wp-container-16\">\r\n<div class=\"wp-block-column is-layout-constrained\">\r\n<figure class=\"wp-block-image aligncenter size-full is-style-rounded\"><a href=\"https:\/\/www.lamontagnolaretreat.com\/\" target=\"_blank\" rel=\"noopener\"><img decoding=\"async\" loading=\"lazy\" width=\"600\" height=\"400\" src=\"https:\/\/terratuscia.com\/wp-content\/uploads\/2022\/01\/sabine-profil.jpg\" alt=\"\" class=\"wp-image-6294\" title=\"\"><\/a><figcaption class=\"wp-element-caption\"><em>Sabine | CEO e azionista di TerraTuscia<\/em><\/figcaption><\/figure>\r\n<\/div>\r\n\r\n\r\n\r\n<div class=\"wp-block-column is-layout-constrained\">\r\n<figure class=\"wp-block-image aligncenter size-full is-style-rounded\"><a href=\"https:\/\/feinsinn.ch\/\" target=\"_blank\" rel=\"noopener\"><img decoding=\"async\" loading=\"lazy\" width=\"600\" height=\"400\" src=\"https:\/\/terratuscia.com\/wp-content\/uploads\/2022\/01\/nicole-profil-2.jpg\" alt=\"\" class=\"wp-image-6304\" title=\"\"><\/a><figcaption class=\"wp-element-caption\"><em>Nicole | CFO e azionista di TerraTuscia<\/em><\/figcaption><\/figure>\r\n<\/div>\r\n<\/div>\r\n<\/div>\r\n","protected":false},"excerpt":{"rendered":"<p>Per addolcire la tua esperienza d&#8217;acquisto, e per poter mostrare la variet\u00e0 italiana di prodotti alimentari eccezionali e ottimizzare l&#8217;offerta per te, infatti, TerraTuscia lavora con produttori biologici e agricoltori convenzionali selezionati. Nel nostro punto vendita troverai dei premi comprensibili e dei filtri per trovare il prodotto giusto per te. Gestiamo TerraTuscia &#8220;senza scopo di &hellip;<\/p>\n<p class=\"read-more\"> <a class=\"ast-button\" href=\"https:\/\/terratuscia.com\/it\/terratuscia-e-biodistretto\/\"> <span class=\"screen-reader-text\">TerraTuscia e BioDistretto<\/span> Leggi tutto \u00bb<\/a><\/p>\n","protected":false},"author":1,"featured_media":6969,"parent":0,"menu_order":0,"comment_status":"closed","ping_status":"closed","template":"","meta":{"_uag_custom_page_level_css":"","site-sidebar-layout":"default","site-content-layout":"default","ast-global-header-display":"","ast-banner-title-visibility":"","ast-main-header-display":"","ast-hfb-above-header-display":"","ast-hfb-below-header-display":"","ast-hfb-mobile-header-display":"","site-post-title":"disabled","ast-breadcrumbs-content":"","ast-featured-img":"disabled","footer-sml-layout":"","theme-transparent-header-meta":"","adv-header-id-meta":"","stick-header-meta":"","header-above-stick-meta":"","header-main-stick-meta":"","header-below-stick-meta":""},"uagb_featured_image_src":{"full":["https:\/\/terratuscia.com\/wp-content\/uploads\/2022\/01\/TT_Logo_big.png",1532,892,false],"thumbnail":["https:\/\/terratuscia.com\/wp-content\/uploads\/2022\/01\/TT_Logo_big-150x150.png",150,150,true],"medium":["https:\/\/terratuscia.com\/wp-content\/uploads\/2022\/01\/TT_Logo_big-768x447.png",768,447,true],"medium_large":["https:\/\/terratuscia.com\/wp-content\/uploads\/2022\/01\/TT_Logo_big-768x447.png",768,447,true],"large":["https:\/\/terratuscia.com\/wp-content\/uploads\/2022\/01\/TT_Logo_big-1440x838.png",1440,838,true],"1536x1536":["https:\/\/terratuscia.com\/wp-content\/uploads\/2022\/01\/TT_Logo_big.png",1532,892,false],"2048x2048":["https:\/\/terratuscia.com\/wp-content\/uploads\/2022\/01\/TT_Logo_big.png",1532,892,false],"woocommerce_thumbnail":["https:\/\/terratuscia.com\/wp-content\/uploads\/2022\/01\/TT_Logo_big-350x350.png",350,350,true],"woocommerce_single":["https:\/\/terratuscia.com\/wp-content\/uploads\/2022\/01\/TT_Logo_big-768x447.png",768,447,true],"woocommerce_gallery_thumbnail":["https:\/\/terratuscia.com\/wp-content\/uploads\/2022\/01\/TT_Logo_big-200x200.png",200,200,true]},"uagb_author_info":{"display_name":"HolgerD","author_link":"https:\/\/terratuscia.com\/it\/author\/holgerd\/"},"uagb_comment_info":0,"uagb_excerpt":"Per addolcire la tua esperienza d&#8217;acquisto, e per poter mostrare la variet\u00e0 italiana di prodotti alimentari eccezionali e ottimizzare l&#8217;offerta per te, infatti, TerraTuscia lavora con produttori biologici e agricoltori convenzionali selezionati. Nel nostro punto vendita troverai dei premi comprensibili e dei filtri per trovare il prodotto giusto per te. Gestiamo TerraTuscia &#8220;senza scopo di&hellip;","_links":{"self":[{"href":"https:\/\/terratuscia.com\/it\/wp-json\/wp\/v2\/pages\/7416"}],"collection":[{"href":"https:\/\/terratuscia.com\/it\/wp-json\/wp\/v2\/pages"}],"about":[{"href":"https:\/\/terratuscia.com\/it\/wp-json\/wp\/v2\/types\/page"}],"author":[{"embeddable":true,"href":"https:\/\/terratuscia.com\/it\/wp-json\/wp\/v2\/users\/1"}],"replies":[{"embeddable":true,"href":"https:\/\/terratuscia.com\/it\/wp-json\/wp\/v2\/comments?post=7416"}],"version-history":[{"count":3,"href":"https:\/\/terratuscia.com\/it\/wp-json\/wp\/v2\/pages\/7416\/revisions"}],"predecessor-version":[{"id":17953,"href":"https:\/\/terratuscia.com\/it\/wp-json\/wp\/v2\/pages\/7416\/revisions\/17953"}],"wp:featuredmedia":[{"embeddable":true,"href":"https:\/\/terratuscia.com\/it\/wp-json\/wp\/v2\/media\/6969"}],"wp:attachment":[{"href":"https:\/\/terratuscia.com\/it\/wp-json\/wp\/v2\/media?parent=7416"}],"curies":[{"name":"wp","href":"https:\/\/api.w.org\/{rel}","templated":true}]}}