{"id":3679,"date":"2020-09-09T09:23:25","date_gmt":"2020-09-09T07:23:25","guid":{"rendered":"https:\/\/terratuscia.com\/produkt\/hand-sanitizer\/"},"modified":"2023-12-21T18:08:28","modified_gmt":"2023-12-21T17:08:28","slug":"casavespina-platterbsen","status":"publish","type":"product","link":"https:\/\/terratuscia.com\/de\/shop\/huelsenfruechte-und-getreide\/casavespina-platterbsen\/","title":{"rendered":"Casa Vespina Platterbsen"},"content":{"rendered":"<p>Platterbsen kann man in Suppen, zu Pasta oder als Beilage verwenden. Wie Kichererbsen oder Erbsen.<\/p>\n<div class=\"nicole-rezepte\">\n<h4>Rezept:<span style=\"color: #808000\">Pasta mit Platterbsen und Speck<\/span><\/h4>\n<p>Zutaten:<\/p>\n<ul>\n\u2022 350 g Pasta (z.B. Penne)<br \/>\n\u2022 300 g Platterbsen, tiefgefroren oder frisch<br \/>\n\u2022 100 g Speck, gew\u00fcrfelt<br \/>\n\u2022 1 Zwiebel, gehackt<br \/>\n\u2022 2 Knoblauchzehen, gehackt<br \/>\n\u2022 1 EL Oliven\u00f6l<br \/>\n\u2022 1\/2 Tasse H\u00fchner- oder Gem\u00fcsebr\u00fche<br \/>\n\u2022 1\/2 Tasse Sahne<br \/>\n\u2022 1\/2 Tasse geriebener Parmesan<br \/>\n\u2022 1 EL gehackte Petersilie<br \/>\n\u2022 Salz und Pfeffer nach Geschmack\n<\/ul>\n<p>Anleitung:<\/p>\n<ol>\n1. Die Pasta nach Packungsanweisung al dente kochen.<br \/>\n2. In einer Pfanne das Oliven\u00f6l erhitzen und den Speck darin knusprig braten.<br \/>\n3. Die Zwiebel und den Knoblauch hinzuf\u00fcgen und glasig d\u00fcnsten.<br \/>\n4. Die Platterbsen und die Br\u00fche hinzuf\u00fcgen und k\u00f6cheln lassen, bis die Platterbsen weich sind.<br \/>\n5. Die Sahne hinzuf\u00fcgen und zum Kochen bringen. Etwa 2-3 Minuten k\u00f6cheln lassen, bis die Sauce leicht eingedickt ist.<br \/>\n6. Den Parmesan unterr\u00fchren und mit Salz und Pfeffer abschmecken.<br \/>\n7. Die Pasta abgie\u00dfen und zu der Sauce in die Pfanne geben. Alles gut vermischen.<br \/>\n8. Mit gehackter Petersilie und zus\u00e4tzlichem Parmesan garnieren und servieren. Guten Appetit!<\/h4>\n<\/ol>\n<\/div>\n","protected":false},"excerpt":{"rendered":"<p>Casa Vespina Cicerchie. Platterbsen. Antike H\u00fclsenfrucht.<\/p>\n","protected":false},"featured_media":9455,"comment_status":"open","ping_status":"closed","template":"","meta":{"_uag_custom_page_level_css":"","site-sidebar-layout":"default","site-content-layout":"default","ast-global-header-display":"","ast-banner-title-visibility":"","ast-main-header-display":"","ast-hfb-above-header-display":"","ast-hfb-below-header-display":"","ast-hfb-mobile-header-display":"","site-post-title":"","ast-breadcrumbs-content":"","ast-featured-img":"","footer-sml-layout":"","theme-transparent-header-meta":"default","adv-header-id-meta":"","stick-header-meta":"","header-above-stick-meta":"","header-main-stick-meta":"","header-below-stick-meta":""},"pwb-brand":[100],"product_cat":[16],"product_tag":[],"supplier_id":10318,"supplier_sku":"","barcode":null,"atum_controlled":true,"out_stock_date":null,"out_stock_threshold":-3,"inheritable":false,"inbound_stock":0,"stock_on_hold":0,"sold_today":0,"sales_last_days":0,"reserved_stock":0,"customer_returns":0,"warehouse_damage":0,"lost_in_post":0,"other_logs":0,"out_stock_days":0,"lost_sales":0,"has_location":false,"update_date":"2026-04-16T07:10:39","atum_locations":[],"atum_stock_status":"instock","restock_status":false,"low_stock_amount":"","sales_update_date":"2026-04-16T07:10:39","calc_backorders":0,"uagb_featured_image_src":{"full":["https:\/\/terratuscia.com\/wp-content\/uploads\/2022\/02\/casavespina-cicerchie.jpg",1000,1000,false],"thumbnail":["https:\/\/terratuscia.com\/wp-content\/uploads\/2022\/02\/casavespina-cicerchie-150x150.jpg",150,150,true],"medium":["https:\/\/terratuscia.com\/wp-content\/uploads\/2022\/02\/casavespina-cicerchie-768x768.jpg",768,768,true],"medium_large":["https:\/\/terratuscia.com\/wp-content\/uploads\/2022\/02\/casavespina-cicerchie-768x768.jpg",768,768,true],"large":["https:\/\/terratuscia.com\/wp-content\/uploads\/2022\/02\/casavespina-cicerchie.jpg",1000,1000,false],"1536x1536":["https:\/\/terratuscia.com\/wp-content\/uploads\/2022\/02\/casavespina-cicerchie.jpg",1000,1000,false],"2048x2048":["https:\/\/terratuscia.com\/wp-content\/uploads\/2022\/02\/casavespina-cicerchie.jpg",1000,1000,false],"woocommerce_thumbnail":["https:\/\/terratuscia.com\/wp-content\/uploads\/2022\/02\/casavespina-cicerchie-350x350.jpg",350,350,true],"woocommerce_single":["https:\/\/terratuscia.com\/wp-content\/uploads\/2022\/02\/casavespina-cicerchie-768x768.jpg",768,768,true],"woocommerce_gallery_thumbnail":["https:\/\/terratuscia.com\/wp-content\/uploads\/2022\/02\/casavespina-cicerchie-200x200.jpg",200,200,true]},"uagb_author_info":{"display_name":"HolgerD","author_link":"https:\/\/terratuscia.com\/de\/author\/"},"uagb_comment_info":1,"uagb_excerpt":"Casa Vespina Cicerchie. Platterbsen. Antike H\u00fclsenfrucht.","brands":[{"id":100,"name":"Casa Vespina","slug":"casa-vespina"}],"_links":{"self":[{"href":"https:\/\/terratuscia.com\/de\/wp-json\/wp\/v2\/product\/3679"}],"collection":[{"href":"https:\/\/terratuscia.com\/de\/wp-json\/wp\/v2\/product"}],"about":[{"href":"https:\/\/terratuscia.com\/de\/wp-json\/wp\/v2\/types\/product"}],"replies":[{"embeddable":true,"href":"https:\/\/terratuscia.com\/de\/wp-json\/wp\/v2\/comments?post=3679"}],"wp:featuredmedia":[{"embeddable":true,"href":"https:\/\/terratuscia.com\/de\/wp-json\/wp\/v2\/media\/9455"}],"wp:attachment":[{"href":"https:\/\/terratuscia.com\/de\/wp-json\/wp\/v2\/media?parent=3679"}],"wp:term":[{"taxonomy":"pwb-brand","embeddable":true,"href":"https:\/\/terratuscia.com\/de\/wp-json\/wp\/v2\/pwb-brand?post=3679"},{"taxonomy":"product_cat","embeddable":true,"href":"https:\/\/terratuscia.com\/de\/wp-json\/wp\/v2\/product_cat?post=3679"},{"taxonomy":"product_tag","embeddable":true,"href":"https:\/\/terratuscia.com\/de\/wp-json\/wp\/v2\/product_tag?post=3679"}],"curies":[{"name":"wp","href":"https:\/\/api.w.org\/{rel}","templated":true}]}}