{"id":18688,"date":"2023-11-29T21:18:59","date_gmt":"2023-11-29T20:18:59","guid":{"rendered":"https:\/\/terratuscia.com\/?post_type=product&#038;p=18688"},"modified":"2023-12-25T13:36:18","modified_gmt":"2023-12-25T12:36:18","slug":"lavanda-valli-vita-lavendel-seife","status":"publish","type":"product","link":"https:\/\/terratuscia.com\/de\/shop\/drogerieartikel\/lavanda-valli-vita-lavendel-seife\/","title":{"rendered":"Lavanda Valli Vita Lavendel Seife"},"content":{"rendered":"<p><strong>Zusammensetzung:<\/strong><br \/>\nWasser, Cocos Nucifera \u00d6l, Ricinus Communis \u00d6l, Olea Europea \u00d6l, Alkohol denaturiert, Stearins\u00e4ure, Glycerin, Saccarose, Sodium Hydroxid, Lavendel Officinalis Essentielles \u00d6l und Bl\u00fcten, Titaniumdioxyd.<\/p>\n<p><img decoding=\"async\" loading=\"lazy\" class=\"alignnone size-medium wp-image-18667\" src=\"https:\/\/terratuscia.com\/wp-content\/uploads\/2023\/11\/lavanda_vallivita_banner-768x320.jpg\" alt=\"\" width=\"768\" height=\"320\" srcset=\"https:\/\/terratuscia.com\/wp-content\/uploads\/2023\/11\/lavanda_vallivita_banner-768x320.jpg 768w, https:\/\/terratuscia.com\/wp-content\/uploads\/2023\/11\/lavanda_vallivita_banner-1440x600.jpg 1440w, https:\/\/terratuscia.com\/wp-content\/uploads\/2023\/11\/lavanda_vallivita_banner.jpg 1536w\" sizes=\"(max-width: 768px) 100vw, 768px\" title=\"\"><\/p>\n","protected":false},"excerpt":{"rendered":"<p>Mit Lavendel Officinalis Essentiellem \u00d6l. Auf unbehandeltem Vulkanboden hoch \u00fcber dem Bolsenasee angebaut. Mit Sorgfalt und anderen puren Zutaten in Seife verwandelt. Vor Sonnenaufgang von Hand geerntet.<\/p>\n","protected":false},"featured_media":0,"comment_status":"open","ping_status":"closed","template":"","meta":{"_uag_custom_page_level_css":"","site-sidebar-layout":"default","site-content-layout":"default","ast-global-header-display":"","ast-banner-title-visibility":"","ast-main-header-display":"","ast-hfb-above-header-display":"","ast-hfb-below-header-display":"","ast-hfb-mobile-header-display":"","site-post-title":"","ast-breadcrumbs-content":"","ast-featured-img":"","footer-sml-layout":"","theme-transparent-header-meta":"default","adv-header-id-meta":"","stick-header-meta":"default","header-above-stick-meta":"","header-main-stick-meta":"","header-below-stick-meta":""},"pwb-brand":[504],"product_cat":[50],"product_tag":[],"supplier_id":18686,"supplier_sku":"","barcode":null,"atum_controlled":true,"out_stock_date":null,"out_stock_threshold":null,"inheritable":false,"inbound_stock":0,"stock_on_hold":0,"sold_today":0,"sales_last_days":0,"reserved_stock":0,"customer_returns":0,"warehouse_damage":0,"lost_in_post":0,"other_logs":0,"out_stock_days":0,"lost_sales":0,"has_location":false,"update_date":"2026-04-10T07:05:55","atum_locations":[],"atum_stock_status":"outofstock","restock_status":false,"low_stock_amount":"","sales_update_date":"2026-04-10T07:05:55","calc_backorders":null,"uagb_featured_image_src":{"full":false,"thumbnail":false,"medium":false,"medium_large":false,"large":false,"1536x1536":false,"2048x2048":false,"woocommerce_thumbnail":false,"woocommerce_single":false,"woocommerce_gallery_thumbnail":false},"uagb_author_info":{"display_name":"SabineH","author_link":"https:\/\/terratuscia.com\/de\/author\/"},"uagb_comment_info":0,"uagb_excerpt":"Mit Lavendel Officinalis Essentiellem \u00d6l. Auf unbehandeltem Vulkanboden hoch \u00fcber dem Bolsenasee angebaut. Mit Sorgfalt und anderen puren Zutaten in Seife verwandelt. Vor Sonnenaufgang von Hand geerntet.","brands":[{"id":504,"name":"Lavanda Valli Vita","slug":"lavanda-valli-vita"}],"_links":{"self":[{"href":"https:\/\/terratuscia.com\/de\/wp-json\/wp\/v2\/product\/18688"}],"collection":[{"href":"https:\/\/terratuscia.com\/de\/wp-json\/wp\/v2\/product"}],"about":[{"href":"https:\/\/terratuscia.com\/de\/wp-json\/wp\/v2\/types\/product"}],"replies":[{"embeddable":true,"href":"https:\/\/terratuscia.com\/de\/wp-json\/wp\/v2\/comments?post=18688"}],"wp:attachment":[{"href":"https:\/\/terratuscia.com\/de\/wp-json\/wp\/v2\/media?parent=18688"}],"wp:term":[{"taxonomy":"pwb-brand","embeddable":true,"href":"https:\/\/terratuscia.com\/de\/wp-json\/wp\/v2\/pwb-brand?post=18688"},{"taxonomy":"product_cat","embeddable":true,"href":"https:\/\/terratuscia.com\/de\/wp-json\/wp\/v2\/product_cat?post=18688"},{"taxonomy":"product_tag","embeddable":true,"href":"https:\/\/terratuscia.com\/de\/wp-json\/wp\/v2\/product_tag?post=18688"}],"curies":[{"name":"wp","href":"https:\/\/api.w.org\/{rel}","templated":true}]}}