{"id":16978,"date":"2023-07-02T15:19:12","date_gmt":"2023-07-02T13:19:12","guid":{"rendered":"https:\/\/terratuscia.com\/?post_type=product&#038;p=16978"},"modified":"2023-10-19T16:58:25","modified_gmt":"2023-10-19T14:58:25","slug":"montesegnale-olivenoel-flasche","status":"publish","type":"product","link":"https:\/\/terratuscia.com\/de\/shop\/kraeuter-und-oele\/montesegnale-olivenoel-flasche\/","title":{"rendered":"Montesegnale Oliven\u00f6l"},"content":{"rendered":"","protected":false},"excerpt":{"rendered":"<p>Oliven\u00f6l Extravergine. Anbau auf Vulkanboden hoch \u00fcber dem Bolsenasee. Direkt vom Baum in die M\u00fchle. H\u00f6chste Qualit\u00e4t.<\/p>\n","protected":false},"featured_media":17954,"comment_status":"open","ping_status":"closed","template":"","meta":{"_uag_custom_page_level_css":"","site-sidebar-layout":"default","site-content-layout":"default","ast-global-header-display":"","ast-banner-title-visibility":"","ast-main-header-display":"","ast-hfb-above-header-display":"","ast-hfb-below-header-display":"","ast-hfb-mobile-header-display":"","site-post-title":"","ast-breadcrumbs-content":"","ast-featured-img":"","footer-sml-layout":"","theme-transparent-header-meta":"default","adv-header-id-meta":"","stick-header-meta":"default","header-above-stick-meta":"","header-main-stick-meta":"","header-below-stick-meta":""},"pwb-brand":[350],"product_cat":[205],"product_tag":[],"supplier_id":null,"supplier_sku":"","barcode":null,"atum_controlled":true,"out_stock_date":null,"out_stock_threshold":null,"inheritable":true,"inbound_stock":0,"stock_on_hold":0,"sold_today":0,"sales_last_days":0,"reserved_stock":0,"customer_returns":0,"warehouse_damage":0,"lost_in_post":0,"other_logs":0,"out_stock_days":0,"lost_sales":0,"has_location":false,"update_date":"2026-04-06T07:04:15","atum_locations":[],"atum_stock_status":"instock","restock_status":false,"low_stock_amount":"","sales_update_date":"2026-04-06T07:04:15","calc_backorders":null,"uagb_featured_image_src":{"full":["https:\/\/terratuscia.com\/wp-content\/uploads\/2023\/09\/montesegnale-olivenoel-extra-vergine-flasche.jpg",1000,1000,false],"thumbnail":["https:\/\/terratuscia.com\/wp-content\/uploads\/2023\/09\/montesegnale-olivenoel-extra-vergine-flasche-150x150.jpg",150,150,true],"medium":["https:\/\/terratuscia.com\/wp-content\/uploads\/2023\/09\/montesegnale-olivenoel-extra-vergine-flasche-768x768.jpg",768,768,true],"medium_large":["https:\/\/terratuscia.com\/wp-content\/uploads\/2023\/09\/montesegnale-olivenoel-extra-vergine-flasche-768x768.jpg",768,768,true],"large":["https:\/\/terratuscia.com\/wp-content\/uploads\/2023\/09\/montesegnale-olivenoel-extra-vergine-flasche.jpg",1000,1000,false],"1536x1536":["https:\/\/terratuscia.com\/wp-content\/uploads\/2023\/09\/montesegnale-olivenoel-extra-vergine-flasche.jpg",1000,1000,false],"2048x2048":["https:\/\/terratuscia.com\/wp-content\/uploads\/2023\/09\/montesegnale-olivenoel-extra-vergine-flasche.jpg",1000,1000,false],"woocommerce_thumbnail":["https:\/\/terratuscia.com\/wp-content\/uploads\/2023\/09\/montesegnale-olivenoel-extra-vergine-flasche-350x350.jpg",350,350,true],"woocommerce_single":["https:\/\/terratuscia.com\/wp-content\/uploads\/2023\/09\/montesegnale-olivenoel-extra-vergine-flasche-768x768.jpg",768,768,true],"woocommerce_gallery_thumbnail":["https:\/\/terratuscia.com\/wp-content\/uploads\/2023\/09\/montesegnale-olivenoel-extra-vergine-flasche-200x200.jpg",200,200,true]},"uagb_author_info":{"display_name":"SabineH","author_link":"https:\/\/terratuscia.com\/de\/author\/"},"uagb_comment_info":0,"uagb_excerpt":"Oliven\u00f6l Extravergine. Anbau auf Vulkanboden hoch \u00fcber dem Bolsenasee. Direkt vom Baum in die M\u00fchle. H\u00f6chste Qualit\u00e4t.","brands":[{"id":350,"name":"Montesegnale","slug":"montesegnale"}],"_links":{"self":[{"href":"https:\/\/terratuscia.com\/de\/wp-json\/wp\/v2\/product\/16978"}],"collection":[{"href":"https:\/\/terratuscia.com\/de\/wp-json\/wp\/v2\/product"}],"about":[{"href":"https:\/\/terratuscia.com\/de\/wp-json\/wp\/v2\/types\/product"}],"replies":[{"embeddable":true,"href":"https:\/\/terratuscia.com\/de\/wp-json\/wp\/v2\/comments?post=16978"}],"wp:featuredmedia":[{"embeddable":true,"href":"https:\/\/terratuscia.com\/de\/wp-json\/wp\/v2\/media\/17954"}],"wp:attachment":[{"href":"https:\/\/terratuscia.com\/de\/wp-json\/wp\/v2\/media?parent=16978"}],"wp:term":[{"taxonomy":"pwb-brand","embeddable":true,"href":"https:\/\/terratuscia.com\/de\/wp-json\/wp\/v2\/pwb-brand?post=16978"},{"taxonomy":"product_cat","embeddable":true,"href":"https:\/\/terratuscia.com\/de\/wp-json\/wp\/v2\/product_cat?post=16978"},{"taxonomy":"product_tag","embeddable":true,"href":"https:\/\/terratuscia.com\/de\/wp-json\/wp\/v2\/product_tag?post=16978"}],"curies":[{"name":"wp","href":"https:\/\/api.w.org\/{rel}","templated":true}]}}