{"id":16875,"date":"2023-05-02T15:46:46","date_gmt":"2023-05-02T13:46:46","guid":{"rendered":"https:\/\/terratuscia.com\/?post_type=product&#038;p=16875"},"modified":"2023-05-02T15:48:52","modified_gmt":"2023-05-02T13:48:52","slug":"apicoltura-tognarini-waldbluetenhonig","status":"publish","type":"product","link":"https:\/\/terratuscia.com\/de\/shop\/suesses-und-fruehstueck\/apicoltura-tognarini-waldbluetenhonig\/","title":{"rendered":"Apicoltura Tognarini Waldbl\u00fctenhonig"},"content":{"rendered":"<p>Nach der Philosophie von Franco ist Honig ein Naturprodukt, das genauso konsumiert werden kann, wie die Bienen es uns geben, ohne Manipulation, Behandlung oder Zus\u00e4tze, die seine nat\u00fcrlichen Eigenschaften ver\u00e4ndern. Angewendet wird &#8222;l\u00e4ndliche Imkerei&#8220;, eine nat\u00fcrliche Methode, die aus jahrelanger Beobachtung und der Wiedergewinnung uralter Kenntnisse und Ger\u00e4te resultiert und im Wesentlichen darin besteht, die Bienen und ihre nat\u00fcrlichen Eigenschaften zu respektieren.  <\/p>\n","protected":false},"excerpt":{"rendered":"<p>Purer Bl\u00fctenhonig von den n\u00f6rdlichen H\u00fcgeln des Bolsenasees. Sp\u00e4te Sorte. Sehr delikat. Rund im Geschmack. Ohne Behandlung. Ohne Manipulation. Ohne Zus\u00e4tze.<\/p>\n","protected":false},"featured_media":16798,"comment_status":"open","ping_status":"closed","template":"","meta":{"_uag_custom_page_level_css":"","site-sidebar-layout":"default","site-content-layout":"default","ast-global-header-display":"","ast-banner-title-visibility":"","ast-main-header-display":"","ast-hfb-above-header-display":"","ast-hfb-below-header-display":"","ast-hfb-mobile-header-display":"","site-post-title":"","ast-breadcrumbs-content":"","ast-featured-img":"","footer-sml-layout":"","theme-transparent-header-meta":"default","adv-header-id-meta":"","stick-header-meta":"default","header-above-stick-meta":"","header-main-stick-meta":"","header-below-stick-meta":""},"pwb-brand":[429],"product_cat":[211],"product_tag":[],"supplier_id":16785,"supplier_sku":"","barcode":null,"atum_controlled":true,"out_stock_date":null,"out_stock_threshold":null,"inheritable":false,"inbound_stock":0,"stock_on_hold":0,"sold_today":0,"sales_last_days":0,"reserved_stock":0,"customer_returns":0,"warehouse_damage":0,"lost_in_post":0,"other_logs":0,"out_stock_days":0,"lost_sales":0,"has_location":false,"update_date":"2026-04-06T07:04:11","atum_locations":[],"atum_stock_status":"instock","restock_status":false,"low_stock_amount":"","sales_update_date":"2026-04-06T07:04:11","calc_backorders":null,"uagb_featured_image_src":{"full":["https:\/\/terratuscia.com\/wp-content\/uploads\/2023\/05\/apicoltura-franco-tognarini-miele.jpg",1000,1000,false],"thumbnail":["https:\/\/terratuscia.com\/wp-content\/uploads\/2023\/05\/apicoltura-franco-tognarini-miele-150x150.jpg",150,150,true],"medium":["https:\/\/terratuscia.com\/wp-content\/uploads\/2023\/05\/apicoltura-franco-tognarini-miele-768x768.jpg",768,768,true],"medium_large":["https:\/\/terratuscia.com\/wp-content\/uploads\/2023\/05\/apicoltura-franco-tognarini-miele-768x768.jpg",768,768,true],"large":["https:\/\/terratuscia.com\/wp-content\/uploads\/2023\/05\/apicoltura-franco-tognarini-miele.jpg",1000,1000,false],"1536x1536":["https:\/\/terratuscia.com\/wp-content\/uploads\/2023\/05\/apicoltura-franco-tognarini-miele.jpg",1000,1000,false],"2048x2048":["https:\/\/terratuscia.com\/wp-content\/uploads\/2023\/05\/apicoltura-franco-tognarini-miele.jpg",1000,1000,false],"woocommerce_thumbnail":["https:\/\/terratuscia.com\/wp-content\/uploads\/2023\/05\/apicoltura-franco-tognarini-miele-350x350.jpg",350,350,true],"woocommerce_single":["https:\/\/terratuscia.com\/wp-content\/uploads\/2023\/05\/apicoltura-franco-tognarini-miele-768x768.jpg",768,768,true],"woocommerce_gallery_thumbnail":["https:\/\/terratuscia.com\/wp-content\/uploads\/2023\/05\/apicoltura-franco-tognarini-miele-200x200.jpg",200,200,true]},"uagb_author_info":{"display_name":"SabineH","author_link":"https:\/\/terratuscia.com\/de\/author\/"},"uagb_comment_info":0,"uagb_excerpt":"Purer Bl\u00fctenhonig von den n\u00f6rdlichen H\u00fcgeln des Bolsenasees. Sp\u00e4te Sorte. Sehr delikat. Rund im Geschmack. Ohne Behandlung. Ohne Manipulation. Ohne Zus\u00e4tze.","brands":[{"id":429,"name":"Apicoltura Franco Tognarini","slug":"apicoltura-franco-tognarini"}],"_links":{"self":[{"href":"https:\/\/terratuscia.com\/de\/wp-json\/wp\/v2\/product\/16875"}],"collection":[{"href":"https:\/\/terratuscia.com\/de\/wp-json\/wp\/v2\/product"}],"about":[{"href":"https:\/\/terratuscia.com\/de\/wp-json\/wp\/v2\/types\/product"}],"replies":[{"embeddable":true,"href":"https:\/\/terratuscia.com\/de\/wp-json\/wp\/v2\/comments?post=16875"}],"wp:featuredmedia":[{"embeddable":true,"href":"https:\/\/terratuscia.com\/de\/wp-json\/wp\/v2\/media\/16798"}],"wp:attachment":[{"href":"https:\/\/terratuscia.com\/de\/wp-json\/wp\/v2\/media?parent=16875"}],"wp:term":[{"taxonomy":"pwb-brand","embeddable":true,"href":"https:\/\/terratuscia.com\/de\/wp-json\/wp\/v2\/pwb-brand?post=16875"},{"taxonomy":"product_cat","embeddable":true,"href":"https:\/\/terratuscia.com\/de\/wp-json\/wp\/v2\/product_cat?post=16875"},{"taxonomy":"product_tag","embeddable":true,"href":"https:\/\/terratuscia.com\/de\/wp-json\/wp\/v2\/product_tag?post=16875"}],"curies":[{"name":"wp","href":"https:\/\/api.w.org\/{rel}","templated":true}]}}