{"id":14920,"date":"2023-01-13T11:18:48","date_gmt":"2023-01-13T10:18:48","guid":{"rendered":"https:\/\/terratuscia.com\/?post_type=product&#038;p=14920"},"modified":"2023-03-17T17:26:40","modified_gmt":"2023-03-17T16:26:40","slug":"il-cerqueto-polenta-mit-steinpilzen","status":"publish","type":"product","link":"https:\/\/terratuscia.com\/de\/shop\/huelsenfruechte-und-getreide\/il-cerqueto-polenta-mit-steinpilzen\/","title":{"rendered":"Il Cerqueto Polenta mit Steinpilzen"},"content":{"rendered":"<div class=\"nicole-rezepte\">\n<h4>Rezept:<span style=\"color: #ffcc00\">Gebratene Polenta-Schnitten mit Pilzragout<\/span><\/h4>\n<p>Zutaten:<\/p>\n<p>F\u00fcr die Polenta:<\/p>\n<ul>\n<li>1 Tasse Polenta<\/li>\n<li>4 Tassen Wasser<\/li>\n<li>1 TL Salz<\/li>\n<li>2 EL Butter<\/li>\n<li>1\/2 Tasse geriebener Parmesan<\/li>\n<\/ul>\n<p>F\u00fcr das Pilzragout:<\/p>\n<ul>\n<li>500 g gemischte Pilze (z.B. Champignons, Pfifferlinge, Shiitake), in Scheiben geschnitten<\/li>\n<li>1 Zwiebel, fein gehackt<\/li>\n<li>2 Knoblauchzehen, fein gehackt<\/li>\n<li>1 EL Oliven\u00f6l<\/li>\n<li>1 EL Butter<\/li>\n<li>1\/2 Tasse Gem\u00fcsebr\u00fche<\/li>\n<li>1\/2 Tasse Sahne<\/li>\n<li>1 EL gehackte Petersilie<\/li>\n<li>Salz und Pfeffer nach Geschmack<\/li>\n<\/ul>\n<p>Anleitung:<\/p>\n<ol>\n<li>F\u00fcr die Polenta das Wasser in einem Topf zum Kochen bringen und das Salz hinzuf\u00fcgen. Die Polenta langsam unter st\u00e4ndigem R\u00fchren einrieseln lassen. Auf mittlerer Hitze ca. 20 Minuten k\u00f6cheln lassen, bis die Polenta dick und cremig ist.<\/li>\n<li>Die Butter und den Parmesan unterr\u00fchren und die Polenta auf ein mit Backpapier ausgelegtes Backblech gie\u00dfen. Glattstreichen und abk\u00fchlen lassen.<\/li>\n<li>Die abgek\u00fchlte Polenta in Schnitten schneiden und in einer Pfanne mit etwas \u00d6l goldbraun braten.<\/li>\n<li>F\u00fcr das Pilzragout die Zwiebel und den Knoblauch in einer Pfanne mit Oliven\u00f6l und Butter anbraten, bis sie glasig sind. Die Pilze hinzuf\u00fcgen und anbraten, bis sie weich sind.<\/li>\n<li>Die Gem\u00fcsebr\u00fche und Sahne hinzuf\u00fcgen und zum Kochen bringen. Etwa 5 Minuten k\u00f6cheln lassen, bis die Sauce leicht eingedickt ist.<\/li>\n<li>Mit Salz und Pfeffer abschmecken und die gehackte Petersilie hinzuf\u00fcgen.<\/li>\n<li>Die gebratenen Polenta-Schnitten auf Teller legen und das Pilzragout darauf verteilen. Sofort servieren. Guten Appetit!<\/li>\n<\/ol>\n<\/div>\n","protected":false},"excerpt":{"rendered":"<p>Polenta steingemahlen mit schmackhaften Steinpilzen. Nur 5 Minuten Kochzeit.<\/p>\n","protected":false},"featured_media":14105,"comment_status":"open","ping_status":"closed","template":"","meta":{"_uag_custom_page_level_css":"","site-sidebar-layout":"default","site-content-layout":"default","ast-global-header-display":"","ast-banner-title-visibility":"","ast-main-header-display":"","ast-hfb-above-header-display":"","ast-hfb-below-header-display":"","ast-hfb-mobile-header-display":"","site-post-title":"","ast-breadcrumbs-content":"","ast-featured-img":"","footer-sml-layout":"","theme-transparent-header-meta":"","adv-header-id-meta":"","stick-header-meta":"","header-above-stick-meta":"","header-main-stick-meta":"","header-below-stick-meta":""},"pwb-brand":[331],"product_cat":[16],"product_tag":[],"supplier_id":13775,"supplier_sku":"","barcode":null,"atum_controlled":true,"out_stock_date":null,"out_stock_threshold":null,"inheritable":false,"inbound_stock":0,"stock_on_hold":0,"sold_today":0,"sales_last_days":0,"reserved_stock":0,"customer_returns":0,"warehouse_damage":0,"lost_in_post":0,"other_logs":0,"out_stock_days":0,"lost_sales":0,"has_location":false,"update_date":"2026-04-13T07:07:56","atum_locations":[],"atum_stock_status":"instock","restock_status":false,"low_stock_amount":"","sales_update_date":"2026-04-13T07:07:56","calc_backorders":null,"uagb_featured_image_src":{"full":["https:\/\/terratuscia.com\/wp-content\/uploads\/2022\/12\/polent-funghi-porc.jpg",1000,1000,false],"thumbnail":["https:\/\/terratuscia.com\/wp-content\/uploads\/2022\/12\/polent-funghi-porc-150x150.jpg",150,150,true],"medium":["https:\/\/terratuscia.com\/wp-content\/uploads\/2022\/12\/polent-funghi-porc-768x768.jpg",768,768,true],"medium_large":["https:\/\/terratuscia.com\/wp-content\/uploads\/2022\/12\/polent-funghi-porc-768x768.jpg",768,768,true],"large":["https:\/\/terratuscia.com\/wp-content\/uploads\/2022\/12\/polent-funghi-porc.jpg",1000,1000,false],"1536x1536":["https:\/\/terratuscia.com\/wp-content\/uploads\/2022\/12\/polent-funghi-porc.jpg",1000,1000,false],"2048x2048":["https:\/\/terratuscia.com\/wp-content\/uploads\/2022\/12\/polent-funghi-porc.jpg",1000,1000,false],"woocommerce_thumbnail":["https:\/\/terratuscia.com\/wp-content\/uploads\/2022\/12\/polent-funghi-porc-350x350.jpg",350,350,true],"woocommerce_single":["https:\/\/terratuscia.com\/wp-content\/uploads\/2022\/12\/polent-funghi-porc-768x768.jpg",768,768,true],"woocommerce_gallery_thumbnail":["https:\/\/terratuscia.com\/wp-content\/uploads\/2022\/12\/polent-funghi-porc-200x200.jpg",200,200,true]},"uagb_author_info":{"display_name":"SabineH","author_link":"https:\/\/terratuscia.com\/de\/author\/"},"uagb_comment_info":0,"uagb_excerpt":"Polenta steingemahlen mit schmackhaften Steinpilzen. Nur 5 Minuten Kochzeit.","brands":[{"id":331,"name":"Cerqueto","slug":"cerqueto"}],"_links":{"self":[{"href":"https:\/\/terratuscia.com\/de\/wp-json\/wp\/v2\/product\/14920"}],"collection":[{"href":"https:\/\/terratuscia.com\/de\/wp-json\/wp\/v2\/product"}],"about":[{"href":"https:\/\/terratuscia.com\/de\/wp-json\/wp\/v2\/types\/product"}],"replies":[{"embeddable":true,"href":"https:\/\/terratuscia.com\/de\/wp-json\/wp\/v2\/comments?post=14920"}],"wp:featuredmedia":[{"embeddable":true,"href":"https:\/\/terratuscia.com\/de\/wp-json\/wp\/v2\/media\/14105"}],"wp:attachment":[{"href":"https:\/\/terratuscia.com\/de\/wp-json\/wp\/v2\/media?parent=14920"}],"wp:term":[{"taxonomy":"pwb-brand","embeddable":true,"href":"https:\/\/terratuscia.com\/de\/wp-json\/wp\/v2\/pwb-brand?post=14920"},{"taxonomy":"product_cat","embeddable":true,"href":"https:\/\/terratuscia.com\/de\/wp-json\/wp\/v2\/product_cat?post=14920"},{"taxonomy":"product_tag","embeddable":true,"href":"https:\/\/terratuscia.com\/de\/wp-json\/wp\/v2\/product_tag?post=14920"}],"curies":[{"name":"wp","href":"https:\/\/api.w.org\/{rel}","templated":true}]}}