{"id":13514,"date":"2022-11-27T16:56:12","date_gmt":"2022-11-27T15:56:12","guid":{"rendered":"https:\/\/terratuscia.com\/?post_type=product&#038;p=13514"},"modified":"2023-01-13T16:37:47","modified_gmt":"2023-01-13T15:37:47","slug":"terra-tuscia-pasta-olivenoel-und-suesses","status":"publish","type":"product","link":"https:\/\/terratuscia.com\/de\/shop\/spezielle-angebote\/terra-tuscia-pasta-olivenoel-und-suesses\/","title":{"rendered":"TerraTuscia Pasta, Oliven\u00f6l und S\u00fcsses"},"content":{"rendered":"<p><a href=\"https:\/\/terratuscia.com\/de\/shop\/pasta-und-zubehoer\/ora-pasta-nudeln-aus-dinkel-vollkornmehl-monococco-casarecce\/\">Ora Pasta Nudeln aus Dinkelvollkornmehl Monococco<\/a>: Antike Getreideart. Schonend getrocknet. Proteinreich. Glutenarm.<br \/>\n<a href=\"https:\/\/terratuscia.com\/de\/shop\/fleisch-und-wurstwaren\/le-moline-tomatensosse-mit-speck\/\">Le Moline Tomatensosse mit Speck<\/a>: Vom Cinta Senese Schwein.<br \/>\n<a href=\"https:\/\/terratuscia.com\/de\/shop\/kraeuter-und-oele\/le-moline-olivenoel\/\">Le Moline Oliven\u00f6l Extra Vergine<\/a> 100% Canino.<br \/>\n<a href=\"https:\/\/terratuscia.com\/de\/shop\/suesses-und-fruehstueck\/il-sambuco-nuss-kekse\/\">Il Sambuco Tozzetto Nusskekse<\/a>: Im Nusschalen befeuerten Ofen gebacken. Alle Zutaten rein bio und 0km.<br \/>\n<a href=\"https:\/\/terratuscia.com\/de\/shop\/suesses-und-fruehstueck\/il-sambuco-konfituere-aus-feigen-und-haselnuessen\/\">Il Sambuco Feigen Marmelade<\/a>: Rein bio und 0km.<\/p>\n<p>Alle Details und Inhaltsstoffe findet Ihr beiden einzelnen Produktbeschreibungen.<\/p>\n","protected":false},"excerpt":{"rendered":"<p>Bella Italia auf dem Gabentisch. Pasta aus Urdinkel, Tomatensosse mit Speckst\u00fcckchen, dazu Oliven\u00f6l Extra Vergine. Traditionelle Nusskekse und Feigenmarmelade. K\u00f6stlicher Genuss. Komplett biologisch.<\/p>\n","protected":false},"featured_media":13578,"comment_status":"open","ping_status":"closed","template":"","meta":{"_uag_custom_page_level_css":"","site-sidebar-layout":"default","site-content-layout":"default","ast-global-header-display":"","ast-banner-title-visibility":"","ast-main-header-display":"","ast-hfb-above-header-display":"","ast-hfb-below-header-display":"","ast-hfb-mobile-header-display":"","site-post-title":"","ast-breadcrumbs-content":"","ast-featured-img":"","footer-sml-layout":"","theme-transparent-header-meta":"default","adv-header-id-meta":"","stick-header-meta":"default","header-above-stick-meta":"","header-main-stick-meta":"","header-below-stick-meta":""},"pwb-brand":[318,214,96],"product_cat":[327,205,211,17],"product_tag":[],"supplier_id":null,"supplier_sku":"","barcode":null,"atum_controlled":true,"out_stock_date":null,"out_stock_threshold":null,"inheritable":false,"inbound_stock":0,"stock_on_hold":0,"sold_today":0,"sales_last_days":0,"reserved_stock":0,"customer_returns":0,"warehouse_damage":0,"lost_in_post":0,"other_logs":0,"out_stock_days":0,"lost_sales":0,"has_location":false,"update_date":"2026-04-14T07:08:54","atum_locations":[],"atum_stock_status":"instock","restock_status":false,"low_stock_amount":"","sales_update_date":"2026-04-14T07:08:54","calc_backorders":null,"uagb_featured_image_src":{"full":["https:\/\/terratuscia.com\/wp-content\/uploads\/2022\/11\/Pasta-Olio-and-Sweets-xmas.jpg",1000,1000,false],"thumbnail":["https:\/\/terratuscia.com\/wp-content\/uploads\/2022\/11\/Pasta-Olio-and-Sweets-xmas-150x150.jpg",150,150,true],"medium":["https:\/\/terratuscia.com\/wp-content\/uploads\/2022\/11\/Pasta-Olio-and-Sweets-xmas-768x768.jpg",768,768,true],"medium_large":["https:\/\/terratuscia.com\/wp-content\/uploads\/2022\/11\/Pasta-Olio-and-Sweets-xmas-768x768.jpg",768,768,true],"large":["https:\/\/terratuscia.com\/wp-content\/uploads\/2022\/11\/Pasta-Olio-and-Sweets-xmas.jpg",1000,1000,false],"1536x1536":["https:\/\/terratuscia.com\/wp-content\/uploads\/2022\/11\/Pasta-Olio-and-Sweets-xmas.jpg",1000,1000,false],"2048x2048":["https:\/\/terratuscia.com\/wp-content\/uploads\/2022\/11\/Pasta-Olio-and-Sweets-xmas.jpg",1000,1000,false],"woocommerce_thumbnail":["https:\/\/terratuscia.com\/wp-content\/uploads\/2022\/11\/Pasta-Olio-and-Sweets-xmas-350x350.jpg",350,350,true],"woocommerce_single":["https:\/\/terratuscia.com\/wp-content\/uploads\/2022\/11\/Pasta-Olio-and-Sweets-xmas-768x768.jpg",768,768,true],"woocommerce_gallery_thumbnail":["https:\/\/terratuscia.com\/wp-content\/uploads\/2022\/11\/Pasta-Olio-and-Sweets-xmas-200x200.jpg",200,200,true]},"uagb_author_info":{"display_name":"SabineH","author_link":"https:\/\/terratuscia.com\/de\/author\/"},"uagb_comment_info":0,"uagb_excerpt":"Bella Italia auf dem Gabentisch. Pasta aus Urdinkel, Tomatensosse mit Speckst\u00fcckchen, dazu Oliven\u00f6l Extra Vergine. Traditionelle Nusskekse und Feigenmarmelade. K\u00f6stlicher Genuss. Komplett biologisch.","brands":[{"id":214,"name":"Il Sambuco","slug":"il-sambuco"},{"id":318,"name":"Le Moline","slug":"le-moline"},{"id":96,"name":"Ora Pasta","slug":"ora-pasta"}],"_links":{"self":[{"href":"https:\/\/terratuscia.com\/de\/wp-json\/wp\/v2\/product\/13514"}],"collection":[{"href":"https:\/\/terratuscia.com\/de\/wp-json\/wp\/v2\/product"}],"about":[{"href":"https:\/\/terratuscia.com\/de\/wp-json\/wp\/v2\/types\/product"}],"replies":[{"embeddable":true,"href":"https:\/\/terratuscia.com\/de\/wp-json\/wp\/v2\/comments?post=13514"}],"wp:featuredmedia":[{"embeddable":true,"href":"https:\/\/terratuscia.com\/de\/wp-json\/wp\/v2\/media\/13578"}],"wp:attachment":[{"href":"https:\/\/terratuscia.com\/de\/wp-json\/wp\/v2\/media?parent=13514"}],"wp:term":[{"taxonomy":"pwb-brand","embeddable":true,"href":"https:\/\/terratuscia.com\/de\/wp-json\/wp\/v2\/pwb-brand?post=13514"},{"taxonomy":"product_cat","embeddable":true,"href":"https:\/\/terratuscia.com\/de\/wp-json\/wp\/v2\/product_cat?post=13514"},{"taxonomy":"product_tag","embeddable":true,"href":"https:\/\/terratuscia.com\/de\/wp-json\/wp\/v2\/product_tag?post=13514"}],"curies":[{"name":"wp","href":"https:\/\/api.w.org\/{rel}","templated":true}]}}