{"id":13496,"date":"2022-11-24T22:11:30","date_gmt":"2022-11-24T21:11:30","guid":{"rendered":"https:\/\/terratuscia.com\/?post_type=product&#038;p=13496"},"modified":"2023-01-13T15:28:46","modified_gmt":"2023-01-13T14:28:46","slug":"qualiterbe-balsam-fuer-den-koerper","status":"publish","type":"product","link":"https:\/\/terratuscia.com\/de\/shop\/spezielle-angebote\/qualiterbe-balsam-fuer-den-koerper\/","title":{"rendered":"Qualiterbe Balsam f\u00fcr den K\u00f6rper"},"content":{"rendered":"<p><a href=\"https:\/\/terratuscia.com\/de\/shop\/drogerieartikel\/qualiterbe-bio-dusch-shampoo\/\">Qualiterbe Bio Dusch Shampoo<\/a>: Extrakt aus Bl\u00fctenk\u00f6pfen der Kamille, \u00e4therische \u00d6le Limone und Minze<br \/>\n<a href=\"https:\/\/terratuscia.com\/de\/shop\/drogerieartikel\/qualiterbe-sanftes-haar-shampoo-kamille\/\">Qualiterbe Bio Haar Shampoo<\/a>: Aus ganzen Bl\u00fcten und \u00e4therischem \u00d6l der r\u00f6mischen Kamille<br \/>\n<a href=\"https:\/\/terratuscia.com\/de\/shop\/drogerieartikel\/qualiterbe-lippenbalsam\/\">Qualiterbe Lippenbalsam<\/a>: Aus handgeernteten Wildpflanzen, Orangen und Mandarinen\u00f6l<\/p>\n","protected":false},"excerpt":{"rendered":"<p>Pure wohltuende Bio K\u00f6rperpflege Duschbad, Shampoo, Lippenbalsam und Anti Cellulite Lotion Parabenfrei, ohne Konservierungsstoffe, nat\u00fcrlicher Duft Details und Inhaltsstoffe findet Ihr bei den einzelnen Produktbeschreibungen.<\/p>\n","protected":false},"featured_media":13557,"comment_status":"open","ping_status":"closed","template":"","meta":{"_uag_custom_page_level_css":"","site-sidebar-layout":"default","site-content-layout":"default","ast-global-header-display":"","ast-banner-title-visibility":"","ast-main-header-display":"","ast-hfb-above-header-display":"","ast-hfb-below-header-display":"","ast-hfb-mobile-header-display":"","site-post-title":"","ast-breadcrumbs-content":"","ast-featured-img":"","footer-sml-layout":"","theme-transparent-header-meta":"default","adv-header-id-meta":"","stick-header-meta":"default","header-above-stick-meta":"","header-main-stick-meta":"","header-below-stick-meta":""},"pwb-brand":[98],"product_cat":[327,50],"product_tag":[],"supplier_id":10326,"supplier_sku":"","barcode":null,"atum_controlled":true,"out_stock_date":null,"out_stock_threshold":null,"inheritable":false,"inbound_stock":0,"stock_on_hold":0,"sold_today":0,"sales_last_days":0,"reserved_stock":0,"customer_returns":0,"warehouse_damage":0,"lost_in_post":0,"other_logs":0,"out_stock_days":0,"lost_sales":0,"has_location":false,"update_date":"2026-04-08T07:05:30","atum_locations":[],"atum_stock_status":"instock","restock_status":false,"low_stock_amount":"","sales_update_date":"2026-04-08T07:05:30","calc_backorders":null,"uagb_featured_image_src":{"full":["https:\/\/terratuscia.com\/wp-content\/uploads\/2022\/11\/For-the-body.jpg",1000,1000,false],"thumbnail":["https:\/\/terratuscia.com\/wp-content\/uploads\/2022\/11\/For-the-body-150x150.jpg",150,150,true],"medium":["https:\/\/terratuscia.com\/wp-content\/uploads\/2022\/11\/For-the-body-768x768.jpg",768,768,true],"medium_large":["https:\/\/terratuscia.com\/wp-content\/uploads\/2022\/11\/For-the-body-768x768.jpg",768,768,true],"large":["https:\/\/terratuscia.com\/wp-content\/uploads\/2022\/11\/For-the-body.jpg",1000,1000,false],"1536x1536":["https:\/\/terratuscia.com\/wp-content\/uploads\/2022\/11\/For-the-body.jpg",1000,1000,false],"2048x2048":["https:\/\/terratuscia.com\/wp-content\/uploads\/2022\/11\/For-the-body.jpg",1000,1000,false],"woocommerce_thumbnail":["https:\/\/terratuscia.com\/wp-content\/uploads\/2022\/11\/For-the-body-350x350.jpg",350,350,true],"woocommerce_single":["https:\/\/terratuscia.com\/wp-content\/uploads\/2022\/11\/For-the-body-768x768.jpg",768,768,true],"woocommerce_gallery_thumbnail":["https:\/\/terratuscia.com\/wp-content\/uploads\/2022\/11\/For-the-body-200x200.jpg",200,200,true]},"uagb_author_info":{"display_name":"SabineH","author_link":"https:\/\/terratuscia.com\/de\/author\/"},"uagb_comment_info":0,"uagb_excerpt":"Pure wohltuende Bio K\u00f6rperpflege Duschbad, Shampoo, Lippenbalsam und Anti Cellulite Lotion Parabenfrei, ohne Konservierungsstoffe, nat\u00fcrlicher Duft Details und Inhaltsstoffe findet Ihr bei den einzelnen Produktbeschreibungen.","brands":[{"id":98,"name":"Qualiterbe","slug":"qualiterbe"}],"_links":{"self":[{"href":"https:\/\/terratuscia.com\/de\/wp-json\/wp\/v2\/product\/13496"}],"collection":[{"href":"https:\/\/terratuscia.com\/de\/wp-json\/wp\/v2\/product"}],"about":[{"href":"https:\/\/terratuscia.com\/de\/wp-json\/wp\/v2\/types\/product"}],"replies":[{"embeddable":true,"href":"https:\/\/terratuscia.com\/de\/wp-json\/wp\/v2\/comments?post=13496"}],"wp:featuredmedia":[{"embeddable":true,"href":"https:\/\/terratuscia.com\/de\/wp-json\/wp\/v2\/media\/13557"}],"wp:attachment":[{"href":"https:\/\/terratuscia.com\/de\/wp-json\/wp\/v2\/media?parent=13496"}],"wp:term":[{"taxonomy":"pwb-brand","embeddable":true,"href":"https:\/\/terratuscia.com\/de\/wp-json\/wp\/v2\/pwb-brand?post=13496"},{"taxonomy":"product_cat","embeddable":true,"href":"https:\/\/terratuscia.com\/de\/wp-json\/wp\/v2\/product_cat?post=13496"},{"taxonomy":"product_tag","embeddable":true,"href":"https:\/\/terratuscia.com\/de\/wp-json\/wp\/v2\/product_tag?post=13496"}],"curies":[{"name":"wp","href":"https:\/\/api.w.org\/{rel}","templated":true}]}}