{"id":13491,"date":"2022-11-22T20:56:19","date_gmt":"2022-11-22T19:56:19","guid":{"rendered":"https:\/\/terratuscia.com\/?post_type=product&#038;p=13491"},"modified":"2023-11-02T13:18:32","modified_gmt":"2023-11-02T12:18:32","slug":"terra-tuscia-koestlichkeiten","status":"publish","type":"product","link":"https:\/\/terratuscia.com\/de\/shop\/spezielle-angebote\/terra-tuscia-koestlichkeiten\/","title":{"rendered":"TerraTuscia K\u00f6stlichkeiten"},"content":{"rendered":"<p><a href=\"https:\/\/terratuscia.com\/de\/shop\/wein-und-spirituosen\/annick-spritziger-rose\/\">Annick Spritziger Rose<\/a>: Teilfermentiert.<br \/>\n<a href=\"https:\/\/terratuscia.com\/de\/shop\/pasta-und-zubehoer\/ora-pasta-nudeln-aus-dinkel-vollkornmehl-monococco-casarecce\/\">Ora Pasta Nudeln aus antikem Dinkelvollkornmehl Monoccoco<\/a>: Schonend getrocknet. Reich an Proteinen. Arm an Gluten.<br \/>\n<a href=\"https:\/\/terratuscia.com\/de\/shop\/pasta-und-zubehoer\/il-sambuco-nudeln-aus-hartweizenmehl-fettuccine\/\">Il Sambuco Nudeln aus Hartweizenmehl<\/a>: Schonend getrocknet.<br \/>\n<a href=\"https:\/\/terratuscia.com\/de\/shop\/suesses-und-fruehstueck\/il-sambuco-haselnuss-kekse-brutti-e-buoni\/\">Il Sambuco Brutti e Buoni Kekse<\/a>: Haselnusskekse. Im Holz-und Nusschalenofen gebacken.<br \/>\n<a href=\"https:\/\/terratuscia.com\/de\/shop\/suesses-und-fruehstueck\/il-sambuco-buchweizen-vollkorn-kekse\/\">Il Sambuco Pappa Sani Buchweizen Kekse<\/a>: Vegan. Im Holz-und Nusschalenofen gebacken.<br \/>\n<a href=\"https:\/\/terratuscia.com\/de\/shop\/fleisch-und-wurstwaren\/le-moline-tomatensosse-mit-speck\/\">Le Moline Tomatensosse mit Speckst\u00fcckchen<\/a>: Vom Cinta Senese<br \/>\n<a href=\"https:\/\/terratuscia.com\/de\/shop\/fleisch-und-wurstwaren\/le-moline-trueffelsscreme-vom-weissen-speck-des-cinta-senese\/\">Le Moline Tr\u00fcffelcreme<\/a> vom Weissen Speck des Cinta Senese<br \/>\n<a href=\"https:\/\/terratuscia.com\/de\/shop\/kraeuter-und-oele\/le-moline-olivenoel\/\">Le Moline Oliven\u00f6l Extravergine<\/a> 100% Canino<br \/>\n<a href=\"https:\/\/terratuscia.com\/de\/shop\/kraeuter-und-oele\/casa-vespina-olivenpaste\/\">Casa Vespina Olivenpaste<\/a>: Handverlesen<br \/>\n<a href=\"https:\/\/terratuscia.com\/de\/shop\/suesses-und-fruehstueck\/casa-vespina-erdbeerkonfituere\/\">Casa Vespina feinste Erdbeerkonfit\u00fcre<\/a>: Handverlesen<br \/>\n<a href=\"https:\/\/terratuscia.com\/de\/shop\/kraeuter-und-oele\/casa-vespina-oregano\/\">Casa Vespina Oregano<\/a>: Handverlesen<\/p>\n<p>Details und Inhaltsstoffe findet Ihr bei den einzelnen Produktbeschreibungen.<\/p>\n","protected":false},"excerpt":{"rendered":"<p>Ein Paket gef\u00fcllt mit ehrlichen, k\u00f6stlichen Zutaten. Pasta, Oliven\u00f6l, Sossen und Kr\u00e4uter. Biscotti und Konfit\u00fcren. Spritziges zum Anstossen. Purer gesunder Genuss. Du musst 18 Jahre oder \u00e4lter sein um dieses Produkt zu kaufen.<\/p>\n","protected":false},"featured_media":13572,"comment_status":"open","ping_status":"closed","template":"","meta":{"_uag_custom_page_level_css":"","site-sidebar-layout":"default","site-content-layout":"default","ast-global-header-display":"","ast-banner-title-visibility":"","ast-main-header-display":"","ast-hfb-above-header-display":"","ast-hfb-below-header-display":"","ast-hfb-mobile-header-display":"","site-post-title":"","ast-breadcrumbs-content":"","ast-featured-img":"","footer-sml-layout":"","theme-transparent-header-meta":"default","adv-header-id-meta":"","stick-header-meta":"default","header-above-stick-meta":"","header-main-stick-meta":"","header-below-stick-meta":""},"pwb-brand":[199,100,214,318,96],"product_cat":[327,321,205,211,196,17],"product_tag":[],"supplier_id":null,"supplier_sku":"","barcode":null,"atum_controlled":true,"out_stock_date":null,"out_stock_threshold":null,"inheritable":false,"inbound_stock":0,"stock_on_hold":0,"sold_today":0,"sales_last_days":0,"reserved_stock":0,"customer_returns":0,"warehouse_damage":0,"lost_in_post":0,"other_logs":0,"out_stock_days":0,"lost_sales":0,"has_location":false,"update_date":"2026-04-08T07:05:30","atum_locations":[],"atum_stock_status":"instock","restock_status":false,"low_stock_amount":"","sales_update_date":"2026-04-08T07:05:30","calc_backorders":null,"uagb_featured_image_src":{"full":["https:\/\/terratuscia.com\/wp-content\/uploads\/2022\/11\/Pasta-BubblesOlioBiscotti-und-andere-Koestlichkeiten.jpg",1000,1000,false],"thumbnail":["https:\/\/terratuscia.com\/wp-content\/uploads\/2022\/11\/Pasta-BubblesOlioBiscotti-und-andere-Koestlichkeiten-150x150.jpg",150,150,true],"medium":["https:\/\/terratuscia.com\/wp-content\/uploads\/2022\/11\/Pasta-BubblesOlioBiscotti-und-andere-Koestlichkeiten-768x768.jpg",768,768,true],"medium_large":["https:\/\/terratuscia.com\/wp-content\/uploads\/2022\/11\/Pasta-BubblesOlioBiscotti-und-andere-Koestlichkeiten-768x768.jpg",768,768,true],"large":["https:\/\/terratuscia.com\/wp-content\/uploads\/2022\/11\/Pasta-BubblesOlioBiscotti-und-andere-Koestlichkeiten.jpg",1000,1000,false],"1536x1536":["https:\/\/terratuscia.com\/wp-content\/uploads\/2022\/11\/Pasta-BubblesOlioBiscotti-und-andere-Koestlichkeiten.jpg",1000,1000,false],"2048x2048":["https:\/\/terratuscia.com\/wp-content\/uploads\/2022\/11\/Pasta-BubblesOlioBiscotti-und-andere-Koestlichkeiten.jpg",1000,1000,false],"woocommerce_thumbnail":["https:\/\/terratuscia.com\/wp-content\/uploads\/2022\/11\/Pasta-BubblesOlioBiscotti-und-andere-Koestlichkeiten-350x350.jpg",350,350,true],"woocommerce_single":["https:\/\/terratuscia.com\/wp-content\/uploads\/2022\/11\/Pasta-BubblesOlioBiscotti-und-andere-Koestlichkeiten-768x768.jpg",768,768,true],"woocommerce_gallery_thumbnail":["https:\/\/terratuscia.com\/wp-content\/uploads\/2022\/11\/Pasta-BubblesOlioBiscotti-und-andere-Koestlichkeiten-200x200.jpg",200,200,true]},"uagb_author_info":{"display_name":"SabineH","author_link":"https:\/\/terratuscia.com\/de\/author\/"},"uagb_comment_info":0,"uagb_excerpt":"Ein Paket gef\u00fcllt mit ehrlichen, k\u00f6stlichen Zutaten. Pasta, Oliven\u00f6l, Sossen und Kr\u00e4uter. Biscotti und Konfit\u00fcren. Spritziges zum Anstossen. Purer gesunder Genuss. Du musst 18 Jahre oder \u00e4lter sein um dieses Produkt zu kaufen.","brands":[{"id":199,"name":"Annick","slug":"annick-ethic-drinks"},{"id":100,"name":"Casa Vespina","slug":"casa-vespina"},{"id":214,"name":"Il Sambuco","slug":"il-sambuco"},{"id":318,"name":"Le Moline","slug":"le-moline"},{"id":96,"name":"Ora Pasta","slug":"ora-pasta"}],"_links":{"self":[{"href":"https:\/\/terratuscia.com\/de\/wp-json\/wp\/v2\/product\/13491"}],"collection":[{"href":"https:\/\/terratuscia.com\/de\/wp-json\/wp\/v2\/product"}],"about":[{"href":"https:\/\/terratuscia.com\/de\/wp-json\/wp\/v2\/types\/product"}],"replies":[{"embeddable":true,"href":"https:\/\/terratuscia.com\/de\/wp-json\/wp\/v2\/comments?post=13491"}],"wp:featuredmedia":[{"embeddable":true,"href":"https:\/\/terratuscia.com\/de\/wp-json\/wp\/v2\/media\/13572"}],"wp:attachment":[{"href":"https:\/\/terratuscia.com\/de\/wp-json\/wp\/v2\/media?parent=13491"}],"wp:term":[{"taxonomy":"pwb-brand","embeddable":true,"href":"https:\/\/terratuscia.com\/de\/wp-json\/wp\/v2\/pwb-brand?post=13491"},{"taxonomy":"product_cat","embeddable":true,"href":"https:\/\/terratuscia.com\/de\/wp-json\/wp\/v2\/product_cat?post=13491"},{"taxonomy":"product_tag","embeddable":true,"href":"https:\/\/terratuscia.com\/de\/wp-json\/wp\/v2\/product_tag?post=13491"}],"curies":[{"name":"wp","href":"https:\/\/api.w.org\/{rel}","templated":true}]}}