{"id":13480,"date":"2022-11-22T17:20:35","date_gmt":"2022-11-22T16:20:35","guid":{"rendered":"https:\/\/terratuscia.com\/?post_type=product&#038;p=13480"},"modified":"2023-11-02T13:34:49","modified_gmt":"2023-11-02T12:34:49","slug":"terra-tuscia-pasta-spritziges-und-suesses","status":"publish","type":"product","link":"https:\/\/terratuscia.com\/de\/shop\/spezielle-angebote\/terra-tuscia-pasta-spritziges-und-suesses\/","title":{"rendered":"TerraTuscia Pasta, Spritziges und S\u00fcsses"},"content":{"rendered":"<p><a href=\"https:\/\/terratuscia.com\/de\/shop\/pasta-und-zubehoer\/ora-pasta-nudeln-aus-dinkel-vollkornmehl-monococco-pipe\/\">Ora Pasta Nudeln aus Dinkel-Vollkornmehl Monoccoco<\/a>: Antike Getreideart. Schonend getrocknet. Reich an Proteinen. Arm an Gluten.<br \/>\n<a href=\"https:\/\/terratuscia.com\/de\/shop\/fleisch-und-wurstwaren\/le-moline-tomatensosse-mit-speck\/\">Le Moline Tomatensosse mit Speck<\/a>: Vom Cinta Senese Schwein.<br \/>\n<a href=\"https:\/\/terratuscia.com\/de\/shop\/wein-und-spirituosen\/annick-spritziger-rose\/\">Annick Spritziger Rose<\/a>: Teilfermentiert. Handverlesene biologische Trauben.<br \/>\n<a href=\"https:\/\/terratuscia.com\/de\/shop\/suesses-und-fruehstueck\/il-sambuco-nuss-kekse\/\">Il Sambuco Tozzetto Nusskekse<\/a>: Im Nussschalen befeuerten Ofen gebacken. Alle Zutaten rein bio und km0.<br \/>\n<a href=\"https:\/\/terratuscia.com\/de\/shop\/suesses-und-fruehstueck\/il-sambuco-orangenmarmelade\/\">Il Sambuco Orangen Marmelade<\/a>: Rein bio und km0.<\/p>\n<p>Alle Details und Inhaltsstoffe findet Ihr bei den einzelnen Produktbeschreibungen.<\/p>\n","protected":false},"excerpt":{"rendered":"<p>Ein Festmahl. Pasta aus Urdinkel, Tomatensosse mit Speckst\u00fcckchen, dazu Spritziger Rose. Traditionelle Tozzetti Nusskekse und Orangenmarmelade. K\u00f6stlicher Genuss. Komplett biologisch. Du musst 18 Jahre oder \u00e4lter sein um dieses Produkt zu kaufen.<\/p>\n","protected":false},"featured_media":13575,"comment_status":"open","ping_status":"closed","template":"","meta":{"_uag_custom_page_level_css":"","site-sidebar-layout":"default","site-content-layout":"default","ast-global-header-display":"","ast-banner-title-visibility":"","ast-main-header-display":"","ast-hfb-above-header-display":"","ast-hfb-below-header-display":"","ast-hfb-mobile-header-display":"","site-post-title":"","ast-breadcrumbs-content":"","ast-featured-img":"","footer-sml-layout":"","theme-transparent-header-meta":"default","adv-header-id-meta":"","stick-header-meta":"default","header-above-stick-meta":"","header-main-stick-meta":"","header-below-stick-meta":""},"pwb-brand":[96,199,214,318],"product_cat":[327,211,196,17],"product_tag":[],"supplier_id":null,"supplier_sku":"","barcode":null,"atum_controlled":true,"out_stock_date":null,"out_stock_threshold":null,"inheritable":false,"inbound_stock":0,"stock_on_hold":0,"sold_today":0,"sales_last_days":0,"reserved_stock":0,"customer_returns":0,"warehouse_damage":0,"lost_in_post":0,"other_logs":0,"out_stock_days":0,"lost_sales":0,"has_location":false,"update_date":"2026-05-10T07:27:26","atum_locations":[],"atum_stock_status":"instock","restock_status":false,"low_stock_amount":"","sales_update_date":"2026-05-10T07:27:26","calc_backorders":null,"uagb_featured_image_src":{"full":["https:\/\/terratuscia.com\/wp-content\/uploads\/2022\/11\/Pasta-Bubbles-Sweets-and-Breakfast.jpg",1000,1000,false],"thumbnail":["https:\/\/terratuscia.com\/wp-content\/uploads\/2022\/11\/Pasta-Bubbles-Sweets-and-Breakfast-150x150.jpg",150,150,true],"medium":["https:\/\/terratuscia.com\/wp-content\/uploads\/2022\/11\/Pasta-Bubbles-Sweets-and-Breakfast-768x768.jpg",768,768,true],"medium_large":["https:\/\/terratuscia.com\/wp-content\/uploads\/2022\/11\/Pasta-Bubbles-Sweets-and-Breakfast-768x768.jpg",768,768,true],"large":["https:\/\/terratuscia.com\/wp-content\/uploads\/2022\/11\/Pasta-Bubbles-Sweets-and-Breakfast.jpg",1000,1000,false],"1536x1536":["https:\/\/terratuscia.com\/wp-content\/uploads\/2022\/11\/Pasta-Bubbles-Sweets-and-Breakfast.jpg",1000,1000,false],"2048x2048":["https:\/\/terratuscia.com\/wp-content\/uploads\/2022\/11\/Pasta-Bubbles-Sweets-and-Breakfast.jpg",1000,1000,false],"woocommerce_thumbnail":["https:\/\/terratuscia.com\/wp-content\/uploads\/2022\/11\/Pasta-Bubbles-Sweets-and-Breakfast-350x350.jpg",350,350,true],"woocommerce_single":["https:\/\/terratuscia.com\/wp-content\/uploads\/2022\/11\/Pasta-Bubbles-Sweets-and-Breakfast-768x768.jpg",768,768,true],"woocommerce_gallery_thumbnail":["https:\/\/terratuscia.com\/wp-content\/uploads\/2022\/11\/Pasta-Bubbles-Sweets-and-Breakfast-200x200.jpg",200,200,true]},"uagb_author_info":{"display_name":"SabineH","author_link":"https:\/\/terratuscia.com\/de\/author\/"},"uagb_comment_info":0,"uagb_excerpt":"Ein Festmahl. Pasta aus Urdinkel, Tomatensosse mit Speckst\u00fcckchen, dazu Spritziger Rose. Traditionelle Tozzetti Nusskekse und Orangenmarmelade. K\u00f6stlicher Genuss. Komplett biologisch. Du musst 18 Jahre oder \u00e4lter sein um dieses Produkt zu kaufen.","brands":[{"id":199,"name":"Annick","slug":"annick-ethic-drinks"},{"id":214,"name":"Il Sambuco","slug":"il-sambuco"},{"id":318,"name":"Le Moline","slug":"le-moline"},{"id":96,"name":"Ora Pasta","slug":"ora-pasta"}],"_links":{"self":[{"href":"https:\/\/terratuscia.com\/de\/wp-json\/wp\/v2\/product\/13480"}],"collection":[{"href":"https:\/\/terratuscia.com\/de\/wp-json\/wp\/v2\/product"}],"about":[{"href":"https:\/\/terratuscia.com\/de\/wp-json\/wp\/v2\/types\/product"}],"replies":[{"embeddable":true,"href":"https:\/\/terratuscia.com\/de\/wp-json\/wp\/v2\/comments?post=13480"}],"wp:featuredmedia":[{"embeddable":true,"href":"https:\/\/terratuscia.com\/de\/wp-json\/wp\/v2\/media\/13575"}],"wp:attachment":[{"href":"https:\/\/terratuscia.com\/de\/wp-json\/wp\/v2\/media?parent=13480"}],"wp:term":[{"taxonomy":"pwb-brand","embeddable":true,"href":"https:\/\/terratuscia.com\/de\/wp-json\/wp\/v2\/pwb-brand?post=13480"},{"taxonomy":"product_cat","embeddable":true,"href":"https:\/\/terratuscia.com\/de\/wp-json\/wp\/v2\/product_cat?post=13480"},{"taxonomy":"product_tag","embeddable":true,"href":"https:\/\/terratuscia.com\/de\/wp-json\/wp\/v2\/product_tag?post=13480"}],"curies":[{"name":"wp","href":"https:\/\/api.w.org\/{rel}","templated":true}]}}