{"id":13208,"date":"2022-09-19T15:15:44","date_gmt":"2022-09-19T13:15:44","guid":{"rendered":"https:\/\/terratuscia.com\/?post_type=product&#038;p=13208"},"modified":"2023-03-06T14:55:02","modified_gmt":"2023-03-06T13:55:02","slug":"le-moline-birnenquittenkonfituere","status":"publish","type":"product","link":"https:\/\/terratuscia.com\/de\/shop\/suesses-und-fruehstueck\/le-moline-birnenquittenkonfituere\/","title":{"rendered":"Le Moline Birnenquitten Konfit\u00fcre"},"content":{"rendered":"<div class=\"nicole-rezepte\">\n<h4>Rezept:<span style=\"color: #808000\">Birnenquitten-Konfit\u00fcre-Tarte<\/span><\/h4>\n<p>Zutaten:<\/p>\n<ul>\n\u2022 1 fertiger Bl\u00e4tterteig (aus dem K\u00fchlregal)<br \/>\n\u2022 150g Birnenquitten-Konfit\u00fcre<br \/>\n\u2022 3-4 reife Birnen<br \/>\n\u2022 2 EL Butter<br \/>\n\u2022 2 EL Zucker<br \/>\n\u2022 1 TL Zimt<br \/>\n\u2022 1 EL Zitronensaft\n<\/ul>\n<p>Anleitung:<\/p>\n<ol>\n1. Den Bl\u00e4tterteig auf einem Backblech ausrollen und mit einer Gabel einstechen.<br \/>\n2. Die Birnen sch\u00e4len, halbieren, entkernen und in d\u00fcnne Scheiben schneiden.<br \/>\n3. In einer Pfanne Butter und Zucker bei mittlerer Hitze schmelzen, Zimt und Zitronensaft hinzuf\u00fcgen und gut vermischen.<br \/>\n4. Die Birnenscheiben in der Pfanne unter gelegentlichem R\u00fchren etwa 5 Minuten lang anbraten, bis sie weich sind.<br \/>\n5. Verteilen Sie die Birnen auf dem Bl\u00e4tterteig, lassen Sie dabei einen Rand von etwa 2 cm frei.<br \/>\n6. L\u00f6ffeln Sie die Birnenquitten-Konfit\u00fcre auf die Birnen und verteilen Sie sie gleichm\u00e4\u00dfig.<br \/>\n7. Den Teigrand \u00fcber die F\u00fcllung klappen und den Teig an den R\u00e4ndern andr\u00fccken.<br \/>\n8. Die Tarte im vorgeheizten Ofen bei 200\u00b0C etwa 20-25 Minuten backen, bis der Teig goldbraun ist.<br \/>\n9. Aus dem Ofen nehmen, etwas abk\u00fchlen lassen und servieren.\n<\/ol>\n<p>Genie\u00dfen Sie die k\u00f6stliche Birnenquitten-Konfit\u00fcre-Tarte warm oder kalt mit einer Kugel Vanilleeis oder Schlagsahne.<\/h4>\n<\/ol>\n<\/div>\n","protected":false},"excerpt":{"rendered":"<p>Le Moline Confettura di Pera Cotogna<\/p>\n","protected":false},"featured_media":12875,"comment_status":"open","ping_status":"closed","template":"","meta":{"_uag_custom_page_level_css":"","site-sidebar-layout":"default","site-content-layout":"default","ast-global-header-display":"","ast-banner-title-visibility":"","ast-main-header-display":"","ast-hfb-above-header-display":"","ast-hfb-below-header-display":"","ast-hfb-mobile-header-display":"","site-post-title":"","ast-breadcrumbs-content":"","ast-featured-img":"","footer-sml-layout":"","theme-transparent-header-meta":"","adv-header-id-meta":"","stick-header-meta":"","header-above-stick-meta":"","header-main-stick-meta":"","header-below-stick-meta":""},"pwb-brand":[318],"product_cat":[211],"product_tag":[],"supplier_id":12657,"supplier_sku":"","barcode":null,"atum_controlled":true,"out_stock_date":null,"out_stock_threshold":-3,"inheritable":false,"inbound_stock":0,"stock_on_hold":0,"sold_today":0,"sales_last_days":0,"reserved_stock":0,"customer_returns":0,"warehouse_damage":0,"lost_in_post":0,"other_logs":0,"out_stock_days":0,"lost_sales":0,"has_location":false,"update_date":"2026-04-29T07:19:46","atum_locations":[],"atum_stock_status":"instock","restock_status":false,"low_stock_amount":"","sales_update_date":"2026-04-29T07:19:46","calc_backorders":0,"uagb_featured_image_src":{"full":["https:\/\/terratuscia.com\/wp-content\/uploads\/2022\/08\/le-moline-confetturapera.jpg",1000,1000,false],"thumbnail":["https:\/\/terratuscia.com\/wp-content\/uploads\/2022\/08\/le-moline-confetturapera-150x150.jpg",150,150,true],"medium":["https:\/\/terratuscia.com\/wp-content\/uploads\/2022\/08\/le-moline-confetturapera-768x768.jpg",768,768,true],"medium_large":["https:\/\/terratuscia.com\/wp-content\/uploads\/2022\/08\/le-moline-confetturapera-768x768.jpg",768,768,true],"large":["https:\/\/terratuscia.com\/wp-content\/uploads\/2022\/08\/le-moline-confetturapera.jpg",1000,1000,false],"1536x1536":["https:\/\/terratuscia.com\/wp-content\/uploads\/2022\/08\/le-moline-confetturapera.jpg",1000,1000,false],"2048x2048":["https:\/\/terratuscia.com\/wp-content\/uploads\/2022\/08\/le-moline-confetturapera.jpg",1000,1000,false],"woocommerce_thumbnail":["https:\/\/terratuscia.com\/wp-content\/uploads\/2022\/08\/le-moline-confetturapera-350x350.jpg",350,350,true],"woocommerce_single":["https:\/\/terratuscia.com\/wp-content\/uploads\/2022\/08\/le-moline-confetturapera-768x768.jpg",768,768,true],"woocommerce_gallery_thumbnail":["https:\/\/terratuscia.com\/wp-content\/uploads\/2022\/08\/le-moline-confetturapera-200x200.jpg",200,200,true]},"uagb_author_info":{"display_name":"SabineH","author_link":"https:\/\/terratuscia.com\/de\/author\/"},"uagb_comment_info":0,"uagb_excerpt":"Le Moline Confettura di Pera Cotogna","brands":[{"id":318,"name":"Le Moline","slug":"le-moline"}],"_links":{"self":[{"href":"https:\/\/terratuscia.com\/de\/wp-json\/wp\/v2\/product\/13208"}],"collection":[{"href":"https:\/\/terratuscia.com\/de\/wp-json\/wp\/v2\/product"}],"about":[{"href":"https:\/\/terratuscia.com\/de\/wp-json\/wp\/v2\/types\/product"}],"replies":[{"embeddable":true,"href":"https:\/\/terratuscia.com\/de\/wp-json\/wp\/v2\/comments?post=13208"}],"wp:featuredmedia":[{"embeddable":true,"href":"https:\/\/terratuscia.com\/de\/wp-json\/wp\/v2\/media\/12875"}],"wp:attachment":[{"href":"https:\/\/terratuscia.com\/de\/wp-json\/wp\/v2\/media?parent=13208"}],"wp:term":[{"taxonomy":"pwb-brand","embeddable":true,"href":"https:\/\/terratuscia.com\/de\/wp-json\/wp\/v2\/pwb-brand?post=13208"},{"taxonomy":"product_cat","embeddable":true,"href":"https:\/\/terratuscia.com\/de\/wp-json\/wp\/v2\/product_cat?post=13208"},{"taxonomy":"product_tag","embeddable":true,"href":"https:\/\/terratuscia.com\/de\/wp-json\/wp\/v2\/product_tag?post=13208"}],"curies":[{"name":"wp","href":"https:\/\/api.w.org\/{rel}","templated":true}]}}