{"id":13201,"date":"2022-09-17T15:28:05","date_gmt":"2022-09-17T13:28:05","guid":{"rendered":"https:\/\/terratuscia.com\/?post_type=product&#038;p=13201"},"modified":"2023-03-06T14:46:54","modified_gmt":"2023-03-06T13:46:54","slug":"le-moline-orangen-konfituere","status":"publish","type":"product","link":"https:\/\/terratuscia.com\/de\/shop\/suesses-und-fruehstueck\/le-moline-orangen-konfituere\/","title":{"rendered":"Le Moline Orangen Konfit\u00fcre"},"content":{"rendered":"<p>Die Melangola Orange wurde schon im Mittelalter in Europa angebaut.<br \/>\nSie entstand urspr\u00fcnglich in Asien aus einer Kreuzung von Mandarine und Pampelmuse.<\/p>\n<div class=\"nicole-rezepte\">\n<h4>Rezept:Gebratene <span style=\"color: #ff6600\">H\u00e4hnchenbrust mit Orangenkonfit\u00fcre<\/span><\/h4>\n<p>Zutaten:<\/p>\n<ul>\n\u2022 4 H\u00e4hnchenbrustfilets<br \/>\n\u2022 1\/4 Tasse Orangenkonfit\u00fcre<br \/>\n\u2022 1\/4 Tasse H\u00fchnerbr\u00fche<br \/>\n\u2022 2 EL Oliven\u00f6l<br \/>\n\u2022 2 Knoblauchzehen, gehackt<br \/>\n\u2022 1 TL Paprikapulver<br \/>\n\u2022 Salz und Pfeffer\n<\/ul>\n<p>Anleitung:<\/p>\n<ol>\n1. Die H\u00e4hnchenbrustfilets waschen und trocken tupfen.<br \/>\n2. Das Oliven\u00f6l in einer Pfanne erhitzen und den gehackten Knoblauch darin anbraten, bis er duftet.<br \/>\n3. Die H\u00e4hnchenbrustfilets in die Pfanne legen und von beiden Seiten anbraten, bis sie goldbraun sind.<br \/>\n4. Das Paprikapulver und eine Prise Salz und Pfeffer \u00fcber die H\u00e4hnchenbrustfilets streuen.<br \/>\n5. Die Orangenkonfit\u00fcre und die H\u00fchnerbr\u00fche in die Pfanne geben und alles gut durchmischen.<br \/>\n6. Die Pfanne mit einem Deckel verschlie\u00dfen und die H\u00e4hnchenbrustfilets f\u00fcr weitere 10-15 Minuten k\u00f6cheln lassen, bis sie gar sind.<br \/>\n7. Die H\u00e4hnchenbrustfilets aus der Pfanne nehmen und auf einem Teller anrichten.<br \/>\n8. Die Orangenkonfit\u00fcre-So\u00dfe in der Pfanne weiter einkochen lassen, bis sie etwas dickfl\u00fcssiger wird.<br \/>\n9. Die So\u00dfe \u00fcber die H\u00e4hnchen<br \/>\n10. Die So\u00dfe \u00fcber die H\u00e4hnchenbrustfilets gie\u00dfen und servieren.<\/p>\n<ol>\n<p>Dieses Gericht ist einfach zuzubereiten und die Orangenkonfit\u00fcre verleiht dem H\u00e4hnchen eine besondere, fruchtige Note. Guten Appetit!<\/h4>\n<ol>\n<\/div>\n","protected":false},"excerpt":{"rendered":"<p>Le Moline Cofettura Melangolo Antike Orangensorte mit feinem Bittergeschmack<\/p>\n","protected":false},"featured_media":12920,"comment_status":"open","ping_status":"closed","template":"","meta":{"_uag_custom_page_level_css":"","site-sidebar-layout":"default","site-content-layout":"default","ast-global-header-display":"","ast-banner-title-visibility":"","ast-main-header-display":"","ast-hfb-above-header-display":"","ast-hfb-below-header-display":"","ast-hfb-mobile-header-display":"","site-post-title":"","ast-breadcrumbs-content":"","ast-featured-img":"","footer-sml-layout":"","theme-transparent-header-meta":"","adv-header-id-meta":"","stick-header-meta":"","header-above-stick-meta":"","header-main-stick-meta":"","header-below-stick-meta":""},"pwb-brand":[318],"product_cat":[211],"product_tag":[],"supplier_id":12657,"supplier_sku":"","barcode":null,"atum_controlled":true,"out_stock_date":null,"out_stock_threshold":-3,"inheritable":false,"inbound_stock":0,"stock_on_hold":0,"sold_today":0,"sales_last_days":0,"reserved_stock":0,"customer_returns":0,"warehouse_damage":0,"lost_in_post":0,"other_logs":0,"out_stock_days":0,"lost_sales":0,"has_location":false,"update_date":"2026-04-10T07:05:54","atum_locations":[],"atum_stock_status":"instock","restock_status":false,"low_stock_amount":"","sales_update_date":"2026-04-10T07:05:54","calc_backorders":0,"uagb_featured_image_src":{"full":["https:\/\/terratuscia.com\/wp-content\/uploads\/2022\/08\/le-moline-marmellatamelangolo.jpg",1000,1000,false],"thumbnail":["https:\/\/terratuscia.com\/wp-content\/uploads\/2022\/08\/le-moline-marmellatamelangolo-150x150.jpg",150,150,true],"medium":["https:\/\/terratuscia.com\/wp-content\/uploads\/2022\/08\/le-moline-marmellatamelangolo-768x768.jpg",768,768,true],"medium_large":["https:\/\/terratuscia.com\/wp-content\/uploads\/2022\/08\/le-moline-marmellatamelangolo-768x768.jpg",768,768,true],"large":["https:\/\/terratuscia.com\/wp-content\/uploads\/2022\/08\/le-moline-marmellatamelangolo.jpg",1000,1000,false],"1536x1536":["https:\/\/terratuscia.com\/wp-content\/uploads\/2022\/08\/le-moline-marmellatamelangolo.jpg",1000,1000,false],"2048x2048":["https:\/\/terratuscia.com\/wp-content\/uploads\/2022\/08\/le-moline-marmellatamelangolo.jpg",1000,1000,false],"woocommerce_thumbnail":["https:\/\/terratuscia.com\/wp-content\/uploads\/2022\/08\/le-moline-marmellatamelangolo-350x350.jpg",350,350,true],"woocommerce_single":["https:\/\/terratuscia.com\/wp-content\/uploads\/2022\/08\/le-moline-marmellatamelangolo-768x768.jpg",768,768,true],"woocommerce_gallery_thumbnail":["https:\/\/terratuscia.com\/wp-content\/uploads\/2022\/08\/le-moline-marmellatamelangolo-200x200.jpg",200,200,true]},"uagb_author_info":{"display_name":"SabineH","author_link":"https:\/\/terratuscia.com\/de\/author\/"},"uagb_comment_info":0,"uagb_excerpt":"Le Moline Cofettura Melangolo Antike Orangensorte mit feinem Bittergeschmack","brands":[{"id":318,"name":"Le Moline","slug":"le-moline"}],"_links":{"self":[{"href":"https:\/\/terratuscia.com\/de\/wp-json\/wp\/v2\/product\/13201"}],"collection":[{"href":"https:\/\/terratuscia.com\/de\/wp-json\/wp\/v2\/product"}],"about":[{"href":"https:\/\/terratuscia.com\/de\/wp-json\/wp\/v2\/types\/product"}],"replies":[{"embeddable":true,"href":"https:\/\/terratuscia.com\/de\/wp-json\/wp\/v2\/comments?post=13201"}],"wp:featuredmedia":[{"embeddable":true,"href":"https:\/\/terratuscia.com\/de\/wp-json\/wp\/v2\/media\/12920"}],"wp:attachment":[{"href":"https:\/\/terratuscia.com\/de\/wp-json\/wp\/v2\/media?parent=13201"}],"wp:term":[{"taxonomy":"pwb-brand","embeddable":true,"href":"https:\/\/terratuscia.com\/de\/wp-json\/wp\/v2\/pwb-brand?post=13201"},{"taxonomy":"product_cat","embeddable":true,"href":"https:\/\/terratuscia.com\/de\/wp-json\/wp\/v2\/product_cat?post=13201"},{"taxonomy":"product_tag","embeddable":true,"href":"https:\/\/terratuscia.com\/de\/wp-json\/wp\/v2\/product_tag?post=13201"}],"curies":[{"name":"wp","href":"https:\/\/api.w.org\/{rel}","templated":true}]}}