{"id":13096,"date":"2022-10-12T18:07:53","date_gmt":"2022-10-12T16:07:53","guid":{"rendered":"https:\/\/terratuscia.com\/?post_type=product&#038;p=13096"},"modified":"2023-02-08T19:13:42","modified_gmt":"2023-02-08T18:13:42","slug":"le-moline-lombo-vom-cinta-senese","status":"publish","type":"product","link":"https:\/\/terratuscia.com\/de\/shop\/fleisch-und-wurstwaren\/le-moline-lombo-vom-cinta-senese\/","title":{"rendered":"Le Moline Lombo vom Cinta Senese"},"content":{"rendered":"<p>Das Cinta Senese Schwein hat seine Urspr\u00fcnge wahrscheinlich schon in der Antik,e und wurde schon vor mehr als 1000 Jahren vor allem in der Umgebung von Siena gez\u00fcchtet (Senese). Es ist mittelgross, dunkelgrau mit schwarzen Flecken und einem hellen Band (cinta), lebt ganzj\u00e4hrig unter freiem Himmel und ern\u00e4hrt sich von dem, was es im Wald gibt, wie Eicheln, Pilze, Beeren und Wurzeln. <\/p>\n<p>Von Le Moline mit besonderer Andacht aufgezogen.<\/p>\n","protected":false},"excerpt":{"rendered":"<p>Le Moline Lombo Speck aus der Schweinelende getrocknet. Vakuumverpackt.<\/p>\n","protected":false},"featured_media":12917,"comment_status":"open","ping_status":"closed","template":"","meta":{"_uag_custom_page_level_css":"","site-sidebar-layout":"default","site-content-layout":"default","ast-global-header-display":"","ast-banner-title-visibility":"","ast-main-header-display":"","ast-hfb-above-header-display":"","ast-hfb-below-header-display":"","ast-hfb-mobile-header-display":"","site-post-title":"","ast-breadcrumbs-content":"","ast-featured-img":"","footer-sml-layout":"","theme-transparent-header-meta":"","adv-header-id-meta":"","stick-header-meta":"","header-above-stick-meta":"","header-main-stick-meta":"","header-below-stick-meta":""},"pwb-brand":[318],"product_cat":[321],"product_tag":[],"supplier_id":12657,"supplier_sku":"","barcode":null,"atum_controlled":true,"out_stock_date":"2022-10-22 14:34:35","out_stock_threshold":-3,"inheritable":false,"inbound_stock":0,"stock_on_hold":0,"sold_today":0,"sales_last_days":0,"reserved_stock":0,"customer_returns":0,"warehouse_damage":0,"lost_in_post":0,"other_logs":0,"out_stock_days":1294,"lost_sales":0,"has_location":false,"update_date":"2026-05-09T07:26:17","atum_locations":[],"atum_stock_status":"onbackorder","restock_status":false,"low_stock_amount":"","sales_update_date":"2026-05-09T07:26:17","calc_backorders":0,"uagb_featured_image_src":{"full":["https:\/\/terratuscia.com\/wp-content\/uploads\/2022\/08\/le-moline-lombo.jpg",1000,1000,false],"thumbnail":["https:\/\/terratuscia.com\/wp-content\/uploads\/2022\/08\/le-moline-lombo-150x150.jpg",150,150,true],"medium":["https:\/\/terratuscia.com\/wp-content\/uploads\/2022\/08\/le-moline-lombo-768x768.jpg",768,768,true],"medium_large":["https:\/\/terratuscia.com\/wp-content\/uploads\/2022\/08\/le-moline-lombo-768x768.jpg",768,768,true],"large":["https:\/\/terratuscia.com\/wp-content\/uploads\/2022\/08\/le-moline-lombo.jpg",1000,1000,false],"1536x1536":["https:\/\/terratuscia.com\/wp-content\/uploads\/2022\/08\/le-moline-lombo.jpg",1000,1000,false],"2048x2048":["https:\/\/terratuscia.com\/wp-content\/uploads\/2022\/08\/le-moline-lombo.jpg",1000,1000,false],"woocommerce_thumbnail":["https:\/\/terratuscia.com\/wp-content\/uploads\/2022\/08\/le-moline-lombo-350x350.jpg",350,350,true],"woocommerce_single":["https:\/\/terratuscia.com\/wp-content\/uploads\/2022\/08\/le-moline-lombo-768x768.jpg",768,768,true],"woocommerce_gallery_thumbnail":["https:\/\/terratuscia.com\/wp-content\/uploads\/2022\/08\/le-moline-lombo-200x200.jpg",200,200,true]},"uagb_author_info":{"display_name":"SabineH","author_link":"https:\/\/terratuscia.com\/de\/author\/"},"uagb_comment_info":0,"uagb_excerpt":"Le Moline Lombo Speck aus der Schweinelende getrocknet. Vakuumverpackt.","brands":[{"id":318,"name":"Le Moline","slug":"le-moline"}],"_links":{"self":[{"href":"https:\/\/terratuscia.com\/de\/wp-json\/wp\/v2\/product\/13096"}],"collection":[{"href":"https:\/\/terratuscia.com\/de\/wp-json\/wp\/v2\/product"}],"about":[{"href":"https:\/\/terratuscia.com\/de\/wp-json\/wp\/v2\/types\/product"}],"replies":[{"embeddable":true,"href":"https:\/\/terratuscia.com\/de\/wp-json\/wp\/v2\/comments?post=13096"}],"wp:featuredmedia":[{"embeddable":true,"href":"https:\/\/terratuscia.com\/de\/wp-json\/wp\/v2\/media\/12917"}],"wp:attachment":[{"href":"https:\/\/terratuscia.com\/de\/wp-json\/wp\/v2\/media?parent=13096"}],"wp:term":[{"taxonomy":"pwb-brand","embeddable":true,"href":"https:\/\/terratuscia.com\/de\/wp-json\/wp\/v2\/pwb-brand?post=13096"},{"taxonomy":"product_cat","embeddable":true,"href":"https:\/\/terratuscia.com\/de\/wp-json\/wp\/v2\/product_cat?post=13096"},{"taxonomy":"product_tag","embeddable":true,"href":"https:\/\/terratuscia.com\/de\/wp-json\/wp\/v2\/product_tag?post=13096"}],"curies":[{"name":"wp","href":"https:\/\/api.w.org\/{rel}","templated":true}]}}