{"id":12731,"date":"2022-08-18T15:43:33","date_gmt":"2022-08-18T13:43:33","guid":{"rendered":"https:\/\/terratuscia.com\/?post_type=product&#038;p=12731"},"modified":"2023-03-11T17:52:39","modified_gmt":"2023-03-11T16:52:39","slug":"il-moline-weisser-speck-mit-kraeutern-vom-cinta-senese","status":"publish","type":"product","link":"https:\/\/terratuscia.com\/de\/shop\/fleisch-und-wurstwaren\/il-moline-weisser-speck-mit-kraeutern-vom-cinta-senese\/","title":{"rendered":"Le Moline Weisser Speck vom Cinta Senese"},"content":{"rendered":"<p>Lardo ist eine ganz besondere italienische Fleisch-Spezialit\u00e4t unter den Salumi vom Cinta Senese Schwein.<br \/>\nDer Speck stammt aus der Schicht direkt unter der Haut und wird in Salz und Gew\u00fcrzen gep\u00f6kelt. Er erh\u00e4lt damit eine lange Haltbarkeit.<br \/>\nLardo kannst Du in d\u00fcnnen Scheiben servieren. Er wird mit oder auf Brot gegessen, aber auch gerne zu Salat oder Pasta.<\/p>\n","protected":false},"excerpt":{"rendered":"<p>Le Moline Lardo di Cinta Senese. Vakuumverpackt.<\/p>\n","protected":false},"featured_media":12914,"comment_status":"open","ping_status":"closed","template":"","meta":{"_uag_custom_page_level_css":"","site-sidebar-layout":"default","site-content-layout":"default","ast-global-header-display":"","ast-banner-title-visibility":"","ast-main-header-display":"","ast-hfb-above-header-display":"","ast-hfb-below-header-display":"","ast-hfb-mobile-header-display":"","site-post-title":"","ast-breadcrumbs-content":"","ast-featured-img":"","footer-sml-layout":"","theme-transparent-header-meta":"","adv-header-id-meta":"","stick-header-meta":"","header-above-stick-meta":"","header-main-stick-meta":"","header-below-stick-meta":""},"pwb-brand":[318],"product_cat":[321],"product_tag":[],"supplier_id":12657,"supplier_sku":"","barcode":null,"atum_controlled":true,"out_stock_date":null,"out_stock_threshold":-3,"inheritable":false,"inbound_stock":2,"stock_on_hold":0,"sold_today":0,"sales_last_days":0,"reserved_stock":0,"customer_returns":0,"warehouse_damage":0,"lost_in_post":0,"other_logs":0,"out_stock_days":0,"lost_sales":0,"has_location":false,"update_date":"2026-05-05T07:23:13","atum_locations":[],"atum_stock_status":"onbackorder","restock_status":false,"low_stock_amount":"","sales_update_date":"2026-05-05T07:23:13","calc_backorders":-2,"uagb_featured_image_src":{"full":["https:\/\/terratuscia.com\/wp-content\/uploads\/2022\/08\/le-moline-lardoaiprofumi.jpg",1000,1000,false],"thumbnail":["https:\/\/terratuscia.com\/wp-content\/uploads\/2022\/08\/le-moline-lardoaiprofumi-150x150.jpg",150,150,true],"medium":["https:\/\/terratuscia.com\/wp-content\/uploads\/2022\/08\/le-moline-lardoaiprofumi-768x768.jpg",768,768,true],"medium_large":["https:\/\/terratuscia.com\/wp-content\/uploads\/2022\/08\/le-moline-lardoaiprofumi-768x768.jpg",768,768,true],"large":["https:\/\/terratuscia.com\/wp-content\/uploads\/2022\/08\/le-moline-lardoaiprofumi.jpg",1000,1000,false],"1536x1536":["https:\/\/terratuscia.com\/wp-content\/uploads\/2022\/08\/le-moline-lardoaiprofumi.jpg",1000,1000,false],"2048x2048":["https:\/\/terratuscia.com\/wp-content\/uploads\/2022\/08\/le-moline-lardoaiprofumi.jpg",1000,1000,false],"woocommerce_thumbnail":["https:\/\/terratuscia.com\/wp-content\/uploads\/2022\/08\/le-moline-lardoaiprofumi-350x350.jpg",350,350,true],"woocommerce_single":["https:\/\/terratuscia.com\/wp-content\/uploads\/2022\/08\/le-moline-lardoaiprofumi-768x768.jpg",768,768,true],"woocommerce_gallery_thumbnail":["https:\/\/terratuscia.com\/wp-content\/uploads\/2022\/08\/le-moline-lardoaiprofumi-200x200.jpg",200,200,true]},"uagb_author_info":{"display_name":"SabineH","author_link":"https:\/\/terratuscia.com\/de\/author\/"},"uagb_comment_info":0,"uagb_excerpt":"Le Moline Lardo di Cinta Senese. Vakuumverpackt.","brands":[{"id":318,"name":"Le Moline","slug":"le-moline"}],"_links":{"self":[{"href":"https:\/\/terratuscia.com\/de\/wp-json\/wp\/v2\/product\/12731"}],"collection":[{"href":"https:\/\/terratuscia.com\/de\/wp-json\/wp\/v2\/product"}],"about":[{"href":"https:\/\/terratuscia.com\/de\/wp-json\/wp\/v2\/types\/product"}],"replies":[{"embeddable":true,"href":"https:\/\/terratuscia.com\/de\/wp-json\/wp\/v2\/comments?post=12731"}],"wp:featuredmedia":[{"embeddable":true,"href":"https:\/\/terratuscia.com\/de\/wp-json\/wp\/v2\/media\/12914"}],"wp:attachment":[{"href":"https:\/\/terratuscia.com\/de\/wp-json\/wp\/v2\/media?parent=12731"}],"wp:term":[{"taxonomy":"pwb-brand","embeddable":true,"href":"https:\/\/terratuscia.com\/de\/wp-json\/wp\/v2\/pwb-brand?post=12731"},{"taxonomy":"product_cat","embeddable":true,"href":"https:\/\/terratuscia.com\/de\/wp-json\/wp\/v2\/product_cat?post=12731"},{"taxonomy":"product_tag","embeddable":true,"href":"https:\/\/terratuscia.com\/de\/wp-json\/wp\/v2\/product_tag?post=12731"}],"curies":[{"name":"wp","href":"https:\/\/api.w.org\/{rel}","templated":true}]}}