{"id":12309,"date":"2022-07-27T18:04:15","date_gmt":"2022-07-27T16:04:15","guid":{"rendered":"https:\/\/terratuscia.com\/?post_type=product&#038;p=12309"},"modified":"2022-10-22T16:34:40","modified_gmt":"2022-10-22T14:34:40","slug":"r5-living-waschmittelblaetter","status":"publish","type":"product","link":"https:\/\/terratuscia.com\/de\/shop\/drogerieartikel\/r5-living-waschmittelblaetter\/","title":{"rendered":"R5Living Waschmittelbl\u00e4tter"},"content":{"rendered":"<p>R5 Waschmittelbl\u00e4tter ist ein Waschmittel der neuen Generation f\u00fcr die Hand- und Maschinenw\u00e4sche.<\/p>\n<p>Eine halbes Blatt entspricht einer Standarddosierung f\u00fcr eine Ladung.<br \/>\nDie Bl\u00e4tter eignen sich f\u00fcr kaltes und warmes Wasser, f\u00fcr Wei\u00dfes, Dunkles und Buntes. Geeignet f\u00fcr Sportbekleidung und jede Form von Alltagsw\u00e4sche.<\/p>\n<p>100% &#8222;plastikfrei&#8220; (auch in der Verpackung verwenden wir nur Zellulosefolie)<br \/>\n&#8222;Zero Waste&#8220;.<\/p>\n<p>Das Produkt nimmt nur sehr wenig Platz ein und ist die umweltfreundlichste und praktischste Alternative zu herk\u00f6mmlichen Fl\u00fcssig- oder Pulverwaschmitteln.<br \/>\nDie Formel ist konzentriert und biologisch abbaubar, parabenfrei, phosphatfrei, vegan und &#8222;frei von Grausamkeiten&#8220;.<br \/>\nNickel getestet | Hypoallergen<\/p>\n<p>Jede Packung enth\u00e4lt 16 Bl\u00e4tter, die in 2 geteilt werden k\u00f6nnen, was 32 W\u00e4schen entspricht.<\/p>\n<p>Duft: Sonniger Duft<br \/>\nDie Aussenverpackung besteht aus PAPIER, der Innebeutel aus ZELLULOSEFOLIE\u00a0zur Entsorgung im Biom\u00fcll (sieht aus wie Plastik, ist es aber nicht, es ist Zellulose!).<\/p>\n","protected":false},"excerpt":{"rendered":"<p>Die umweltfreundliche und praktische Alternative zu herk\u00f6mmlichen Fl\u00fcssig- oder Pulverwaschmitteln. &#8211; Konzentriert und biologisch abbaubar &#8211; parabenfrei &#8211; phosphatfrei &#8211; vegan und frei von Tierqu\u00e4lerei. &#8211; Nickel getestet | Hypoallergen &#8211; 100% &#8222;plastic-free&#8220; &#8211; 100%\u00a0&#8222;zero waste&#8220;<\/p>\n","protected":false},"featured_media":12273,"comment_status":"open","ping_status":"closed","template":"","meta":{"_uag_custom_page_level_css":"","site-sidebar-layout":"default","site-content-layout":"default","ast-global-header-display":"","ast-banner-title-visibility":"","ast-main-header-display":"","ast-hfb-above-header-display":"","ast-hfb-below-header-display":"","ast-hfb-mobile-header-display":"","site-post-title":"","ast-breadcrumbs-content":"","ast-featured-img":"","footer-sml-layout":"","theme-transparent-header-meta":"","adv-header-id-meta":"","stick-header-meta":"","header-above-stick-meta":"","header-main-stick-meta":"","header-below-stick-meta":""},"pwb-brand":[289],"product_cat":[50],"product_tag":[],"supplier_id":12301,"supplier_sku":"","barcode":null,"atum_controlled":true,"out_stock_date":null,"out_stock_threshold":-3,"inheritable":false,"inbound_stock":0,"stock_on_hold":0,"sold_today":0,"sales_last_days":0,"reserved_stock":0,"customer_returns":0,"warehouse_damage":0,"lost_in_post":0,"other_logs":0,"out_stock_days":0,"lost_sales":0,"has_location":false,"update_date":"2026-05-09T07:26:17","atum_locations":[],"atum_stock_status":"instock","restock_status":false,"low_stock_amount":"","sales_update_date":"2026-05-09T07:26:17","calc_backorders":0,"uagb_featured_image_src":{"full":["https:\/\/terratuscia.com\/wp-content\/uploads\/2022\/07\/R5_Detersivo.jpg",1000,1000,false],"thumbnail":["https:\/\/terratuscia.com\/wp-content\/uploads\/2022\/07\/R5_Detersivo-150x150.jpg",150,150,true],"medium":["https:\/\/terratuscia.com\/wp-content\/uploads\/2022\/07\/R5_Detersivo-768x768.jpg",768,768,true],"medium_large":["https:\/\/terratuscia.com\/wp-content\/uploads\/2022\/07\/R5_Detersivo-768x768.jpg",768,768,true],"large":["https:\/\/terratuscia.com\/wp-content\/uploads\/2022\/07\/R5_Detersivo.jpg",1000,1000,false],"1536x1536":["https:\/\/terratuscia.com\/wp-content\/uploads\/2022\/07\/R5_Detersivo.jpg",1000,1000,false],"2048x2048":["https:\/\/terratuscia.com\/wp-content\/uploads\/2022\/07\/R5_Detersivo.jpg",1000,1000,false],"woocommerce_thumbnail":["https:\/\/terratuscia.com\/wp-content\/uploads\/2022\/07\/R5_Detersivo-350x350.jpg",350,350,true],"woocommerce_single":["https:\/\/terratuscia.com\/wp-content\/uploads\/2022\/07\/R5_Detersivo-768x768.jpg",768,768,true],"woocommerce_gallery_thumbnail":["https:\/\/terratuscia.com\/wp-content\/uploads\/2022\/07\/R5_Detersivo-200x200.jpg",200,200,true]},"uagb_author_info":{"display_name":"HolgerD","author_link":"https:\/\/terratuscia.com\/de\/author\/"},"uagb_comment_info":0,"uagb_excerpt":"Die umweltfreundliche und praktische Alternative zu herk\u00f6mmlichen Fl\u00fcssig- oder Pulverwaschmitteln. - Konzentriert und biologisch abbaubar - parabenfrei - phosphatfrei - vegan und frei von Tierqu\u00e4lerei. - Nickel getestet | Hypoallergen - 100% \"plastic-free\" - 100%\u00a0\"zero waste\"","brands":[{"id":289,"name":"R5Living","slug":"r5living"}],"_links":{"self":[{"href":"https:\/\/terratuscia.com\/de\/wp-json\/wp\/v2\/product\/12309"}],"collection":[{"href":"https:\/\/terratuscia.com\/de\/wp-json\/wp\/v2\/product"}],"about":[{"href":"https:\/\/terratuscia.com\/de\/wp-json\/wp\/v2\/types\/product"}],"replies":[{"embeddable":true,"href":"https:\/\/terratuscia.com\/de\/wp-json\/wp\/v2\/comments?post=12309"}],"wp:featuredmedia":[{"embeddable":true,"href":"https:\/\/terratuscia.com\/de\/wp-json\/wp\/v2\/media\/12273"}],"wp:attachment":[{"href":"https:\/\/terratuscia.com\/de\/wp-json\/wp\/v2\/media?parent=12309"}],"wp:term":[{"taxonomy":"pwb-brand","embeddable":true,"href":"https:\/\/terratuscia.com\/de\/wp-json\/wp\/v2\/pwb-brand?post=12309"},{"taxonomy":"product_cat","embeddable":true,"href":"https:\/\/terratuscia.com\/de\/wp-json\/wp\/v2\/product_cat?post=12309"},{"taxonomy":"product_tag","embeddable":true,"href":"https:\/\/terratuscia.com\/de\/wp-json\/wp\/v2\/product_tag?post=12309"}],"curies":[{"name":"wp","href":"https:\/\/api.w.org\/{rel}","templated":true}]}}