{"id":11965,"date":"2022-07-22T13:23:55","date_gmt":"2022-07-22T11:23:55","guid":{"rendered":"https:\/\/terratuscia.com\/?post_type=product&#038;p=11965"},"modified":"2023-12-21T18:08:29","modified_gmt":"2023-12-21T17:08:29","slug":"qualiterbe-bio-gesichtscreme-fuer-maenner","status":"publish","type":"product","link":"https:\/\/terratuscia.com\/de\/shop\/drogerieartikel\/qualiterbe-bio-gesichtscreme-fuer-maenner\/","title":{"rendered":"Qualiterbe Bio Gesichtscreme f\u00fcr M\u00e4nner"},"content":{"rendered":"<p>Creme speziell zur Pflege der m\u00e4nnlichen Gesichtshaut, insbesondere zur Gl\u00e4ttung der Augenkontur.<br \/>\nDank der elastifizierenden, antioxidativen und straffenden Eigenschaften seiner Pflanzenextrakte mit revitalisierender Wirkung.\u00a0 Reduziert sichtbar die Zeichen des Alters und der M\u00fcdigkeit im Gesicht.<br \/>\nMit gr\u00fcnem Tee mit au\u00dfergew\u00f6hnlichen antiradikalen Eigenschaften, Zypresse, die die kapillare Mikrozirkulation der Haut verbessert und sie angemessen straff h\u00e4lt, und wertvollen nat\u00fcrlichen \u00d6len und Buttern mit beruhigenden, pflegenden und sch\u00fctzenden Eigenschaften.<\/p>\n<p>Aqua, Helianthus Annuus Seed Oil*, Cetearyl Alcohol, Glycerin, Vitis Vinifera Seed Oil*, Butyrospermum Parkii Butter*, Linum Usitatissimum Seed Oil, Cetearyl Glucoside, Simmondsia Chinensis Seed Oil*, Borago Officinalis Seed Oil, Hydriertes Ethylhexylolivat, Hydriertes Oliven\u00f6l Unverseifbare Stoffe, Cupressus Sempervirens-Fruchtextrakt, Camellia Sinensis-Blattextrakt, Aesculus Hippocastanum-Samenextrakt, Parfum, Tocopherol, Phenoxyethanol, Benzylalkohol, Kaliumsorbat, Zitronens\u00e4ure.<\/p>\n","protected":false},"excerpt":{"rendered":"<p>Qualiterbe Bio Crema Viso e Contorno Occhi Uomo Bio-Anti-Aging-Gesichts- und Augenkonturcreme Spezifisches bioaktivierendes Anti-Falten-Mittel f\u00fcr die m\u00e4nnliche Haut. Parabenfrei, alkoholfrei, PEG-frei, gentechnikfrei, gereinigtes und biodynamisches Wasser, funktionelle Wirkstoffe, Vegan Ok.<\/p>\n","protected":false},"featured_media":0,"comment_status":"open","ping_status":"closed","template":"","meta":{"_uag_custom_page_level_css":"","site-sidebar-layout":"default","site-content-layout":"default","ast-global-header-display":"","ast-banner-title-visibility":"","ast-main-header-display":"","ast-hfb-above-header-display":"","ast-hfb-below-header-display":"","ast-hfb-mobile-header-display":"","site-post-title":"","ast-breadcrumbs-content":"","ast-featured-img":"","footer-sml-layout":"","theme-transparent-header-meta":"","adv-header-id-meta":"","stick-header-meta":"","header-above-stick-meta":"","header-main-stick-meta":"","header-below-stick-meta":""},"pwb-brand":[98],"product_cat":[50],"product_tag":[],"supplier_id":10326,"supplier_sku":"1 15 101 03 00050","barcode":null,"atum_controlled":true,"out_stock_date":null,"out_stock_threshold":-3,"inheritable":false,"inbound_stock":0,"stock_on_hold":0,"sold_today":0,"sales_last_days":0,"reserved_stock":0,"customer_returns":0,"warehouse_damage":0,"lost_in_post":0,"other_logs":0,"out_stock_days":0,"lost_sales":0,"has_location":false,"update_date":"2026-04-08T07:05:30","atum_locations":[],"atum_stock_status":"instock","restock_status":false,"low_stock_amount":"","sales_update_date":"2026-04-08T07:05:30","calc_backorders":0,"uagb_featured_image_src":{"full":false,"thumbnail":false,"medium":false,"medium_large":false,"large":false,"1536x1536":false,"2048x2048":false,"woocommerce_thumbnail":false,"woocommerce_single":false,"woocommerce_gallery_thumbnail":false},"uagb_author_info":{"display_name":"SabineH","author_link":"https:\/\/terratuscia.com\/de\/author\/"},"uagb_comment_info":0,"uagb_excerpt":"Qualiterbe Bio Crema Viso e Contorno Occhi Uomo Bio-Anti-Aging-Gesichts- und Augenkonturcreme Spezifisches bioaktivierendes Anti-Falten-Mittel f\u00fcr die m\u00e4nnliche Haut. Parabenfrei, alkoholfrei, PEG-frei, gentechnikfrei, gereinigtes und biodynamisches Wasser, funktionelle Wirkstoffe, Vegan Ok.","brands":[{"id":98,"name":"Qualiterbe","slug":"qualiterbe"}],"_links":{"self":[{"href":"https:\/\/terratuscia.com\/de\/wp-json\/wp\/v2\/product\/11965"}],"collection":[{"href":"https:\/\/terratuscia.com\/de\/wp-json\/wp\/v2\/product"}],"about":[{"href":"https:\/\/terratuscia.com\/de\/wp-json\/wp\/v2\/types\/product"}],"replies":[{"embeddable":true,"href":"https:\/\/terratuscia.com\/de\/wp-json\/wp\/v2\/comments?post=11965"}],"wp:attachment":[{"href":"https:\/\/terratuscia.com\/de\/wp-json\/wp\/v2\/media?parent=11965"}],"wp:term":[{"taxonomy":"pwb-brand","embeddable":true,"href":"https:\/\/terratuscia.com\/de\/wp-json\/wp\/v2\/pwb-brand?post=11965"},{"taxonomy":"product_cat","embeddable":true,"href":"https:\/\/terratuscia.com\/de\/wp-json\/wp\/v2\/product_cat?post=11965"},{"taxonomy":"product_tag","embeddable":true,"href":"https:\/\/terratuscia.com\/de\/wp-json\/wp\/v2\/product_tag?post=11965"}],"curies":[{"name":"wp","href":"https:\/\/api.w.org\/{rel}","templated":true}]}}