{"id":11960,"date":"2022-07-22T11:58:38","date_gmt":"2022-07-22T09:58:38","guid":{"rendered":"https:\/\/terratuscia.com\/?post_type=product&#038;p=11960"},"modified":"2024-03-05T19:13:13","modified_gmt":"2024-03-05T18:13:13","slug":"qualiterbe-bio-gesichtscreme","status":"publish","type":"product","link":"https:\/\/terratuscia.com\/de\/shop\/drogerieartikel\/qualiterbe-bio-gesichtscreme\/","title":{"rendered":"Qualiterbe Bio Gesichtscreme Anti Aging"},"content":{"rendered":"<p>Organische N\u00e4hr- und Anti-Aging-Creme mit stark straffender, sch\u00fctzender und stark antioxidativer Wirkung.<br \/>\nGoji-Beeren und Macadamia\u00f6l, formuliert mit Sheabutter, Avocado\u00f6l und Aprikosen\u00f6l, die die Haut n\u00e4hren und weich machen.<br \/>\nAngereichert mit Gr\u00fcntee-, Mandarinen- und aromatischen Calamus-Extrakten.<\/p>\n<p>Die Mischung dieser Pflanzen verleiht dieser Creme einzigartige Eigenschaften.<br \/>\nGr\u00fcner Tee hat au\u00dfergew\u00f6hnliche antioxidative und antiradikale Eigenschaften, Mandarinenschalenextrakt hat eine adstringierende Wirkung und synergiert mit aromatischem Calamus-Extrakt, der das Hautgewebe strafft. Vitamin E, extrahiert aus Soja, ist ein starkes Antioxidans, da es in der Lage ist, die Reaktivit\u00e4t freier Radikale zu neutralisieren und die Auswirkungen von oxidativem Stress einzud\u00e4mmen.<\/p>\n<p>Aqua, Helianthus Annuus Seed Oil*, Cetearyl Alcohol, PrunusArmeniaca Kernel Oil, Cetearyl Glucoside, Butyrospermum Parkii Butter*, Persea Gratissima Oil, Macadamia Ternifolia Seed Oil, Glycerin, Aesculus Hippocastanum Fruit Extract, Lycium Barbarum Fruit Extract, Citrus Nobilis Peel Extract, Camellia Sinensis-Blattextrakt, Althaea Officinalis-Wurzelextrakt, AcorusCalamus-Rhizomextrakt, Tocopherol, Parfum, hydriertes Ethylhexylolivat, hydriertes Oliven\u00f6l, unverseifbare Bestandteile, Zitronens\u00e4ure, Benzylalkohol, Phenoxyethanol, Kaliumsorbat, Natriumbenzoat.<br \/>\n*Bio<\/p>\n","protected":false},"excerpt":{"rendered":"<p>Qualiterbe Bio Crema Viso Nutriente Anti-Age N\u00e4hrende und aktivierende Anti-Age-Gesichtscreme. Mit Goji- und Macadamia\u00f6l. Parabenfrei, alkoholfrei, PEG-frei, gentechnikfrei, nat\u00fcrlicher Duft, kaltgepresste Pflanzen\u00f6le, gereinigtes und biodynamisches Wasser, funktionelle Wirkstoffe, Vegan Ok<\/p>\n","protected":false},"featured_media":12267,"comment_status":"open","ping_status":"closed","template":"","meta":{"_uag_custom_page_level_css":"","site-sidebar-layout":"default","site-content-layout":"default","ast-global-header-display":"","ast-banner-title-visibility":"","ast-main-header-display":"","ast-hfb-above-header-display":"","ast-hfb-below-header-display":"","ast-hfb-mobile-header-display":"","site-post-title":"","ast-breadcrumbs-content":"","ast-featured-img":"","footer-sml-layout":"","theme-transparent-header-meta":"","adv-header-id-meta":"","stick-header-meta":"","header-above-stick-meta":"","header-main-stick-meta":"","header-below-stick-meta":""},"pwb-brand":[98],"product_cat":[50],"product_tag":[],"supplier_id":10326,"supplier_sku":"","barcode":null,"atum_controlled":true,"out_stock_date":null,"out_stock_threshold":-3,"inheritable":false,"inbound_stock":0,"stock_on_hold":0,"sold_today":0,"sales_last_days":0,"reserved_stock":0,"customer_returns":0,"warehouse_damage":0,"lost_in_post":0,"other_logs":0,"out_stock_days":0,"lost_sales":0,"has_location":false,"update_date":"2026-04-06T07:04:12","atum_locations":[],"atum_stock_status":"instock","restock_status":false,"low_stock_amount":"","sales_update_date":"2026-04-06T07:04:12","calc_backorders":0,"uagb_featured_image_src":{"full":["https:\/\/terratuscia.com\/wp-content\/uploads\/2022\/07\/Qualiterbe_BioCremaAntiAge.jpg",1000,1000,false],"thumbnail":["https:\/\/terratuscia.com\/wp-content\/uploads\/2022\/07\/Qualiterbe_BioCremaAntiAge-150x150.jpg",150,150,true],"medium":["https:\/\/terratuscia.com\/wp-content\/uploads\/2022\/07\/Qualiterbe_BioCremaAntiAge-768x768.jpg",768,768,true],"medium_large":["https:\/\/terratuscia.com\/wp-content\/uploads\/2022\/07\/Qualiterbe_BioCremaAntiAge-768x768.jpg",768,768,true],"large":["https:\/\/terratuscia.com\/wp-content\/uploads\/2022\/07\/Qualiterbe_BioCremaAntiAge.jpg",1000,1000,false],"1536x1536":["https:\/\/terratuscia.com\/wp-content\/uploads\/2022\/07\/Qualiterbe_BioCremaAntiAge.jpg",1000,1000,false],"2048x2048":["https:\/\/terratuscia.com\/wp-content\/uploads\/2022\/07\/Qualiterbe_BioCremaAntiAge.jpg",1000,1000,false],"woocommerce_thumbnail":["https:\/\/terratuscia.com\/wp-content\/uploads\/2022\/07\/Qualiterbe_BioCremaAntiAge-350x350.jpg",350,350,true],"woocommerce_single":["https:\/\/terratuscia.com\/wp-content\/uploads\/2022\/07\/Qualiterbe_BioCremaAntiAge-768x768.jpg",768,768,true],"woocommerce_gallery_thumbnail":["https:\/\/terratuscia.com\/wp-content\/uploads\/2022\/07\/Qualiterbe_BioCremaAntiAge-200x200.jpg",200,200,true]},"uagb_author_info":{"display_name":"SabineH","author_link":"https:\/\/terratuscia.com\/de\/author\/"},"uagb_comment_info":0,"uagb_excerpt":"Qualiterbe Bio Crema Viso Nutriente Anti-Age N\u00e4hrende und aktivierende Anti-Age-Gesichtscreme. Mit Goji- und Macadamia\u00f6l. Parabenfrei, alkoholfrei, PEG-frei, gentechnikfrei, nat\u00fcrlicher Duft, kaltgepresste Pflanzen\u00f6le, gereinigtes und biodynamisches Wasser, funktionelle Wirkstoffe, Vegan Ok","brands":[{"id":98,"name":"Qualiterbe","slug":"qualiterbe"}],"_links":{"self":[{"href":"https:\/\/terratuscia.com\/de\/wp-json\/wp\/v2\/product\/11960"}],"collection":[{"href":"https:\/\/terratuscia.com\/de\/wp-json\/wp\/v2\/product"}],"about":[{"href":"https:\/\/terratuscia.com\/de\/wp-json\/wp\/v2\/types\/product"}],"replies":[{"embeddable":true,"href":"https:\/\/terratuscia.com\/de\/wp-json\/wp\/v2\/comments?post=11960"}],"wp:featuredmedia":[{"embeddable":true,"href":"https:\/\/terratuscia.com\/de\/wp-json\/wp\/v2\/media\/12267"}],"wp:attachment":[{"href":"https:\/\/terratuscia.com\/de\/wp-json\/wp\/v2\/media?parent=11960"}],"wp:term":[{"taxonomy":"pwb-brand","embeddable":true,"href":"https:\/\/terratuscia.com\/de\/wp-json\/wp\/v2\/pwb-brand?post=11960"},{"taxonomy":"product_cat","embeddable":true,"href":"https:\/\/terratuscia.com\/de\/wp-json\/wp\/v2\/product_cat?post=11960"},{"taxonomy":"product_tag","embeddable":true,"href":"https:\/\/terratuscia.com\/de\/wp-json\/wp\/v2\/product_tag?post=11960"}],"curies":[{"name":"wp","href":"https:\/\/api.w.org\/{rel}","templated":true}]}}