{"id":11763,"date":"2022-07-21T10:13:49","date_gmt":"2022-07-21T08:13:49","guid":{"rendered":"https:\/\/terratuscia.com\/?post_type=product&#038;p=11763"},"modified":"2023-09-27T16:35:41","modified_gmt":"2023-09-27T14:35:41","slug":"qualiterbe-echina-goji-abwehr-tropfen","status":"publish","type":"product","link":"https:\/\/terratuscia.com\/de\/shop\/drogerieartikel\/qualiterbe-echina-goji-abwehr-tropfen\/","title":{"rendered":"Qualiterbe Echina Goji Abwehr Tropfen"},"content":{"rendered":"<p>Tinktur aus Echinacea (Echinacea purpurea Moench und Echinacea pallida Britton &#8211; Wurzel und Goji, (Lycium barbarum L. &#8211; Beeren). Bioalkohol bei 60 vol.<\/p>\n<p><strong>Dosierung:<\/strong><br \/>\n2-3 mal t\u00e4glich 40-60 Tropfen in Wasser verd\u00fcnnt.<br \/>\nZur Intensivbehandlung 3 x t\u00e4glich 60 Tropfen<br \/>\nF\u00fcr Erhaltungsbehandlungen 3 mal t\u00e4glich 40 Tropfen<\/p>\n<p><strong>Kontraindikationen:<\/strong><br \/>\nSchwangerschaft und Stillzeit, Kinder unter 10 Jahren, Empfindlichkeit gegen\u00fcber den Wirkstoffen der Pflanze.<\/p>\n<p><strong>Tinktur aus Echinacea purpurea (Wurzel) von Qualiterbe:<\/strong><\/p>\n<p>Qualitativ hochwertige Zubereitung diese phytotherapeutischen Produkts auf der gesamten Produktionslinie: Auswahl und Extraktionsmethoden des Rohmaterials gem\u00e4\u00df dem italienischen offiziellen Arzneibuch, chemische und biologische Qualit\u00e4tskontrollen.<br \/>\nQualiterbe Echinacea stammt aus italienischem Bio-Anbau, wird zur Balsamico-Zeit gesammelt und direkt von der wissenschaftlichen Abteilung von Qualiterbe ausgew\u00e4hlt.<br \/>\nChemische Tests aller Hauptbestandteile unserer Echinacea-Tinktur werden in Zusammenarbeit mit der Universit\u00e4t Siena durchgef\u00fchrt, ebenso wie Vergleiche mit allen Zubereitungen mit g\u00e4ngigen Echinacea-Wurzeltees auf dem Markt.<br \/>\nAlle Tests best\u00e4tigen die \u00fcberlegene Qualit\u00e4t unseres Rohstoffs: Sowohl das UV-Vis-Spektrum als auch spezifische Tests zu den Wirkstoffen zeigen, dass die mit Bio-Echinacea gewonnene Wirkstoffzubereitung die reichste aller Inhaltsstoffe ist.<\/p>\n<p><strong>Goji-Beeren<\/strong><\/p>\n<p>Eine Pflanze alten orientalischen Ursprungs, die seit jeher wegen ihrer erstaunlichen nahrhaften Eigenschaften angebaut wird. Die Frucht ist sehr reich an Vitamin C und Mineralstoffen wie Zink.<\/p>\n<p>Sie ist auch reich an Polyphenolen und insbesondere Flavonoiden. Es ist bekannt, dass diese Komponenten die antioxidative Kapazit\u00e4t unseres K\u00f6rpers stimulieren und die Widerstandskraft unseres Immunsystems erh\u00f6hen.<\/p>\n<p>&nbsp;<\/p>\n","protected":false},"excerpt":{"rendered":"<p>Qualiterbe Echina-Goji Defense Gocce St\u00e4rkt und stimuliert das Immunsystem. Beugt Grippe und Erk\u00e4ltungen vor. Antioxidativ. Vegan Ok, ohne Gentechnik, ohne Konservierungs- und Farbstoffe, funktionelle Wirkstoffe, in Bio-Alkohol<\/p>\n","protected":false},"featured_media":9539,"comment_status":"open","ping_status":"closed","template":"","meta":{"_uag_custom_page_level_css":"","site-sidebar-layout":"default","site-content-layout":"default","ast-global-header-display":"","ast-banner-title-visibility":"","ast-main-header-display":"","ast-hfb-above-header-display":"","ast-hfb-below-header-display":"","ast-hfb-mobile-header-display":"","site-post-title":"","ast-breadcrumbs-content":"","ast-featured-img":"","footer-sml-layout":"","theme-transparent-header-meta":"","adv-header-id-meta":"","stick-header-meta":"","header-above-stick-meta":"","header-main-stick-meta":"","header-below-stick-meta":""},"pwb-brand":[98],"product_cat":[50],"product_tag":[],"supplier_id":10326,"supplier_sku":"","barcode":null,"atum_controlled":true,"out_stock_date":null,"out_stock_threshold":-3,"inheritable":false,"inbound_stock":0,"stock_on_hold":0,"sold_today":0,"sales_last_days":0,"reserved_stock":0,"customer_returns":0,"warehouse_damage":0,"lost_in_post":0,"other_logs":0,"out_stock_days":0,"lost_sales":0,"has_location":false,"update_date":"2026-04-14T07:08:56","atum_locations":[],"atum_stock_status":"instock","restock_status":false,"low_stock_amount":"","sales_update_date":"2026-04-14T07:08:56","calc_backorders":0,"uagb_featured_image_src":{"full":["https:\/\/terratuscia.com\/wp-content\/uploads\/2022\/02\/qualiterbe-echina-gojo-defence.jpg",1000,1000,false],"thumbnail":["https:\/\/terratuscia.com\/wp-content\/uploads\/2022\/02\/qualiterbe-echina-gojo-defence-150x150.jpg",150,150,true],"medium":["https:\/\/terratuscia.com\/wp-content\/uploads\/2022\/02\/qualiterbe-echina-gojo-defence-768x768.jpg",768,768,true],"medium_large":["https:\/\/terratuscia.com\/wp-content\/uploads\/2022\/02\/qualiterbe-echina-gojo-defence-768x768.jpg",768,768,true],"large":["https:\/\/terratuscia.com\/wp-content\/uploads\/2022\/02\/qualiterbe-echina-gojo-defence.jpg",1000,1000,false],"1536x1536":["https:\/\/terratuscia.com\/wp-content\/uploads\/2022\/02\/qualiterbe-echina-gojo-defence.jpg",1000,1000,false],"2048x2048":["https:\/\/terratuscia.com\/wp-content\/uploads\/2022\/02\/qualiterbe-echina-gojo-defence.jpg",1000,1000,false],"woocommerce_thumbnail":["https:\/\/terratuscia.com\/wp-content\/uploads\/2022\/02\/qualiterbe-echina-gojo-defence-350x350.jpg",350,350,true],"woocommerce_single":["https:\/\/terratuscia.com\/wp-content\/uploads\/2022\/02\/qualiterbe-echina-gojo-defence-768x768.jpg",768,768,true],"woocommerce_gallery_thumbnail":["https:\/\/terratuscia.com\/wp-content\/uploads\/2022\/02\/qualiterbe-echina-gojo-defence-200x200.jpg",200,200,true]},"uagb_author_info":{"display_name":"SabineH","author_link":"https:\/\/terratuscia.com\/de\/author\/"},"uagb_comment_info":0,"uagb_excerpt":"Qualiterbe Echina-Goji Defense Gocce St\u00e4rkt und stimuliert das Immunsystem. Beugt Grippe und Erk\u00e4ltungen vor. Antioxidativ. Vegan Ok, ohne Gentechnik, ohne Konservierungs- und Farbstoffe, funktionelle Wirkstoffe, in Bio-Alkohol","brands":[{"id":98,"name":"Qualiterbe","slug":"qualiterbe"}],"_links":{"self":[{"href":"https:\/\/terratuscia.com\/de\/wp-json\/wp\/v2\/product\/11763"}],"collection":[{"href":"https:\/\/terratuscia.com\/de\/wp-json\/wp\/v2\/product"}],"about":[{"href":"https:\/\/terratuscia.com\/de\/wp-json\/wp\/v2\/types\/product"}],"replies":[{"embeddable":true,"href":"https:\/\/terratuscia.com\/de\/wp-json\/wp\/v2\/comments?post=11763"}],"wp:featuredmedia":[{"embeddable":true,"href":"https:\/\/terratuscia.com\/de\/wp-json\/wp\/v2\/media\/9539"}],"wp:attachment":[{"href":"https:\/\/terratuscia.com\/de\/wp-json\/wp\/v2\/media?parent=11763"}],"wp:term":[{"taxonomy":"pwb-brand","embeddable":true,"href":"https:\/\/terratuscia.com\/de\/wp-json\/wp\/v2\/pwb-brand?post=11763"},{"taxonomy":"product_cat","embeddable":true,"href":"https:\/\/terratuscia.com\/de\/wp-json\/wp\/v2\/product_cat?post=11763"},{"taxonomy":"product_tag","embeddable":true,"href":"https:\/\/terratuscia.com\/de\/wp-json\/wp\/v2\/product_tag?post=11763"}],"curies":[{"name":"wp","href":"https:\/\/api.w.org\/{rel}","templated":true}]}}