{"id":11744,"date":"2022-07-18T12:12:13","date_gmt":"2022-07-18T10:12:13","guid":{"rendered":"https:\/\/terratuscia.com\/?post_type=product&#038;p=11744"},"modified":"2023-01-13T15:34:50","modified_gmt":"2023-01-13T14:34:50","slug":"qualiterbe-teufelskralle-tropfen","status":"publish","type":"product","link":"https:\/\/terratuscia.com\/de\/shop\/drogerieartikel\/qualiterbe-teufelskralle-tropfen\/","title":{"rendered":"Qualiterbe Teufelskralle Tropfen"},"content":{"rendered":"<p>Titriert mit 1,7 % Gesamtflavonoiden, basierend auf Teufelskralle und Spirea, Pflanzen mit bekannten schmerzlindernden und entz\u00fcndungshemmenden Eigenschaften.<br \/>\nIndiziert bei chronischen und traumatischen Gelenk- und Muskelschmerzen, entz\u00fcndlichen und \u00f6demat\u00f6sen Zust\u00e4nden, Arthritis und anderen rheumatologischen Erkrankungen.<\/p>\n<p>Teufelskrallewurzel (Harpagophytum procumbens DC.), Spireabl\u00fcten (Filipendula ulmaria (L.) Maxim.), 70\u00b0 Bio-Alkohol<\/p>\n","protected":false},"excerpt":{"rendered":"<p>Qualiterbe Artiglio Composto Integratore in Gocce Nahrungserg\u00e4nzungsmittel. Bei traumatischen und chronischen Gelenk-und Muskelschmerzen. Vegan Ok, ohne Gentechnik, ohne Konservierungs- und Farbstoffe, funktionelle Wirkstoffe, in Bio-Alkohol.<\/p>\n","protected":false},"featured_media":9527,"comment_status":"open","ping_status":"closed","template":"","meta":{"_uag_custom_page_level_css":"","site-sidebar-layout":"default","site-content-layout":"default","ast-global-header-display":"","ast-banner-title-visibility":"","ast-main-header-display":"","ast-hfb-above-header-display":"","ast-hfb-below-header-display":"","ast-hfb-mobile-header-display":"","site-post-title":"","ast-breadcrumbs-content":"","ast-featured-img":"","footer-sml-layout":"","theme-transparent-header-meta":"","adv-header-id-meta":"","stick-header-meta":"","header-above-stick-meta":"","header-main-stick-meta":"","header-below-stick-meta":""},"pwb-brand":[98],"product_cat":[50],"product_tag":[],"supplier_id":10326,"supplier_sku":"","barcode":null,"atum_controlled":true,"out_stock_date":null,"out_stock_threshold":-3,"inheritable":false,"inbound_stock":0,"stock_on_hold":0,"sold_today":0,"sales_last_days":0,"reserved_stock":0,"customer_returns":0,"warehouse_damage":0,"lost_in_post":0,"other_logs":0,"out_stock_days":0,"lost_sales":0,"has_location":false,"update_date":"2026-04-18T07:12:04","atum_locations":[],"atum_stock_status":"instock","restock_status":false,"low_stock_amount":"","sales_update_date":"2026-04-18T07:12:04","calc_backorders":0,"uagb_featured_image_src":{"full":["https:\/\/terratuscia.com\/wp-content\/uploads\/2022\/02\/qualiterbe-artiglio-composto.jpg",1000,1000,false],"thumbnail":["https:\/\/terratuscia.com\/wp-content\/uploads\/2022\/02\/qualiterbe-artiglio-composto-150x150.jpg",150,150,true],"medium":["https:\/\/terratuscia.com\/wp-content\/uploads\/2022\/02\/qualiterbe-artiglio-composto-768x768.jpg",768,768,true],"medium_large":["https:\/\/terratuscia.com\/wp-content\/uploads\/2022\/02\/qualiterbe-artiglio-composto-768x768.jpg",768,768,true],"large":["https:\/\/terratuscia.com\/wp-content\/uploads\/2022\/02\/qualiterbe-artiglio-composto.jpg",1000,1000,false],"1536x1536":["https:\/\/terratuscia.com\/wp-content\/uploads\/2022\/02\/qualiterbe-artiglio-composto.jpg",1000,1000,false],"2048x2048":["https:\/\/terratuscia.com\/wp-content\/uploads\/2022\/02\/qualiterbe-artiglio-composto.jpg",1000,1000,false],"woocommerce_thumbnail":["https:\/\/terratuscia.com\/wp-content\/uploads\/2022\/02\/qualiterbe-artiglio-composto-350x350.jpg",350,350,true],"woocommerce_single":["https:\/\/terratuscia.com\/wp-content\/uploads\/2022\/02\/qualiterbe-artiglio-composto-768x768.jpg",768,768,true],"woocommerce_gallery_thumbnail":["https:\/\/terratuscia.com\/wp-content\/uploads\/2022\/02\/qualiterbe-artiglio-composto-200x200.jpg",200,200,true]},"uagb_author_info":{"display_name":"SabineH","author_link":"https:\/\/terratuscia.com\/de\/author\/"},"uagb_comment_info":0,"uagb_excerpt":"Qualiterbe Artiglio Composto Integratore in Gocce Nahrungserg\u00e4nzungsmittel. Bei traumatischen und chronischen Gelenk-und Muskelschmerzen. Vegan Ok, ohne Gentechnik, ohne Konservierungs- und Farbstoffe, funktionelle Wirkstoffe, in Bio-Alkohol.","brands":[{"id":98,"name":"Qualiterbe","slug":"qualiterbe"}],"_links":{"self":[{"href":"https:\/\/terratuscia.com\/de\/wp-json\/wp\/v2\/product\/11744"}],"collection":[{"href":"https:\/\/terratuscia.com\/de\/wp-json\/wp\/v2\/product"}],"about":[{"href":"https:\/\/terratuscia.com\/de\/wp-json\/wp\/v2\/types\/product"}],"replies":[{"embeddable":true,"href":"https:\/\/terratuscia.com\/de\/wp-json\/wp\/v2\/comments?post=11744"}],"wp:featuredmedia":[{"embeddable":true,"href":"https:\/\/terratuscia.com\/de\/wp-json\/wp\/v2\/media\/9527"}],"wp:attachment":[{"href":"https:\/\/terratuscia.com\/de\/wp-json\/wp\/v2\/media?parent=11744"}],"wp:term":[{"taxonomy":"pwb-brand","embeddable":true,"href":"https:\/\/terratuscia.com\/de\/wp-json\/wp\/v2\/pwb-brand?post=11744"},{"taxonomy":"product_cat","embeddable":true,"href":"https:\/\/terratuscia.com\/de\/wp-json\/wp\/v2\/product_cat?post=11744"},{"taxonomy":"product_tag","embeddable":true,"href":"https:\/\/terratuscia.com\/de\/wp-json\/wp\/v2\/product_tag?post=11744"}],"curies":[{"name":"wp","href":"https:\/\/api.w.org\/{rel}","templated":true}]}}