{"id":11051,"date":"2022-06-16T18:57:22","date_gmt":"2022-06-16T16:57:22","guid":{"rendered":"https:\/\/terratuscia.com\/?post_type=product&#038;p=11051"},"modified":"2023-12-25T13:36:18","modified_gmt":"2023-12-25T12:36:18","slug":"qualiterbe-nasentropfen","status":"publish","type":"product","link":"https:\/\/terratuscia.com\/de\/shop\/drogerieartikel\/qualiterbe-nasentropfen\/","title":{"rendered":"Qualiterbe Nasen Tropfen"},"content":{"rendered":"<p>Nasentropfen auf der Basis von S\u00fc\u00dfmandel\u00f6l und \u00e4therischen \u00d6len von Bergkiefer und Niaouli mit schleiml\u00f6sender Wirkung. <\/p>\n<p>Eine l\u00e4ngere Anwendung im Laufe der Zeit kann Probleme wie Sinusitis und Rhinorrhoe l\u00f6sen.<\/p>\n<p>\u00c4therisches Bergkiefern\u00f6l (Pinus mugo Turra) Knospen, \u00c4therisches Niaouli\u00f6l (Melaleuca viridifl ora L.) Bl\u00e4tter, S\u00fc\u00dfmandel\u00f6l (Prunus Amygdalus Dulcis) \u00d6l.<\/p>\n","protected":false},"excerpt":{"rendered":"<p>Qualiterbe Mix Nasale Gocce Nasali Bei Erk\u00e4ltungen und verstopfter Nase. Befreit die Atemwege. Vegan Ok, GVO-frei, Ohne Konservierungs- und Farbstoffe.<\/p>\n","protected":false},"featured_media":9548,"comment_status":"open","ping_status":"closed","template":"","meta":{"_uag_custom_page_level_css":"","site-sidebar-layout":"default","site-content-layout":"default","ast-global-header-display":"","ast-banner-title-visibility":"","ast-main-header-display":"","ast-hfb-above-header-display":"","ast-hfb-below-header-display":"","ast-hfb-mobile-header-display":"","site-post-title":"","ast-breadcrumbs-content":"","ast-featured-img":"","footer-sml-layout":"","theme-transparent-header-meta":"","adv-header-id-meta":"","stick-header-meta":"","header-above-stick-meta":"","header-main-stick-meta":"","header-below-stick-meta":""},"pwb-brand":[98],"product_cat":[50],"product_tag":[],"supplier_id":10326,"supplier_sku":"","barcode":null,"atum_controlled":true,"out_stock_date":null,"out_stock_threshold":-3,"inheritable":false,"inbound_stock":0,"stock_on_hold":0,"sold_today":0,"sales_last_days":0,"reserved_stock":0,"customer_returns":0,"warehouse_damage":0,"lost_in_post":0,"other_logs":0,"out_stock_days":0,"lost_sales":0,"has_location":false,"update_date":"2026-04-18T07:12:05","atum_locations":[],"atum_stock_status":"instock","restock_status":false,"low_stock_amount":"","sales_update_date":"2026-04-18T07:12:05","calc_backorders":0,"uagb_featured_image_src":{"full":["https:\/\/terratuscia.com\/wp-content\/uploads\/2022\/02\/qualiterbe-mix-nasale.jpg",1000,1000,false],"thumbnail":["https:\/\/terratuscia.com\/wp-content\/uploads\/2022\/02\/qualiterbe-mix-nasale-150x150.jpg",150,150,true],"medium":["https:\/\/terratuscia.com\/wp-content\/uploads\/2022\/02\/qualiterbe-mix-nasale-768x768.jpg",768,768,true],"medium_large":["https:\/\/terratuscia.com\/wp-content\/uploads\/2022\/02\/qualiterbe-mix-nasale-768x768.jpg",768,768,true],"large":["https:\/\/terratuscia.com\/wp-content\/uploads\/2022\/02\/qualiterbe-mix-nasale.jpg",1000,1000,false],"1536x1536":["https:\/\/terratuscia.com\/wp-content\/uploads\/2022\/02\/qualiterbe-mix-nasale.jpg",1000,1000,false],"2048x2048":["https:\/\/terratuscia.com\/wp-content\/uploads\/2022\/02\/qualiterbe-mix-nasale.jpg",1000,1000,false],"woocommerce_thumbnail":["https:\/\/terratuscia.com\/wp-content\/uploads\/2022\/02\/qualiterbe-mix-nasale-350x350.jpg",350,350,true],"woocommerce_single":["https:\/\/terratuscia.com\/wp-content\/uploads\/2022\/02\/qualiterbe-mix-nasale-768x768.jpg",768,768,true],"woocommerce_gallery_thumbnail":["https:\/\/terratuscia.com\/wp-content\/uploads\/2022\/02\/qualiterbe-mix-nasale-200x200.jpg",200,200,true]},"uagb_author_info":{"display_name":"SabineH","author_link":"https:\/\/terratuscia.com\/de\/author\/"},"uagb_comment_info":0,"uagb_excerpt":"Qualiterbe Mix Nasale Gocce Nasali Bei Erk\u00e4ltungen und verstopfter Nase. Befreit die Atemwege. Vegan Ok, GVO-frei, Ohne Konservierungs- und Farbstoffe.","brands":[{"id":98,"name":"Qualiterbe","slug":"qualiterbe"}],"_links":{"self":[{"href":"https:\/\/terratuscia.com\/de\/wp-json\/wp\/v2\/product\/11051"}],"collection":[{"href":"https:\/\/terratuscia.com\/de\/wp-json\/wp\/v2\/product"}],"about":[{"href":"https:\/\/terratuscia.com\/de\/wp-json\/wp\/v2\/types\/product"}],"replies":[{"embeddable":true,"href":"https:\/\/terratuscia.com\/de\/wp-json\/wp\/v2\/comments?post=11051"}],"wp:featuredmedia":[{"embeddable":true,"href":"https:\/\/terratuscia.com\/de\/wp-json\/wp\/v2\/media\/9548"}],"wp:attachment":[{"href":"https:\/\/terratuscia.com\/de\/wp-json\/wp\/v2\/media?parent=11051"}],"wp:term":[{"taxonomy":"pwb-brand","embeddable":true,"href":"https:\/\/terratuscia.com\/de\/wp-json\/wp\/v2\/pwb-brand?post=11051"},{"taxonomy":"product_cat","embeddable":true,"href":"https:\/\/terratuscia.com\/de\/wp-json\/wp\/v2\/product_cat?post=11051"},{"taxonomy":"product_tag","embeddable":true,"href":"https:\/\/terratuscia.com\/de\/wp-json\/wp\/v2\/product_tag?post=11051"}],"curies":[{"name":"wp","href":"https:\/\/api.w.org\/{rel}","templated":true}]}}