{"id":10721,"date":"2022-05-28T16:15:21","date_gmt":"2022-05-28T14:15:21","guid":{"rendered":"https:\/\/terratuscia.com\/?post_type=product&#038;p=10721"},"modified":"2023-11-02T10:06:21","modified_gmt":"2023-11-02T09:06:21","slug":"ora-pasta-nudeln-aus-dinkel-vollkornmehl-monococco-pizzocceri","status":"publish","type":"product","link":"https:\/\/terratuscia.com\/de\/shop\/pasta-und-zubehoer\/ora-pasta-nudeln-aus-dinkel-vollkornmehl-monococco-pizzocceri\/","title":{"rendered":"Ora Pasta Nudeln aus Dinkel-Vollkornmehl Monococco- Pizzocceri"},"content":{"rendered":"<p>Der Weizen \u201eFarro Monococco\u201c ist das \u00e4lteste von Menschen angebaute Getreide.<\/p>\n<p>Anbau mit althergebrachten Techniken, ohne Pestizide und Herbizide, ohne genetische Ver\u00e4nderung, also ohne Ver\u00e4nderung von Proteinen.<\/p>\n<p>Besonders schonende Herstellung: Die Nudeln werden bronzegezogen und 24-36 Stunden bei maximal 40 Grad getrocknet. Auf diese Weise behalten sie ihre ern\u00e4hrungsphysiologischen und organoleptischen Eigenschaften.<\/p>\n<p>Zubereitung: Nur al dente kochen und nach Belieben mit frischem Gem\u00fcse oder Tomaten und frischem Oliven\u00f6l mischen.<br \/>\nUnser Tipp: auch sehr lecker in von Ottolenghi frei adaptierten Rezepten .. zum Beispiel mit R\u00f6stzwiebeln, Schafsk\u00e4se, N\u00fcssen und Beeren.<\/p>\n","protected":false},"excerpt":{"rendered":"<p>Ora Pasta Integrale di Farro Monococco Antike Getreideart. Reich an Vitaminen, Proteinen und Antioxidanten. Arm an Gluten. Sehr bek\u00f6mmlich.<\/p>\n","protected":false},"featured_media":10978,"comment_status":"open","ping_status":"closed","template":"","meta":{"_uag_custom_page_level_css":"","site-sidebar-layout":"default","site-content-layout":"default","ast-global-header-display":"","ast-banner-title-visibility":"","ast-main-header-display":"","ast-hfb-above-header-display":"","ast-hfb-below-header-display":"","ast-hfb-mobile-header-display":"","site-post-title":"","ast-breadcrumbs-content":"","ast-featured-img":"","footer-sml-layout":"","theme-transparent-header-meta":"","adv-header-id-meta":"","stick-header-meta":"","header-above-stick-meta":"","header-main-stick-meta":"","header-below-stick-meta":""},"pwb-brand":[96],"product_cat":[17],"product_tag":[],"supplier_id":10324,"supplier_sku":"","barcode":null,"atum_controlled":true,"out_stock_date":null,"out_stock_threshold":-3,"inheritable":false,"inbound_stock":0,"stock_on_hold":0,"sold_today":0,"sales_last_days":0,"reserved_stock":0,"customer_returns":0,"warehouse_damage":0,"lost_in_post":0,"other_logs":0,"out_stock_days":0,"lost_sales":0,"has_location":false,"update_date":"2026-04-08T07:05:28","atum_locations":[],"atum_stock_status":"instock","restock_status":false,"low_stock_amount":"","sales_update_date":"2026-04-08T07:05:28","calc_backorders":0,"uagb_featured_image_src":{"full":["https:\/\/terratuscia.com\/wp-content\/uploads\/2022\/06\/Orapasta-Pizzocceri-Faro-Monococco.jpg",1000,1000,false],"thumbnail":["https:\/\/terratuscia.com\/wp-content\/uploads\/2022\/06\/Orapasta-Pizzocceri-Faro-Monococco-150x150.jpg",150,150,true],"medium":["https:\/\/terratuscia.com\/wp-content\/uploads\/2022\/06\/Orapasta-Pizzocceri-Faro-Monococco-768x768.jpg",768,768,true],"medium_large":["https:\/\/terratuscia.com\/wp-content\/uploads\/2022\/06\/Orapasta-Pizzocceri-Faro-Monococco-768x768.jpg",768,768,true],"large":["https:\/\/terratuscia.com\/wp-content\/uploads\/2022\/06\/Orapasta-Pizzocceri-Faro-Monococco.jpg",1000,1000,false],"1536x1536":["https:\/\/terratuscia.com\/wp-content\/uploads\/2022\/06\/Orapasta-Pizzocceri-Faro-Monococco.jpg",1000,1000,false],"2048x2048":["https:\/\/terratuscia.com\/wp-content\/uploads\/2022\/06\/Orapasta-Pizzocceri-Faro-Monococco.jpg",1000,1000,false],"woocommerce_thumbnail":["https:\/\/terratuscia.com\/wp-content\/uploads\/2022\/06\/Orapasta-Pizzocceri-Faro-Monococco-350x350.jpg",350,350,true],"woocommerce_single":["https:\/\/terratuscia.com\/wp-content\/uploads\/2022\/06\/Orapasta-Pizzocceri-Faro-Monococco-768x768.jpg",768,768,true],"woocommerce_gallery_thumbnail":["https:\/\/terratuscia.com\/wp-content\/uploads\/2022\/06\/Orapasta-Pizzocceri-Faro-Monococco-200x200.jpg",200,200,true]},"uagb_author_info":{"display_name":"SabineH","author_link":"https:\/\/terratuscia.com\/de\/author\/"},"uagb_comment_info":0,"uagb_excerpt":"Ora Pasta Integrale di Farro Monococco Antike Getreideart. Reich an Vitaminen, Proteinen und Antioxidanten. Arm an Gluten. Sehr bek\u00f6mmlich.","brands":[{"id":96,"name":"Ora Pasta","slug":"ora-pasta"}],"_links":{"self":[{"href":"https:\/\/terratuscia.com\/de\/wp-json\/wp\/v2\/product\/10721"}],"collection":[{"href":"https:\/\/terratuscia.com\/de\/wp-json\/wp\/v2\/product"}],"about":[{"href":"https:\/\/terratuscia.com\/de\/wp-json\/wp\/v2\/types\/product"}],"replies":[{"embeddable":true,"href":"https:\/\/terratuscia.com\/de\/wp-json\/wp\/v2\/comments?post=10721"}],"wp:featuredmedia":[{"embeddable":true,"href":"https:\/\/terratuscia.com\/de\/wp-json\/wp\/v2\/media\/10978"}],"wp:attachment":[{"href":"https:\/\/terratuscia.com\/de\/wp-json\/wp\/v2\/media?parent=10721"}],"wp:term":[{"taxonomy":"pwb-brand","embeddable":true,"href":"https:\/\/terratuscia.com\/de\/wp-json\/wp\/v2\/pwb-brand?post=10721"},{"taxonomy":"product_cat","embeddable":true,"href":"https:\/\/terratuscia.com\/de\/wp-json\/wp\/v2\/product_cat?post=10721"},{"taxonomy":"product_tag","embeddable":true,"href":"https:\/\/terratuscia.com\/de\/wp-json\/wp\/v2\/product_tag?post=10721"}],"curies":[{"name":"wp","href":"https:\/\/api.w.org\/{rel}","templated":true}]}}