{"id":10709,"date":"2022-05-28T10:13:24","date_gmt":"2022-05-28T08:13:24","guid":{"rendered":"https:\/\/terratuscia.com\/?post_type=product&#038;p=10709"},"modified":"2023-03-28T08:34:08","modified_gmt":"2023-03-28T06:34:08","slug":"qualiterbe-antistress","status":"publish","type":"product","link":"https:\/\/terratuscia.com\/de\/shop\/drogerieartikel\/qualiterbe-antistress\/","title":{"rendered":"Qualiterbe AntiStress"},"content":{"rendered":"<p>Indikation: Bei allen durch Stress verursachten St\u00f6rungen.<br \/>\nF\u00f6rdert die Wiederherstellung des physiologischen Gleichgewichts der verschiedenen Funktionen des Organismus, der normalen Stimmung und des psychischen Wohlbefindens.<\/p>\n<p>Extrakte aus Eleutherococcus, Rodiola und Whitania, Pflanzen, die als Adaptogene gelten, haben eine unspezifische Wirkung auf die physiologische Prozesse des K\u00f6rpers. Dies st\u00e4rkt das Immunsystem, sch\u00fctzt gegen oxidativen Stress, und erh\u00f6ht die k\u00f6rperliche Ausdauer und Muskelkraft. Wei\u00dfdornbl\u00fcten und -bl\u00e4tter\u00a0 k\u00f6nnen eine beruhigende, muskelentspannende und antiarrhythmische Wirkung haben. Das Produkt enth\u00e4lt eine Rezeptur mit hoher Sicherheit auch bei l\u00e4ngerer Anwendung.<\/p>\n<p>Durchschnittlicher Inhalt f\u00fcr 3 Cps (maximale Tagesdosis)<br \/>\nEleutherococcus (Eleutherococcus senticosus Maxim.) Wurzeld.e. 270 mg titriert auf 5 % in Saponinen 13,5 mg, Withania (Withania somnifera L.)-Wurzel D.E. 270 mg titriert auf 2,5 % in Withanolidi 6,75 mg, Rodiola (Rhodiola rosea L.)-Wurzel d.e. 270 mg titriert auf 3 % in Rosavine 8,1 mg. Bl\u00fcten und Bl\u00e4tter des Wei\u00dfdorns (Crataegus oxyacantha Medicus) d.e. 259,2 mg titriert auf 2,5 % in Hyperosid 6,48 mg, Magnesiumstearat.<\/p>\n","protected":false},"excerpt":{"rendered":"<p>Qualiterbe StressAlt Kapseln Wiederherstellung des Gleichgewichts bei Stress, Belastung und in allen Momenten der Ver\u00e4nderung. Vegan Ok, GVO-frei, Ohne Konservierungs- und Farbstoffe.<\/p>\n","protected":false},"featured_media":9575,"comment_status":"open","ping_status":"closed","template":"","meta":{"_uag_custom_page_level_css":"","site-sidebar-layout":"default","site-content-layout":"default","ast-global-header-display":"","ast-banner-title-visibility":"","ast-main-header-display":"","ast-hfb-above-header-display":"","ast-hfb-below-header-display":"","ast-hfb-mobile-header-display":"","site-post-title":"","ast-breadcrumbs-content":"","ast-featured-img":"","footer-sml-layout":"","theme-transparent-header-meta":"","adv-header-id-meta":"","stick-header-meta":"","header-above-stick-meta":"","header-main-stick-meta":"","header-below-stick-meta":""},"pwb-brand":[98],"product_cat":[50],"product_tag":[],"supplier_id":10326,"supplier_sku":"1 95 704 07 00100","barcode":null,"atum_controlled":true,"out_stock_date":null,"out_stock_threshold":-3,"inheritable":false,"inbound_stock":0,"stock_on_hold":0,"sold_today":0,"sales_last_days":0,"reserved_stock":0,"customer_returns":0,"warehouse_damage":0,"lost_in_post":0,"other_logs":0,"out_stock_days":0,"lost_sales":0,"has_location":false,"update_date":"2026-04-29T07:19:43","atum_locations":[],"atum_stock_status":"instock","restock_status":false,"low_stock_amount":"","sales_update_date":"2026-04-29T07:19:43","calc_backorders":0,"uagb_featured_image_src":{"full":["https:\/\/terratuscia.com\/wp-content\/uploads\/2022\/02\/qualiterbe-stressalt.jpg",1000,1000,false],"thumbnail":["https:\/\/terratuscia.com\/wp-content\/uploads\/2022\/02\/qualiterbe-stressalt-150x150.jpg",150,150,true],"medium":["https:\/\/terratuscia.com\/wp-content\/uploads\/2022\/02\/qualiterbe-stressalt-768x768.jpg",768,768,true],"medium_large":["https:\/\/terratuscia.com\/wp-content\/uploads\/2022\/02\/qualiterbe-stressalt-768x768.jpg",768,768,true],"large":["https:\/\/terratuscia.com\/wp-content\/uploads\/2022\/02\/qualiterbe-stressalt.jpg",1000,1000,false],"1536x1536":["https:\/\/terratuscia.com\/wp-content\/uploads\/2022\/02\/qualiterbe-stressalt.jpg",1000,1000,false],"2048x2048":["https:\/\/terratuscia.com\/wp-content\/uploads\/2022\/02\/qualiterbe-stressalt.jpg",1000,1000,false],"woocommerce_thumbnail":["https:\/\/terratuscia.com\/wp-content\/uploads\/2022\/02\/qualiterbe-stressalt-350x350.jpg",350,350,true],"woocommerce_single":["https:\/\/terratuscia.com\/wp-content\/uploads\/2022\/02\/qualiterbe-stressalt-768x768.jpg",768,768,true],"woocommerce_gallery_thumbnail":["https:\/\/terratuscia.com\/wp-content\/uploads\/2022\/02\/qualiterbe-stressalt-200x200.jpg",200,200,true]},"uagb_author_info":{"display_name":"SabineH","author_link":"https:\/\/terratuscia.com\/de\/author\/"},"uagb_comment_info":0,"uagb_excerpt":"Qualiterbe StressAlt Kapseln Wiederherstellung des Gleichgewichts bei Stress, Belastung und in allen Momenten der Ver\u00e4nderung. Vegan Ok, GVO-frei, Ohne Konservierungs- und Farbstoffe.","brands":[{"id":98,"name":"Qualiterbe","slug":"qualiterbe"}],"_links":{"self":[{"href":"https:\/\/terratuscia.com\/de\/wp-json\/wp\/v2\/product\/10709"}],"collection":[{"href":"https:\/\/terratuscia.com\/de\/wp-json\/wp\/v2\/product"}],"about":[{"href":"https:\/\/terratuscia.com\/de\/wp-json\/wp\/v2\/types\/product"}],"replies":[{"embeddable":true,"href":"https:\/\/terratuscia.com\/de\/wp-json\/wp\/v2\/comments?post=10709"}],"wp:featuredmedia":[{"embeddable":true,"href":"https:\/\/terratuscia.com\/de\/wp-json\/wp\/v2\/media\/9575"}],"wp:attachment":[{"href":"https:\/\/terratuscia.com\/de\/wp-json\/wp\/v2\/media?parent=10709"}],"wp:term":[{"taxonomy":"pwb-brand","embeddable":true,"href":"https:\/\/terratuscia.com\/de\/wp-json\/wp\/v2\/pwb-brand?post=10709"},{"taxonomy":"product_cat","embeddable":true,"href":"https:\/\/terratuscia.com\/de\/wp-json\/wp\/v2\/product_cat?post=10709"},{"taxonomy":"product_tag","embeddable":true,"href":"https:\/\/terratuscia.com\/de\/wp-json\/wp\/v2\/product_tag?post=10709"}],"curies":[{"name":"wp","href":"https:\/\/api.w.org\/{rel}","templated":true}]}}