{"id":10693,"date":"2022-05-27T11:18:49","date_gmt":"2022-05-27T09:18:49","guid":{"rendered":"https:\/\/terratuscia.com\/?post_type=product&#038;p=10693"},"modified":"2023-03-28T08:42:11","modified_gmt":"2023-03-28T06:42:11","slug":"qualiterbe-koerperoel","status":"publish","type":"product","link":"https:\/\/terratuscia.com\/de\/shop\/drogerieartikel\/qualiterbe-koerperoel\/","title":{"rendered":"Qualiterbe K\u00f6rper\u00f6l"},"content":{"rendered":"<p>Elastisierendes und n\u00e4hrendes K\u00f6rper\u00f6l f\u00fcr das Hautgewebe, besonders bei erheblichen Ver\u00e4nderungen des K\u00f6rpergewichts.<br \/>\nBasierend auf 33 % Johanniskraut\u00f6l, 65 % Weizenkeim\u00f6l und Vitamin E, die die Haut n\u00e4hren und straffen, ihre Elastizit\u00e4t erh\u00f6hen und so der Bildung von Dehnungsstreifen vorbeugen.<br \/>\nDas nat\u00fcrliche \u00e4therische \u00d6l der Geranie verleiht dem Produkt einen angenehmen Duft und verbessert gleichzeitig die straffende und revitalisierende Wirkung der anderen Inhaltsstoffe.<\/p>\n<p>Triticum vulgare Keim\u00f6l, Sesamum indicum \u00d6l, Zea Mays \u00d6l, Hypericum perforatum Extrakt ***, Alkanna tinctoria Extrakt, Parfum, Pelargonium capitatum \u00d6l **, Aniba rosaeodora \u00d6l **, Eugenia caryophyllus \u00d6l **, Citrus medica limonum \u00d6l ** , Citral*, Limonen*, Geraniol*, Eugenol*, Isoeugenol*, Citronellol*, Linalool*, Cumarin*, Tocopherol<br \/>\n* ausschlie\u00dflich aus nat\u00fcrlichen \u00e4therischen \u00d6len<br \/>\n** aus biologischer Landwirtschaft und\/oder Imkerei<br \/>\n*** Wildkr\u00e4uter<\/p>\n","protected":false},"excerpt":{"rendered":"<p>Qualiterbe Olio per il Corpo Mit Johanniskraut- und Weizenkeim\u00f6l. Anti-Dehnungsstreifen. Ohne Konservierungsstoffe, kaltgepresste Pflanzen\u00f6le, nat\u00fcrlicher Duft. Handgeerntete Wildkr\u00e4uter. Vegan Ok.<\/p>\n","protected":false},"featured_media":9551,"comment_status":"open","ping_status":"closed","template":"","meta":{"_uag_custom_page_level_css":"","site-sidebar-layout":"default","site-content-layout":"default","ast-global-header-display":"","ast-banner-title-visibility":"","ast-main-header-display":"","ast-hfb-above-header-display":"","ast-hfb-below-header-display":"","ast-hfb-mobile-header-display":"","site-post-title":"","ast-breadcrumbs-content":"","ast-featured-img":"","footer-sml-layout":"","theme-transparent-header-meta":"","adv-header-id-meta":"","stick-header-meta":"","header-above-stick-meta":"","header-main-stick-meta":"","header-below-stick-meta":""},"pwb-brand":[98],"product_cat":[50],"product_tag":[],"supplier_id":10326,"supplier_sku":"1 20 112 02 00100","barcode":null,"atum_controlled":true,"out_stock_date":null,"out_stock_threshold":-3,"inheritable":false,"inbound_stock":0,"stock_on_hold":0,"sold_today":0,"sales_last_days":0,"reserved_stock":0,"customer_returns":0,"warehouse_damage":0,"lost_in_post":0,"other_logs":0,"out_stock_days":0,"lost_sales":0,"has_location":false,"update_date":"2026-04-14T07:08:53","atum_locations":[],"atum_stock_status":"instock","restock_status":false,"low_stock_amount":"","sales_update_date":"2026-04-14T07:08:53","calc_backorders":0,"uagb_featured_image_src":{"full":["https:\/\/terratuscia.com\/wp-content\/uploads\/2022\/02\/qualiterbe-olio-corpo.jpg",1000,1000,false],"thumbnail":["https:\/\/terratuscia.com\/wp-content\/uploads\/2022\/02\/qualiterbe-olio-corpo-150x150.jpg",150,150,true],"medium":["https:\/\/terratuscia.com\/wp-content\/uploads\/2022\/02\/qualiterbe-olio-corpo-768x768.jpg",768,768,true],"medium_large":["https:\/\/terratuscia.com\/wp-content\/uploads\/2022\/02\/qualiterbe-olio-corpo-768x768.jpg",768,768,true],"large":["https:\/\/terratuscia.com\/wp-content\/uploads\/2022\/02\/qualiterbe-olio-corpo.jpg",1000,1000,false],"1536x1536":["https:\/\/terratuscia.com\/wp-content\/uploads\/2022\/02\/qualiterbe-olio-corpo.jpg",1000,1000,false],"2048x2048":["https:\/\/terratuscia.com\/wp-content\/uploads\/2022\/02\/qualiterbe-olio-corpo.jpg",1000,1000,false],"woocommerce_thumbnail":["https:\/\/terratuscia.com\/wp-content\/uploads\/2022\/02\/qualiterbe-olio-corpo-350x350.jpg",350,350,true],"woocommerce_single":["https:\/\/terratuscia.com\/wp-content\/uploads\/2022\/02\/qualiterbe-olio-corpo-768x768.jpg",768,768,true],"woocommerce_gallery_thumbnail":["https:\/\/terratuscia.com\/wp-content\/uploads\/2022\/02\/qualiterbe-olio-corpo-200x200.jpg",200,200,true]},"uagb_author_info":{"display_name":"SabineH","author_link":"https:\/\/terratuscia.com\/de\/author\/"},"uagb_comment_info":0,"uagb_excerpt":"Qualiterbe Olio per il Corpo Mit Johanniskraut- und Weizenkeim\u00f6l. Anti-Dehnungsstreifen. Ohne Konservierungsstoffe, kaltgepresste Pflanzen\u00f6le, nat\u00fcrlicher Duft. Handgeerntete Wildkr\u00e4uter. Vegan Ok.","brands":[{"id":98,"name":"Qualiterbe","slug":"qualiterbe"}],"_links":{"self":[{"href":"https:\/\/terratuscia.com\/de\/wp-json\/wp\/v2\/product\/10693"}],"collection":[{"href":"https:\/\/terratuscia.com\/de\/wp-json\/wp\/v2\/product"}],"about":[{"href":"https:\/\/terratuscia.com\/de\/wp-json\/wp\/v2\/types\/product"}],"replies":[{"embeddable":true,"href":"https:\/\/terratuscia.com\/de\/wp-json\/wp\/v2\/comments?post=10693"}],"wp:featuredmedia":[{"embeddable":true,"href":"https:\/\/terratuscia.com\/de\/wp-json\/wp\/v2\/media\/9551"}],"wp:attachment":[{"href":"https:\/\/terratuscia.com\/de\/wp-json\/wp\/v2\/media?parent=10693"}],"wp:term":[{"taxonomy":"pwb-brand","embeddable":true,"href":"https:\/\/terratuscia.com\/de\/wp-json\/wp\/v2\/pwb-brand?post=10693"},{"taxonomy":"product_cat","embeddable":true,"href":"https:\/\/terratuscia.com\/de\/wp-json\/wp\/v2\/product_cat?post=10693"},{"taxonomy":"product_tag","embeddable":true,"href":"https:\/\/terratuscia.com\/de\/wp-json\/wp\/v2\/product_tag?post=10693"}],"curies":[{"name":"wp","href":"https:\/\/api.w.org\/{rel}","templated":true}]}}