{"id":10682,"date":"2022-05-24T17:02:16","date_gmt":"2022-05-24T15:02:16","guid":{"rendered":"https:\/\/terratuscia.com\/?post_type=product&#038;p=10682"},"modified":"2023-12-21T18:16:06","modified_gmt":"2023-12-21T17:16:06","slug":"qualiterbe-lippenbalsam","status":"publish","type":"product","link":"https:\/\/terratuscia.com\/de\/shop\/drogerieartikel\/qualiterbe-lippenbalsam\/","title":{"rendered":"Qualiterbe Lippenbalsam"},"content":{"rendered":"<p>Mit Sheabutter, Kokos- und Joboba\u00f6l, mit ausgepr\u00e4gt hautfreundlichen, elastifizierenden, pflegenden und sch\u00fctzenden Eigenschaften.<\/p>\n<p>Die Mischung aus \u00e4therischem Orangen- und Mandarinen\u00f6l f\u00f6rdert die Regeneration des Hautgewebes und verleiht dem Produkt einen angenehmen Sommerduft.<\/p>\n<p>Zea Mays Oil, Simmondsia Chinensis Oil, Butyrospermum Parkii Butter, Cocos Nucifera Oil, Cera Alba**, Cera Carnauba, Calendula Officinalis Oil**, Citrus Aurantium Dulcis Oil**, Citrus Nobilis Oil**, Limonene*, Linalool*, Citral *, Citronellol*, Cumarin*, Tocopherol*<br \/>\n* in nat\u00fcrlichen \u00e4therischen \u00d6len enthalten<br \/>\n** aus biologischer Landwirtschaft und\/oder Bienenzucht<\/p>\n","protected":false},"excerpt":{"rendered":"<p>Unguento per labbra Sch\u00fctzt und heilt empfindliche und rissige Lippen. Handgemacht. Ausschliesslich aus edlen nat\u00fcrlichen \u00d6len, Buttern und Wachsen. Parabenfrei, PEG frei, alkoholfrei, nat\u00fcrlicher Duft. Handgeerntete Wildpflanzen, kaltgepresste Pflanzen\u00f6le. &nbsp;<\/p>\n","protected":false},"featured_media":9593,"comment_status":"open","ping_status":"closed","template":"","meta":{"_uag_custom_page_level_css":"","site-sidebar-layout":"default","site-content-layout":"default","ast-global-header-display":"","ast-banner-title-visibility":"","ast-main-header-display":"","ast-hfb-above-header-display":"","ast-hfb-below-header-display":"","ast-hfb-mobile-header-display":"","site-post-title":"","ast-breadcrumbs-content":"","ast-featured-img":"","footer-sml-layout":"","theme-transparent-header-meta":"default","adv-header-id-meta":"","stick-header-meta":"default","header-above-stick-meta":"","header-main-stick-meta":"","header-below-stick-meta":""},"pwb-brand":[98],"product_cat":[50],"product_tag":[],"supplier_id":10326,"supplier_sku":"1 10 020 05 00010","barcode":null,"atum_controlled":true,"out_stock_date":null,"out_stock_threshold":-3,"inheritable":false,"inbound_stock":0,"stock_on_hold":0,"sold_today":0,"sales_last_days":0,"reserved_stock":0,"customer_returns":0,"warehouse_damage":0,"lost_in_post":0,"other_logs":0,"out_stock_days":0,"lost_sales":0,"has_location":false,"update_date":"2026-05-07T07:25:20","atum_locations":[],"atum_stock_status":"instock","restock_status":false,"low_stock_amount":"","sales_update_date":"2026-05-07T07:25:20","calc_backorders":0,"uagb_featured_image_src":{"full":["https:\/\/terratuscia.com\/wp-content\/uploads\/2022\/02\/qualiterbe-unguento-per-labbra.jpg",1000,1000,false],"thumbnail":["https:\/\/terratuscia.com\/wp-content\/uploads\/2022\/02\/qualiterbe-unguento-per-labbra-150x150.jpg",150,150,true],"medium":["https:\/\/terratuscia.com\/wp-content\/uploads\/2022\/02\/qualiterbe-unguento-per-labbra-768x768.jpg",768,768,true],"medium_large":["https:\/\/terratuscia.com\/wp-content\/uploads\/2022\/02\/qualiterbe-unguento-per-labbra-768x768.jpg",768,768,true],"large":["https:\/\/terratuscia.com\/wp-content\/uploads\/2022\/02\/qualiterbe-unguento-per-labbra.jpg",1000,1000,false],"1536x1536":["https:\/\/terratuscia.com\/wp-content\/uploads\/2022\/02\/qualiterbe-unguento-per-labbra.jpg",1000,1000,false],"2048x2048":["https:\/\/terratuscia.com\/wp-content\/uploads\/2022\/02\/qualiterbe-unguento-per-labbra.jpg",1000,1000,false],"woocommerce_thumbnail":["https:\/\/terratuscia.com\/wp-content\/uploads\/2022\/02\/qualiterbe-unguento-per-labbra-350x350.jpg",350,350,true],"woocommerce_single":["https:\/\/terratuscia.com\/wp-content\/uploads\/2022\/02\/qualiterbe-unguento-per-labbra-768x768.jpg",768,768,true],"woocommerce_gallery_thumbnail":["https:\/\/terratuscia.com\/wp-content\/uploads\/2022\/02\/qualiterbe-unguento-per-labbra-200x200.jpg",200,200,true]},"uagb_author_info":{"display_name":"SabineH","author_link":"https:\/\/terratuscia.com\/de\/author\/"},"uagb_comment_info":0,"uagb_excerpt":"Unguento per labbra Sch\u00fctzt und heilt empfindliche und rissige Lippen. Handgemacht. Ausschliesslich aus edlen nat\u00fcrlichen \u00d6len, Buttern und Wachsen. Parabenfrei, PEG frei, alkoholfrei, nat\u00fcrlicher Duft. Handgeerntete Wildpflanzen, kaltgepresste Pflanzen\u00f6le. &nbsp;","brands":[{"id":98,"name":"Qualiterbe","slug":"qualiterbe"}],"_links":{"self":[{"href":"https:\/\/terratuscia.com\/de\/wp-json\/wp\/v2\/product\/10682"}],"collection":[{"href":"https:\/\/terratuscia.com\/de\/wp-json\/wp\/v2\/product"}],"about":[{"href":"https:\/\/terratuscia.com\/de\/wp-json\/wp\/v2\/types\/product"}],"replies":[{"embeddable":true,"href":"https:\/\/terratuscia.com\/de\/wp-json\/wp\/v2\/comments?post=10682"}],"wp:featuredmedia":[{"embeddable":true,"href":"https:\/\/terratuscia.com\/de\/wp-json\/wp\/v2\/media\/9593"}],"wp:attachment":[{"href":"https:\/\/terratuscia.com\/de\/wp-json\/wp\/v2\/media?parent=10682"}],"wp:term":[{"taxonomy":"pwb-brand","embeddable":true,"href":"https:\/\/terratuscia.com\/de\/wp-json\/wp\/v2\/pwb-brand?post=10682"},{"taxonomy":"product_cat","embeddable":true,"href":"https:\/\/terratuscia.com\/de\/wp-json\/wp\/v2\/product_cat?post=10682"},{"taxonomy":"product_tag","embeddable":true,"href":"https:\/\/terratuscia.com\/de\/wp-json\/wp\/v2\/product_tag?post=10682"}],"curies":[{"name":"wp","href":"https:\/\/api.w.org\/{rel}","templated":true}]}}