{"id":10587,"date":"2022-05-24T16:24:18","date_gmt":"2022-05-24T14:24:18","guid":{"rendered":"https:\/\/terratuscia.com\/?post_type=product&#038;p=10587"},"modified":"2023-12-21T18:16:06","modified_gmt":"2023-12-21T17:16:06","slug":"qualiterbe-johanneskrautsalbe","status":"publish","type":"product","link":"https:\/\/terratuscia.com\/de\/shop\/drogerieartikel\/qualiterbe-johanneskrautsalbe\/","title":{"rendered":"Qualiterbe Johanneskrautsalbe"},"content":{"rendered":"<p>Triticum vulgare Keim\u00f6l, Sesamum Indicum \u00d6l, Zea Mays \u00d6l, Hypericum Perforatum Extrakt ***, Cera alba **, Butyrospermum Parkii Butter, Cocos Nucifera \u00d6l, Parfum \u00b0, Pelargonium Capitatum \u00d6l **, Citrus Aurantium Amara \u00d6l **, Cera Carnauba, Citrus aurantium Bergamia-\u00d6l**, Cinnamomum zeylanicum-Extrakt**, Alkanna tinctoria-Extrakt, Linalool*, Limonene*, Geraniol*, Cumarin*, Citronellol*, Citral*, Eugenol*, Zimtalkohol*, Benzylbenzoat*, Tocopherol<\/p>\n<p>* rein aus essentiellen \u00d6len<br \/>\n**aus biologischem Anbau und\/oder biologischer Bienenhaltung<br \/>\n***Wildkr\u00e4uter<\/p>\n","protected":false},"excerpt":{"rendered":"<p>Uguento Lenitivo Iperico Meliloto e Germe di Grano Aus Hypericum, Steinklee und Weizenkeimen. Parabenfrei, PEG frei, alkoholfrei, nat\u00fcrlicher Duft. Handgeerntete Wildpflanzen, kaltgepresste Pflanzen\u00f6le. Regenerierend und beruhigend. Bei Verbrennungen und Wunden.<\/p>\n","protected":false},"featured_media":9590,"comment_status":"open","ping_status":"closed","template":"","meta":{"_uag_custom_page_level_css":"","site-sidebar-layout":"default","site-content-layout":"default","ast-global-header-display":"","ast-banner-title-visibility":"","ast-main-header-display":"","ast-hfb-above-header-display":"","ast-hfb-below-header-display":"","ast-hfb-mobile-header-display":"","site-post-title":"","ast-breadcrumbs-content":"","ast-featured-img":"","footer-sml-layout":"","theme-transparent-header-meta":"","adv-header-id-meta":"","stick-header-meta":"","header-above-stick-meta":"","header-main-stick-meta":"","header-below-stick-meta":""},"pwb-brand":[98],"product_cat":[50],"product_tag":[],"supplier_id":10326,"supplier_sku":"","barcode":null,"atum_controlled":true,"out_stock_date":null,"out_stock_threshold":-3,"inheritable":false,"inbound_stock":0,"stock_on_hold":0,"sold_today":0,"sales_last_days":0,"reserved_stock":0,"customer_returns":0,"warehouse_damage":0,"lost_in_post":0,"other_logs":0,"out_stock_days":0,"lost_sales":0,"has_location":false,"update_date":"2026-04-12T07:07:53","atum_locations":[],"atum_stock_status":"instock","restock_status":false,"low_stock_amount":"","sales_update_date":"2026-04-12T07:07:53","calc_backorders":0,"uagb_featured_image_src":{"full":["https:\/\/terratuscia.com\/wp-content\/uploads\/2022\/02\/qualiterbe-unguento-lenitivo.jpg",1000,1000,false],"thumbnail":["https:\/\/terratuscia.com\/wp-content\/uploads\/2022\/02\/qualiterbe-unguento-lenitivo-150x150.jpg",150,150,true],"medium":["https:\/\/terratuscia.com\/wp-content\/uploads\/2022\/02\/qualiterbe-unguento-lenitivo-768x768.jpg",768,768,true],"medium_large":["https:\/\/terratuscia.com\/wp-content\/uploads\/2022\/02\/qualiterbe-unguento-lenitivo-768x768.jpg",768,768,true],"large":["https:\/\/terratuscia.com\/wp-content\/uploads\/2022\/02\/qualiterbe-unguento-lenitivo.jpg",1000,1000,false],"1536x1536":["https:\/\/terratuscia.com\/wp-content\/uploads\/2022\/02\/qualiterbe-unguento-lenitivo.jpg",1000,1000,false],"2048x2048":["https:\/\/terratuscia.com\/wp-content\/uploads\/2022\/02\/qualiterbe-unguento-lenitivo.jpg",1000,1000,false],"woocommerce_thumbnail":["https:\/\/terratuscia.com\/wp-content\/uploads\/2022\/02\/qualiterbe-unguento-lenitivo-350x350.jpg",350,350,true],"woocommerce_single":["https:\/\/terratuscia.com\/wp-content\/uploads\/2022\/02\/qualiterbe-unguento-lenitivo-768x768.jpg",768,768,true],"woocommerce_gallery_thumbnail":["https:\/\/terratuscia.com\/wp-content\/uploads\/2022\/02\/qualiterbe-unguento-lenitivo-200x200.jpg",200,200,true]},"uagb_author_info":{"display_name":"SabineH","author_link":"https:\/\/terratuscia.com\/de\/author\/"},"uagb_comment_info":0,"uagb_excerpt":"Uguento Lenitivo Iperico Meliloto e Germe di Grano Aus Hypericum, Steinklee und Weizenkeimen. Parabenfrei, PEG frei, alkoholfrei, nat\u00fcrlicher Duft. Handgeerntete Wildpflanzen, kaltgepresste Pflanzen\u00f6le. Regenerierend und beruhigend. Bei Verbrennungen und Wunden.","brands":[{"id":98,"name":"Qualiterbe","slug":"qualiterbe"}],"_links":{"self":[{"href":"https:\/\/terratuscia.com\/de\/wp-json\/wp\/v2\/product\/10587"}],"collection":[{"href":"https:\/\/terratuscia.com\/de\/wp-json\/wp\/v2\/product"}],"about":[{"href":"https:\/\/terratuscia.com\/de\/wp-json\/wp\/v2\/types\/product"}],"replies":[{"embeddable":true,"href":"https:\/\/terratuscia.com\/de\/wp-json\/wp\/v2\/comments?post=10587"}],"wp:featuredmedia":[{"embeddable":true,"href":"https:\/\/terratuscia.com\/de\/wp-json\/wp\/v2\/media\/9590"}],"wp:attachment":[{"href":"https:\/\/terratuscia.com\/de\/wp-json\/wp\/v2\/media?parent=10587"}],"wp:term":[{"taxonomy":"pwb-brand","embeddable":true,"href":"https:\/\/terratuscia.com\/de\/wp-json\/wp\/v2\/pwb-brand?post=10587"},{"taxonomy":"product_cat","embeddable":true,"href":"https:\/\/terratuscia.com\/de\/wp-json\/wp\/v2\/product_cat?post=10587"},{"taxonomy":"product_tag","embeddable":true,"href":"https:\/\/terratuscia.com\/de\/wp-json\/wp\/v2\/product_tag?post=10587"}],"curies":[{"name":"wp","href":"https:\/\/api.w.org\/{rel}","templated":true}]}}