{"id":10569,"date":"2022-05-15T21:47:31","date_gmt":"2022-05-15T19:47:31","guid":{"rendered":"https:\/\/terratuscia.com\/?post_type=product&#038;p=10569"},"modified":"2023-12-02T18:24:15","modified_gmt":"2023-12-02T17:24:15","slug":"qualiterbe-bio-dusch-shampoo","status":"publish","type":"product","link":"https:\/\/terratuscia.com\/de\/shop\/drogerieartikel\/qualiterbe-bio-dusch-shampoo\/","title":{"rendered":"Qualiterbe Bio Dusch Shampoo"},"content":{"rendered":"<p>Betain von Zuckerr\u00fcben, Zuckerrohrderivaten und St\u00e4rke ist schonend\u00a0 und f\u00fcr alle Haut-und Haartypen geeignet, auch im Alter.<br \/>\nDer Extrakt aus Bl\u00fctenk\u00f6pfen der Kamille ist entz\u00fcndungshemmend, beruhigende und verleiht dem Produkt einen zarten Duft.<br \/>\nDer Extrakt aus Stiefm\u00fctterchen ist reinigend und entz\u00fcndungshemmend.<br \/>\nDie Mischung aus \u00e4therischen \u00d6len, unter anderem aus Lemon und Sweet Mint, verleiht einen leichten und frischen Duft.<\/p>\n<p>Anwendung: Eine geringe Menge des Produkts reicht f\u00fcr eine hervorragende Reinigung von K\u00f6rper und Haaren aus.<br \/>\n<span style=\"font-size: 16px;\"><br \/>\nZutaten: Aqua, Sodium Lauroyl Sarcosinate, Decyl Glucoside, Glycerin, Cocamidopropyl Betain, Caprylyl \/ Capryl Glucoside, Xanthan Gum, Chamomilla Recutita Flower Extract* 50%, Benzyl Alcohol, Phenoxyethanol,\u00a0 Cymbopogon Martini Oil*, Geraniol, Potassium Sorbium Oil, Mentha Viridis Leaf Oil *, Limonen, Natriumbenzoat, Zitronens\u00e4ure, Citral, Viola Tricolor-Extrakt *, Linalool, Tocopherol<\/span><\/p>\n<p>(* Bio)<\/p>\n<p>&nbsp;<\/p>\n","protected":false},"excerpt":{"rendered":"<p>Qualiterbe Bio Doccia Shampoo Delicato Limone e Menta Dolce Sanft f\u00fcr die t\u00e4gliche Reinigung von Haut und Haaren. Nat\u00fcrlicher Duft der Zitrone und s\u00fc\u00dfer Minze. Vegan Ok. Parabenfrei, SLS- und SLES-frei, alkoholfrei.<\/p>\n","protected":false},"featured_media":9533,"comment_status":"open","ping_status":"closed","template":"","meta":{"_uag_custom_page_level_css":"","site-sidebar-layout":"default","site-content-layout":"default","ast-global-header-display":"","ast-banner-title-visibility":"","ast-main-header-display":"","ast-hfb-above-header-display":"","ast-hfb-below-header-display":"","ast-hfb-mobile-header-display":"","site-post-title":"","ast-breadcrumbs-content":"","ast-featured-img":"","footer-sml-layout":"","theme-transparent-header-meta":"default","adv-header-id-meta":"","stick-header-meta":"default","header-above-stick-meta":"","header-main-stick-meta":"","header-below-stick-meta":""},"pwb-brand":[98],"product_cat":[50],"product_tag":[],"supplier_id":10326,"supplier_sku":"","barcode":null,"atum_controlled":true,"out_stock_date":null,"out_stock_threshold":-3,"inheritable":false,"inbound_stock":0,"stock_on_hold":0,"sold_today":0,"sales_last_days":0,"reserved_stock":0,"customer_returns":0,"warehouse_damage":0,"lost_in_post":0,"other_logs":0,"out_stock_days":0,"lost_sales":0,"has_location":false,"update_date":"2026-04-14T07:08:53","atum_locations":[],"atum_stock_status":"instock","restock_status":false,"low_stock_amount":"","sales_update_date":"2026-04-14T07:08:53","calc_backorders":0,"uagb_featured_image_src":{"full":["https:\/\/terratuscia.com\/wp-content\/uploads\/2022\/02\/qualiterbe-docciashampoo-delicato.jpg",1000,1000,false],"thumbnail":["https:\/\/terratuscia.com\/wp-content\/uploads\/2022\/02\/qualiterbe-docciashampoo-delicato-150x150.jpg",150,150,true],"medium":["https:\/\/terratuscia.com\/wp-content\/uploads\/2022\/02\/qualiterbe-docciashampoo-delicato-768x768.jpg",768,768,true],"medium_large":["https:\/\/terratuscia.com\/wp-content\/uploads\/2022\/02\/qualiterbe-docciashampoo-delicato-768x768.jpg",768,768,true],"large":["https:\/\/terratuscia.com\/wp-content\/uploads\/2022\/02\/qualiterbe-docciashampoo-delicato.jpg",1000,1000,false],"1536x1536":["https:\/\/terratuscia.com\/wp-content\/uploads\/2022\/02\/qualiterbe-docciashampoo-delicato.jpg",1000,1000,false],"2048x2048":["https:\/\/terratuscia.com\/wp-content\/uploads\/2022\/02\/qualiterbe-docciashampoo-delicato.jpg",1000,1000,false],"woocommerce_thumbnail":["https:\/\/terratuscia.com\/wp-content\/uploads\/2022\/02\/qualiterbe-docciashampoo-delicato-350x350.jpg",350,350,true],"woocommerce_single":["https:\/\/terratuscia.com\/wp-content\/uploads\/2022\/02\/qualiterbe-docciashampoo-delicato-768x768.jpg",768,768,true],"woocommerce_gallery_thumbnail":["https:\/\/terratuscia.com\/wp-content\/uploads\/2022\/02\/qualiterbe-docciashampoo-delicato-200x200.jpg",200,200,true]},"uagb_author_info":{"display_name":"SabineH","author_link":"https:\/\/terratuscia.com\/de\/author\/"},"uagb_comment_info":0,"uagb_excerpt":"Qualiterbe Bio Doccia Shampoo Delicato Limone e Menta Dolce Sanft f\u00fcr die t\u00e4gliche Reinigung von Haut und Haaren. Nat\u00fcrlicher Duft der Zitrone und s\u00fc\u00dfer Minze. Vegan Ok. Parabenfrei, SLS- und SLES-frei, alkoholfrei.","brands":[{"id":98,"name":"Qualiterbe","slug":"qualiterbe"}],"_links":{"self":[{"href":"https:\/\/terratuscia.com\/de\/wp-json\/wp\/v2\/product\/10569"}],"collection":[{"href":"https:\/\/terratuscia.com\/de\/wp-json\/wp\/v2\/product"}],"about":[{"href":"https:\/\/terratuscia.com\/de\/wp-json\/wp\/v2\/types\/product"}],"replies":[{"embeddable":true,"href":"https:\/\/terratuscia.com\/de\/wp-json\/wp\/v2\/comments?post=10569"}],"wp:featuredmedia":[{"embeddable":true,"href":"https:\/\/terratuscia.com\/de\/wp-json\/wp\/v2\/media\/9533"}],"wp:attachment":[{"href":"https:\/\/terratuscia.com\/de\/wp-json\/wp\/v2\/media?parent=10569"}],"wp:term":[{"taxonomy":"pwb-brand","embeddable":true,"href":"https:\/\/terratuscia.com\/de\/wp-json\/wp\/v2\/pwb-brand?post=10569"},{"taxonomy":"product_cat","embeddable":true,"href":"https:\/\/terratuscia.com\/de\/wp-json\/wp\/v2\/product_cat?post=10569"},{"taxonomy":"product_tag","embeddable":true,"href":"https:\/\/terratuscia.com\/de\/wp-json\/wp\/v2\/product_tag?post=10569"}],"curies":[{"name":"wp","href":"https:\/\/api.w.org\/{rel}","templated":true}]}}