{"id":10519,"date":"2022-05-15T10:20:47","date_gmt":"2022-05-15T08:20:47","guid":{"rendered":"https:\/\/terratuscia.com\/?post_type=product&#038;p=10519"},"modified":"2024-02-16T18:59:57","modified_gmt":"2024-02-16T17:59:57","slug":"fornovecchino-hartweizenmehl-khorasan","status":"publish","type":"product","link":"https:\/\/terratuscia.com\/de\/shop\/huelsenfruechte-und-getreide\/fornovecchino-hartweizenmehl-khorasan\/","title":{"rendered":"Fornovecchino Hartweizenmehl Khorasan"},"content":{"rendered":"<p>Leicht verdaulich und sehr gut vertr\u00e4glich. Hervorragend geeignet f\u00fcr Brot, Pizza und herzhafte Backwaren. Pur oder zus\u00e4tzlich zu anderen Mehlen zu verwenden.<br \/>\n<strong>Allergene: Enth\u00e4lt Gluten.<\/strong><\/p>\n","protected":false},"excerpt":{"rendered":"<p>Fornovecchino Grano Khorasan Antikes Hartweizenmehl. Steingemahlen.<\/p>\n","protected":false},"featured_media":10930,"comment_status":"open","ping_status":"closed","template":"","meta":{"_uag_custom_page_level_css":"","site-sidebar-layout":"default","site-content-layout":"default","ast-global-header-display":"","ast-banner-title-visibility":"","ast-main-header-display":"","ast-hfb-above-header-display":"","ast-hfb-below-header-display":"","ast-hfb-mobile-header-display":"","site-post-title":"","ast-breadcrumbs-content":"","ast-featured-img":"","footer-sml-layout":"","theme-transparent-header-meta":"","adv-header-id-meta":"","stick-header-meta":"","header-above-stick-meta":"","header-main-stick-meta":"","header-below-stick-meta":""},"pwb-brand":[193],"product_cat":[16],"product_tag":[],"supplier_id":10320,"supplier_sku":"","barcode":null,"atum_controlled":true,"out_stock_date":null,"out_stock_threshold":-3,"inheritable":false,"inbound_stock":0,"stock_on_hold":0,"sold_today":0,"sales_last_days":0,"reserved_stock":0,"customer_returns":0,"warehouse_damage":0,"lost_in_post":0,"other_logs":0,"out_stock_days":0,"lost_sales":0,"has_location":false,"update_date":"2026-04-28T07:19:21","atum_locations":[],"atum_stock_status":"instock","restock_status":false,"low_stock_amount":"","sales_update_date":"2026-04-28T07:19:21","calc_backorders":0,"uagb_featured_image_src":{"full":["https:\/\/terratuscia.com\/wp-content\/uploads\/2022\/06\/Fornovecchino-Grano-Khorasan.jpg",1000,1000,false],"thumbnail":["https:\/\/terratuscia.com\/wp-content\/uploads\/2022\/06\/Fornovecchino-Grano-Khorasan-150x150.jpg",150,150,true],"medium":["https:\/\/terratuscia.com\/wp-content\/uploads\/2022\/06\/Fornovecchino-Grano-Khorasan-768x768.jpg",768,768,true],"medium_large":["https:\/\/terratuscia.com\/wp-content\/uploads\/2022\/06\/Fornovecchino-Grano-Khorasan-768x768.jpg",768,768,true],"large":["https:\/\/terratuscia.com\/wp-content\/uploads\/2022\/06\/Fornovecchino-Grano-Khorasan.jpg",1000,1000,false],"1536x1536":["https:\/\/terratuscia.com\/wp-content\/uploads\/2022\/06\/Fornovecchino-Grano-Khorasan.jpg",1000,1000,false],"2048x2048":["https:\/\/terratuscia.com\/wp-content\/uploads\/2022\/06\/Fornovecchino-Grano-Khorasan.jpg",1000,1000,false],"woocommerce_thumbnail":["https:\/\/terratuscia.com\/wp-content\/uploads\/2022\/06\/Fornovecchino-Grano-Khorasan-350x350.jpg",350,350,true],"woocommerce_single":["https:\/\/terratuscia.com\/wp-content\/uploads\/2022\/06\/Fornovecchino-Grano-Khorasan-768x768.jpg",768,768,true],"woocommerce_gallery_thumbnail":["https:\/\/terratuscia.com\/wp-content\/uploads\/2022\/06\/Fornovecchino-Grano-Khorasan-200x200.jpg",200,200,true]},"uagb_author_info":{"display_name":"SabineH","author_link":"https:\/\/terratuscia.com\/de\/author\/"},"uagb_comment_info":0,"uagb_excerpt":"Fornovecchino Grano Khorasan Antikes Hartweizenmehl. Steingemahlen.","brands":[{"id":193,"name":"Fornovecchino","slug":"fornovecchino"}],"_links":{"self":[{"href":"https:\/\/terratuscia.com\/de\/wp-json\/wp\/v2\/product\/10519"}],"collection":[{"href":"https:\/\/terratuscia.com\/de\/wp-json\/wp\/v2\/product"}],"about":[{"href":"https:\/\/terratuscia.com\/de\/wp-json\/wp\/v2\/types\/product"}],"replies":[{"embeddable":true,"href":"https:\/\/terratuscia.com\/de\/wp-json\/wp\/v2\/comments?post=10519"}],"wp:featuredmedia":[{"embeddable":true,"href":"https:\/\/terratuscia.com\/de\/wp-json\/wp\/v2\/media\/10930"}],"wp:attachment":[{"href":"https:\/\/terratuscia.com\/de\/wp-json\/wp\/v2\/media?parent=10519"}],"wp:term":[{"taxonomy":"pwb-brand","embeddable":true,"href":"https:\/\/terratuscia.com\/de\/wp-json\/wp\/v2\/pwb-brand?post=10519"},{"taxonomy":"product_cat","embeddable":true,"href":"https:\/\/terratuscia.com\/de\/wp-json\/wp\/v2\/product_cat?post=10519"},{"taxonomy":"product_tag","embeddable":true,"href":"https:\/\/terratuscia.com\/de\/wp-json\/wp\/v2\/product_tag?post=10519"}],"curies":[{"name":"wp","href":"https:\/\/api.w.org\/{rel}","templated":true}]}}