{"id":10451,"date":"2022-05-13T11:25:15","date_gmt":"2022-05-13T09:25:15","guid":{"rendered":"https:\/\/terratuscia.com\/?post_type=product&#038;p=10451"},"modified":"2023-12-21T18:08:28","modified_gmt":"2023-12-21T17:08:28","slug":"qualiterbe-sanftes-haar-shampoo-kamille","status":"publish","type":"product","link":"https:\/\/terratuscia.com\/de\/shop\/drogerieartikel\/qualiterbe-sanftes-haar-shampoo-kamille\/","title":{"rendered":"Qualiterbe Bio Shampoo Kamille"},"content":{"rendered":"<p>Durch Tenside pflanzlichen Ursprungs, wie Derivate von Weizen-, Rote-Bete- und Zuckerrohrproteinen, entsteht eine milde Verbindung die f\u00fcr empfindlichste Haut geeignet ist.<\/p>\n<p>Wasser, Cocamidopropyl Betaine, Decyl Glucoside, Glycerin, Caprylyl, Capryl Glucoside, Kamillenbl\u00fctenextrakt, Sodium Lurok Sarcosinate, Xanthan Gum, Benzyl Alcohol, Phenoxzehtanol, Potassium Sorbate, Sodium Benyoate, Anthemis Nobilis Flower Oil, Citric Acid, Eugenia Caryophyllus Bud Oil*, Eugenol, Citrus Aurantium Dulcis Peel Oil, Limonene, Chamomilla Recuitita Extract*, Lavandula Angustifolia Herb Oil*, Viola Tricolore Extract*, Tocopherol<br \/>\n*Aus biologischem Anbau.<\/p>\n","protected":false},"excerpt":{"rendered":"<p>Qualiterbe Bio Shampoo Delicato. Sanft und gl\u00e4ttend besonders f\u00fcr helles, zartes Haar und Kinderhaar. Bringt helle Str\u00e4hnen zur Geltung. Mild zu empfindlichster Haut. Aus ganzen Bl\u00fcten und \u00e4therischem \u00d6l der r\u00f6mischen Kamille.<\/p>\n","protected":false},"featured_media":9569,"comment_status":"open","ping_status":"closed","template":"","meta":{"_uag_custom_page_level_css":"","site-sidebar-layout":"default","site-content-layout":"default","ast-global-header-display":"","ast-banner-title-visibility":"","ast-main-header-display":"","ast-hfb-above-header-display":"","ast-hfb-below-header-display":"","ast-hfb-mobile-header-display":"","site-post-title":"","ast-breadcrumbs-content":"","ast-featured-img":"","footer-sml-layout":"","theme-transparent-header-meta":"","adv-header-id-meta":"","stick-header-meta":"","header-above-stick-meta":"","header-main-stick-meta":"","header-below-stick-meta":""},"pwb-brand":[98],"product_cat":[50],"product_tag":[],"supplier_id":10326,"supplier_sku":"","barcode":null,"atum_controlled":true,"out_stock_date":null,"out_stock_threshold":-3,"inheritable":false,"inbound_stock":0,"stock_on_hold":0,"sold_today":0,"sales_last_days":0,"reserved_stock":0,"customer_returns":0,"warehouse_damage":0,"lost_in_post":0,"other_logs":0,"out_stock_days":0,"lost_sales":0,"has_location":false,"update_date":"2026-04-08T07:05:28","atum_locations":[],"atum_stock_status":"instock","restock_status":false,"low_stock_amount":"","sales_update_date":"2026-04-08T07:05:28","calc_backorders":0,"uagb_featured_image_src":{"full":["https:\/\/terratuscia.com\/wp-content\/uploads\/2022\/02\/qualiterbe-shampoo-delicato.jpg",1000,1000,false],"thumbnail":["https:\/\/terratuscia.com\/wp-content\/uploads\/2022\/02\/qualiterbe-shampoo-delicato-150x150.jpg",150,150,true],"medium":["https:\/\/terratuscia.com\/wp-content\/uploads\/2022\/02\/qualiterbe-shampoo-delicato-768x768.jpg",768,768,true],"medium_large":["https:\/\/terratuscia.com\/wp-content\/uploads\/2022\/02\/qualiterbe-shampoo-delicato-768x768.jpg",768,768,true],"large":["https:\/\/terratuscia.com\/wp-content\/uploads\/2022\/02\/qualiterbe-shampoo-delicato.jpg",1000,1000,false],"1536x1536":["https:\/\/terratuscia.com\/wp-content\/uploads\/2022\/02\/qualiterbe-shampoo-delicato.jpg",1000,1000,false],"2048x2048":["https:\/\/terratuscia.com\/wp-content\/uploads\/2022\/02\/qualiterbe-shampoo-delicato.jpg",1000,1000,false],"woocommerce_thumbnail":["https:\/\/terratuscia.com\/wp-content\/uploads\/2022\/02\/qualiterbe-shampoo-delicato-350x350.jpg",350,350,true],"woocommerce_single":["https:\/\/terratuscia.com\/wp-content\/uploads\/2022\/02\/qualiterbe-shampoo-delicato-768x768.jpg",768,768,true],"woocommerce_gallery_thumbnail":["https:\/\/terratuscia.com\/wp-content\/uploads\/2022\/02\/qualiterbe-shampoo-delicato-200x200.jpg",200,200,true]},"uagb_author_info":{"display_name":"SabineH","author_link":"https:\/\/terratuscia.com\/de\/author\/"},"uagb_comment_info":0,"uagb_excerpt":"Qualiterbe Bio Shampoo Delicato. Sanft und gl\u00e4ttend besonders f\u00fcr helles, zartes Haar und Kinderhaar. Bringt helle Str\u00e4hnen zur Geltung. Mild zu empfindlichster Haut. Aus ganzen Bl\u00fcten und \u00e4therischem \u00d6l der r\u00f6mischen Kamille.","brands":[{"id":98,"name":"Qualiterbe","slug":"qualiterbe"}],"_links":{"self":[{"href":"https:\/\/terratuscia.com\/de\/wp-json\/wp\/v2\/product\/10451"}],"collection":[{"href":"https:\/\/terratuscia.com\/de\/wp-json\/wp\/v2\/product"}],"about":[{"href":"https:\/\/terratuscia.com\/de\/wp-json\/wp\/v2\/types\/product"}],"replies":[{"embeddable":true,"href":"https:\/\/terratuscia.com\/de\/wp-json\/wp\/v2\/comments?post=10451"}],"wp:featuredmedia":[{"embeddable":true,"href":"https:\/\/terratuscia.com\/de\/wp-json\/wp\/v2\/media\/9569"}],"wp:attachment":[{"href":"https:\/\/terratuscia.com\/de\/wp-json\/wp\/v2\/media?parent=10451"}],"wp:term":[{"taxonomy":"pwb-brand","embeddable":true,"href":"https:\/\/terratuscia.com\/de\/wp-json\/wp\/v2\/pwb-brand?post=10451"},{"taxonomy":"product_cat","embeddable":true,"href":"https:\/\/terratuscia.com\/de\/wp-json\/wp\/v2\/product_cat?post=10451"},{"taxonomy":"product_tag","embeddable":true,"href":"https:\/\/terratuscia.com\/de\/wp-json\/wp\/v2\/product_tag?post=10451"}],"curies":[{"name":"wp","href":"https:\/\/api.w.org\/{rel}","templated":true}]}}