{"id":10267,"date":"2022-05-08T11:44:05","date_gmt":"2022-05-08T09:44:05","guid":{"rendered":"https:\/\/terratuscia.com\/?post_type=product&#038;p=10267"},"modified":"2023-10-29T17:46:36","modified_gmt":"2023-10-29T16:46:36","slug":"casa-vespina-fagioli-bianchi","status":"publish","type":"product","link":"https:\/\/terratuscia.com\/de\/shop\/huelsenfruechte-und-getreide\/casa-vespina-fagioli-bianchi\/","title":{"rendered":"Casa Vespina Weisse Bohnen"},"content":{"rendered":"<p>Lecker in Gem\u00fcsesuppen, lauwarmem Salat, als Beilage oder Hummus.<\/p>\n<div class=\"nicole-rezepte\">\n<h4>Rezept:<span style=\"color: #ffcc99\">Toskanischer Bohneneintopf<\/span><\/h4>\n<p>Zutaten:<\/p>\n<ul>\n<li>400 g getrocknete wei\u00dfe Bohnen<\/li>\n<li>2 Karotten, gesch\u00e4lt und in W\u00fcrfel geschnitten<\/li>\n<li>2 Stangen Sellerie, in W\u00fcrfel geschnitten<\/li>\n<li>1 Zwiebel, gehackt<\/li>\n<li>2 Knoblauchzehen, gehackt<\/li>\n<li>1 Dose Tomaten, gehackt<\/li>\n<li>2 Lorbeerbl\u00e4tter<\/li>\n<li>4 Tassen Gem\u00fcsebr\u00fche<\/li>\n<li>1 Teel\u00f6ffel getrockneter Thymian<\/li>\n<li>Salz und Pfeffer nach Geschmack<\/li>\n<li>Oliven\u00f6l<\/li>\n<\/ul>\n<p>Anleitung:<\/p>\n<ol>\n<li>Die Bohnen \u00fcber Nacht in reichlich Wasser einweichen. Am n\u00e4chsten Tag abtropfen lassen.<\/li>\n<li>In einem gro\u00dfen Topf Oliven\u00f6l erhitzen und die Zwiebeln, Karotten und Sellerie darin anbraten, bis sie weich sind. Den Knoblauch hinzuf\u00fcgen und weitere 2 Minuten braten.<\/li>\n<li>Die Tomaten, Bohnen, Lorbeerbl\u00e4tter, Gem\u00fcsebr\u00fche und Thymian hinzuf\u00fcgen und gut umr\u00fchren. Zum Kochen bringen, dann auf niedrige Hitze reduzieren und zugedeckt f\u00fcr etwa 1 Stunde k\u00f6cheln lassen, bis die Bohnen weich sind.<\/li>\n<li>Lorbeerbl\u00e4tter entfernen und mit Salz und Pfeffer abschmecken.<\/li>\n<li>Mit knusprigem Brot oder Bruschetta servieren und genie\u00dfen.<\/li>\n<\/ol>\n<\/div>\n","protected":false},"excerpt":{"rendered":"<p>Casa Vespina Fagioli Bianchi.<\/p>\n","protected":false},"featured_media":9458,"comment_status":"open","ping_status":"closed","template":"","meta":{"_uag_custom_page_level_css":"","site-sidebar-layout":"default","site-content-layout":"default","ast-global-header-display":"","ast-banner-title-visibility":"","ast-main-header-display":"","ast-hfb-above-header-display":"","ast-hfb-below-header-display":"","ast-hfb-mobile-header-display":"","site-post-title":"","ast-breadcrumbs-content":"","ast-featured-img":"","footer-sml-layout":"","theme-transparent-header-meta":"","adv-header-id-meta":"","stick-header-meta":"","header-above-stick-meta":"","header-main-stick-meta":"","header-below-stick-meta":""},"pwb-brand":[100],"product_cat":[16],"product_tag":[],"supplier_id":10318,"supplier_sku":"","barcode":null,"atum_controlled":true,"out_stock_date":null,"out_stock_threshold":-3,"inheritable":false,"inbound_stock":0,"stock_on_hold":0,"sold_today":0,"sales_last_days":0,"reserved_stock":0,"customer_returns":0,"warehouse_damage":0,"lost_in_post":0,"other_logs":0,"out_stock_days":0,"lost_sales":0,"has_location":false,"update_date":"2026-04-08T07:05:29","atum_locations":[],"atum_stock_status":"instock","restock_status":false,"low_stock_amount":"","sales_update_date":"2026-04-08T07:05:29","calc_backorders":0,"uagb_featured_image_src":{"full":["https:\/\/terratuscia.com\/wp-content\/uploads\/2022\/02\/casa-vespina-fagioli.jpg",1000,1000,false],"thumbnail":["https:\/\/terratuscia.com\/wp-content\/uploads\/2022\/02\/casa-vespina-fagioli-150x150.jpg",150,150,true],"medium":["https:\/\/terratuscia.com\/wp-content\/uploads\/2022\/02\/casa-vespina-fagioli-768x768.jpg",768,768,true],"medium_large":["https:\/\/terratuscia.com\/wp-content\/uploads\/2022\/02\/casa-vespina-fagioli-768x768.jpg",768,768,true],"large":["https:\/\/terratuscia.com\/wp-content\/uploads\/2022\/02\/casa-vespina-fagioli.jpg",1000,1000,false],"1536x1536":["https:\/\/terratuscia.com\/wp-content\/uploads\/2022\/02\/casa-vespina-fagioli.jpg",1000,1000,false],"2048x2048":["https:\/\/terratuscia.com\/wp-content\/uploads\/2022\/02\/casa-vespina-fagioli.jpg",1000,1000,false],"woocommerce_thumbnail":["https:\/\/terratuscia.com\/wp-content\/uploads\/2022\/02\/casa-vespina-fagioli-350x350.jpg",350,350,true],"woocommerce_single":["https:\/\/terratuscia.com\/wp-content\/uploads\/2022\/02\/casa-vespina-fagioli-768x768.jpg",768,768,true],"woocommerce_gallery_thumbnail":["https:\/\/terratuscia.com\/wp-content\/uploads\/2022\/02\/casa-vespina-fagioli-200x200.jpg",200,200,true]},"uagb_author_info":{"display_name":"SabineH","author_link":"https:\/\/terratuscia.com\/de\/author\/"},"uagb_comment_info":0,"uagb_excerpt":"Casa Vespina Fagioli Bianchi.","brands":[{"id":100,"name":"Casa Vespina","slug":"casa-vespina"}],"_links":{"self":[{"href":"https:\/\/terratuscia.com\/de\/wp-json\/wp\/v2\/product\/10267"}],"collection":[{"href":"https:\/\/terratuscia.com\/de\/wp-json\/wp\/v2\/product"}],"about":[{"href":"https:\/\/terratuscia.com\/de\/wp-json\/wp\/v2\/types\/product"}],"replies":[{"embeddable":true,"href":"https:\/\/terratuscia.com\/de\/wp-json\/wp\/v2\/comments?post=10267"}],"wp:featuredmedia":[{"embeddable":true,"href":"https:\/\/terratuscia.com\/de\/wp-json\/wp\/v2\/media\/9458"}],"wp:attachment":[{"href":"https:\/\/terratuscia.com\/de\/wp-json\/wp\/v2\/media?parent=10267"}],"wp:term":[{"taxonomy":"pwb-brand","embeddable":true,"href":"https:\/\/terratuscia.com\/de\/wp-json\/wp\/v2\/pwb-brand?post=10267"},{"taxonomy":"product_cat","embeddable":true,"href":"https:\/\/terratuscia.com\/de\/wp-json\/wp\/v2\/product_cat?post=10267"},{"taxonomy":"product_tag","embeddable":true,"href":"https:\/\/terratuscia.com\/de\/wp-json\/wp\/v2\/product_tag?post=10267"}],"curies":[{"name":"wp","href":"https:\/\/api.w.org\/{rel}","templated":true}]}}