{"id":10261,"date":"2022-05-08T11:02:22","date_gmt":"2022-05-08T09:02:22","guid":{"rendered":"https:\/\/terratuscia.com\/?post_type=product&#038;p=10261"},"modified":"2023-12-25T13:36:17","modified_gmt":"2023-12-25T12:36:17","slug":"casa-vespina-safran","status":"publish","type":"product","link":"https:\/\/terratuscia.com\/de\/shop\/kraeuter-und-oele\/casa-vespina-safran\/","title":{"rendered":"Casa Vespina Safran"},"content":{"rendered":"<div class=\"nicole-rezepte\">\n<h4>Rezept: <span style=\"color: #ff6600;\">Safran-Gem\u00fcse mit Couscous<\/span><\/h4>\n<p>Zutaten:<\/p>\n<ul>\n<li>1 Zwiebel, fein gehackt<\/li>\n<li>2 Knoblauchzehen, fein gehackt<\/li>\n<li>0,25g Safranf\u00e4den Tipp: Die F\u00e4den im M\u00f6rser zersto\u00dfen und f\u00fcr einige Minuten in warmes Wasser legen.<\/li>\n<li>1 rote Paprika, in Streifen geschnitten<\/li>\n<li>1 gelbe Paprika, in Streifen geschnitten<\/li>\n<li>1 Zucchini, in Scheiben geschnitten<\/li>\n<li>1 Aubergine, in W\u00fcrfel geschnitten<\/li>\n<li>400 g Tomaten, gehackt<\/li>\n<li>1 Tasse Gem\u00fcsebr\u00fche<\/li>\n<li>1 Tasse Couscous<\/li>\n<li>Salz und Pfeffer nach Geschmack<\/li>\n<li>Oliven\u00f6l<\/li>\n<\/ul>\n<p>Anleitung:<\/p>\n<ol>\n<li>In einem gro\u00dfen Topf Oliven\u00f6l erhitzen und die Zwiebel und den Knoblauch darin anbraten, bis sie weich sind.<\/li>\n<li>Den Safran hinzuf\u00fcgen und gut umr\u00fchren.<\/li>\n<li>Paprika, Zucchini und Aubergine hinzuf\u00fcgen und etwa 5 Minuten anbraten, bis sie weich sind.<\/li>\n<li>Die gehackten Tomaten und Gem\u00fcsebr\u00fche hinzuf\u00fcgen und zum Kochen bringen. Salz und Pfeffer nach Geschmack hinzuf\u00fcgen und zugedeckt etwa 20 Minuten k\u00f6cheln lassen.<\/li>\n<li>W\u00e4hrenddessen den Couscous nach Packungsanleitung zubereiten.<\/li>\n<li>Das Gem\u00fcse mit dem Couscous servieren und genie\u00dfen.<\/li>\n<\/ol>\n<\/div>\n","protected":false},"excerpt":{"rendered":"<p>Casa Vespina Zafferano. Handgepfl\u00fcckt.<\/p>\n","protected":false},"featured_media":9470,"comment_status":"open","ping_status":"closed","template":"","meta":{"_uag_custom_page_level_css":"","site-sidebar-layout":"default","site-content-layout":"default","ast-global-header-display":"","ast-banner-title-visibility":"","ast-main-header-display":"","ast-hfb-above-header-display":"","ast-hfb-below-header-display":"","ast-hfb-mobile-header-display":"","site-post-title":"","ast-breadcrumbs-content":"","ast-featured-img":"","footer-sml-layout":"","theme-transparent-header-meta":"default","adv-header-id-meta":"","stick-header-meta":"default","header-above-stick-meta":"","header-main-stick-meta":"","header-below-stick-meta":""},"pwb-brand":[100],"product_cat":[205],"product_tag":[],"supplier_id":10318,"supplier_sku":"","barcode":null,"atum_controlled":true,"out_stock_date":null,"out_stock_threshold":-3,"inheritable":false,"inbound_stock":0,"stock_on_hold":0,"sold_today":0,"sales_last_days":0,"reserved_stock":0,"customer_returns":0,"warehouse_damage":0,"lost_in_post":0,"other_logs":0,"out_stock_days":0,"lost_sales":0,"has_location":false,"update_date":"2026-04-14T07:08:53","atum_locations":[],"atum_stock_status":"instock","restock_status":false,"low_stock_amount":"","sales_update_date":"2026-04-14T07:08:53","calc_backorders":0,"uagb_featured_image_src":{"full":["https:\/\/terratuscia.com\/wp-content\/uploads\/2022\/02\/casa-vespina-zafferano.jpg",1000,1000,false],"thumbnail":["https:\/\/terratuscia.com\/wp-content\/uploads\/2022\/02\/casa-vespina-zafferano-150x150.jpg",150,150,true],"medium":["https:\/\/terratuscia.com\/wp-content\/uploads\/2022\/02\/casa-vespina-zafferano-768x768.jpg",768,768,true],"medium_large":["https:\/\/terratuscia.com\/wp-content\/uploads\/2022\/02\/casa-vespina-zafferano-768x768.jpg",768,768,true],"large":["https:\/\/terratuscia.com\/wp-content\/uploads\/2022\/02\/casa-vespina-zafferano.jpg",1000,1000,false],"1536x1536":["https:\/\/terratuscia.com\/wp-content\/uploads\/2022\/02\/casa-vespina-zafferano.jpg",1000,1000,false],"2048x2048":["https:\/\/terratuscia.com\/wp-content\/uploads\/2022\/02\/casa-vespina-zafferano.jpg",1000,1000,false],"woocommerce_thumbnail":["https:\/\/terratuscia.com\/wp-content\/uploads\/2022\/02\/casa-vespina-zafferano-350x350.jpg",350,350,true],"woocommerce_single":["https:\/\/terratuscia.com\/wp-content\/uploads\/2022\/02\/casa-vespina-zafferano-768x768.jpg",768,768,true],"woocommerce_gallery_thumbnail":["https:\/\/terratuscia.com\/wp-content\/uploads\/2022\/02\/casa-vespina-zafferano-200x200.jpg",200,200,true]},"uagb_author_info":{"display_name":"SabineH","author_link":"https:\/\/terratuscia.com\/de\/author\/"},"uagb_comment_info":0,"uagb_excerpt":"Casa Vespina Zafferano. Handgepfl\u00fcckt.","brands":[{"id":100,"name":"Casa Vespina","slug":"casa-vespina"}],"_links":{"self":[{"href":"https:\/\/terratuscia.com\/de\/wp-json\/wp\/v2\/product\/10261"}],"collection":[{"href":"https:\/\/terratuscia.com\/de\/wp-json\/wp\/v2\/product"}],"about":[{"href":"https:\/\/terratuscia.com\/de\/wp-json\/wp\/v2\/types\/product"}],"replies":[{"embeddable":true,"href":"https:\/\/terratuscia.com\/de\/wp-json\/wp\/v2\/comments?post=10261"}],"wp:featuredmedia":[{"embeddable":true,"href":"https:\/\/terratuscia.com\/de\/wp-json\/wp\/v2\/media\/9470"}],"wp:attachment":[{"href":"https:\/\/terratuscia.com\/de\/wp-json\/wp\/v2\/media?parent=10261"}],"wp:term":[{"taxonomy":"pwb-brand","embeddable":true,"href":"https:\/\/terratuscia.com\/de\/wp-json\/wp\/v2\/pwb-brand?post=10261"},{"taxonomy":"product_cat","embeddable":true,"href":"https:\/\/terratuscia.com\/de\/wp-json\/wp\/v2\/product_cat?post=10261"},{"taxonomy":"product_tag","embeddable":true,"href":"https:\/\/terratuscia.com\/de\/wp-json\/wp\/v2\/product_tag?post=10261"}],"curies":[{"name":"wp","href":"https:\/\/api.w.org\/{rel}","templated":true}]}}