{"id":9666,"date":"2022-03-03T18:25:08","date_gmt":"2022-03-03T17:25:08","guid":{"rendered":"https:\/\/terratuscia.com\/?page_id=9666"},"modified":"2023-01-05T22:25:54","modified_gmt":"2023-01-05T21:25:54","slug":"fornovecchino","status":"publish","type":"page","link":"https:\/\/terratuscia.com\/de\/produzenten\/fornovecchino\/","title":{"rendered":"Fornovecchino"},"content":{"rendered":"\r\n<div class=\"wp-block-group alignwide wp-block-group-hdm-no-margin has-white-background-color has-background is-layout-flow\">\r\n<div class=\"wp-block-columns alignwide is-layout-flex wp-container-4\">\r\n<div class=\"wp-block-column is-layout-flow\">\r\n<h1 class=\"has-text-align-left wp-block-heading\">Fornovecchino<\/h1>\r\n<\/div>\r\n\r\n\r\n\r\n<div class=\"wp-block-column is-vertically-aligned-center is-layout-flow\">\r\n<ul class=\"wp-block-social-links alignright has-small-icon-size items-justified-right items-justified-center is-layout-flex\"><li class=\"wp-social-link wp-social-link-facebook wp-block-social-link\"><a rel=\" noopener nofollow\" target=\"_blank\" href=\"https:\/\/www.facebook.com\/Az-Agr-Fornovecchino-721192681254625\/\" class=\"wp-block-social-link-anchor\"><svg width=\"24\" height=\"24\" viewBox=\"0 0 24 24\" version=\"1.1\" xmlns=\"http:\/\/www.w3.org\/2000\/svg\" aria-hidden=\"true\" focusable=\"false\"><path d=\"M12 2C6.5 2 2 6.5 2 12c0 5 3.7 9.1 8.4 9.9v-7H7.9V12h2.5V9.8c0-2.5 1.5-3.9 3.8-3.9 1.1 0 2.2.2 2.2.2v2.5h-1.3c-1.2 0-1.6.8-1.6 1.6V12h2.8l-.4 2.9h-2.3v7C18.3 21.1 22 17 22 12c0-5.5-4.5-10-10-10z\"><\/path><\/svg><span class=\"wp-block-social-link-label screen-reader-text\">Facebook<\/span><\/a><\/li><\/ul>\r\n<\/div>\r\n<\/div>\r\n\r\n\r\n\r\n<blockquote class=\"wp-block-quote\">\r\n<p>Eine lange Tradition in S\u00e4hen und Ernten. In Sorgfalt und Qualit\u00e4t. Dies macht Fornovecchino zu einer kleinen Perle unter den biologischen Betrieben im Lazio.<\/p>\r\n<\/blockquote>\r\n\r\n\r\n\r\n<figure class=\"wp-block-image alignwide size-full is-style-rounded\"><img decoding=\"async\" loading=\"lazy\" width=\"1200\" height=\"400\" src=\"https:\/\/terratuscia.com\/wp-content\/uploads\/2022\/03\/fornovecchino-banner.jpg\" alt=\"\" class=\"wp-image-9674\" srcset=\"https:\/\/terratuscia.com\/wp-content\/uploads\/2022\/03\/fornovecchino-banner.jpg 1200w, https:\/\/terratuscia.com\/wp-content\/uploads\/2022\/03\/fornovecchino-banner-768x256.jpg 768w\" sizes=\"(max-width: 1200px) 100vw, 1200px\" title=\"\"><figcaption class=\"wp-element-caption\"><em>Claudio<\/em><\/figcaption><\/figure>\r\n\r\n\r\n\r\n<div class=\"wp-block-media-text alignwide is-stacked-on-mobile is-vertically-aligned-center\" style=\"grid-template-columns:34% auto\"><figure class=\"wp-block-media-text__media\"><img decoding=\"async\" loading=\"lazy\" width=\"600\" height=\"900\" src=\"https:\/\/terratuscia.com\/wp-content\/uploads\/2022\/03\/fornovecchino-03.jpg\" alt=\"\" class=\"wp-image-9684 size-full\" srcset=\"https:\/\/terratuscia.com\/wp-content\/uploads\/2022\/03\/fornovecchino-03.jpg 600w, https:\/\/terratuscia.com\/wp-content\/uploads\/2022\/03\/fornovecchino-03-512x768.jpg 512w\" sizes=\"(max-width: 600px) 100vw, 600px\" title=\"\"><\/figure><div class=\"wp-block-media-text__content\">\r\n<div class=\"inherit-container-width wp-block-group has-white-background-color has-background is-layout-constrained\" style=\"padding-top:var(--wp--preset--spacing--50);padding-right:var(--wp--preset--spacing--50);padding-bottom:var(--wp--preset--spacing--50);padding-left:var(--wp--preset--spacing--50)\">\r\n<figure class=\"wp-block-image size-large is-resized\"><img decoding=\"async\" loading=\"lazy\" src=\"https:\/\/terratuscia.com\/wp-content\/uploads\/2022\/01\/new-quote.png\" alt=\"\" class=\"wp-image-53898\" width=\"32\" height=\"32\" title=\"\"><figcaption class=\"wp-element-caption\">Claudio<\/figcaption><\/figure>\r\n\r\n\r\n\r\n<h3 class=\"wp-block-heading\">40 Jahre Leidenschaft f\u00fcr den Getreideanbau. 40 Jahre Liebe f\u00fcr die Region Tuscia und unsere Arbeit. Immer mit der Intention, die Qualit\u00e4t der Produkte zu verbessern<\/h3>\r\n<\/div>\r\n\r\n\r\n\r\n<p>Im Laufe der Jahre haben sich Claudio und seine Mitarbeiter immer mehr auf den Anbau und die Verarbeitung von antiken Getreiden und H\u00fclsenfr\u00fcchten spezialisiert. Mit Sorgfalt und Leidenschaft k\u00fcmmern sie sich um den gesamten Prozess, vom Moment, in dem die Samen in den vorbereiteten Beeten die Erde ber\u00fchren, bis zur Pasta auf eurem Teller. <\/p>\r\n<\/div><\/div>\r\n\r\n\r\n\r\n<div class=\"wp-block-media-text alignwide is-stacked-on-mobile\" style=\"grid-template-columns:34% auto\"><figure class=\"wp-block-media-text__media\"><img decoding=\"async\" loading=\"lazy\" width=\"600\" height=\"899\" src=\"https:\/\/terratuscia.com\/wp-content\/uploads\/2022\/03\/fornovecchino-02.jpg\" alt=\"\" class=\"wp-image-9681 size-full\" srcset=\"https:\/\/terratuscia.com\/wp-content\/uploads\/2022\/03\/fornovecchino-02.jpg 600w, https:\/\/terratuscia.com\/wp-content\/uploads\/2022\/03\/fornovecchino-02-513x768.jpg 513w\" sizes=\"(max-width: 600px) 100vw, 600px\" title=\"\"><\/figure><div class=\"wp-block-media-text__content\">\r\n<div class=\"inherit-container-width wp-block-group has-white-background-color has-background is-layout-constrained\" style=\"padding-top:var(--wp--preset--spacing--50);padding-right:var(--wp--preset--spacing--50);padding-bottom:var(--wp--preset--spacing--50);padding-left:var(--wp--preset--spacing--50)\">\r\n<figure class=\"wp-block-image size-large is-resized\"><img decoding=\"async\" loading=\"lazy\" src=\"https:\/\/terratuscia.com\/wp-content\/uploads\/2022\/01\/new-quote.png\" alt=\"\" class=\"wp-image-53898\" width=\"32\" height=\"32\" title=\"\"><\/figure>\r\n\r\n\r\n\r\n<h3 class=\"wp-block-heading\">Ihr werdet feststellen, dass die Mehle aus antiken Getreiden etwas weniger aufgehen und die Konsistenz sich etwas von anderen Mehlen unterscheiden, aber viel besser vertr\u00e4glich sind.<\/h3>\r\n<\/div>\r\n\r\n\r\n\r\n<p>F\u00fcr die Herstellung der Mehle wird das Getreide t\u00e4glich frisch steingemahlen. So bleiben alle N\u00e4hrstoffe erhalten. Das volle Korn wird erst gemahlen, danach wird das Mehl gesiebt, um verschiedene Anteile Vollkorn zu erhalten und sowohl Geschmack als auch Organstruktur zu erhalten.<\/p>\r\n<\/div><\/div>\r\n\r\n\r\n\r\n<div class=\"wp-block-media-text alignwide is-stacked-on-mobile\" style=\"grid-template-columns:34% auto\"><figure class=\"wp-block-media-text__media\"><img decoding=\"async\" loading=\"lazy\" width=\"600\" height=\"900\" src=\"https:\/\/terratuscia.com\/wp-content\/uploads\/2022\/03\/fornovecchino-04.jpg\" alt=\"\" class=\"wp-image-9687 size-full\" srcset=\"https:\/\/terratuscia.com\/wp-content\/uploads\/2022\/03\/fornovecchino-04.jpg 600w, https:\/\/terratuscia.com\/wp-content\/uploads\/2022\/03\/fornovecchino-04-512x768.jpg 512w\" sizes=\"(max-width: 600px) 100vw, 600px\" title=\"\"><\/figure><div class=\"wp-block-media-text__content\">\r\n<div class=\"inherit-container-width wp-block-group has-white-background-color has-background is-layout-constrained\" style=\"padding-top:var(--wp--preset--spacing--50);padding-right:var(--wp--preset--spacing--50);padding-bottom:var(--wp--preset--spacing--50);padding-left:var(--wp--preset--spacing--50)\">\r\n<figure class=\"wp-block-image size-large is-resized\"><img decoding=\"async\" loading=\"lazy\" src=\"https:\/\/terratuscia.com\/wp-content\/uploads\/2022\/01\/new-quote.png\" alt=\"\" class=\"wp-image-53898\" width=\"32\" height=\"32\" title=\"\"><\/figure>\r\n\r\n\r\n\r\n<h3 class=\"wp-block-heading\">All unsere Pasta stellen wir selbst her mit unseren steingemahlenen Getreiden. Deswegen haben wir f\u00fcr Euch je nach Jahreszeit andere Nudelsorten. Die Nudeln werden traditionell in liebevoller Handarbeit vorbereitet und mit Zeit und auf niedriger Temperatur getrocknet.<\/h3>\r\n<\/div>\r\n\r\n\r\n\r\n<p>Die Getreide werden direkt im Betrieb in Handarbeit und mit Hilfe von mechanischen Ger\u00e4ten ges\u00e4ubert und gesch\u00e4lt, um den Charakter und die Qualit\u00e4t des Produktes vollst\u00e4ndig zu erhalten. Auch die H\u00fclsenfr\u00fcchte werden mit Hand und Mechanik sehr schonend ges\u00e4ubert.<\/p>\r\n<\/div><\/div>\r\n\r\n\r\n\r\n<div class=\"wp-block-columns alignwide is-layout-flex wp-container-11\">\r\n<div class=\"wp-block-column is-layout-flow\">\r\n<figure class=\"wp-block-video aligncenter\"><video controls poster=\"https:\/\/terratuscia.com\/wp-content\/uploads\/2022\/03\/fornovecchino_video_01_image.jpg\" src=\"https:\/\/terratuscia.com\/wp-content\/uploads\/2022\/03\/fornovecchino_video_01.mp4\"><\/video><\/figure>\r\n<\/div>\r\n\r\n\r\n\r\n<div class=\"wp-block-column is-layout-flow\">\r\n<figure class=\"wp-block-video\"><video controls poster=\"https:\/\/terratuscia.com\/wp-content\/uploads\/2022\/03\/fornovecchino_video_02_image.jpg\" src=\"https:\/\/terratuscia.com\/wp-content\/uploads\/2022\/03\/fornovecchino_video_02.mp4\"><\/video><\/figure>\r\n<\/div>\r\n\r\n\r\n\r\n<div class=\"wp-block-column is-layout-flow\">\r\n<figure class=\"wp-block-video\"><video controls poster=\"https:\/\/terratuscia.com\/wp-content\/uploads\/2022\/03\/fornovecchino_video_03_image.jpg\" src=\"https:\/\/terratuscia.com\/wp-content\/uploads\/2022\/03\/fornovecchino_video_03.mp4\"><\/video><\/figure>\r\n<\/div>\r\n<\/div>\r\n\r\n\r\n\r\n<h3 class=\"alignwide wp-block-heading\">und das sind einige ihrer Produkte<\/h3>\r\n\r\n\r\n<div class=\"woocommerce columns-6 \"><ul class=\"products columns-6\">\n<li class=\"desktop-align-right tablet-align-right mobile-align-right ast-product-gallery-layout-horizontal-slider ast-product-gallery-with-no-image ast-product-tabs-layout-vertical product type-product post-10519 status-publish first instock product_cat-huelsenfruechte-und-getreide has-post-thumbnail taxable shipping-taxable purchasable product-type-simple\">\n\t<div class=\"biokategorie_block\"><span class=\"biokategorie_display Biozertifiziert\" title=\"Biozertifiziert\" role=\"img\" aria-label=\"Biozertifiziert\"> <\/span><span class=\"biokategorie_display BioDistretto\" title=\"BioDistretto\" role=\"img\" aria-label=\"BioDistretto\"> <\/span><\/div><div class=\"pwb-brands-in-loop\"><span><a href=\"https:\/\/terratuscia.com\/de\/produzentproduktarchiv\/fornovecchino\/\">Fornovecchino<\/a><\/span><\/div><\/li>\n<li class=\"desktop-align-right tablet-align-right mobile-align-right ast-product-gallery-layout-horizontal-slider ast-product-gallery-with-no-image ast-product-tabs-layout-vertical product type-product post-10549 status-publish onbackorder product_cat-huelsenfruechte-und-getreide has-post-thumbnail taxable shipping-taxable purchasable product-type-simple\">\n\t<div class=\"biokategorie_block\"><span class=\"biokategorie_display Biozertifiziert\" title=\"Biozertifiziert\" role=\"img\" aria-label=\"Biozertifiziert\"> <\/span><span class=\"biokategorie_display BioDistretto\" title=\"BioDistretto\" role=\"img\" aria-label=\"BioDistretto\"> <\/span><\/div><div class=\"pwb-brands-in-loop\"><span><a href=\"https:\/\/terratuscia.com\/de\/produzentproduktarchiv\/fornovecchino\/\">Fornovecchino<\/a><\/span><\/div><\/li>\n<li class=\"desktop-align-right tablet-align-right mobile-align-right ast-product-gallery-layout-horizontal-slider ast-product-gallery-with-no-image ast-product-tabs-layout-vertical product type-product post-10254 status-publish onbackorder product_cat-huelsenfruechte-und-getreide product_cat-pasta-und-zubehoer has-post-thumbnail taxable shipping-taxable purchasable product-type-simple\">\n\t<div class=\"biokategorie_block\"><span class=\"biokategorie_display Biozertifiziert\" title=\"Biozertifiziert\" role=\"img\" aria-label=\"Biozertifiziert\"> <\/span><span class=\"biokategorie_display BioDistretto\" title=\"BioDistretto\" role=\"img\" aria-label=\"BioDistretto\"> <\/span><\/div><div class=\"pwb-brands-in-loop\"><span><a href=\"https:\/\/terratuscia.com\/de\/produzentproduktarchiv\/fornovecchino\/\">Fornovecchino<\/a><\/span><\/div><\/li>\n<li class=\"desktop-align-right tablet-align-right mobile-align-right ast-product-gallery-layout-horizontal-slider ast-product-gallery-with-no-image ast-product-tabs-layout-vertical product type-product post-10516 status-publish onbackorder product_cat-huelsenfruechte-und-getreide has-post-thumbnail taxable shipping-taxable purchasable product-type-simple\">\n\t<div class=\"biokategorie_block\"><span class=\"biokategorie_display Biozertifiziert\" title=\"Biozertifiziert\" role=\"img\" aria-label=\"Biozertifiziert\"> <\/span><span class=\"biokategorie_display BioDistretto\" title=\"BioDistretto\" role=\"img\" aria-label=\"BioDistretto\"> <\/span><\/div><div class=\"pwb-brands-in-loop\"><span><a href=\"https:\/\/terratuscia.com\/de\/produzentproduktarchiv\/fornovecchino\/\">Fornovecchino<\/a><\/span><\/div><\/li>\n<li class=\"desktop-align-right tablet-align-right mobile-align-right ast-product-gallery-layout-horizontal-slider ast-product-gallery-with-no-image ast-product-tabs-layout-vertical product type-product post-10544 status-publish outofstock product_cat-huelsenfruechte-und-getreide has-post-thumbnail taxable shipping-taxable purchasable product-type-simple\">\n\t<div class=\"biokategorie_block\"><span class=\"biokategorie_display Biozertifiziert\" title=\"Biozertifiziert\" role=\"img\" aria-label=\"Biozertifiziert\"> <\/span><span class=\"biokategorie_display BioDistretto\" title=\"BioDistretto\" role=\"img\" aria-label=\"BioDistretto\"> <\/span><\/div><div class=\"pwb-brands-in-loop\"><span><a href=\"https:\/\/terratuscia.com\/de\/produzentproduktarchiv\/fornovecchino\/\">Fornovecchino<\/a><\/span><\/div><\/li>\n<li class=\"desktop-align-right tablet-align-right mobile-align-right ast-product-gallery-layout-horizontal-slider ast-product-gallery-with-no-image ast-product-tabs-layout-vertical product type-product post-10540 status-publish last instock product_cat-pasta-und-zubehoer has-post-thumbnail taxable shipping-taxable purchasable product-type-simple\">\n\t<div class=\"biokategorie_block\"><span class=\"biokategorie_display Biozertifiziert\" title=\"Biozertifiziert\" role=\"img\" aria-label=\"Biozertifiziert\"> <\/span><span class=\"biokategorie_display BioDistretto\" title=\"BioDistretto\" role=\"img\" aria-label=\"BioDistretto\"> <\/span><\/div><div class=\"pwb-brands-in-loop\"><span><a href=\"https:\/\/terratuscia.com\/de\/produzentproduktarchiv\/fornovecchino\/\">Fornovecchino<\/a><\/span><\/div><\/li>\n<\/ul>\n<\/div>\n<\/div>\r\n","protected":false},"excerpt":{"rendered":"<p>Wir empfehlen die Nudeln in reichlich Wasser zu kochen, w\u00e4hrend des Kochens nicht umzur\u00fchren und die Kochzeit auszuprobieren, da sie variieren kann. Roggenmehl tr\u00e4gt zur Kontrolle von Cholesterin und Blutzucker bei, und liefert eine gro\u00dfe Menge an Ballaststoffen Allergene: Enth\u00e4lt Gluten.<\/p>\n","protected":false},"author":1,"featured_media":9663,"parent":6031,"menu_order":0,"comment_status":"open","ping_status":"closed","template":"","meta":{"_uag_custom_page_level_css":"","site-sidebar-layout":"default","site-content-layout":"default","ast-global-header-display":"","ast-banner-title-visibility":"","ast-main-header-display":"","ast-hfb-above-header-display":"","ast-hfb-below-header-display":"","ast-hfb-mobile-header-display":"","site-post-title":"disabled","ast-breadcrumbs-content":"","ast-featured-img":"disabled","footer-sml-layout":"","theme-transparent-header-meta":"","adv-header-id-meta":"","stick-header-meta":"","header-above-stick-meta":"","header-main-stick-meta":"","header-below-stick-meta":""},"uagb_featured_image_src":{"full":["https:\/\/terratuscia.com\/wp-content\/uploads\/2022\/03\/fornovecchino-profil.jpg",600,400,false],"thumbnail":["https:\/\/terratuscia.com\/wp-content\/uploads\/2022\/03\/fornovecchino-profil-150x150.jpg",150,150,true],"medium":["https:\/\/terratuscia.com\/wp-content\/uploads\/2022\/03\/fornovecchino-profil.jpg",600,400,false],"medium_large":["https:\/\/terratuscia.com\/wp-content\/uploads\/2022\/03\/fornovecchino-profil.jpg",600,400,false],"large":["https:\/\/terratuscia.com\/wp-content\/uploads\/2022\/03\/fornovecchino-profil.jpg",600,400,false],"1536x1536":["https:\/\/terratuscia.com\/wp-content\/uploads\/2022\/03\/fornovecchino-profil.jpg",600,400,false],"2048x2048":["https:\/\/terratuscia.com\/wp-content\/uploads\/2022\/03\/fornovecchino-profil.jpg",600,400,false],"woocommerce_thumbnail":["https:\/\/terratuscia.com\/wp-content\/uploads\/2022\/03\/fornovecchino-profil-350x350.jpg",350,350,true],"woocommerce_single":["https:\/\/terratuscia.com\/wp-content\/uploads\/2022\/03\/fornovecchino-profil.jpg",600,400,false],"woocommerce_gallery_thumbnail":["https:\/\/terratuscia.com\/wp-content\/uploads\/2022\/03\/fornovecchino-profil-200x200.jpg",200,200,true]},"uagb_author_info":{"display_name":"HolgerD","author_link":"https:\/\/terratuscia.com\/de\/author\/holgerd\/"},"uagb_comment_info":0,"uagb_excerpt":"Wir empfehlen die Nudeln in reichlich Wasser zu kochen, w\u00e4hrend des Kochens nicht umzur\u00fchren und die Kochzeit auszuprobieren, da sie variieren kann. Roggenmehl tr\u00e4gt zur Kontrolle von Cholesterin und Blutzucker bei, und liefert eine gro\u00dfe Menge an Ballaststoffen Allergene: Enth\u00e4lt Gluten.","_links":{"self":[{"href":"https:\/\/terratuscia.com\/de\/wp-json\/wp\/v2\/pages\/9666"}],"collection":[{"href":"https:\/\/terratuscia.com\/de\/wp-json\/wp\/v2\/pages"}],"about":[{"href":"https:\/\/terratuscia.com\/de\/wp-json\/wp\/v2\/types\/page"}],"author":[{"embeddable":true,"href":"https:\/\/terratuscia.com\/de\/wp-json\/wp\/v2\/users\/1"}],"replies":[{"embeddable":true,"href":"https:\/\/terratuscia.com\/de\/wp-json\/wp\/v2\/comments?post=9666"}],"version-history":[{"count":2,"href":"https:\/\/terratuscia.com\/de\/wp-json\/wp\/v2\/pages\/9666\/revisions"}],"predecessor-version":[{"id":14507,"href":"https:\/\/terratuscia.com\/de\/wp-json\/wp\/v2\/pages\/9666\/revisions\/14507"}],"up":[{"embeddable":true,"href":"https:\/\/terratuscia.com\/de\/wp-json\/wp\/v2\/pages\/6031"}],"wp:featuredmedia":[{"embeddable":true,"href":"https:\/\/terratuscia.com\/de\/wp-json\/wp\/v2\/media\/9663"}],"wp:attachment":[{"href":"https:\/\/terratuscia.com\/de\/wp-json\/wp\/v2\/media?parent=9666"}],"curies":[{"name":"wp","href":"https:\/\/api.w.org\/{rel}","templated":true}]}}