{"id":8820,"date":"2022-02-22T15:03:29","date_gmt":"2022-02-22T14:03:29","guid":{"rendered":"https:\/\/terratuscia.com\/?page_id=8820"},"modified":"2023-01-19T17:21:20","modified_gmt":"2023-01-19T16:21:20","slug":"regula-zwicky","status":"publish","type":"page","link":"https:\/\/terratuscia.com\/de\/kunst-und-kultur\/regula-zwicky\/","title":{"rendered":"Regula Zwicky"},"content":{"rendered":"\n<div class=\"inherit-container-width wp-block-group alignwide wp-block-group-hdm-no-margin has-white-background-color has-background is-layout-constrained\">\n<div class=\"wp-block-columns alignwide is-layout-flex wp-container-4\">\n<div class=\"wp-block-column is-layout-flow\">\n<h1 class=\"has-text-align-left wp-block-heading\">Regula Zwicky<\/h1>\n<\/div>\n\n\n\n<div class=\"wp-block-column is-vertically-aligned-center is-layout-flow\">\n<ul class=\"wp-block-social-links alignright has-small-icon-size items-justified-right items-justified-center is-layout-flex\"><li class=\"wp-social-link wp-social-link-chain wp-block-social-link\"><a rel=\" noopener nofollow\" target=\"_blank\" href=\"https:\/\/www.regulastones.it\/\" class=\"wp-block-social-link-anchor\"><svg width=\"24\" height=\"24\" viewBox=\"0 0 24 24\" version=\"1.1\" xmlns=\"http:\/\/www.w3.org\/2000\/svg\" aria-hidden=\"true\" focusable=\"false\"><path d=\"M19.647,16.706a1.134,1.134,0,0,0-.343-.833l-2.549-2.549a1.134,1.134,0,0,0-.833-.343,1.168,1.168,0,0,0-.883.392l.233.226q.2.189.264.264a2.922,2.922,0,0,1,.184.233.986.986,0,0,1,.159.312,1.242,1.242,0,0,1,.043.337,1.172,1.172,0,0,1-1.176,1.176,1.237,1.237,0,0,1-.337-.043,1,1,0,0,1-.312-.159,2.76,2.76,0,0,1-.233-.184q-.073-.068-.264-.264l-.226-.233a1.19,1.19,0,0,0-.4.895,1.134,1.134,0,0,0,.343.833L15.837,19.3a1.13,1.13,0,0,0,.833.331,1.18,1.18,0,0,0,.833-.318l1.8-1.789a1.12,1.12,0,0,0,.343-.821Zm-8.615-8.64a1.134,1.134,0,0,0-.343-.833L8.163,4.7a1.134,1.134,0,0,0-.833-.343,1.184,1.184,0,0,0-.833.331L4.7,6.473a1.12,1.12,0,0,0-.343.821,1.134,1.134,0,0,0,.343.833l2.549,2.549a1.13,1.13,0,0,0,.833.331,1.184,1.184,0,0,0,.883-.38L8.728,10.4q-.2-.189-.264-.264A2.922,2.922,0,0,1,8.28,9.9a.986.986,0,0,1-.159-.312,1.242,1.242,0,0,1-.043-.337A1.172,1.172,0,0,1,9.254,8.079a1.237,1.237,0,0,1,.337.043,1,1,0,0,1,.312.159,2.761,2.761,0,0,1,.233.184q.073.068.264.264l.226.233a1.19,1.19,0,0,0,.4-.895ZM22,16.706a3.343,3.343,0,0,1-1.042,2.488l-1.8,1.789a3.536,3.536,0,0,1-4.988-.025l-2.525-2.537a3.384,3.384,0,0,1-1.017-2.488,3.448,3.448,0,0,1,1.078-2.561l-1.078-1.078a3.434,3.434,0,0,1-2.549,1.078,3.4,3.4,0,0,1-2.5-1.029L3.029,9.794A3.4,3.4,0,0,1,2,7.294,3.343,3.343,0,0,1,3.042,4.806l1.8-1.789A3.384,3.384,0,0,1,7.331,2a3.357,3.357,0,0,1,2.5,1.042l2.525,2.537a3.384,3.384,0,0,1,1.017,2.488,3.448,3.448,0,0,1-1.078,2.561l1.078,1.078a3.551,3.551,0,0,1,5.049-.049l2.549,2.549A3.4,3.4,0,0,1,22,16.706Z\"><\/path><\/svg><span class=\"wp-block-social-link-label screen-reader-text\">Link<\/span><\/a><\/li><\/ul>\n<\/div>\n<\/div>\n\n\n\n<blockquote class=\"wp-block-quote\">\n<p>Regula ist Steinmetzin und Bildhauerin. Unter ihren H\u00e4nden entstehen bezaubernde Dinge. Dinge die dich ber\u00fchren. Die dich still werden lassen. Vor der Sch\u00f6nheit des Steins und dem begnadeten Kunsthandwerk.<\/p>\n<\/blockquote>\n\n\n\n<figure class=\"wp-block-image alignwide size-full is-style-rounded\"><img decoding=\"async\" loading=\"lazy\" width=\"1200\" height=\"400\" src=\"https:\/\/terratuscia.com\/wp-content\/uploads\/2022\/02\/regula-zwicky-profil-banner-1.jpg\" alt=\"\" class=\"wp-image-8761\" srcset=\"https:\/\/terratuscia.com\/wp-content\/uploads\/2022\/02\/regula-zwicky-profil-banner-1.jpg 1200w, https:\/\/terratuscia.com\/wp-content\/uploads\/2022\/02\/regula-zwicky-profil-banner-1-768x256.jpg 768w\" sizes=\"(max-width: 1200px) 100vw, 1200px\" title=\"\"><\/figure>\n\n\n\n<div class=\"inherit-container-width wp-block-group alignwide has-white-background-color has-background is-layout-constrained\" style=\"padding-top:var(--wp--preset--spacing--50);padding-right:var(--wp--preset--spacing--50);padding-bottom:var(--wp--preset--spacing--50);padding-left:var(--wp--preset--spacing--50)\">\n<figure class=\"wp-block-image size-large is-resized\"><img decoding=\"async\" loading=\"lazy\" src=\"https:\/\/terratuscia.com\/wp-content\/uploads\/2022\/01\/new-quote.png\" alt=\"\" class=\"wp-image-53898\" width=\"32\" height=\"32\" title=\"\"><figcaption class=\"wp-element-caption\"><em>Regula<\/em><\/figcaption><\/figure>\n\n\n\n<h4 class=\"alignwide wp-block-heading\">\u201c<em>Beim Steinbildhauen vertieft man sich in das Verwandeln des Steins. Je mehr Haltung und Geist im Lot sind, desto besser harmonieren Herz, H\u00e4nde und Werkzeug.<\/em>\u201c<\/h4>\n<\/div>\n\n\n\n<figure class=\"wp-block-gallery alignwide has-nested-images columns-default wp-block-gallery-6 is-layout-flex\">\n<figure class=\"wp-block-image size-full\"><img decoding=\"async\" loading=\"lazy\" width=\"600\" height=\"400\" src=\"https:\/\/terratuscia.com\/wp-content\/uploads\/2022\/02\/regula-zwicky-work_11.jpg\" alt=\"\" class=\"wp-image-8794\" title=\"\"><\/figure>\n\n\n\n<figure class=\"wp-block-image size-full\"><img decoding=\"async\" loading=\"lazy\" width=\"600\" height=\"400\" src=\"https:\/\/terratuscia.com\/wp-content\/uploads\/2022\/02\/regula-zwicky-work_2.jpg\" alt=\"\" class=\"wp-image-8767\" title=\"\"><\/figure>\n<\/figure>\n\n\n\n<p>Ein Tuch aus Marmor, drapiert auf dem Sofa in ihrem Haus. So delikat und fein, dass man es unbedingt ber\u00fchren m\u00f6chte und doch nicht.<br>Zwei in sich verschlungene Ringe aus Stein, die nicht miteinander verbunden sind. Frei beweglich.<br><\/p>\n\n\n\n<figure class=\"wp-block-gallery alignwide has-nested-images columns-default wp-block-gallery-8 is-layout-flex\">\n<figure class=\"wp-block-image size-full\"><img decoding=\"async\" loading=\"lazy\" width=\"600\" height=\"800\" src=\"https:\/\/terratuscia.com\/wp-content\/uploads\/2022\/02\/regula-zwicky-work_5.jpg\" alt=\"\" class=\"wp-image-8776\" srcset=\"https:\/\/terratuscia.com\/wp-content\/uploads\/2022\/02\/regula-zwicky-work_5.jpg 600w, https:\/\/terratuscia.com\/wp-content\/uploads\/2022\/02\/regula-zwicky-work_5-576x768.jpg 576w\" sizes=\"(max-width: 600px) 100vw, 600px\" title=\"\"><\/figure>\n\n\n\n<figure class=\"wp-block-image size-full\"><img decoding=\"async\" loading=\"lazy\" width=\"600\" height=\"800\" src=\"https:\/\/terratuscia.com\/wp-content\/uploads\/2022\/02\/regula-zwicky-work_7.jpg\" alt=\"\" class=\"wp-image-8782\" srcset=\"https:\/\/terratuscia.com\/wp-content\/uploads\/2022\/02\/regula-zwicky-work_7.jpg 600w, https:\/\/terratuscia.com\/wp-content\/uploads\/2022\/02\/regula-zwicky-work_7-576x768.jpg 576w\" sizes=\"(max-width: 600px) 100vw, 600px\" title=\"\"><\/figure>\n<\/figure>\n\n\n\n<p>Gro\u00dfe Blumenkelche aus Stein auf einem schwingenden Metallstab oder an Stoffb\u00e4ndern scheinen leicht und bewegt vom Wind.<br><\/p>\n\n\n\n<figure class=\"wp-block-gallery alignwide has-nested-images columns-default uag-masonry uagb-block-748720d2 wp-block-gallery-10 is-layout-flex\">\n<figure class=\"wp-block-image size-full\"><img decoding=\"async\" loading=\"lazy\" width=\"600\" height=\"400\" src=\"https:\/\/terratuscia.com\/wp-content\/uploads\/2022\/02\/regula-zwicky-work_12.jpg\" alt=\"\" class=\"wp-image-8797\" title=\"\"><\/figure>\n\n\n\n<figure class=\"wp-block-image size-full\"><img decoding=\"async\" loading=\"lazy\" width=\"600\" height=\"800\" src=\"https:\/\/terratuscia.com\/wp-content\/uploads\/2022\/02\/regula-zwicky-work_10.jpg\" alt=\"\" class=\"wp-image-8791\" srcset=\"https:\/\/terratuscia.com\/wp-content\/uploads\/2022\/02\/regula-zwicky-work_10.jpg 600w, https:\/\/terratuscia.com\/wp-content\/uploads\/2022\/02\/regula-zwicky-work_10-576x768.jpg 576w\" sizes=\"(max-width: 600px) 100vw, 600px\" title=\"\"><\/figure>\n\n\n\n<figure class=\"wp-block-image size-full\"><img decoding=\"async\" loading=\"lazy\" width=\"600\" height=\"800\" src=\"https:\/\/terratuscia.com\/wp-content\/uploads\/2022\/02\/regula-zwicky-work_9.jpg\" alt=\"\" class=\"wp-image-8788\" srcset=\"https:\/\/terratuscia.com\/wp-content\/uploads\/2022\/02\/regula-zwicky-work_9.jpg 600w, https:\/\/terratuscia.com\/wp-content\/uploads\/2022\/02\/regula-zwicky-work_9-576x768.jpg 576w\" sizes=\"(max-width: 600px) 100vw, 600px\" title=\"\"><\/figure>\n\n\n\n<figure class=\"wp-block-image size-full\"><img decoding=\"async\" loading=\"lazy\" width=\"600\" height=\"400\" src=\"https:\/\/terratuscia.com\/wp-content\/uploads\/2022\/02\/regula-zwicky-work_8.jpg\" alt=\"\" class=\"wp-image-8785\" title=\"\"><\/figure>\n\n\n\n<figure class=\"wp-block-image size-full\"><img decoding=\"async\" loading=\"lazy\" width=\"600\" height=\"800\" src=\"https:\/\/terratuscia.com\/wp-content\/uploads\/2022\/02\/regula-zwicky-work_6.jpg\" alt=\"\" class=\"wp-image-8779\" srcset=\"https:\/\/terratuscia.com\/wp-content\/uploads\/2022\/02\/regula-zwicky-work_6.jpg 600w, https:\/\/terratuscia.com\/wp-content\/uploads\/2022\/02\/regula-zwicky-work_6-576x768.jpg 576w\" sizes=\"(max-width: 600px) 100vw, 600px\" title=\"\"><\/figure>\n\n\n\n<figure class=\"wp-block-image size-full\"><img decoding=\"async\" loading=\"lazy\" width=\"600\" height=\"400\" src=\"https:\/\/terratuscia.com\/wp-content\/uploads\/2022\/02\/regula-zwicky-work_4.jpg\" alt=\"\" class=\"wp-image-8773\" title=\"\"><\/figure>\n<\/figure>\n\n\n\n<p>Faszinierende \u00fcberdimensionale Korallenformen, die im Auftrag von Elena Mazzi gefertigt und in einer Unterwasserinstallation auf den Meeresgrund in Ligurien gebracht wurden.<\/p>\n\n\n\n<figure class=\"wp-block-gallery alignwide has-nested-images columns-default is-cropped wp-block-gallery-12 is-layout-flex\">\n<figure class=\"wp-block-image size-large\"><img decoding=\"async\" loading=\"lazy\" width=\"600\" height=\"400\" src=\"https:\/\/terratuscia.com\/wp-content\/uploads\/2022\/02\/regula-zwicky-workshop_4.jpg\" alt=\"\" class=\"wp-image-8809\" title=\"\"><\/figure>\n\n\n\n<figure class=\"wp-block-image size-large\"><img decoding=\"async\" loading=\"lazy\" width=\"600\" height=\"400\" src=\"https:\/\/terratuscia.com\/wp-content\/uploads\/2022\/02\/regula-zwicky-workshop_3.jpg\" alt=\"\" class=\"wp-image-8806\" title=\"\"><\/figure>\n\n\n\n<figure class=\"wp-block-image size-large\"><img decoding=\"async\" loading=\"lazy\" width=\"600\" height=\"400\" src=\"https:\/\/terratuscia.com\/wp-content\/uploads\/2022\/02\/regula-zwicky-workshop_2.jpg\" alt=\"\" class=\"wp-image-8803\" title=\"\"><\/figure>\n<\/figure>\n\n\n\n<p>Wenn sie aus ihrer Werkstatt tritt, wird der Schatten eines gro\u00dfen Feigenbaumes zum Arbeitsplatz. Gibt es einen heiligeren Ort, um zu arbeiten? Der verwunschene Garten und das wundersch\u00f6ne liebevoll restaurierte Landh\u00e4uschen sind Lebensraum und Galerie zugleich. Kunst, wohin man blickt. Es lohnt sich, dort vorbeizuschauen.<\/p>\n\n\n\n<div class=\"wp-block-columns alignwide is-layout-flex wp-container-16\">\n<div class=\"wp-block-column is-vertically-aligned-center is-layout-flow\" style=\"flex-basis:33.33%\">\n<figure class=\"wp-block-image size-full\"><img decoding=\"async\" loading=\"lazy\" width=\"600\" height=\"400\" src=\"https:\/\/terratuscia.com\/wp-content\/uploads\/2022\/02\/regula-zwicky-profil-3.jpg\" alt=\"\" class=\"wp-image-8758\" title=\"\"><\/figure>\n<\/div>\n\n\n\n<div class=\"wp-block-column is-vertically-aligned-center is-layout-flow\" style=\"flex-basis:66.66%\">\n<p><strong>Regula gibt auch Steinmetzkurse<\/strong>. Sie ist eine wunderbare Lehrerin. Mit viel Einf\u00fchlungsverm\u00f6gen begleitet sie nicht nur die Fertigkeit, sondern wie es scheint auch den Menschen.<\/p>\n\n\n\n<p>Sie kreiert liebevoll Raum und Vertrauen frei nach Pippi Langstrumpf: \u201eIch hab das noch nie gemacht, also kann ich es.\u201c<\/p>\n\n\n\n<p>Auf <a href=\"https:\/\/www.regulastones.it\/\" target=\"_blank\" rel=\"noopener\">Regula\u2019s Seite<\/a> k\u00f6nnt Ihr noch viel mehr Details finden, Kommentare von Kunstexperten lesen und Abbildungen der unterschiedlichen Werke sehen.<\/p>\n<\/div>\n<\/div>\n<\/div>\n","protected":false},"excerpt":{"rendered":"<p>Link Regula ist Steinmetzin und Bildhauerin. Unter ihren H\u00e4nden entstehen bezaubernde Dinge. Dinge die dich ber\u00fchren. Die dich still werden lassen. Vor der Sch\u00f6nheit des Steins und dem begnadeten Kunsthandwerk. Regula Ein Tuch aus Marmor, drapiert auf dem Sofa in ihrem Haus. So delikat und fein, dass man es unbedingt ber\u00fchren m\u00f6chte und doch nicht.Zwei &hellip;<\/p>\n<p class=\"read-more\"> <a class=\"ast-button\" href=\"https:\/\/terratuscia.com\/de\/kunst-und-kultur\/regula-zwicky\/\"> <span class=\"screen-reader-text\">Regula Zwicky<\/span> Weiterlesen \u00bb<\/a><\/p>\n","protected":false},"author":1,"featured_media":8752,"parent":8818,"menu_order":0,"comment_status":"open","ping_status":"closed","template":"","meta":{"_uag_custom_page_level_css":"","site-sidebar-layout":"default","site-content-layout":"default","ast-global-header-display":"","ast-banner-title-visibility":"","ast-main-header-display":"","ast-hfb-above-header-display":"","ast-hfb-below-header-display":"","ast-hfb-mobile-header-display":"","site-post-title":"disabled","ast-breadcrumbs-content":"","ast-featured-img":"disabled","footer-sml-layout":"","theme-transparent-header-meta":"","adv-header-id-meta":"","stick-header-meta":"","header-above-stick-meta":"","header-main-stick-meta":"","header-below-stick-meta":""},"uagb_featured_image_src":{"full":["https:\/\/terratuscia.com\/wp-content\/uploads\/2022\/02\/regula-zwicky-profil-1.jpg",600,400,false],"thumbnail":["https:\/\/terratuscia.com\/wp-content\/uploads\/2022\/02\/regula-zwicky-profil-1-150x150.jpg",150,150,true],"medium":["https:\/\/terratuscia.com\/wp-content\/uploads\/2022\/02\/regula-zwicky-profil-1.jpg",600,400,false],"medium_large":["https:\/\/terratuscia.com\/wp-content\/uploads\/2022\/02\/regula-zwicky-profil-1.jpg",600,400,false],"large":["https:\/\/terratuscia.com\/wp-content\/uploads\/2022\/02\/regula-zwicky-profil-1.jpg",600,400,false],"1536x1536":["https:\/\/terratuscia.com\/wp-content\/uploads\/2022\/02\/regula-zwicky-profil-1.jpg",600,400,false],"2048x2048":["https:\/\/terratuscia.com\/wp-content\/uploads\/2022\/02\/regula-zwicky-profil-1.jpg",600,400,false],"woocommerce_thumbnail":["https:\/\/terratuscia.com\/wp-content\/uploads\/2022\/02\/regula-zwicky-profil-1-350x350.jpg",350,350,true],"woocommerce_single":["https:\/\/terratuscia.com\/wp-content\/uploads\/2022\/02\/regula-zwicky-profil-1.jpg",600,400,false],"woocommerce_gallery_thumbnail":["https:\/\/terratuscia.com\/wp-content\/uploads\/2022\/02\/regula-zwicky-profil-1-200x200.jpg",200,200,true]},"uagb_author_info":{"display_name":"HolgerD","author_link":"https:\/\/terratuscia.com\/de\/author\/holgerd\/"},"uagb_comment_info":1,"uagb_excerpt":"Link Regula ist Steinmetzin und Bildhauerin. Unter ihren H\u00e4nden entstehen bezaubernde Dinge. Dinge die dich ber\u00fchren. Die dich still werden lassen. Vor der Sch\u00f6nheit des Steins und dem begnadeten Kunsthandwerk. Regula Ein Tuch aus Marmor, drapiert auf dem Sofa in ihrem Haus. So delikat und fein, dass man es unbedingt ber\u00fchren m\u00f6chte und doch nicht.Zwei&hellip;","_links":{"self":[{"href":"https:\/\/terratuscia.com\/de\/wp-json\/wp\/v2\/pages\/8820"}],"collection":[{"href":"https:\/\/terratuscia.com\/de\/wp-json\/wp\/v2\/pages"}],"about":[{"href":"https:\/\/terratuscia.com\/de\/wp-json\/wp\/v2\/types\/page"}],"author":[{"embeddable":true,"href":"https:\/\/terratuscia.com\/de\/wp-json\/wp\/v2\/users\/1"}],"replies":[{"embeddable":true,"href":"https:\/\/terratuscia.com\/de\/wp-json\/wp\/v2\/comments?post=8820"}],"version-history":[{"count":2,"href":"https:\/\/terratuscia.com\/de\/wp-json\/wp\/v2\/pages\/8820\/revisions"}],"predecessor-version":[{"id":15027,"href":"https:\/\/terratuscia.com\/de\/wp-json\/wp\/v2\/pages\/8820\/revisions\/15027"}],"up":[{"embeddable":true,"href":"https:\/\/terratuscia.com\/de\/wp-json\/wp\/v2\/pages\/8818"}],"wp:featuredmedia":[{"embeddable":true,"href":"https:\/\/terratuscia.com\/de\/wp-json\/wp\/v2\/media\/8752"}],"wp:attachment":[{"href":"https:\/\/terratuscia.com\/de\/wp-json\/wp\/v2\/media?parent=8820"}],"curies":[{"name":"wp","href":"https:\/\/api.w.org\/{rel}","templated":true}]}}