{"id":8818,"date":"2022-02-22T14:59:44","date_gmt":"2022-02-22T13:59:44","guid":{"rendered":"https:\/\/terratuscia.com\/?page_id=8818"},"modified":"2023-01-17T18:41:12","modified_gmt":"2023-01-17T17:41:12","slug":"kunst-und-kultur","status":"publish","type":"page","link":"https:\/\/terratuscia.com\/de\/kunst-und-kultur\/","title":{"rendered":"Kunst und Kultur"},"content":{"rendered":"<div class=\"pt-cv-wrapper\"><div class=\"pt-cv-view pt-cv-grid pt-cv-colsys\" id=\"pt-cv-view-17e2b5foc7\"><div data-id=\"pt-cv-page-1\" class=\"pt-cv-page\" data-cvc=\"4\"><div class=\"col-md-3 col-sm-4 col-xs-12 pt-cv-content-item pt-cv-1-col\" ><div class='pt-cv-ifield'><a href=\"https:\/\/terratuscia.com\/de\/kunst-und-kultur\/francesco-marzetti\/\" class=\"_self pt-cv-href-thumbnail pt-cv-thumb-default\" target=\"_self\" ><img width=\"600\" height=\"400\" src=\"https:\/\/terratuscia.com\/wp-content\/uploads\/2022\/02\/francesco-marzetti-profil.jpg\" class=\"pt-cv-thumbnail\" alt=\"\" decoding=\"async\" loading=\"lazy\" title=\"\"><\/a>\n<h4 class=\"pt-cv-title\"><a href=\"https:\/\/terratuscia.com\/de\/kunst-und-kultur\/francesco-marzetti\/\" class=\"_self\" target=\"_self\" >Francesco Marzetti<\/a><\/h4>\n<div class=\"pt-cv-content\">Francesco Marzetti <ul class=\"wp-block-social-links alignright has-small-icon-size items-justified-right items-justified-center\"> <\/ul> Es ist schwierig, Francesco auf eine Kunstrichtung festzulegen. Seine Kunstwerke haben aber eines gemeinsam: Francesco gibt allem was er sieht eine Seele und ein Gesicht. Er ...<br \/><a href=\"https:\/\/terratuscia.com\/de\/kunst-und-kultur\/francesco-marzetti\/\" class=\"_self pt-cv-readmore btn btn-success\" target=\"_self\">Weiterlesen \u2026<\/a><\/div><\/div><\/div>\n<div class=\"col-md-3 col-sm-4 col-xs-12 pt-cv-content-item pt-cv-1-col\" ><div class='pt-cv-ifield'><a href=\"https:\/\/terratuscia.com\/de\/kunst-und-kultur\/michela-petrocchi\/\" class=\"_self pt-cv-href-thumbnail pt-cv-thumb-default\" target=\"_self\" ><img width=\"600\" height=\"400\" src=\"https:\/\/terratuscia.com\/wp-content\/uploads\/2022\/02\/michela-storie-di-terra-15.jpg\" class=\"pt-cv-thumbnail\" alt=\"\" decoding=\"async\" loading=\"lazy\" title=\"\"><\/a>\n<h4 class=\"pt-cv-title\"><a href=\"https:\/\/terratuscia.com\/de\/kunst-und-kultur\/michela-petrocchi\/\" class=\"_self\" target=\"_self\" >Michela Petrocchi<\/a><\/h4>\n<div class=\"pt-cv-content\">Michela Petrocchi <ul class=\"wp-block-social-links alignright has-small-icon-size items-justified-right items-justified-center\"> <\/ul> <em>Michela<\/em> Schon vor einigen Jahren begann ich, das Leben in meiner Region mit meiner Kamera zu beobachten und festzuhalten. Das was mich ber\u00fchrt, das was wertvoll ...<br \/><a href=\"https:\/\/terratuscia.com\/de\/kunst-und-kultur\/michela-petrocchi\/\" class=\"_self pt-cv-readmore btn btn-success\" target=\"_self\">Weiterlesen \u2026<\/a><\/div><\/div><\/div>\n<div class=\"col-md-3 col-sm-4 col-xs-12 pt-cv-content-item pt-cv-1-col\" ><div class='pt-cv-ifield'><a href=\"https:\/\/terratuscia.com\/de\/kunst-und-kultur\/regula-zwicky\/\" class=\"_self pt-cv-href-thumbnail pt-cv-thumb-default\" target=\"_self\" ><img width=\"600\" height=\"400\" src=\"https:\/\/terratuscia.com\/wp-content\/uploads\/2022\/02\/regula-zwicky-profil-1.jpg\" class=\"pt-cv-thumbnail\" alt=\"\" decoding=\"async\" loading=\"lazy\" title=\"\"><\/a>\n<h4 class=\"pt-cv-title\"><a href=\"https:\/\/terratuscia.com\/de\/kunst-und-kultur\/regula-zwicky\/\" class=\"_self\" target=\"_self\" >Regula Zwicky<\/a><\/h4>\n<div class=\"pt-cv-content\">Regula Zwicky <ul class=\"wp-block-social-links alignright has-small-icon-size items-justified-right items-justified-center\"><\/ul> Regula ist Steinmetzin und Bildhauerin. Unter ihren H\u00e4nden entstehen bezaubernde Dinge. Dinge die dich ber\u00fchren. Die dich still werden lassen. Vor der Sch\u00f6nheit des Steins und dem ...<br \/><a href=\"https:\/\/terratuscia.com\/de\/kunst-und-kultur\/regula-zwicky\/\" class=\"_self pt-cv-readmore btn btn-success\" target=\"_self\">Weiterlesen \u2026<\/a><\/div><\/div><\/div><\/div><\/div><\/div>\n","protected":false},"excerpt":{"rendered":"<p>Link Regula ist Steinmetzin und Bildhauerin. Unter ihren H\u00e4nden entstehen bezaubernde Dinge. Dinge die dich ber\u00fchren. Die dich still werden lassen. Vor der Sch\u00f6nheit des Steins und dem begnadeten Kunsthandwerk. Regula Ein Tuch aus Marmor, drapiert auf dem Sofa in ihrem Haus. So delikat und fein, dass man es unbedingt ber\u00fchren m\u00f6chte und doch nicht.Zwei &hellip;<\/p>\n<p class=\"read-more\"> <a class=\"ast-button\" href=\"https:\/\/terratuscia.com\/de\/kunst-und-kultur\/\"> <span class=\"screen-reader-text\">Kunst und Kultur<\/span> Weiterlesen \u00bb<\/a><\/p>\n","protected":false},"author":1,"featured_media":0,"parent":0,"menu_order":0,"comment_status":"closed","ping_status":"closed","template":"","meta":{"_uag_custom_page_level_css":"","site-sidebar-layout":"default","site-content-layout":"default","ast-global-header-display":"","ast-banner-title-visibility":"","ast-main-header-display":"","ast-hfb-above-header-display":"","ast-hfb-below-header-display":"","ast-hfb-mobile-header-display":"","site-post-title":"","ast-breadcrumbs-content":"","ast-featured-img":"","footer-sml-layout":"","theme-transparent-header-meta":"","adv-header-id-meta":"","stick-header-meta":"","header-above-stick-meta":"","header-main-stick-meta":"","header-below-stick-meta":""},"uagb_featured_image_src":{"full":false,"thumbnail":false,"medium":false,"medium_large":false,"large":false,"1536x1536":false,"2048x2048":false,"woocommerce_thumbnail":false,"woocommerce_single":false,"woocommerce_gallery_thumbnail":false},"uagb_author_info":{"display_name":"HolgerD","author_link":"https:\/\/terratuscia.com\/de\/author\/holgerd\/"},"uagb_comment_info":0,"uagb_excerpt":"Link Regula ist Steinmetzin und Bildhauerin. Unter ihren H\u00e4nden entstehen bezaubernde Dinge. Dinge die dich ber\u00fchren. Die dich still werden lassen. Vor der Sch\u00f6nheit des Steins und dem begnadeten Kunsthandwerk. Regula Ein Tuch aus Marmor, drapiert auf dem Sofa in ihrem Haus. So delikat und fein, dass man es unbedingt ber\u00fchren m\u00f6chte und doch nicht.Zwei&hellip;","_links":{"self":[{"href":"https:\/\/terratuscia.com\/de\/wp-json\/wp\/v2\/pages\/8818"}],"collection":[{"href":"https:\/\/terratuscia.com\/de\/wp-json\/wp\/v2\/pages"}],"about":[{"href":"https:\/\/terratuscia.com\/de\/wp-json\/wp\/v2\/types\/page"}],"author":[{"embeddable":true,"href":"https:\/\/terratuscia.com\/de\/wp-json\/wp\/v2\/users\/1"}],"replies":[{"embeddable":true,"href":"https:\/\/terratuscia.com\/de\/wp-json\/wp\/v2\/comments?post=8818"}],"version-history":[{"count":2,"href":"https:\/\/terratuscia.com\/de\/wp-json\/wp\/v2\/pages\/8818\/revisions"}],"predecessor-version":[{"id":14983,"href":"https:\/\/terratuscia.com\/de\/wp-json\/wp\/v2\/pages\/8818\/revisions\/14983"}],"wp:attachment":[{"href":"https:\/\/terratuscia.com\/de\/wp-json\/wp\/v2\/media?parent=8818"}],"curies":[{"name":"wp","href":"https:\/\/api.w.org\/{rel}","templated":true}]}}