{"id":8222,"date":"2022-02-17T10:36:50","date_gmt":"2022-02-17T09:36:50","guid":{"rendered":"https:\/\/terratuscia.com\/?page_id=8222"},"modified":"2023-01-05T22:05:40","modified_gmt":"2023-01-05T21:05:40","slug":"orto-delle-fate","status":"publish","type":"page","link":"https:\/\/terratuscia.com\/de\/agriturismi\/orto-delle-fate\/","title":{"rendered":"L&#8217;Orto delle Fate"},"content":{"rendered":"\n<div class=\"wp-block-group alignwide wp-block-group-hdm-no-margin has-white-background-color has-background is-layout-flow\">\n<div class=\"wp-block-columns alignwide is-layout-flex wp-container-4\">\n<div class=\"wp-block-column is-layout-flow\">\n<h1 class=\"has-text-align-left wp-block-heading\">L&#8217;Orto delle Fate<\/h1>\n<\/div>\n\n\n\n<div class=\"wp-block-column is-vertically-aligned-center is-layout-flow\">\n<ul class=\"wp-block-social-links alignright has-small-icon-size items-justified-right items-justified-center is-layout-flex\"><li class=\"wp-social-link wp-social-link-chain wp-block-social-link\"><a rel=\" noopener nofollow\" target=\"_blank\" href=\"https:\/\/www.ortodellefate.it\" class=\"wp-block-social-link-anchor\"><svg width=\"24\" height=\"24\" viewBox=\"0 0 24 24\" version=\"1.1\" xmlns=\"http:\/\/www.w3.org\/2000\/svg\" aria-hidden=\"true\" focusable=\"false\"><path d=\"M19.647,16.706a1.134,1.134,0,0,0-.343-.833l-2.549-2.549a1.134,1.134,0,0,0-.833-.343,1.168,1.168,0,0,0-.883.392l.233.226q.2.189.264.264a2.922,2.922,0,0,1,.184.233.986.986,0,0,1,.159.312,1.242,1.242,0,0,1,.043.337,1.172,1.172,0,0,1-1.176,1.176,1.237,1.237,0,0,1-.337-.043,1,1,0,0,1-.312-.159,2.76,2.76,0,0,1-.233-.184q-.073-.068-.264-.264l-.226-.233a1.19,1.19,0,0,0-.4.895,1.134,1.134,0,0,0,.343.833L15.837,19.3a1.13,1.13,0,0,0,.833.331,1.18,1.18,0,0,0,.833-.318l1.8-1.789a1.12,1.12,0,0,0,.343-.821Zm-8.615-8.64a1.134,1.134,0,0,0-.343-.833L8.163,4.7a1.134,1.134,0,0,0-.833-.343,1.184,1.184,0,0,0-.833.331L4.7,6.473a1.12,1.12,0,0,0-.343.821,1.134,1.134,0,0,0,.343.833l2.549,2.549a1.13,1.13,0,0,0,.833.331,1.184,1.184,0,0,0,.883-.38L8.728,10.4q-.2-.189-.264-.264A2.922,2.922,0,0,1,8.28,9.9a.986.986,0,0,1-.159-.312,1.242,1.242,0,0,1-.043-.337A1.172,1.172,0,0,1,9.254,8.079a1.237,1.237,0,0,1,.337.043,1,1,0,0,1,.312.159,2.761,2.761,0,0,1,.233.184q.073.068.264.264l.226.233a1.19,1.19,0,0,0,.4-.895ZM22,16.706a3.343,3.343,0,0,1-1.042,2.488l-1.8,1.789a3.536,3.536,0,0,1-4.988-.025l-2.525-2.537a3.384,3.384,0,0,1-1.017-2.488,3.448,3.448,0,0,1,1.078-2.561l-1.078-1.078a3.434,3.434,0,0,1-2.549,1.078,3.4,3.4,0,0,1-2.5-1.029L3.029,9.794A3.4,3.4,0,0,1,2,7.294,3.343,3.343,0,0,1,3.042,4.806l1.8-1.789A3.384,3.384,0,0,1,7.331,2a3.357,3.357,0,0,1,2.5,1.042l2.525,2.537a3.384,3.384,0,0,1,1.017,2.488,3.448,3.448,0,0,1-1.078,2.561l1.078,1.078a3.551,3.551,0,0,1,5.049-.049l2.549,2.549A3.4,3.4,0,0,1,22,16.706Z\"><\/path><\/svg><span class=\"wp-block-social-link-label screen-reader-text\">Link<\/span><\/a><\/li>\n\n<li class=\"wp-social-link wp-social-link-instagram wp-block-social-link\"><a rel=\" noopener nofollow\" target=\"_blank\" href=\"https:\/\/www.instagram.com\/ortodellefate\/\" class=\"wp-block-social-link-anchor\"><svg width=\"24\" height=\"24\" viewBox=\"0 0 24 24\" version=\"1.1\" xmlns=\"http:\/\/www.w3.org\/2000\/svg\" aria-hidden=\"true\" focusable=\"false\"><path d=\"M12,4.622c2.403,0,2.688,0.009,3.637,0.052c0.877,0.04,1.354,0.187,1.671,0.31c0.42,0.163,0.72,0.358,1.035,0.673 c0.315,0.315,0.51,0.615,0.673,1.035c0.123,0.317,0.27,0.794,0.31,1.671c0.043,0.949,0.052,1.234,0.052,3.637 s-0.009,2.688-0.052,3.637c-0.04,0.877-0.187,1.354-0.31,1.671c-0.163,0.42-0.358,0.72-0.673,1.035 c-0.315,0.315-0.615,0.51-1.035,0.673c-0.317,0.123-0.794,0.27-1.671,0.31c-0.949,0.043-1.233,0.052-3.637,0.052 s-2.688-0.009-3.637-0.052c-0.877-0.04-1.354-0.187-1.671-0.31c-0.42-0.163-0.72-0.358-1.035-0.673 c-0.315-0.315-0.51-0.615-0.673-1.035c-0.123-0.317-0.27-0.794-0.31-1.671C4.631,14.688,4.622,14.403,4.622,12 s0.009-2.688,0.052-3.637c0.04-0.877,0.187-1.354,0.31-1.671c0.163-0.42,0.358-0.72,0.673-1.035 c0.315-0.315,0.615-0.51,1.035-0.673c0.317-0.123,0.794-0.27,1.671-0.31C9.312,4.631,9.597,4.622,12,4.622 M12,3 C9.556,3,9.249,3.01,8.289,3.054C7.331,3.098,6.677,3.25,6.105,3.472C5.513,3.702,5.011,4.01,4.511,4.511 c-0.5,0.5-0.808,1.002-1.038,1.594C3.25,6.677,3.098,7.331,3.054,8.289C3.01,9.249,3,9.556,3,12c0,2.444,0.01,2.751,0.054,3.711 c0.044,0.958,0.196,1.612,0.418,2.185c0.23,0.592,0.538,1.094,1.038,1.594c0.5,0.5,1.002,0.808,1.594,1.038 c0.572,0.222,1.227,0.375,2.185,0.418C9.249,20.99,9.556,21,12,21s2.751-0.01,3.711-0.054c0.958-0.044,1.612-0.196,2.185-0.418 c0.592-0.23,1.094-0.538,1.594-1.038c0.5-0.5,0.808-1.002,1.038-1.594c0.222-0.572,0.375-1.227,0.418-2.185 C20.99,14.751,21,14.444,21,12s-0.01-2.751-0.054-3.711c-0.044-0.958-0.196-1.612-0.418-2.185c-0.23-0.592-0.538-1.094-1.038-1.594 c-0.5-0.5-1.002-0.808-1.594-1.038c-0.572-0.222-1.227-0.375-2.185-0.418C14.751,3.01,14.444,3,12,3L12,3z M12,7.378 c-2.552,0-4.622,2.069-4.622,4.622S9.448,16.622,12,16.622s4.622-2.069,4.622-4.622S14.552,7.378,12,7.378z M12,15 c-1.657,0-3-1.343-3-3s1.343-3,3-3s3,1.343,3,3S13.657,15,12,15z M16.804,6.116c-0.596,0-1.08,0.484-1.08,1.08 s0.484,1.08,1.08,1.08c0.596,0,1.08-0.484,1.08-1.08S17.401,6.116,16.804,6.116z\"><\/path><\/svg><span class=\"wp-block-social-link-label screen-reader-text\">Instagram<\/span><\/a><\/li>\n\n<li class=\"wp-social-link wp-social-link-facebook wp-block-social-link\"><a rel=\" noopener nofollow\" target=\"_blank\" href=\"https:\/\/www.facebook.com\/AgriturismoOrtoDelleFate\/\" class=\"wp-block-social-link-anchor\"><svg width=\"24\" height=\"24\" viewBox=\"0 0 24 24\" version=\"1.1\" xmlns=\"http:\/\/www.w3.org\/2000\/svg\" aria-hidden=\"true\" focusable=\"false\"><path d=\"M12 2C6.5 2 2 6.5 2 12c0 5 3.7 9.1 8.4 9.9v-7H7.9V12h2.5V9.8c0-2.5 1.5-3.9 3.8-3.9 1.1 0 2.2.2 2.2.2v2.5h-1.3c-1.2 0-1.6.8-1.6 1.6V12h2.8l-.4 2.9h-2.3v7C18.3 21.1 22 17 22 12c0-5.5-4.5-10-10-10z\"><\/path><\/svg><span class=\"wp-block-social-link-label screen-reader-text\">Facebook<\/span><\/a><\/li><\/ul>\n<\/div>\n<\/div>\n\n\n\n<blockquote class=\"wp-block-quote is-style-default\">\n<p>Das Agriturismo L\u00b4Orto delle Fate (Feengarten) liegt wie verwunschen an den Ufern des Bolsena Sees.<\/p>\n<\/blockquote>\n\n\n\n<figure class=\"wp-block-image alignwide size-full is-style-rounded\"><img decoding=\"async\" loading=\"lazy\" width=\"1200\" height=\"400\" src=\"https:\/\/terratuscia.com\/wp-content\/uploads\/2022\/02\/orto-delle-fate-banner.jpg\" alt=\"\" class=\"wp-image-8216\" srcset=\"https:\/\/terratuscia.com\/wp-content\/uploads\/2022\/02\/orto-delle-fate-banner.jpg 1200w, https:\/\/terratuscia.com\/wp-content\/uploads\/2022\/02\/orto-delle-fate-banner-768x256.jpg 768w\" sizes=\"(max-width: 1200px) 100vw, 1200px\" title=\"\"><figcaption class=\"wp-element-caption\"><em>Renata, Giulia, Humberto<\/em><\/figcaption><\/figure>\n\n\n\n<p>Bei der Giulia und ihrer Mutter Renata, Herz und Seele von Orto delle Fate, kann man t\u00e4glich frisches Obst und Gem\u00fcse direkt aus ihrem biologischen Gem\u00fcsegarten kaufen. Oder man l\u00e4sst sich von Giulia und Humberto in der K\u00fcche des Merlin verw\u00f6hnen. Je nach Saison und frisch aus dem Garten bereiten sie Vorspeisen, Nudelgerichte aus eigenem biologischen Getreideanbau, Fleisch und Fisch sowie hausgemachte Desserts.<\/p>\n\n\n\n<figure class=\"wp-block-gallery alignwide has-nested-images columns-default is-cropped wp-block-gallery-5 is-layout-flex\">\n<figure class=\"wp-block-image size-large\"><img decoding=\"async\" loading=\"lazy\" width=\"600\" height=\"400\" src=\"https:\/\/terratuscia.com\/wp-content\/uploads\/2022\/02\/orto-delle-fate-7.jpg\" alt=\"\" class=\"wp-image-8210\" title=\"\"><\/figure>\n\n\n\n<figure class=\"wp-block-image size-large\"><img decoding=\"async\" loading=\"lazy\" width=\"600\" height=\"400\" src=\"https:\/\/terratuscia.com\/wp-content\/uploads\/2022\/02\/orto-delle-fate-6.jpg\" alt=\"\" class=\"wp-image-8207\" title=\"\"><\/figure>\n\n\n\n<figure class=\"wp-block-image size-large\"><img decoding=\"async\" loading=\"lazy\" width=\"600\" height=\"400\" src=\"https:\/\/terratuscia.com\/wp-content\/uploads\/2022\/02\/orto-delle-fate-5.jpg\" alt=\"\" class=\"wp-image-8204\" title=\"\"><\/figure>\n\n\n\n<figure class=\"wp-block-image size-large\"><img decoding=\"async\" loading=\"lazy\" width=\"600\" height=\"400\" src=\"https:\/\/terratuscia.com\/wp-content\/uploads\/2022\/02\/orto-delle-fate-3.jpg\" alt=\"\" class=\"wp-image-8198\" title=\"\"><\/figure>\n\n\n\n<figure class=\"wp-block-image size-large\"><img decoding=\"async\" loading=\"lazy\" width=\"600\" height=\"400\" src=\"https:\/\/terratuscia.com\/wp-content\/uploads\/2022\/02\/orto-delle-fate-1.jpg\" alt=\"\" class=\"wp-image-8192\" title=\"\"><\/figure>\n<\/figure>\n\n\n\n<p>Die kleinen liebevoll eingerichteten Ferienh\u00e4uschen liegen inmitten eines jahrhundertalten Olivenhains, umgeben von einem wundersch\u00f6nen \u00fcppigen Garten. Der See ist nur wenige Gehminuten entfernt.<br>Es gibt einen Gemeinschaftsraum mit gem\u00fctlichem Kamin und verschiedene Terrassen und Ruhepl\u00e4tzchen.&nbsp;<\/p>\n\n\n\n<figure class=\"wp-block-gallery alignwide has-nested-images columns-default is-cropped wp-block-gallery-7 is-layout-flex\">\n<figure class=\"wp-block-image size-large\"><img decoding=\"async\" loading=\"lazy\" width=\"600\" height=\"400\" src=\"https:\/\/terratuscia.com\/wp-content\/uploads\/2022\/02\/orto-delle-fate-8.jpg\" alt=\"\" class=\"wp-image-8213\" title=\"\"><\/figure>\n\n\n\n<figure class=\"wp-block-image size-large\"><img decoding=\"async\" loading=\"lazy\" width=\"600\" height=\"400\" src=\"https:\/\/terratuscia.com\/wp-content\/uploads\/2022\/02\/orto-delle-fate-10.jpg\" alt=\"\" class=\"wp-image-8237\" title=\"\"><\/figure>\n\n\n\n<figure class=\"wp-block-image size-large\"><img decoding=\"async\" loading=\"lazy\" width=\"600\" height=\"400\" src=\"https:\/\/terratuscia.com\/wp-content\/uploads\/2022\/02\/orto-delle-fate-4.jpg\" alt=\"\" class=\"wp-image-8201\" title=\"\"><\/figure>\n\n\n\n<figure class=\"wp-block-image size-large\"><img decoding=\"async\" loading=\"lazy\" width=\"600\" height=\"400\" src=\"https:\/\/terratuscia.com\/wp-content\/uploads\/2022\/02\/orto-delle-fate-2.jpg\" alt=\"\" class=\"wp-image-8195\" title=\"\"><\/figure>\n\n\n\n<figure class=\"wp-block-image size-large\"><img decoding=\"async\" loading=\"lazy\" width=\"600\" height=\"400\" src=\"https:\/\/terratuscia.com\/wp-content\/uploads\/2022\/02\/orto-delle-fate-9.jpg\" alt=\"\" class=\"wp-image-8230\" title=\"\"><\/figure>\n<\/figure>\n<\/div>\n","protected":false},"excerpt":{"rendered":"<p>Link Instagram Facebook Das Agriturismo L\u00b4Orto delle Fate (Feengarten) liegt wie verwunschen an den Ufern des Bolsena Sees. Renata, Giulia, Humberto Bei der Giulia und ihrer Mutter Renata, Herz und Seele von Orto delle Fate, kann man t\u00e4glich frisches Obst und Gem\u00fcse direkt aus ihrem biologischen Gem\u00fcsegarten kaufen. Oder man l\u00e4sst sich von Giulia und &hellip;<\/p>\n<p class=\"read-more\"> <a class=\"ast-button\" href=\"https:\/\/terratuscia.com\/de\/agriturismi\/orto-delle-fate\/\"> <span class=\"screen-reader-text\">L&#8217;Orto delle Fate<\/span> Weiterlesen \u00bb<\/a><\/p>\n","protected":false},"author":1,"featured_media":8219,"parent":6362,"menu_order":0,"comment_status":"open","ping_status":"closed","template":"","meta":{"_uag_custom_page_level_css":"","site-sidebar-layout":"default","site-content-layout":"default","ast-global-header-display":"","ast-banner-title-visibility":"","ast-main-header-display":"","ast-hfb-above-header-display":"","ast-hfb-below-header-display":"","ast-hfb-mobile-header-display":"","site-post-title":"disabled","ast-breadcrumbs-content":"","ast-featured-img":"disabled","footer-sml-layout":"","theme-transparent-header-meta":"","adv-header-id-meta":"","stick-header-meta":"","header-above-stick-meta":"","header-main-stick-meta":"","header-below-stick-meta":""},"uagb_featured_image_src":{"full":["https:\/\/terratuscia.com\/wp-content\/uploads\/2022\/02\/orto-delle-fate-profil.jpg",600,400,false],"thumbnail":["https:\/\/terratuscia.com\/wp-content\/uploads\/2022\/02\/orto-delle-fate-profil-150x150.jpg",150,150,true],"medium":["https:\/\/terratuscia.com\/wp-content\/uploads\/2022\/02\/orto-delle-fate-profil.jpg",600,400,false],"medium_large":["https:\/\/terratuscia.com\/wp-content\/uploads\/2022\/02\/orto-delle-fate-profil.jpg",600,400,false],"large":["https:\/\/terratuscia.com\/wp-content\/uploads\/2022\/02\/orto-delle-fate-profil.jpg",600,400,false],"1536x1536":["https:\/\/terratuscia.com\/wp-content\/uploads\/2022\/02\/orto-delle-fate-profil.jpg",600,400,false],"2048x2048":["https:\/\/terratuscia.com\/wp-content\/uploads\/2022\/02\/orto-delle-fate-profil.jpg",600,400,false],"woocommerce_thumbnail":["https:\/\/terratuscia.com\/wp-content\/uploads\/2022\/02\/orto-delle-fate-profil-350x350.jpg",350,350,true],"woocommerce_single":["https:\/\/terratuscia.com\/wp-content\/uploads\/2022\/02\/orto-delle-fate-profil.jpg",600,400,false],"woocommerce_gallery_thumbnail":["https:\/\/terratuscia.com\/wp-content\/uploads\/2022\/02\/orto-delle-fate-profil-200x200.jpg",200,200,true]},"uagb_author_info":{"display_name":"HolgerD","author_link":"https:\/\/terratuscia.com\/de\/author\/holgerd\/"},"uagb_comment_info":0,"uagb_excerpt":"Link Instagram Facebook Das Agriturismo L\u00b4Orto delle Fate (Feengarten) liegt wie verwunschen an den Ufern des Bolsena Sees. Renata, Giulia, Humberto Bei der Giulia und ihrer Mutter Renata, Herz und Seele von Orto delle Fate, kann man t\u00e4glich frisches Obst und Gem\u00fcse direkt aus ihrem biologischen Gem\u00fcsegarten kaufen. Oder man l\u00e4sst sich von Giulia und&hellip;","_links":{"self":[{"href":"https:\/\/terratuscia.com\/de\/wp-json\/wp\/v2\/pages\/8222"}],"collection":[{"href":"https:\/\/terratuscia.com\/de\/wp-json\/wp\/v2\/pages"}],"about":[{"href":"https:\/\/terratuscia.com\/de\/wp-json\/wp\/v2\/types\/page"}],"author":[{"embeddable":true,"href":"https:\/\/terratuscia.com\/de\/wp-json\/wp\/v2\/users\/1"}],"replies":[{"embeddable":true,"href":"https:\/\/terratuscia.com\/de\/wp-json\/wp\/v2\/comments?post=8222"}],"version-history":[{"count":2,"href":"https:\/\/terratuscia.com\/de\/wp-json\/wp\/v2\/pages\/8222\/revisions"}],"predecessor-version":[{"id":15419,"href":"https:\/\/terratuscia.com\/de\/wp-json\/wp\/v2\/pages\/8222\/revisions\/15419"}],"up":[{"embeddable":true,"href":"https:\/\/terratuscia.com\/de\/wp-json\/wp\/v2\/pages\/6362"}],"wp:featuredmedia":[{"embeddable":true,"href":"https:\/\/terratuscia.com\/de\/wp-json\/wp\/v2\/media\/8219"}],"wp:attachment":[{"href":"https:\/\/terratuscia.com\/de\/wp-json\/wp\/v2\/media?parent=8222"}],"curies":[{"name":"wp","href":"https:\/\/api.w.org\/{rel}","templated":true}]}}