{"id":6652,"date":"2022-02-11T11:49:21","date_gmt":"2022-02-11T10:49:21","guid":{"rendered":"https:\/\/terratuscia.com\/?page_id=6652"},"modified":"2023-01-05T22:07:35","modified_gmt":"2023-01-05T21:07:35","slug":"pian-del-grano","status":"publish","type":"page","link":"https:\/\/terratuscia.com\/de\/agriturismi\/pian-del-grano\/","title":{"rendered":"Pian del Grano"},"content":{"rendered":"\n<div class=\"wp-block-group alignwide wp-block-group-hdm-no-margin has-white-background-color has-background is-layout-flow\">\n<div class=\"wp-block-columns alignwide is-layout-flex wp-container-4\">\n<div class=\"wp-block-column is-layout-flow\">\n<h1 class=\"has-text-align-left wp-block-heading\">Pian del Grano<\/h1>\n<\/div>\n\n\n\n<div class=\"wp-block-column is-vertically-aligned-center is-layout-flow\">\n<ul class=\"wp-block-social-links alignright has-small-icon-size items-justified-right items-justified-center is-layout-flex\"><li class=\"wp-social-link wp-social-link-chain wp-block-social-link\"><a rel=\" noopener nofollow\" target=\"_blank\" href=\"http:\/\/www.piandelgrano.it\" class=\"wp-block-social-link-anchor\"><svg width=\"24\" height=\"24\" viewBox=\"0 0 24 24\" version=\"1.1\" xmlns=\"http:\/\/www.w3.org\/2000\/svg\" aria-hidden=\"true\" focusable=\"false\"><path d=\"M19.647,16.706a1.134,1.134,0,0,0-.343-.833l-2.549-2.549a1.134,1.134,0,0,0-.833-.343,1.168,1.168,0,0,0-.883.392l.233.226q.2.189.264.264a2.922,2.922,0,0,1,.184.233.986.986,0,0,1,.159.312,1.242,1.242,0,0,1,.043.337,1.172,1.172,0,0,1-1.176,1.176,1.237,1.237,0,0,1-.337-.043,1,1,0,0,1-.312-.159,2.76,2.76,0,0,1-.233-.184q-.073-.068-.264-.264l-.226-.233a1.19,1.19,0,0,0-.4.895,1.134,1.134,0,0,0,.343.833L15.837,19.3a1.13,1.13,0,0,0,.833.331,1.18,1.18,0,0,0,.833-.318l1.8-1.789a1.12,1.12,0,0,0,.343-.821Zm-8.615-8.64a1.134,1.134,0,0,0-.343-.833L8.163,4.7a1.134,1.134,0,0,0-.833-.343,1.184,1.184,0,0,0-.833.331L4.7,6.473a1.12,1.12,0,0,0-.343.821,1.134,1.134,0,0,0,.343.833l2.549,2.549a1.13,1.13,0,0,0,.833.331,1.184,1.184,0,0,0,.883-.38L8.728,10.4q-.2-.189-.264-.264A2.922,2.922,0,0,1,8.28,9.9a.986.986,0,0,1-.159-.312,1.242,1.242,0,0,1-.043-.337A1.172,1.172,0,0,1,9.254,8.079a1.237,1.237,0,0,1,.337.043,1,1,0,0,1,.312.159,2.761,2.761,0,0,1,.233.184q.073.068.264.264l.226.233a1.19,1.19,0,0,0,.4-.895ZM22,16.706a3.343,3.343,0,0,1-1.042,2.488l-1.8,1.789a3.536,3.536,0,0,1-4.988-.025l-2.525-2.537a3.384,3.384,0,0,1-1.017-2.488,3.448,3.448,0,0,1,1.078-2.561l-1.078-1.078a3.434,3.434,0,0,1-2.549,1.078,3.4,3.4,0,0,1-2.5-1.029L3.029,9.794A3.4,3.4,0,0,1,2,7.294,3.343,3.343,0,0,1,3.042,4.806l1.8-1.789A3.384,3.384,0,0,1,7.331,2a3.357,3.357,0,0,1,2.5,1.042l2.525,2.537a3.384,3.384,0,0,1,1.017,2.488,3.448,3.448,0,0,1-1.078,2.561l1.078,1.078a3.551,3.551,0,0,1,5.049-.049l2.549,2.549A3.4,3.4,0,0,1,22,16.706Z\"><\/path><\/svg><span class=\"wp-block-social-link-label screen-reader-text\">Link<\/span><\/a><\/li><\/ul>\n<\/div>\n<\/div>\n\n\n\n<blockquote class=\"wp-block-quote\">\n<p>Inmitten der sch\u00f6nen Landschaft hoch \u00fcber dem Lago di Bolsena liegt das Anwesen \u201ePian del Grano\u201c. Man blickt auf sanfte H\u00fcgel, den wundersch\u00f6nen See und das malerisch auf Tuffstein gebaute \u00d6rtchen Grotte di Castro.<\/p>\n<\/blockquote>\n\n\n\n<figure class=\"wp-block-image alignwide size-full is-style-rounded\"><img decoding=\"async\" loading=\"lazy\" width=\"1200\" height=\"400\" src=\"https:\/\/terratuscia.com\/wp-content\/uploads\/2022\/02\/pian-de-grano-banner.jpg\" alt=\"\" class=\"wp-image-6664\" srcset=\"https:\/\/terratuscia.com\/wp-content\/uploads\/2022\/02\/pian-de-grano-banner.jpg 1200w, https:\/\/terratuscia.com\/wp-content\/uploads\/2022\/02\/pian-de-grano-banner-768x256.jpg 768w\" sizes=\"(max-width: 1200px) 100vw, 1200px\" title=\"\"><\/figure>\n\n\n\n<div class=\"inherit-container-width wp-block-group alignwide has-white-background-color has-background is-layout-constrained\" style=\"padding-top:var(--wp--preset--spacing--50);padding-right:var(--wp--preset--spacing--50);padding-bottom:var(--wp--preset--spacing--50);padding-left:var(--wp--preset--spacing--50)\">\n<figure class=\"wp-block-image size-large is-resized\"><img decoding=\"async\" loading=\"lazy\" src=\"https:\/\/terratuscia.com\/wp-content\/uploads\/2022\/01\/new-quote.png\" alt=\"\" class=\"wp-image-53898\" width=\"32\" height=\"32\" title=\"\"><figcaption class=\"wp-element-caption\"><em>Joseph<\/em><\/figcaption><\/figure>\n\n\n\n<h4 class=\"alignwide wp-block-heading\">Geboren in Beirut 1952, vor langer Zeit nach vielen Jahren Studium, Arbeit und Reise auf vier Kontinenten, wollte ich mir am Ende meiner Karriere einen Traum erf\u00fcllen. Ich kann nur sagen: Das Leben war immer grossz\u00fcgig darin, mir den Weg aufzuzeigen, der mich zu meinem Ziel bringt. Es hat mich irgendwann nach Alta Tuscia geschickt, in ein vom Himmel gesegnetes Fleckchen Erde.<\/h4>\n<\/div>\n\n\n\n<div class=\"wp-block-columns alignwide is-layout-flex wp-container-9\">\n<div class=\"wp-block-column is-layout-flow\">\n<figure class=\"wp-block-image size-full is-style-rounded\"><img decoding=\"async\" loading=\"lazy\" width=\"600\" height=\"400\" src=\"https:\/\/terratuscia.com\/wp-content\/uploads\/2022\/02\/pian-de-grano-3.jpg\" alt=\"\" class=\"wp-image-6655\" title=\"\"><\/figure>\n<\/div>\n\n\n\n<div class=\"wp-block-column is-layout-flow\">\n<figure class=\"wp-block-image size-full is-style-rounded\"><img decoding=\"async\" loading=\"lazy\" width=\"600\" height=\"400\" src=\"https:\/\/terratuscia.com\/wp-content\/uploads\/2022\/02\/pian-de-grano-9.jpg\" alt=\"\" class=\"wp-image-6661\" title=\"\"><\/figure>\n<\/div>\n\n\n\n<div class=\"wp-block-column is-vertically-aligned-center is-layout-flow\">\n<p> Die G\u00e4ste k\u00f6nnen w\u00e4hlen aus zwei Ferienwohnungen und sieben Zimmern, alle geschmackvoll und mit viel Aufmerksamkeit f\u00fcrs Detail eingerichtet. Die gro\u00dfe Terrasse, der Garten, ein Grillplatz und verschiedene Sitzecken laden zum Ausruhen oder einfach nur zum Sitzen und Schauen ein.  <\/p>\n<\/div>\n<\/div>\n\n\n\n<div class=\"inherit-container-width wp-block-group alignwide has-white-background-color has-background is-layout-constrained wp-container-10\" style=\"padding-top:var(--wp--preset--spacing--50);padding-right:var(--wp--preset--spacing--50);padding-bottom:var(--wp--preset--spacing--50);padding-left:var(--wp--preset--spacing--50)\">\n<figure class=\"wp-block-image size-large is-resized\"><img decoding=\"async\" loading=\"lazy\" src=\"https:\/\/terratuscia.com\/wp-content\/uploads\/2022\/01\/new-quote.png\" alt=\"\" class=\"wp-image-53898\" width=\"32\" height=\"32\" title=\"\"><\/figure>\n\n\n\n<h4 class=\"alignwide wp-block-heading\">Die atemberaubende Sch\u00f6nheit der Umgebung hat mich inspiriert, mich neu zu erfinden. Nachdem ich als Arzt ein Leben lang im Dienst der Gesundheit der Menschen stand, wollte ich mich als Unternehmer in der Landwirtschaft zu versuchen. Der biologische landwirtschaftliche Betrieb, den ich gegr\u00fcndet habe, steht eigentlich auch im Dienst der Gesundheit der Menschen. Er soll im kleinen am Schutz der Natur und an der sozialen und wirtschaftlichen Entwicklung dieser sch\u00f6nen Region beitragen. <\/h4>\n<\/div>\n\n\n\n<div class=\"wp-block-columns alignwide are-vertically-aligned-center is-layout-flex wp-container-14\">\n<div class=\"wp-block-column is-vertically-aligned-center is-layout-flow\" style=\"flex-basis:30%\">\n<figure class=\"wp-block-image size-full is-style-rounded\"><img decoding=\"async\" loading=\"lazy\" width=\"600\" height=\"400\" src=\"https:\/\/terratuscia.com\/wp-content\/uploads\/2022\/02\/pian-de-grano-7.jpg\" alt=\"\" class=\"wp-image-6659\" title=\"\"><\/figure>\n<\/div>\n\n\n\n<div class=\"wp-block-column is-vertically-aligned-center is-layout-flow\" style=\"flex-basis:30%\">\n<figure class=\"wp-block-image size-full is-style-rounded\"><img decoding=\"async\" loading=\"lazy\" width=\"600\" height=\"400\" src=\"https:\/\/terratuscia.com\/wp-content\/uploads\/2022\/02\/pian-de-grano-1.jpg\" alt=\"\" class=\"wp-image-6653\" title=\"\"><\/figure>\n<\/div>\n\n\n\n<div class=\"wp-block-column is-vertically-aligned-center is-layout-flow\" style=\"flex-basis:40%\">\n<p>Die Lounge mit offenem Kamin bietet ein spektakul\u00e4res Ambiente aus Holz und Glas, in dem die Grenze zwischen drinnen und drau\u00dfen verschwimmt. <\/p>\n\n\n\n<p>Joseph empf\u00e4ngt und betreut die G\u00e4ste und ist Herz und Seele von Pian del Grano. In seiner gem\u00fctlichen Landhausk\u00fcche bereitet er das leckere Fr\u00fchst\u00fcck mit Zutaten aus eigenem organischem Anbau. Was es sonst noch braucht, kommt aus der direkten Umgebung.<\/p>\n<\/div>\n<\/div>\n\n\n\n<div class=\"inherit-container-width wp-block-group alignwide has-white-background-color has-background is-layout-constrained\" style=\"padding-top:var(--wp--preset--spacing--50);padding-right:var(--wp--preset--spacing--50);padding-bottom:var(--wp--preset--spacing--50);padding-left:var(--wp--preset--spacing--50)\">\n<figure class=\"wp-block-image size-large is-resized\"><img decoding=\"async\" loading=\"lazy\" src=\"https:\/\/terratuscia.com\/wp-content\/uploads\/2022\/01\/new-quote.png\" alt=\"\" class=\"wp-image-53898\" width=\"32\" height=\"32\" title=\"\"><\/figure>\n\n\n\n<h4 class=\"alignwide wp-block-heading\">Ich bin davon \u00fcberzeugt, dass die Voraussetzungen daf\u00fcr gegeben sind. Es ist sch\u00f6n zu sehen, dass die Bewahrung der Natur und letztendlich der Lebensqualit\u00e4t in unserem kollektiven Bewusstsein einen immer wichtigeren Platz einnimmt. Was man auch an vielen Initiativen sieht, die Umweltschutz tats\u00e4chlich praktisch umsetzen. Dann \u00e4ndert sich etwas.  Mit meinem Agriturismo und mit einem Labor zur Verarbeitung von biologischen landwirtschaftlichen Produkten, probiere ich meinen Teil dazu beizutragen. <\/h4>\n<\/div>\n\n\n\n<div class=\"wp-block-media-text alignwide has-media-on-the-right is-stacked-on-mobile is-vertically-aligned-center\"><div class=\"wp-block-media-text__content\">\n<p>Das nachhaltige Energiekonzept basiert auf Photovoltaik. Es werden u.a. Zucchini, Auberginen, Tomaten, Paprika, Salat, Feigen, Beeren, Kirschen, Pflaumen, Oliven als auch Kichererbsen, Linsen, und Gerste in bodenerhaltender Wechselbewirtschaftung organisch angebaut. Was auch immer der Gem\u00fcsegarten und das Land hergeben, steht auch den G\u00e4sten zum Zubereiten ihrer Mahlzeiten zur Verf\u00fcgung.<\/p>\n\n\n\n<p>In der eigenen kleinen, biologisch zertifizierten <a href=\"https:\/\/terratuscia.com\/de\/allgemein\/bellissimo-laboratorio-sta-cercando-prodotti-agricoli\/\" data-type=\"post\" data-id=\"8150\">Industriek\u00fcche<\/a>, werden je nach Saison und Anbau, herrliche Marmeladen, Suppen, Chutneys und Hummus hergestellt.<br><br><\/p>\n<\/div><figure class=\"wp-block-media-text__media\"><img decoding=\"async\" loading=\"lazy\" width=\"600\" height=\"400\" src=\"https:\/\/terratuscia.com\/wp-content\/uploads\/2022\/02\/pian-de-grano-2.jpg\" alt=\"\" class=\"wp-image-6654 size-full\" title=\"\"><\/figure><\/div>\n\n\n\n<p>Bei  Pian del Grano k\u00f6nnen Veranstaltungen bis 240 Personen mit externem Catering abgehalten werden. <\/p>\n<\/div>\n","protected":false},"excerpt":{"rendered":"<p>Link Inmitten der sch\u00f6nen Landschaft hoch \u00fcber dem Lago di Bolsena liegt das Anwesen \u201ePian del Grano\u201c. Man blickt auf sanfte H\u00fcgel, den wundersch\u00f6nen See und das malerisch auf Tuffstein gebaute \u00d6rtchen Grotte di Castro. Joseph Die G\u00e4ste k\u00f6nnen w\u00e4hlen aus zwei Ferienwohnungen und sieben Zimmern, alle geschmackvoll und mit viel Aufmerksamkeit f\u00fcrs Detail eingerichtet. &hellip;<\/p>\n<p class=\"read-more\"> <a class=\"ast-button\" href=\"https:\/\/terratuscia.com\/de\/agriturismi\/pian-del-grano\/\"> <span class=\"screen-reader-text\">Pian del Grano<\/span> Weiterlesen \u00bb<\/a><\/p>\n","protected":false},"author":1,"featured_media":6654,"parent":6362,"menu_order":0,"comment_status":"open","ping_status":"closed","template":"","meta":{"_uag_custom_page_level_css":"","site-sidebar-layout":"default","site-content-layout":"default","ast-global-header-display":"","ast-banner-title-visibility":"","ast-main-header-display":"","ast-hfb-above-header-display":"","ast-hfb-below-header-display":"","ast-hfb-mobile-header-display":"","site-post-title":"disabled","ast-breadcrumbs-content":"","ast-featured-img":"disabled","footer-sml-layout":"","theme-transparent-header-meta":"","adv-header-id-meta":"","stick-header-meta":"","header-above-stick-meta":"","header-main-stick-meta":"","header-below-stick-meta":""},"uagb_featured_image_src":{"full":["https:\/\/terratuscia.com\/wp-content\/uploads\/2022\/02\/pian-de-grano-2.jpg",600,400,false],"thumbnail":["https:\/\/terratuscia.com\/wp-content\/uploads\/2022\/02\/pian-de-grano-2-150x150.jpg",150,150,true],"medium":["https:\/\/terratuscia.com\/wp-content\/uploads\/2022\/02\/pian-de-grano-2.jpg",600,400,false],"medium_large":["https:\/\/terratuscia.com\/wp-content\/uploads\/2022\/02\/pian-de-grano-2.jpg",600,400,false],"large":["https:\/\/terratuscia.com\/wp-content\/uploads\/2022\/02\/pian-de-grano-2.jpg",600,400,false],"1536x1536":["https:\/\/terratuscia.com\/wp-content\/uploads\/2022\/02\/pian-de-grano-2.jpg",600,400,false],"2048x2048":["https:\/\/terratuscia.com\/wp-content\/uploads\/2022\/02\/pian-de-grano-2.jpg",600,400,false],"woocommerce_thumbnail":["https:\/\/terratuscia.com\/wp-content\/uploads\/2022\/02\/pian-de-grano-2-350x350.jpg",350,350,true],"woocommerce_single":["https:\/\/terratuscia.com\/wp-content\/uploads\/2022\/02\/pian-de-grano-2.jpg",600,400,false],"woocommerce_gallery_thumbnail":["https:\/\/terratuscia.com\/wp-content\/uploads\/2022\/02\/pian-de-grano-2-200x200.jpg",200,200,true]},"uagb_author_info":{"display_name":"HolgerD","author_link":"https:\/\/terratuscia.com\/de\/author\/holgerd\/"},"uagb_comment_info":0,"uagb_excerpt":"Link Inmitten der sch\u00f6nen Landschaft hoch \u00fcber dem Lago di Bolsena liegt das Anwesen \u201ePian del Grano\u201c. Man blickt auf sanfte H\u00fcgel, den wundersch\u00f6nen See und das malerisch auf Tuffstein gebaute \u00d6rtchen Grotte di Castro. Joseph Die G\u00e4ste k\u00f6nnen w\u00e4hlen aus zwei Ferienwohnungen und sieben Zimmern, alle geschmackvoll und mit viel Aufmerksamkeit f\u00fcrs Detail eingerichtet.&hellip;","_links":{"self":[{"href":"https:\/\/terratuscia.com\/de\/wp-json\/wp\/v2\/pages\/6652"}],"collection":[{"href":"https:\/\/terratuscia.com\/de\/wp-json\/wp\/v2\/pages"}],"about":[{"href":"https:\/\/terratuscia.com\/de\/wp-json\/wp\/v2\/types\/page"}],"author":[{"embeddable":true,"href":"https:\/\/terratuscia.com\/de\/wp-json\/wp\/v2\/users\/1"}],"replies":[{"embeddable":true,"href":"https:\/\/terratuscia.com\/de\/wp-json\/wp\/v2\/comments?post=6652"}],"version-history":[{"count":2,"href":"https:\/\/terratuscia.com\/de\/wp-json\/wp\/v2\/pages\/6652\/revisions"}],"predecessor-version":[{"id":15424,"href":"https:\/\/terratuscia.com\/de\/wp-json\/wp\/v2\/pages\/6652\/revisions\/15424"}],"up":[{"embeddable":true,"href":"https:\/\/terratuscia.com\/de\/wp-json\/wp\/v2\/pages\/6362"}],"wp:featuredmedia":[{"embeddable":true,"href":"https:\/\/terratuscia.com\/de\/wp-json\/wp\/v2\/media\/6654"}],"wp:attachment":[{"href":"https:\/\/terratuscia.com\/de\/wp-json\/wp\/v2\/media?parent=6652"}],"curies":[{"name":"wp","href":"https:\/\/api.w.org\/{rel}","templated":true}]}}