{"id":6362,"date":"2022-01-31T12:46:19","date_gmt":"2022-01-31T11:46:19","guid":{"rendered":"https:\/\/terratuscia.com\/?page_id=6362"},"modified":"2023-01-05T19:40:27","modified_gmt":"2023-01-05T18:40:27","slug":"agriturismi","status":"publish","type":"page","link":"https:\/\/terratuscia.com\/de\/agriturismi\/","title":{"rendered":"Agriturismi"},"content":{"rendered":"<div class=\"pt-cv-wrapper\"><div class=\"pt-cv-view pt-cv-grid pt-cv-colsys\" id=\"pt-cv-view-daaad42jup\"><div data-id=\"pt-cv-page-1\" class=\"pt-cv-page\" data-cvc=\"4\"><div class=\"col-md-3 col-sm-4 col-xs-12 pt-cv-content-item pt-cv-1-col\" ><div class='pt-cv-ifield'><a href=\"https:\/\/terratuscia.com\/de\/agriturismi\/la-collina\/\" class=\"_self pt-cv-href-thumbnail pt-cv-thumb-default\" target=\"_self\" ><img width=\"600\" height=\"400\" src=\"https:\/\/terratuscia.com\/wp-content\/uploads\/2022\/02\/la-collina-31.jpg\" class=\"pt-cv-thumbnail\" alt=\"\" decoding=\"async\" loading=\"lazy\" title=\"\"><\/a>\n<h4 class=\"pt-cv-title\"><a href=\"https:\/\/terratuscia.com\/de\/agriturismi\/la-collina\/\" class=\"_self\" target=\"_self\" >La Collina<\/a><\/h4>\n<div class=\"pt-cv-content\">La Collina Kurz vor dem St\u00e4dtchen Pitigliano geht ein unscheinbarer Sandweg nach links. Nach einigen Kurven durch Olivenhaine und Weinreben liegt auf einem kleinen H\u00fcgel, und doch versteckt, La Collina ...<br \/><a href=\"https:\/\/terratuscia.com\/de\/agriturismi\/la-collina\/\" class=\"_self pt-cv-readmore btn btn-success\" target=\"_self\">Weiterlesen \u2026<\/a><\/div><\/div><\/div>\n<div class=\"col-md-3 col-sm-4 col-xs-12 pt-cv-content-item pt-cv-1-col\" ><div class='pt-cv-ifield'><a href=\"https:\/\/terratuscia.com\/de\/agriturismi\/orto-delle-fate\/\" class=\"_self pt-cv-href-thumbnail pt-cv-thumb-default\" target=\"_self\" ><img width=\"600\" height=\"400\" src=\"https:\/\/terratuscia.com\/wp-content\/uploads\/2022\/02\/orto-delle-fate-profil.jpg\" class=\"pt-cv-thumbnail\" alt=\"\" decoding=\"async\" loading=\"lazy\" title=\"\"><\/a>\n<h4 class=\"pt-cv-title\"><a href=\"https:\/\/terratuscia.com\/de\/agriturismi\/orto-delle-fate\/\" class=\"_self\" target=\"_self\" >L&#8217;Orto delle Fate<\/a><\/h4>\n<div class=\"pt-cv-content\">L'Orto delle Fate Das Agriturismo L\u00b4Orto delle Fate (Feengarten) liegt wie verwunschen an den Ufern des Bolsena Sees. Renata, Giulia, Humberto Bei der Giulia und ihrer Mutter Renata, Herz und ...<br \/><a href=\"https:\/\/terratuscia.com\/de\/agriturismi\/orto-delle-fate\/\" class=\"_self pt-cv-readmore btn btn-success\" target=\"_self\">Weiterlesen \u2026<\/a><\/div><\/div><\/div>\n<div class=\"col-md-3 col-sm-4 col-xs-12 pt-cv-content-item pt-cv-1-col\" ><div class='pt-cv-ifield'><a href=\"https:\/\/terratuscia.com\/de\/agriturismi\/pian-del-grano\/\" class=\"_self pt-cv-href-thumbnail pt-cv-thumb-default\" target=\"_self\" ><img width=\"600\" height=\"400\" src=\"https:\/\/terratuscia.com\/wp-content\/uploads\/2022\/02\/pian-de-grano-2.jpg\" class=\"pt-cv-thumbnail\" alt=\"\" decoding=\"async\" loading=\"lazy\" title=\"\"><\/a>\n<h4 class=\"pt-cv-title\"><a href=\"https:\/\/terratuscia.com\/de\/agriturismi\/pian-del-grano\/\" class=\"_self\" target=\"_self\" >Pian del Grano<\/a><\/h4>\n<div class=\"pt-cv-content\">Pian del Grano Inmitten der sch\u00f6nen Landschaft hoch \u00fcber dem Lago di Bolsena liegt das Anwesen \u201ePian del Grano\u201c. Man blickt auf sanfte H\u00fcgel, den wundersch\u00f6nen See und das malerisch ...<br \/><a href=\"https:\/\/terratuscia.com\/de\/agriturismi\/pian-del-grano\/\" class=\"_self pt-cv-readmore btn btn-success\" target=\"_self\">Weiterlesen \u2026<\/a><\/div><\/div><\/div>\n<div class=\"col-md-3 col-sm-4 col-xs-12 pt-cv-content-item pt-cv-1-col\" ><div class='pt-cv-ifield'><a href=\"https:\/\/terratuscia.com\/de\/agriturismi\/poggio-di-montedoro\/\" class=\"_self pt-cv-href-thumbnail pt-cv-thumb-default\" target=\"_self\" ><img width=\"600\" height=\"400\" src=\"https:\/\/terratuscia.com\/wp-content\/uploads\/2022\/02\/poggiodimontedoro-0-1.jpg\" class=\"pt-cv-thumbnail\" alt=\"\" decoding=\"async\" loading=\"lazy\" title=\"\"><\/a>\n<h4 class=\"pt-cv-title\"><a href=\"https:\/\/terratuscia.com\/de\/agriturismi\/poggio-di-montedoro\/\" class=\"_self\" target=\"_self\" >Poggio di MontedOro<\/a><\/h4>\n<div class=\"pt-cv-content\">Poggio di MontedOro Mitten in der Natur, auf einem H\u00fcgel vor dem St\u00e4dtchen Montefiascone, liegt Poggio di Montedoro. Die f\u00fcnf liebevoll im lokalen Stil restaurierten Bauernh\u00e4user sind umgeben von einem ...<br \/><a href=\"https:\/\/terratuscia.com\/de\/agriturismi\/poggio-di-montedoro\/\" class=\"_self pt-cv-readmore btn btn-success\" target=\"_self\">Weiterlesen \u2026<\/a><\/div><\/div><\/div><\/div><\/div><\/div>\n","protected":false},"excerpt":{"rendered":"<p>Link Instagram Facebook Mitten in der Natur, auf einem H\u00fcgel vor dem St\u00e4dtchen Montefiascone, liegt Poggio di Montedoro. Die f\u00fcnf liebevoll im lokalen Stil restaurierten Bauernh\u00e4user sind umgeben von einem Naturgarten. Gianluca In direkter Nachbarschaft befindet sich die Kirche Santa Maria di Montedoro, deren achteckige Form Symbol steht f\u00fcr die Verbindung zwischen Himmel und Erde. &hellip;<\/p>\n<p class=\"read-more\"> <a class=\"ast-button\" href=\"https:\/\/terratuscia.com\/de\/agriturismi\/\"> <span class=\"screen-reader-text\">Agriturismi<\/span> Weiterlesen \u00bb<\/a><\/p>\n","protected":false},"author":1,"featured_media":0,"parent":0,"menu_order":0,"comment_status":"closed","ping_status":"closed","template":"","meta":{"_uag_custom_page_level_css":"","site-sidebar-layout":"default","site-content-layout":"default","ast-global-header-display":"","ast-banner-title-visibility":"","ast-main-header-display":"","ast-hfb-above-header-display":"","ast-hfb-below-header-display":"","ast-hfb-mobile-header-display":"","site-post-title":"","ast-breadcrumbs-content":"","ast-featured-img":"","footer-sml-layout":"","theme-transparent-header-meta":"","adv-header-id-meta":"","stick-header-meta":"","header-above-stick-meta":"","header-main-stick-meta":"","header-below-stick-meta":""},"uagb_featured_image_src":{"full":false,"thumbnail":false,"medium":false,"medium_large":false,"large":false,"1536x1536":false,"2048x2048":false,"woocommerce_thumbnail":false,"woocommerce_single":false,"woocommerce_gallery_thumbnail":false},"uagb_author_info":{"display_name":"HolgerD","author_link":"https:\/\/terratuscia.com\/de\/author\/holgerd\/"},"uagb_comment_info":0,"uagb_excerpt":"Link Instagram Facebook Mitten in der Natur, auf einem H\u00fcgel vor dem St\u00e4dtchen Montefiascone, liegt Poggio di Montedoro. Die f\u00fcnf liebevoll im lokalen Stil restaurierten Bauernh\u00e4user sind umgeben von einem Naturgarten. Gianluca In direkter Nachbarschaft befindet sich die Kirche Santa Maria di Montedoro, deren achteckige Form Symbol steht f\u00fcr die Verbindung zwischen Himmel und Erde.&hellip;","_links":{"self":[{"href":"https:\/\/terratuscia.com\/de\/wp-json\/wp\/v2\/pages\/6362"}],"collection":[{"href":"https:\/\/terratuscia.com\/de\/wp-json\/wp\/v2\/pages"}],"about":[{"href":"https:\/\/terratuscia.com\/de\/wp-json\/wp\/v2\/types\/page"}],"author":[{"embeddable":true,"href":"https:\/\/terratuscia.com\/de\/wp-json\/wp\/v2\/users\/1"}],"replies":[{"embeddable":true,"href":"https:\/\/terratuscia.com\/de\/wp-json\/wp\/v2\/comments?post=6362"}],"version-history":[{"count":2,"href":"https:\/\/terratuscia.com\/de\/wp-json\/wp\/v2\/pages\/6362\/revisions"}],"predecessor-version":[{"id":14419,"href":"https:\/\/terratuscia.com\/de\/wp-json\/wp\/v2\/pages\/6362\/revisions\/14419"}],"wp:attachment":[{"href":"https:\/\/terratuscia.com\/de\/wp-json\/wp\/v2\/media?parent=6362"}],"curies":[{"name":"wp","href":"https:\/\/api.w.org\/{rel}","templated":true}]}}