{"id":6209,"date":"2022-01-22T10:16:08","date_gmt":"2022-01-22T09:16:08","guid":{"rendered":"https:\/\/terratuscia.com\/?page_id=6209"},"modified":"2023-01-05T23:25:58","modified_gmt":"2023-01-05T22:25:58","slug":"loasi-del-pescatore","status":"publish","type":"page","link":"https:\/\/terratuscia.com\/de\/restaurants\/loasi-del-pescatore\/","title":{"rendered":"L\u00b4Oasi del Pescatore"},"content":{"rendered":"\n<div class=\"wp-block-group alignwide wp-block-group-hdm-no-margin has-white-background-color has-background is-layout-flow\">\n<div class=\"wp-block-columns alignwide is-layout-flex wp-container-4\">\n<div class=\"wp-block-column is-layout-flow\">\n<h1 class=\"has-text-align-left wp-block-heading\">L\u00b4Oasi del Pescatore<\/h1>\n<\/div>\n\n\n\n<div class=\"wp-block-column is-vertically-aligned-center is-layout-flow\">\n<ul class=\"wp-block-social-links alignright has-small-icon-size items-justified-right is-layout-flex\"><li class=\"wp-social-link wp-social-link-facebook wp-block-social-link\"><a rel=\" noopener nofollow\" target=\"_blank\" href=\"https:\/\/www.facebook.com\/pages\/category\/Seafood-Restaurant\/LOasi-Del-Pescatore-Viterbo-1714186055504294\/\" class=\"wp-block-social-link-anchor\"><svg width=\"24\" height=\"24\" viewBox=\"0 0 24 24\" version=\"1.1\" xmlns=\"http:\/\/www.w3.org\/2000\/svg\" aria-hidden=\"true\" focusable=\"false\"><path d=\"M12 2C6.5 2 2 6.5 2 12c0 5 3.7 9.1 8.4 9.9v-7H7.9V12h2.5V9.8c0-2.5 1.5-3.9 3.8-3.9 1.1 0 2.2.2 2.2.2v2.5h-1.3c-1.2 0-1.6.8-1.6 1.6V12h2.8l-.4 2.9h-2.3v7C18.3 21.1 22 17 22 12c0-5.5-4.5-10-10-10z\"><\/path><\/svg><span class=\"wp-block-social-link-label screen-reader-text\">Facebook<\/span><\/a><\/li><\/ul>\n<\/div>\n<\/div>\n\n\n\n<blockquote class=\"wp-block-quote\">\n<p>Mauro fischt und Maria kocht. Der idyllische Strandabschnitt, von Weiden gesch\u00fctzt mit schwarzem Lavasand und klarem Wasser, war vor mehr als 30 Jahren der Anlegeplatz von Mauro\u2019s Fischerboot.<\/p>\n<\/blockquote>\n\n\n\n<figure class=\"wp-block-image alignwide size-full is-style-rounded\"><img decoding=\"async\" loading=\"lazy\" width=\"1200\" height=\"600\" src=\"https:\/\/terratuscia.com\/wp-content\/uploads\/2022\/01\/loasi-del-pecatore-banner.jpg\" alt=\"\" class=\"wp-image-6218\" srcset=\"https:\/\/terratuscia.com\/wp-content\/uploads\/2022\/01\/loasi-del-pecatore-banner.jpg 1200w, https:\/\/terratuscia.com\/wp-content\/uploads\/2022\/01\/loasi-del-pecatore-banner-768x384.jpg 768w\" sizes=\"(max-width: 1200px) 100vw, 1200px\" title=\"\"><figcaption class=\"wp-element-caption\">L\u00b4Oasi del Pescatore<\/figcaption><\/figure>\n\n\n\n<div class=\"wp-block-columns alignwide is-layout-flex wp-container-7\">\n<div class=\"wp-block-column is-layout-flow\">\n<p>Damals bereitete seine Frau Maria die frischen Fische direkt am Strand zu. F\u00fcr die Familie und f\u00fcr Freunde, die vorbeikamen. Erst ab und zu. Dann regelm\u00e4\u00dfig. Es gab Fisch aus dem See, Gem\u00fcse aus dem Garten und selbst gemachte Nudeln.<\/p>\n\n\n\n<figure class=\"wp-block-image size-full is-style-rounded\"><img decoding=\"async\" loading=\"lazy\" width=\"600\" height=\"400\" src=\"https:\/\/terratuscia.com\/wp-content\/uploads\/2022\/01\/loasi-del-pecatore-4.jpg\" alt=\"\" class=\"wp-image-6216\" title=\"\"><\/figure>\n\n\n\n<p>L\u00b4Oasi del Pescatore ist wahrlich eine wunderbare Oase &#8211; ein Refugium direkt am See. Das Fischerboot, mit dem Mauro t\u00e4glich rausf\u00e4hrt, liegt noch immer dort. Das Restaurant ist ganz schlicht und nat\u00fcrlich in Holz gehalten. Man kann an h\u00fcbschen kleinen Tischen sitzen, die F\u00fc\u00dfe im schwarzen Sand, unterm Dach des Gazebo oder im Restaurant mit gro\u00dfer offener Front zum See.<\/p>\n\n\n\n<figure class=\"wp-block-image size-full is-style-rounded\"><img decoding=\"async\" loading=\"lazy\" width=\"600\" height=\"400\" src=\"https:\/\/terratuscia.com\/wp-content\/uploads\/2022\/01\/loasi-del-pecatore-1.jpg\" alt=\"\" class=\"wp-image-6213\" title=\"\"><\/figure>\n<\/div>\n\n\n\n<div class=\"wp-block-column is-layout-flow\">\n<figure class=\"wp-block-image size-full is-style-rounded\"><img decoding=\"async\" loading=\"lazy\" width=\"600\" height=\"400\" src=\"https:\/\/terratuscia.com\/wp-content\/uploads\/2022\/01\/loasi-del-pecatore-2.jpg\" alt=\"\" class=\"wp-image-6214\" title=\"\"><\/figure>\n\n\n\n<p>Nach und nach entstand die Idee, ein kleines Restaurant zu er\u00f6ffnen. Aber es sollte auch der idyllische Strand und Mauro\u00b4s Bootsanlegeplatz bleiben. Denn dort f\u00fchlten sich alle wohl. Und so ist es noch heute.<\/p>\n\n\n\n<figure class=\"wp-block-image size-full is-style-rounded\"><img decoding=\"async\" loading=\"lazy\" width=\"600\" height=\"400\" src=\"https:\/\/terratuscia.com\/wp-content\/uploads\/2022\/01\/loasi-del-pecatore-3.jpg\" alt=\"\" class=\"wp-image-6215\" title=\"\"><\/figure>\n\n\n\n<p>Auf der Speisekarte steht weder &#8222;bio&#8220; noch &#8222;km0&#8220;, aber fragt man Maria wo ihre Zutaten herkommen, dann sagt sie einfach `von hier`. Selbstgemachte k\u00f6stliche Nudeln und Desserts, selbstgefangener Fisch und Gem\u00fcse, das gerade w\u00e4chst (im Herbst gibt es leckeres Kraut und Cicoria, aber auf keinen Fall Zucchini oder Tomaten). Maria kocht f\u00fcr viel mehr G\u00e4ste als fr\u00fcher und trotzdem findet sie immer Zeit, mit jedem ein paar Worte zu wechseln. Ihr Team unterst\u00fctzt in K\u00fcche und Service mit Herz und Seele, und es scheint wie eine gro\u00dfe fr\u00f6hliche Familie.<\/p>\n<\/div>\n<\/div>\n\n\n\n<figure class=\"wp-block-image alignwide size-full is-style-rounded\"><img decoding=\"async\" loading=\"lazy\" width=\"1200\" height=\"411\" src=\"https:\/\/terratuscia.com\/wp-content\/uploads\/2022\/01\/loasi-del-pecatore-banner-2.jpg\" alt=\"\" class=\"wp-image-6222\" srcset=\"https:\/\/terratuscia.com\/wp-content\/uploads\/2022\/01\/loasi-del-pecatore-banner-2.jpg 1200w, https:\/\/terratuscia.com\/wp-content\/uploads\/2022\/01\/loasi-del-pecatore-banner-2-768x263.jpg 768w\" sizes=\"(max-width: 1200px) 100vw, 1200px\" title=\"\"><\/figure>\n<\/div>\n","protected":false},"excerpt":{"rendered":"<p>Facebook Mauro fischt und Maria kocht. Der idyllische Strandabschnitt, von Weiden gesch\u00fctzt mit schwarzem Lavasand und klarem Wasser, war vor mehr als 30 Jahren der Anlegeplatz von Mauro\u2019s Fischerboot. L\u00b4Oasi del Pescatore Damals bereitete seine Frau Maria die frischen Fische direkt am Strand zu. F\u00fcr die Familie und f\u00fcr Freunde, die vorbeikamen. Erst ab und &hellip;<\/p>\n<p class=\"read-more\"> <a class=\"ast-button\" href=\"https:\/\/terratuscia.com\/de\/restaurants\/loasi-del-pescatore\/\"> <span class=\"screen-reader-text\">L\u00b4Oasi del Pescatore<\/span> Weiterlesen \u00bb<\/a><\/p>\n","protected":false},"author":1,"featured_media":6216,"parent":6039,"menu_order":0,"comment_status":"open","ping_status":"closed","template":"","meta":{"_uag_custom_page_level_css":"","site-sidebar-layout":"default","site-content-layout":"default","ast-global-header-display":"","ast-banner-title-visibility":"","ast-main-header-display":"","ast-hfb-above-header-display":"","ast-hfb-below-header-display":"","ast-hfb-mobile-header-display":"","site-post-title":"disabled","ast-breadcrumbs-content":"","ast-featured-img":"disabled","footer-sml-layout":"","theme-transparent-header-meta":"","adv-header-id-meta":"","stick-header-meta":"","header-above-stick-meta":"","header-main-stick-meta":"","header-below-stick-meta":""},"uagb_featured_image_src":{"full":["https:\/\/terratuscia.com\/wp-content\/uploads\/2022\/01\/loasi-del-pecatore-4.jpg",600,400,false],"thumbnail":["https:\/\/terratuscia.com\/wp-content\/uploads\/2022\/01\/loasi-del-pecatore-4-150x150.jpg",150,150,true],"medium":["https:\/\/terratuscia.com\/wp-content\/uploads\/2022\/01\/loasi-del-pecatore-4.jpg",600,400,false],"medium_large":["https:\/\/terratuscia.com\/wp-content\/uploads\/2022\/01\/loasi-del-pecatore-4.jpg",600,400,false],"large":["https:\/\/terratuscia.com\/wp-content\/uploads\/2022\/01\/loasi-del-pecatore-4.jpg",600,400,false],"1536x1536":["https:\/\/terratuscia.com\/wp-content\/uploads\/2022\/01\/loasi-del-pecatore-4.jpg",600,400,false],"2048x2048":["https:\/\/terratuscia.com\/wp-content\/uploads\/2022\/01\/loasi-del-pecatore-4.jpg",600,400,false],"woocommerce_thumbnail":["https:\/\/terratuscia.com\/wp-content\/uploads\/2022\/01\/loasi-del-pecatore-4-350x350.jpg",350,350,true],"woocommerce_single":["https:\/\/terratuscia.com\/wp-content\/uploads\/2022\/01\/loasi-del-pecatore-4.jpg",600,400,false],"woocommerce_gallery_thumbnail":["https:\/\/terratuscia.com\/wp-content\/uploads\/2022\/01\/loasi-del-pecatore-4-200x200.jpg",200,200,true]},"uagb_author_info":{"display_name":"HolgerD","author_link":"https:\/\/terratuscia.com\/de\/author\/holgerd\/"},"uagb_comment_info":0,"uagb_excerpt":"Facebook Mauro fischt und Maria kocht. Der idyllische Strandabschnitt, von Weiden gesch\u00fctzt mit schwarzem Lavasand und klarem Wasser, war vor mehr als 30 Jahren der Anlegeplatz von Mauro\u2019s Fischerboot. L\u00b4Oasi del Pescatore Damals bereitete seine Frau Maria die frischen Fische direkt am Strand zu. F\u00fcr die Familie und f\u00fcr Freunde, die vorbeikamen. Erst ab und&hellip;","_links":{"self":[{"href":"https:\/\/terratuscia.com\/de\/wp-json\/wp\/v2\/pages\/6209"}],"collection":[{"href":"https:\/\/terratuscia.com\/de\/wp-json\/wp\/v2\/pages"}],"about":[{"href":"https:\/\/terratuscia.com\/de\/wp-json\/wp\/v2\/types\/page"}],"author":[{"embeddable":true,"href":"https:\/\/terratuscia.com\/de\/wp-json\/wp\/v2\/users\/1"}],"replies":[{"embeddable":true,"href":"https:\/\/terratuscia.com\/de\/wp-json\/wp\/v2\/comments?post=6209"}],"version-history":[{"count":2,"href":"https:\/\/terratuscia.com\/de\/wp-json\/wp\/v2\/pages\/6209\/revisions"}],"predecessor-version":[{"id":14530,"href":"https:\/\/terratuscia.com\/de\/wp-json\/wp\/v2\/pages\/6209\/revisions\/14530"}],"up":[{"embeddable":true,"href":"https:\/\/terratuscia.com\/de\/wp-json\/wp\/v2\/pages\/6039"}],"wp:featuredmedia":[{"embeddable":true,"href":"https:\/\/terratuscia.com\/de\/wp-json\/wp\/v2\/media\/6216"}],"wp:attachment":[{"href":"https:\/\/terratuscia.com\/de\/wp-json\/wp\/v2\/media?parent=6209"}],"curies":[{"name":"wp","href":"https:\/\/api.w.org\/{rel}","templated":true}]}}