{"id":6190,"date":"2022-01-22T09:02:31","date_gmt":"2022-01-22T08:02:31","guid":{"rendered":"https:\/\/terratuscia.com\/?page_id=6190"},"modified":"2023-01-05T23:23:23","modified_gmt":"2023-01-05T22:23:23","slug":"il-borgo","status":"publish","type":"page","link":"https:\/\/terratuscia.com\/de\/restaurants\/il-borgo\/","title":{"rendered":"Il Borgo"},"content":{"rendered":"\n<div class=\"wp-block-group alignwide wp-block-group-hdm-no-margin has-white-background-color has-background is-layout-flow\">\n<div class=\"wp-block-columns alignwide is-layout-flex wp-container-4\">\n<div class=\"wp-block-column is-layout-flow\">\n<h1 class=\"has-text-align-left wp-block-heading\">Il Borgo<\/h1>\n<\/div>\n\n\n\n<div class=\"wp-block-column is-vertically-aligned-center is-layout-flow\">\n<ul class=\"wp-block-social-links alignright has-small-icon-size items-justified-right is-layout-flex\"><li class=\"wp-social-link wp-social-link-chain wp-block-social-link\"><a rel=\" noopener nofollow\" target=\"_blank\" href=\"https:\/\/www.ilborgoristorantecamere.com\/\" class=\"wp-block-social-link-anchor\"><svg width=\"24\" height=\"24\" viewBox=\"0 0 24 24\" version=\"1.1\" xmlns=\"http:\/\/www.w3.org\/2000\/svg\" aria-hidden=\"true\" focusable=\"false\"><path d=\"M19.647,16.706a1.134,1.134,0,0,0-.343-.833l-2.549-2.549a1.134,1.134,0,0,0-.833-.343,1.168,1.168,0,0,0-.883.392l.233.226q.2.189.264.264a2.922,2.922,0,0,1,.184.233.986.986,0,0,1,.159.312,1.242,1.242,0,0,1,.043.337,1.172,1.172,0,0,1-1.176,1.176,1.237,1.237,0,0,1-.337-.043,1,1,0,0,1-.312-.159,2.76,2.76,0,0,1-.233-.184q-.073-.068-.264-.264l-.226-.233a1.19,1.19,0,0,0-.4.895,1.134,1.134,0,0,0,.343.833L15.837,19.3a1.13,1.13,0,0,0,.833.331,1.18,1.18,0,0,0,.833-.318l1.8-1.789a1.12,1.12,0,0,0,.343-.821Zm-8.615-8.64a1.134,1.134,0,0,0-.343-.833L8.163,4.7a1.134,1.134,0,0,0-.833-.343,1.184,1.184,0,0,0-.833.331L4.7,6.473a1.12,1.12,0,0,0-.343.821,1.134,1.134,0,0,0,.343.833l2.549,2.549a1.13,1.13,0,0,0,.833.331,1.184,1.184,0,0,0,.883-.38L8.728,10.4q-.2-.189-.264-.264A2.922,2.922,0,0,1,8.28,9.9a.986.986,0,0,1-.159-.312,1.242,1.242,0,0,1-.043-.337A1.172,1.172,0,0,1,9.254,8.079a1.237,1.237,0,0,1,.337.043,1,1,0,0,1,.312.159,2.761,2.761,0,0,1,.233.184q.073.068.264.264l.226.233a1.19,1.19,0,0,0,.4-.895ZM22,16.706a3.343,3.343,0,0,1-1.042,2.488l-1.8,1.789a3.536,3.536,0,0,1-4.988-.025l-2.525-2.537a3.384,3.384,0,0,1-1.017-2.488,3.448,3.448,0,0,1,1.078-2.561l-1.078-1.078a3.434,3.434,0,0,1-2.549,1.078,3.4,3.4,0,0,1-2.5-1.029L3.029,9.794A3.4,3.4,0,0,1,2,7.294,3.343,3.343,0,0,1,3.042,4.806l1.8-1.789A3.384,3.384,0,0,1,7.331,2a3.357,3.357,0,0,1,2.5,1.042l2.525,2.537a3.384,3.384,0,0,1,1.017,2.488,3.448,3.448,0,0,1-1.078,2.561l1.078,1.078a3.551,3.551,0,0,1,5.049-.049l2.549,2.549A3.4,3.4,0,0,1,22,16.706Z\"><\/path><\/svg><span class=\"wp-block-social-link-label screen-reader-text\">Link<\/span><\/a><\/li><\/ul>\n<\/div>\n<\/div>\n\n\n\n<blockquote class=\"wp-block-quote\">\n<p>F\u00fcnf Freundinnen &#8211; ein Traum. Luisa, Antonella, Rita, Elda und Laura teilen seit Jahren ihre Leidenschaft f\u00fcr das Gastgewerbe und f\u00fchren mit viel Liebe, Freude und Achtsamkeit ihr Restaurant, Pizzeria und Hotel in Acquapendente.<\/p>\n<\/blockquote>\n\n\n\n<figure class=\"wp-block-image alignwide size-full is-style-rounded\"><img decoding=\"async\" loading=\"lazy\" width=\"1200\" height=\"800\" src=\"https:\/\/terratuscia.com\/wp-content\/uploads\/2022\/01\/il-borgo-banner-2.jpg\" alt=\"\" class=\"wp-image-6187\" srcset=\"https:\/\/terratuscia.com\/wp-content\/uploads\/2022\/01\/il-borgo-banner-2.jpg 1200w, https:\/\/terratuscia.com\/wp-content\/uploads\/2022\/01\/il-borgo-banner-2-768x512.jpg 768w\" sizes=\"(max-width: 1200px) 100vw, 1200px\" title=\"\"><figcaption class=\"wp-element-caption\"><em>Il Borgo<\/em><\/figcaption><\/figure>\n\n\n\n<div class=\"wp-block-columns alignwide is-layout-flex wp-container-7\">\n<div class=\"wp-block-column is-layout-flow\">\n<p>Die K\u00fcche basiert ausschliesslich auf Produkten aus der n\u00e4chsten Umgebung, wahrlich &#8222;km0&#8220;. Ob Fleisch, Bohnen, Kichererbsen, Salat, K\u00e4se &#8211; Rita kauft bei der Gem\u00fcsefrau um die Ecke, den Freunden mit den Getreideacker im n\u00e4chsten Dorf, dem Nachbarn mit den H\u00fchnern.<\/p>\n\n\n\n<figure class=\"wp-block-image size-full is-style-rounded\"><img decoding=\"async\" loading=\"lazy\" width=\"600\" height=\"400\" src=\"https:\/\/terratuscia.com\/wp-content\/uploads\/2022\/01\/il-borgo-2.jpg\" alt=\"\" class=\"wp-image-6184\" title=\"\"><\/figure>\n\n\n\n<p>Exzellente Zutaten, traditionelle Rezepte und viel liebevolle Kreativit\u00e4t bescheren diesen unvergleichlichen puren Genuss der lokalen K\u00fcche.<\/p>\n\n\n\n<figure class=\"wp-block-image size-full is-style-rounded\"><img decoding=\"async\" loading=\"lazy\" width=\"600\" height=\"400\" src=\"https:\/\/terratuscia.com\/wp-content\/uploads\/2022\/01\/il-borgo-4.jpg\" alt=\"\" class=\"wp-image-6200\" title=\"\"><figcaption class=\"wp-element-caption\"><em>Luisa, Antonella, Rita, Elda und Laura<\/em><\/figcaption><\/figure>\n<\/div>\n\n\n\n<div class=\"wp-block-column is-layout-flow\">\n<figure class=\"wp-block-image size-full is-style-rounded\"><img decoding=\"async\" loading=\"lazy\" width=\"600\" height=\"800\" src=\"https:\/\/terratuscia.com\/wp-content\/uploads\/2022\/01\/il-borgo-3.jpg\" alt=\"\" class=\"wp-image-6185\" srcset=\"https:\/\/terratuscia.com\/wp-content\/uploads\/2022\/01\/il-borgo-3.jpg 600w, https:\/\/terratuscia.com\/wp-content\/uploads\/2022\/01\/il-borgo-3-576x768.jpg 576w\" sizes=\"(max-width: 600px) 100vw, 600px\" title=\"\"><\/figure>\n\n\n\n<figure class=\"wp-block-image size-full is-style-rounded\"><img decoding=\"async\" loading=\"lazy\" width=\"600\" height=\"400\" src=\"https:\/\/terratuscia.com\/wp-content\/uploads\/2022\/01\/il-borgo-5.jpg\" alt=\"\" class=\"wp-image-6199\" title=\"\"><\/figure>\n<\/div>\n<\/div>\n<\/div>\n","protected":false},"excerpt":{"rendered":"<p>Link F\u00fcnf Freundinnen &#8211; ein Traum. Luisa, Antonella, Rita, Elda und Laura teilen seit Jahren ihre Leidenschaft f\u00fcr das Gastgewerbe und f\u00fchren mit viel Liebe, Freude und Achtsamkeit ihr Restaurant, Pizzeria und Hotel in Acquapendente. Il Borgo Die K\u00fcche basiert ausschliesslich auf Produkten aus der n\u00e4chsten Umgebung, wahrlich &#8222;km0&#8220;. Ob Fleisch, Bohnen, Kichererbsen, Salat, K\u00e4se &hellip;<\/p>\n<p class=\"read-more\"> <a class=\"ast-button\" href=\"https:\/\/terratuscia.com\/de\/restaurants\/il-borgo\/\"> <span class=\"screen-reader-text\">Il Borgo<\/span> Weiterlesen \u00bb<\/a><\/p>\n","protected":false},"author":1,"featured_media":6187,"parent":6039,"menu_order":0,"comment_status":"open","ping_status":"closed","template":"","meta":{"_uag_custom_page_level_css":"","site-sidebar-layout":"default","site-content-layout":"default","ast-global-header-display":"","ast-banner-title-visibility":"","ast-main-header-display":"","ast-hfb-above-header-display":"","ast-hfb-below-header-display":"","ast-hfb-mobile-header-display":"","site-post-title":"disabled","ast-breadcrumbs-content":"","ast-featured-img":"disabled","footer-sml-layout":"","theme-transparent-header-meta":"","adv-header-id-meta":"","stick-header-meta":"","header-above-stick-meta":"","header-main-stick-meta":"","header-below-stick-meta":""},"uagb_featured_image_src":{"full":["https:\/\/terratuscia.com\/wp-content\/uploads\/2022\/01\/il-borgo-banner-2.jpg",1200,800,false],"thumbnail":["https:\/\/terratuscia.com\/wp-content\/uploads\/2022\/01\/il-borgo-banner-2-150x150.jpg",150,150,true],"medium":["https:\/\/terratuscia.com\/wp-content\/uploads\/2022\/01\/il-borgo-banner-2-768x512.jpg",768,512,true],"medium_large":["https:\/\/terratuscia.com\/wp-content\/uploads\/2022\/01\/il-borgo-banner-2-768x512.jpg",768,512,true],"large":["https:\/\/terratuscia.com\/wp-content\/uploads\/2022\/01\/il-borgo-banner-2.jpg",1200,800,false],"1536x1536":["https:\/\/terratuscia.com\/wp-content\/uploads\/2022\/01\/il-borgo-banner-2.jpg",1200,800,false],"2048x2048":["https:\/\/terratuscia.com\/wp-content\/uploads\/2022\/01\/il-borgo-banner-2.jpg",1200,800,false],"woocommerce_thumbnail":["https:\/\/terratuscia.com\/wp-content\/uploads\/2022\/01\/il-borgo-banner-2-350x350.jpg",350,350,true],"woocommerce_single":["https:\/\/terratuscia.com\/wp-content\/uploads\/2022\/01\/il-borgo-banner-2-768x512.jpg",768,512,true],"woocommerce_gallery_thumbnail":["https:\/\/terratuscia.com\/wp-content\/uploads\/2022\/01\/il-borgo-banner-2-200x200.jpg",200,200,true]},"uagb_author_info":{"display_name":"HolgerD","author_link":"https:\/\/terratuscia.com\/de\/author\/holgerd\/"},"uagb_comment_info":0,"uagb_excerpt":"Link F\u00fcnf Freundinnen &#8211; ein Traum. Luisa, Antonella, Rita, Elda und Laura teilen seit Jahren ihre Leidenschaft f\u00fcr das Gastgewerbe und f\u00fchren mit viel Liebe, Freude und Achtsamkeit ihr Restaurant, Pizzeria und Hotel in Acquapendente. Il Borgo Die K\u00fcche basiert ausschliesslich auf Produkten aus der n\u00e4chsten Umgebung, wahrlich &#8222;km0&#8220;. Ob Fleisch, Bohnen, Kichererbsen, Salat, K\u00e4se&hellip;","_links":{"self":[{"href":"https:\/\/terratuscia.com\/de\/wp-json\/wp\/v2\/pages\/6190"}],"collection":[{"href":"https:\/\/terratuscia.com\/de\/wp-json\/wp\/v2\/pages"}],"about":[{"href":"https:\/\/terratuscia.com\/de\/wp-json\/wp\/v2\/types\/page"}],"author":[{"embeddable":true,"href":"https:\/\/terratuscia.com\/de\/wp-json\/wp\/v2\/users\/1"}],"replies":[{"embeddable":true,"href":"https:\/\/terratuscia.com\/de\/wp-json\/wp\/v2\/comments?post=6190"}],"version-history":[{"count":2,"href":"https:\/\/terratuscia.com\/de\/wp-json\/wp\/v2\/pages\/6190\/revisions"}],"predecessor-version":[{"id":14528,"href":"https:\/\/terratuscia.com\/de\/wp-json\/wp\/v2\/pages\/6190\/revisions\/14528"}],"up":[{"embeddable":true,"href":"https:\/\/terratuscia.com\/de\/wp-json\/wp\/v2\/pages\/6039"}],"wp:featuredmedia":[{"embeddable":true,"href":"https:\/\/terratuscia.com\/de\/wp-json\/wp\/v2\/media\/6187"}],"wp:attachment":[{"href":"https:\/\/terratuscia.com\/de\/wp-json\/wp\/v2\/media?parent=6190"}],"curies":[{"name":"wp","href":"https:\/\/api.w.org\/{rel}","templated":true}]}}