{"id":6039,"date":"2022-01-19T19:30:48","date_gmt":"2022-01-19T18:30:48","guid":{"rendered":"https:\/\/terratuscia.com\/?page_id=6039"},"modified":"2023-01-05T19:54:18","modified_gmt":"2023-01-05T18:54:18","slug":"restaurants","status":"publish","type":"page","link":"https:\/\/terratuscia.com\/de\/restaurants\/","title":{"rendered":"Restaurants"},"content":{"rendered":"<div class=\"pt-cv-wrapper\"><div class=\"pt-cv-view pt-cv-grid pt-cv-colsys\" id=\"pt-cv-view-3900cb4mzr\"><div data-id=\"pt-cv-page-1\" class=\"pt-cv-page\" data-cvc=\"4\"><div class=\"col-md-3 col-sm-4 col-xs-12 pt-cv-content-item pt-cv-1-col\" ><div class='pt-cv-ifield'><a href=\"https:\/\/terratuscia.com\/de\/restaurants\/loasi-del-pescatore\/\" class=\"_self pt-cv-href-thumbnail pt-cv-thumb-default\" target=\"_self\" ><img width=\"600\" height=\"400\" src=\"https:\/\/terratuscia.com\/wp-content\/uploads\/2022\/01\/loasi-del-pecatore-4.jpg\" class=\"pt-cv-thumbnail\" alt=\"\" decoding=\"async\" loading=\"lazy\" title=\"\"><\/a>\n<h4 class=\"pt-cv-title\"><a href=\"https:\/\/terratuscia.com\/de\/restaurants\/loasi-del-pescatore\/\" class=\"_self\" target=\"_self\" >L\u00b4Oasi del Pescatore<\/a><\/h4>\n<div class=\"pt-cv-content\">L\u00b4Oasi del Pescatore <ul class=\"wp-block-social-links alignright has-small-icon-size items-justified-right\"><\/ul> Mauro fischt und Maria kocht. Der idyllische Strandabschnitt, von Weiden gesch\u00fctzt mit schwarzem Lavasand und klarem Wasser, war vor mehr als 30 Jahren der Anlegeplatz von ...<br \/><a href=\"https:\/\/terratuscia.com\/de\/restaurants\/loasi-del-pescatore\/\" class=\"_self pt-cv-readmore btn btn-success\" target=\"_self\">Weiterlesen \u2026<\/a><\/div><\/div><\/div>\n<div class=\"col-md-3 col-sm-4 col-xs-12 pt-cv-content-item pt-cv-1-col\" ><div class='pt-cv-ifield'><a href=\"https:\/\/terratuscia.com\/de\/restaurants\/il-borgo\/\" class=\"_self pt-cv-href-thumbnail pt-cv-thumb-default\" target=\"_self\" ><img width=\"768\" height=\"512\" src=\"https:\/\/terratuscia.com\/wp-content\/uploads\/2022\/01\/il-borgo-banner-2-768x512.jpg\" class=\"pt-cv-thumbnail\" alt=\"\" decoding=\"async\" loading=\"lazy\" srcset=\"https:\/\/terratuscia.com\/wp-content\/uploads\/2022\/01\/il-borgo-banner-2-768x512.jpg 768w, https:\/\/terratuscia.com\/wp-content\/uploads\/2022\/01\/il-borgo-banner-2.jpg 1200w\" sizes=\"(max-width: 768px) 100vw, 768px\" title=\"\"><\/a>\n<h4 class=\"pt-cv-title\"><a href=\"https:\/\/terratuscia.com\/de\/restaurants\/il-borgo\/\" class=\"_self\" target=\"_self\" >Il Borgo<\/a><\/h4>\n<div class=\"pt-cv-content\">Il Borgo <ul class=\"wp-block-social-links alignright has-small-icon-size items-justified-right\"><\/ul> F\u00fcnf Freundinnen - ein Traum. Luisa, Antonella, Rita, Elda und Laura teilen seit Jahren ihre Leidenschaft f\u00fcr das Gastgewerbe und f\u00fchren mit viel Liebe, Freude und Achtsamkeit ...<br \/><a href=\"https:\/\/terratuscia.com\/de\/restaurants\/il-borgo\/\" class=\"_self pt-cv-readmore btn btn-success\" target=\"_self\">Weiterlesen \u2026<\/a><\/div><\/div><\/div>\n<div class=\"col-md-3 col-sm-4 col-xs-12 pt-cv-content-item pt-cv-1-col\" ><div class='pt-cv-ifield'><a href=\"https:\/\/terratuscia.com\/de\/restaurants\/la-grata\/\" class=\"_self pt-cv-href-thumbnail pt-cv-thumb-default\" target=\"_self\" ><img width=\"600\" height=\"400\" src=\"https:\/\/terratuscia.com\/wp-content\/uploads\/2022\/01\/restaurant-la-grata-profil.jpg\" class=\"pt-cv-thumbnail\" alt=\"\" decoding=\"async\" loading=\"lazy\" title=\"\"><\/a>\n<h4 class=\"pt-cv-title\"><a href=\"https:\/\/terratuscia.com\/de\/restaurants\/la-grata\/\" class=\"_self\" target=\"_self\" >La Grata<\/a><\/h4>\n<div class=\"pt-cv-content\">La Grata <ul class=\"wp-block-social-links alignright has-small-icon-size items-justified-right\"> <\/ul> Das Restaurant bietet innen und aussen viel Platz. Unter wundersch\u00f6nen B\u00e4umen sitzt man gem\u00fctlich im Schatten mit Blick auf den See und geniesst die regionale K\u00fcche, ...<br \/><a href=\"https:\/\/terratuscia.com\/de\/restaurants\/la-grata\/\" class=\"_self pt-cv-readmore btn btn-success\" target=\"_self\">Weiterlesen \u2026<\/a><\/div><\/div><\/div>\n<div class=\"col-md-3 col-sm-4 col-xs-12 pt-cv-content-item pt-cv-1-col\" ><div class='pt-cv-ifield'><a href=\"https:\/\/terratuscia.com\/de\/restaurants\/la-casa-di-effe\/\" class=\"_self pt-cv-href-thumbnail pt-cv-thumb-default\" target=\"_self\" ><img width=\"600\" height=\"400\" src=\"https:\/\/terratuscia.com\/wp-content\/uploads\/2022\/01\/casa-di-effe-4.jpg\" class=\"pt-cv-thumbnail\" alt=\"La casa di Effe\" decoding=\"async\" loading=\"lazy\" title=\"\"><\/a>\n<h4 class=\"pt-cv-title\"><a href=\"https:\/\/terratuscia.com\/de\/restaurants\/la-casa-di-effe\/\" class=\"_self\" target=\"_self\" >La casa di Effe<\/a><\/h4>\n<div class=\"pt-cv-content\">La casa di Effe <ul class=\"wp-block-social-links alignright has-small-icon-size items-justified-right items-justified-center\"> <\/ul> Fabiana Eramo, K\u00f6chin aus Berufung und Leidenschaft und Fabio Lanciano, Experte f\u00fcr Wein und Rum, laden zu sich nach Hause ein, um wunderbaren Produkte ...<br \/><a href=\"https:\/\/terratuscia.com\/de\/restaurants\/la-casa-di-effe\/\" class=\"_self pt-cv-readmore btn btn-success\" target=\"_self\">Weiterlesen \u2026<\/a><\/div><\/div><\/div><\/div><\/div><\/div>\n","protected":false},"excerpt":{"rendered":"<p>Link Facebook Fabiana Eramo, K\u00f6chin aus Berufung und Leidenschaft und Fabio Lanciano, Experte f\u00fcr Wein und Rum, laden zu sich nach Hause ein, um wunderbaren Produkte und Gerichte der Region Tuscia zu kosten. Bei La casa di Effe erlebt man die ehrliche \u201ezirkul\u00e4re K\u00fcche\u201c Tuscias. Alle Zutaten stammen aus eigenem biologischen Anbau oder direkt aus &hellip;<\/p>\n<p class=\"read-more\"> <a class=\"ast-button\" href=\"https:\/\/terratuscia.com\/de\/restaurants\/\"> <span class=\"screen-reader-text\">Restaurants<\/span> Weiterlesen \u00bb<\/a><\/p>\n","protected":false},"author":1,"featured_media":0,"parent":0,"menu_order":0,"comment_status":"closed","ping_status":"closed","template":"","meta":{"_uag_custom_page_level_css":"","site-sidebar-layout":"default","site-content-layout":"default","ast-global-header-display":"","ast-banner-title-visibility":"","ast-main-header-display":"","ast-hfb-above-header-display":"","ast-hfb-below-header-display":"","ast-hfb-mobile-header-display":"","site-post-title":"","ast-breadcrumbs-content":"","ast-featured-img":"","footer-sml-layout":"","theme-transparent-header-meta":"","adv-header-id-meta":"","stick-header-meta":"","header-above-stick-meta":"","header-main-stick-meta":"","header-below-stick-meta":""},"uagb_featured_image_src":{"full":false,"thumbnail":false,"medium":false,"medium_large":false,"large":false,"1536x1536":false,"2048x2048":false,"woocommerce_thumbnail":false,"woocommerce_single":false,"woocommerce_gallery_thumbnail":false},"uagb_author_info":{"display_name":"HolgerD","author_link":"https:\/\/terratuscia.com\/de\/author\/holgerd\/"},"uagb_comment_info":0,"uagb_excerpt":"Link Facebook Fabiana Eramo, K\u00f6chin aus Berufung und Leidenschaft und Fabio Lanciano, Experte f\u00fcr Wein und Rum, laden zu sich nach Hause ein, um wunderbaren Produkte und Gerichte der Region Tuscia zu kosten. Bei La casa di Effe erlebt man die ehrliche \u201ezirkul\u00e4re K\u00fcche\u201c Tuscias. Alle Zutaten stammen aus eigenem biologischen Anbau oder direkt aus&hellip;","_links":{"self":[{"href":"https:\/\/terratuscia.com\/de\/wp-json\/wp\/v2\/pages\/6039"}],"collection":[{"href":"https:\/\/terratuscia.com\/de\/wp-json\/wp\/v2\/pages"}],"about":[{"href":"https:\/\/terratuscia.com\/de\/wp-json\/wp\/v2\/types\/page"}],"author":[{"embeddable":true,"href":"https:\/\/terratuscia.com\/de\/wp-json\/wp\/v2\/users\/1"}],"replies":[{"embeddable":true,"href":"https:\/\/terratuscia.com\/de\/wp-json\/wp\/v2\/comments?post=6039"}],"version-history":[{"count":2,"href":"https:\/\/terratuscia.com\/de\/wp-json\/wp\/v2\/pages\/6039\/revisions"}],"predecessor-version":[{"id":14426,"href":"https:\/\/terratuscia.com\/de\/wp-json\/wp\/v2\/pages\/6039\/revisions\/14426"}],"wp:attachment":[{"href":"https:\/\/terratuscia.com\/de\/wp-json\/wp\/v2\/media?parent=6039"}],"curies":[{"name":"wp","href":"https:\/\/api.w.org\/{rel}","templated":true}]}}