{"id":6031,"date":"2022-01-19T18:17:03","date_gmt":"2022-01-19T17:17:03","guid":{"rendered":"https:\/\/terratuscia.com\/?page_id=6031"},"modified":"2023-01-05T19:52:12","modified_gmt":"2023-01-05T18:52:12","slug":"produzenten","status":"publish","type":"page","link":"https:\/\/terratuscia.com\/de\/produzenten\/","title":{"rendered":"Produzenten"},"content":{"rendered":"<div class=\"pt-cv-wrapper\"><div class=\"pt-cv-view pt-cv-grid pt-cv-colsys\" id=\"pt-cv-view-8e91480c9h\"><div data-id=\"pt-cv-page-1\" class=\"pt-cv-page\" data-cvc=\"4\"><div class=\"col-md-3 col-sm-4 col-xs-12 pt-cv-content-item pt-cv-1-col\" ><div class='pt-cv-ifield'><a href=\"https:\/\/terratuscia.com\/de\/produzenten\/le-moline\/\" class=\"_self pt-cv-href-thumbnail pt-cv-thumb-default\" target=\"_self\" ><img width=\"600\" height=\"400\" src=\"https:\/\/terratuscia.com\/wp-content\/uploads\/2022\/08\/le-moline-storia-14.jpg\" class=\"pt-cv-thumbnail\" alt=\"\" decoding=\"async\" loading=\"lazy\" title=\"\"><\/a>\n<h4 class=\"pt-cv-title\"><a href=\"https:\/\/terratuscia.com\/de\/produzenten\/le-moline\/\" class=\"_self\" target=\"_self\" >Le Moline<\/a><\/h4>\n<div class=\"pt-cv-content\">Le Moline <ul class=\"wp-block-social-links alignright has-small-icon-size items-justified-right items-justified-center\"> <\/ul> Mitten in der Ruhe der Landschaft, an einem Ort, der schon immer pur und nie anders als biologisch bewirtschaftet wurde, befinden sich die L\u00e4ndereien von Le ...<br \/><a href=\"https:\/\/terratuscia.com\/de\/produzenten\/le-moline\/\" class=\"_self pt-cv-readmore btn btn-success\" target=\"_self\">Weiterlesen \u2026<\/a><\/div><\/div><\/div>\n<div class=\"col-md-3 col-sm-4 col-xs-12 pt-cv-content-item pt-cv-1-col\" ><div class='pt-cv-ifield'><a href=\"https:\/\/terratuscia.com\/de\/produzenten\/naturaaemme-ecoprinting-von-alessandra-mei\/\" class=\"_self pt-cv-href-thumbnail pt-cv-thumb-default\" target=\"_self\" ><img width=\"600\" height=\"400\" src=\"https:\/\/terratuscia.com\/wp-content\/uploads\/2022\/07\/Natuaaemme-alessandra-mei-profil.jpg\" class=\"pt-cv-thumbnail\" alt=\"\" decoding=\"async\" loading=\"lazy\" title=\"\"><\/a>\n<h4 class=\"pt-cv-title\"><a href=\"https:\/\/terratuscia.com\/de\/produzenten\/naturaaemme-ecoprinting-von-alessandra-mei\/\" class=\"_self\" target=\"_self\" >NaturaAemme &#8211; EcoPrinting von Alessandra Mei<\/a><\/h4>\n<div class=\"pt-cv-content\">NaturaAemme - EcoPrinting von Alessandra Mei <ul class=\"wp-block-social-links alignright has-small-icon-size items-justified-right items-justified-center\"><\/ul> Ecoprinting oder Botanical Printing ist eine handwerkliche Technik, die in Australien von der Textilk\u00fcnstlerin India Flint geboren und getestet wurde, und es erm\u00f6glicht, ...<br \/><a href=\"https:\/\/terratuscia.com\/de\/produzenten\/naturaaemme-ecoprinting-von-alessandra-mei\/\" class=\"_self pt-cv-readmore btn btn-success\" target=\"_self\">Weiterlesen \u2026<\/a><\/div><\/div><\/div>\n<div class=\"col-md-3 col-sm-4 col-xs-12 pt-cv-content-item pt-cv-1-col\" ><div class='pt-cv-ifield'><a href=\"https:\/\/terratuscia.com\/de\/produzenten\/il-sambuco\/\" class=\"_self pt-cv-href-thumbnail pt-cv-thumb-default\" target=\"_self\" ><img width=\"600\" height=\"400\" src=\"https:\/\/terratuscia.com\/wp-content\/uploads\/2022\/05\/il-sambuco-Paolo.jpg\" class=\"pt-cv-thumbnail\" alt=\"\" decoding=\"async\" loading=\"lazy\" title=\"\"><\/a>\n<h4 class=\"pt-cv-title\"><a href=\"https:\/\/terratuscia.com\/de\/produzenten\/il-sambuco\/\" class=\"_self\" target=\"_self\" >Il Sambuco<\/a><\/h4>\n<div class=\"pt-cv-content\">Il Sambuco Il Sambuco begann 1984 anf\u00e4nglich als Gem\u00fcseproduzent in Viterbo, bis Paolo 1991 die Stadt verliess und aufs Land zog, wo er heute noch lebt und arbeitet: In den ...<br \/><a href=\"https:\/\/terratuscia.com\/de\/produzenten\/il-sambuco\/\" class=\"_self pt-cv-readmore btn btn-success\" target=\"_self\">Weiterlesen \u2026<\/a><\/div><\/div><\/div>\n<div class=\"col-md-3 col-sm-4 col-xs-12 pt-cv-content-item pt-cv-1-col\" ><div class='pt-cv-ifield'><a href=\"https:\/\/terratuscia.com\/de\/produzenten\/annick-ethic-drinks\/\" class=\"_self pt-cv-href-thumbnail pt-cv-thumb-default\" target=\"_self\" ><img width=\"600\" height=\"400\" src=\"https:\/\/terratuscia.com\/wp-content\/uploads\/2022\/03\/annick-Bubbly-Rose-profil.jpg\" class=\"pt-cv-thumbnail\" alt=\"\" decoding=\"async\" loading=\"lazy\" title=\"\"><\/a>\n<h4 class=\"pt-cv-title\"><a href=\"https:\/\/terratuscia.com\/de\/produzenten\/annick-ethic-drinks\/\" class=\"_self\" target=\"_self\" >Annick<\/a><\/h4>\n<div class=\"pt-cv-content\">Annick <ul class=\"wp-block-social-links alignright has-small-icon-size items-justified-right items-justified-center\"> <\/ul> Annick fuhr 2016 von Belgien nach Lucca. Mit ihrem Fahrrad, das noch immer bei ihr in der Garage steht. Um fit zu bleiben, wollte sie keinen Alkohol ...<br \/><a href=\"https:\/\/terratuscia.com\/de\/produzenten\/annick-ethic-drinks\/\" class=\"_self pt-cv-readmore btn btn-success\" target=\"_self\">Weiterlesen \u2026<\/a><\/div><\/div><\/div>\n<div class=\"col-md-3 col-sm-4 col-xs-12 pt-cv-content-item pt-cv-1-col\" ><div class='pt-cv-ifield'><a href=\"https:\/\/terratuscia.com\/de\/produzenten\/fornovecchino\/\" class=\"_self pt-cv-href-thumbnail pt-cv-thumb-default\" target=\"_self\" ><img width=\"600\" height=\"400\" src=\"https:\/\/terratuscia.com\/wp-content\/uploads\/2022\/03\/fornovecchino-profil.jpg\" class=\"pt-cv-thumbnail\" alt=\"\" decoding=\"async\" loading=\"lazy\" title=\"\"><\/a>\n<h4 class=\"pt-cv-title\"><a href=\"https:\/\/terratuscia.com\/de\/produzenten\/fornovecchino\/\" class=\"_self\" target=\"_self\" >Fornovecchino<\/a><\/h4>\n<div class=\"pt-cv-content\">Fornovecchino <ul class=\"wp-block-social-links alignright has-small-icon-size items-justified-right items-justified-center\"><\/ul> Eine lange Tradition in S\u00e4hen und Ernten. In Sorgfalt und Qualit\u00e4t. Dies macht Fornovecchino zu einer kleinen Perle unter den biologischen Betrieben im Lazio. <em>Claudio<\/em> Claudio 40 Jahre ...<br \/><a href=\"https:\/\/terratuscia.com\/de\/produzenten\/fornovecchino\/\" class=\"_self pt-cv-readmore btn btn-success\" target=\"_self\">Weiterlesen \u2026<\/a><\/div><\/div><\/div>\n<div class=\"col-md-3 col-sm-4 col-xs-12 pt-cv-content-item pt-cv-1-col\" ><div class='pt-cv-ifield'><a href=\"https:\/\/terratuscia.com\/de\/produzenten\/casa-vespina\/\" class=\"_self pt-cv-href-thumbnail pt-cv-thumb-default\" target=\"_self\" ><img width=\"600\" height=\"400\" src=\"https:\/\/terratuscia.com\/wp-content\/uploads\/2022\/01\/profil-fit-3.jpg\" class=\"pt-cv-thumbnail\" alt=\"\" decoding=\"async\" loading=\"lazy\" title=\"\"><\/a>\n<h4 class=\"pt-cv-title\"><a href=\"https:\/\/terratuscia.com\/de\/produzenten\/casa-vespina\/\" class=\"_self\" target=\"_self\" >Casa Vespina<\/a><\/h4>\n<div class=\"pt-cv-content\">Casa Vespina <ul class=\"wp-block-social-links alignright has-small-icon-size items-justified-right items-justified-center\"> <\/ul> Casa Vespina praktiziert saubere Landwirtschaft. So wird beispielsweise bei Anbau und Ernte den Bed\u00fcrfnissen des Bodens und der Jahreszeiten gefolgt. Experimentiert wird im Einklang mit der ...<br \/><a href=\"https:\/\/terratuscia.com\/de\/produzenten\/casa-vespina\/\" class=\"_self pt-cv-readmore btn btn-success\" target=\"_self\">Weiterlesen \u2026<\/a><\/div><\/div><\/div>\n<div class=\"col-md-3 col-sm-4 col-xs-12 pt-cv-content-item pt-cv-1-col\" ><div class='pt-cv-ifield'><a href=\"https:\/\/terratuscia.com\/de\/produzenten\/qualiterbe\/\" class=\"_self pt-cv-href-thumbnail pt-cv-thumb-default\" target=\"_self\" ><img width=\"768\" height=\"512\" src=\"https:\/\/terratuscia.com\/wp-content\/uploads\/2022\/01\/profil-fit_big-768x512.jpg\" class=\"pt-cv-thumbnail\" alt=\"\" decoding=\"async\" loading=\"lazy\" srcset=\"https:\/\/terratuscia.com\/wp-content\/uploads\/2022\/01\/profil-fit_big-768x512.jpg 768w, https:\/\/terratuscia.com\/wp-content\/uploads\/2022\/01\/profil-fit_big.jpg 1200w\" sizes=\"(max-width: 768px) 100vw, 768px\" title=\"\"><\/a>\n<h4 class=\"pt-cv-title\"><a href=\"https:\/\/terratuscia.com\/de\/produzenten\/qualiterbe\/\" class=\"_self\" target=\"_self\" >Qualiterbe<\/a><\/h4>\n<div class=\"pt-cv-content\">Qualiterbe <ul class=\"wp-block-social-links alignright has-small-icon-size items-justified-right\"> <\/ul> Qualiterbe nennt sich selbst eine Werkstatt von Kr\u00e4uterkundigen der Tradition und Gegenwart. Sie stellen hochwertige Heilpflanzenprodukte her, von Cremes \u00fcber Shampoos zu Tees und Tinkturen. <em>Qualiterbe<\/em> In ...<br \/><a href=\"https:\/\/terratuscia.com\/de\/produzenten\/qualiterbe\/\" class=\"_self pt-cv-readmore btn btn-success\" target=\"_self\">Weiterlesen \u2026<\/a><\/div><\/div><\/div>\n<div class=\"col-md-3 col-sm-4 col-xs-12 pt-cv-content-item pt-cv-1-col\" ><div class='pt-cv-ifield'><a href=\"https:\/\/terratuscia.com\/de\/produzenten\/ora-pasta\/\" class=\"_self pt-cv-href-thumbnail pt-cv-thumb-default\" target=\"_self\" ><img width=\"768\" height=\"512\" src=\"https:\/\/terratuscia.com\/wp-content\/uploads\/2022\/01\/featured-image-768x512.jpg\" class=\"pt-cv-thumbnail\" alt=\"\" decoding=\"async\" loading=\"lazy\" srcset=\"https:\/\/terratuscia.com\/wp-content\/uploads\/2022\/01\/featured-image-768x512.jpg 768w, https:\/\/terratuscia.com\/wp-content\/uploads\/2022\/01\/featured-image.jpg 1200w\" sizes=\"(max-width: 768px) 100vw, 768px\" title=\"\"><\/a>\n<h4 class=\"pt-cv-title\"><a href=\"https:\/\/terratuscia.com\/de\/produzenten\/ora-pasta\/\" class=\"_self\" target=\"_self\" >Ora Pasta<\/a><\/h4>\n<div class=\"pt-cv-content\">Ora Pasta <ul class=\"wp-block-social-links alignright has-small-icon-size items-justified-right items-justified-center\"> <\/ul> Giulia Tomasella und Siddharta Porfirione sind Ora Pasta. Die beiden finden es ist an der Zeit, das Nationalgericht der Italiener gesund auf den Tisch zu bringen ...<br \/><a href=\"https:\/\/terratuscia.com\/de\/produzenten\/ora-pasta\/\" class=\"_self pt-cv-readmore btn btn-success\" target=\"_self\">Weiterlesen \u2026<\/a><\/div><\/div><\/div>\n<div class=\"col-md-3 col-sm-4 col-xs-12 pt-cv-content-item pt-cv-1-col\" ><div class='pt-cv-ifield'><a href=\"https:\/\/terratuscia.com\/de\/produzenten\/semi-di-tuscia\/\" class=\"_self pt-cv-href-thumbnail pt-cv-thumb-default\" target=\"_self\" ><img width=\"600\" height=\"400\" src=\"https:\/\/terratuscia.com\/wp-content\/uploads\/2022\/01\/profil-fit-1.jpg\" class=\"pt-cv-thumbnail\" alt=\"\" decoding=\"async\" loading=\"lazy\" title=\"\"><\/a>\n<h4 class=\"pt-cv-title\"><a href=\"https:\/\/terratuscia.com\/de\/produzenten\/semi-di-tuscia\/\" class=\"_self\" target=\"_self\" >Semi di Tuscia<\/a><\/h4>\n<div class=\"pt-cv-content\">Semi di Tuscia <ul class=\"wp-block-social-links alignright has-small-icon-size items-justified-right items-justified-center\"> <\/ul> Semi di Tuscia ist ein junger Biobetrieb, der Duft-, Heilpflanzen und Fr\u00fcchte in liebevoller Handarbeit erntet und wunderbare \u00d6le, Seifen, Gew\u00fcrze, Tee und Konfit\u00fcren herstellt ...<br \/><a href=\"https:\/\/terratuscia.com\/de\/produzenten\/semi-di-tuscia\/\" class=\"_self pt-cv-readmore btn btn-success\" target=\"_self\">Weiterlesen \u2026<\/a><\/div><\/div><\/div><\/div><\/div><\/div>\n","protected":false},"excerpt":{"rendered":"<p>Link Instagram Facebook Semi di Tuscia ist ein junger Biobetrieb, der Duft-, Heilpflanzen und Fr\u00fcchte in liebevoller Handarbeit erntet und wunderbare \u00d6le, Seifen, Gew\u00fcrze, Tee und Konfit\u00fcren herstellt. Stella + Lorenzo Auf etwas mehr als f\u00fcnf Hektar fruchtbarem Vulkanboden des Bolsena Sees bei Marta verwirklichen Stella und Lorenzo ihren Traum, mit Hingabe zu landwirtschaften, mit &hellip;<\/p>\n<p class=\"read-more\"> <a class=\"ast-button\" href=\"https:\/\/terratuscia.com\/de\/produzenten\/\"> <span class=\"screen-reader-text\">Produzenten<\/span> Weiterlesen \u00bb<\/a><\/p>\n","protected":false},"author":1,"featured_media":5706,"parent":0,"menu_order":0,"comment_status":"closed","ping_status":"closed","template":"","meta":{"_uag_custom_page_level_css":"","site-sidebar-layout":"default","site-content-layout":"default","ast-global-header-display":"","ast-banner-title-visibility":"","ast-main-header-display":"","ast-hfb-above-header-display":"","ast-hfb-below-header-display":"","ast-hfb-mobile-header-display":"","site-post-title":"","ast-breadcrumbs-content":"","ast-featured-img":"disabled","footer-sml-layout":"","theme-transparent-header-meta":"","adv-header-id-meta":"","stick-header-meta":"","header-above-stick-meta":"","header-main-stick-meta":"","header-below-stick-meta":""},"uagb_featured_image_src":{"full":["https:\/\/terratuscia.com\/wp-content\/uploads\/2022\/01\/old-lady-ontractor-square.jpg",675,675,false],"thumbnail":["https:\/\/terratuscia.com\/wp-content\/uploads\/2022\/01\/old-lady-ontractor-square-150x150.jpg",150,150,true],"medium":["https:\/\/terratuscia.com\/wp-content\/uploads\/2022\/01\/old-lady-ontractor-square.jpg",675,675,false],"medium_large":["https:\/\/terratuscia.com\/wp-content\/uploads\/2022\/01\/old-lady-ontractor-square.jpg",675,675,false],"large":["https:\/\/terratuscia.com\/wp-content\/uploads\/2022\/01\/old-lady-ontractor-square.jpg",675,675,false],"1536x1536":["https:\/\/terratuscia.com\/wp-content\/uploads\/2022\/01\/old-lady-ontractor-square.jpg",675,675,false],"2048x2048":["https:\/\/terratuscia.com\/wp-content\/uploads\/2022\/01\/old-lady-ontractor-square.jpg",675,675,false],"woocommerce_thumbnail":["https:\/\/terratuscia.com\/wp-content\/uploads\/2022\/01\/old-lady-ontractor-square-350x350.jpg",350,350,true],"woocommerce_single":["https:\/\/terratuscia.com\/wp-content\/uploads\/2022\/01\/old-lady-ontractor-square.jpg",675,675,false],"woocommerce_gallery_thumbnail":["https:\/\/terratuscia.com\/wp-content\/uploads\/2022\/01\/old-lady-ontractor-square-200x200.jpg",200,200,true]},"uagb_author_info":{"display_name":"HolgerD","author_link":"https:\/\/terratuscia.com\/de\/author\/holgerd\/"},"uagb_comment_info":0,"uagb_excerpt":"Link Instagram Facebook Semi di Tuscia ist ein junger Biobetrieb, der Duft-, Heilpflanzen und Fr\u00fcchte in liebevoller Handarbeit erntet und wunderbare \u00d6le, Seifen, Gew\u00fcrze, Tee und Konfit\u00fcren herstellt. Stella + Lorenzo Auf etwas mehr als f\u00fcnf Hektar fruchtbarem Vulkanboden des Bolsena Sees bei Marta verwirklichen Stella und Lorenzo ihren Traum, mit Hingabe zu landwirtschaften, mit&hellip;","_links":{"self":[{"href":"https:\/\/terratuscia.com\/de\/wp-json\/wp\/v2\/pages\/6031"}],"collection":[{"href":"https:\/\/terratuscia.com\/de\/wp-json\/wp\/v2\/pages"}],"about":[{"href":"https:\/\/terratuscia.com\/de\/wp-json\/wp\/v2\/types\/page"}],"author":[{"embeddable":true,"href":"https:\/\/terratuscia.com\/de\/wp-json\/wp\/v2\/users\/1"}],"replies":[{"embeddable":true,"href":"https:\/\/terratuscia.com\/de\/wp-json\/wp\/v2\/comments?post=6031"}],"version-history":[{"count":2,"href":"https:\/\/terratuscia.com\/de\/wp-json\/wp\/v2\/pages\/6031\/revisions"}],"predecessor-version":[{"id":14423,"href":"https:\/\/terratuscia.com\/de\/wp-json\/wp\/v2\/pages\/6031\/revisions\/14423"}],"wp:featuredmedia":[{"embeddable":true,"href":"https:\/\/terratuscia.com\/de\/wp-json\/wp\/v2\/media\/5706"}],"wp:attachment":[{"href":"https:\/\/terratuscia.com\/de\/wp-json\/wp\/v2\/media?parent=6031"}],"curies":[{"name":"wp","href":"https:\/\/api.w.org\/{rel}","templated":true}]}}