{"id":5870,"date":"2022-01-17T13:20:25","date_gmt":"2022-01-17T12:20:25","guid":{"rendered":"https:\/\/terratuscia.com\/?page_id=5870"},"modified":"2023-01-05T23:28:03","modified_gmt":"2023-01-05T22:28:03","slug":"la-casa-di-effe","status":"publish","type":"page","link":"https:\/\/terratuscia.com\/de\/restaurants\/la-casa-di-effe\/","title":{"rendered":"La casa di Effe"},"content":{"rendered":"\n<div class=\"wp-block-group alignwide wp-block-group-hdm-no-margin has-white-background-color has-background is-layout-flow\">\n<div class=\"wp-block-columns alignwide is-layout-flex wp-container-4\">\n<div class=\"wp-block-column is-layout-flow\">\n<h1 class=\"has-text-align-left wp-block-heading\">La casa di Effe<\/h1>\n<\/div>\n\n\n\n<div class=\"wp-block-column is-vertically-aligned-center is-layout-flow\">\n<ul class=\"wp-block-social-links alignright has-small-icon-size items-justified-right items-justified-center is-layout-flex\"><li class=\"wp-social-link wp-social-link-chain wp-block-social-link\"><a rel=\" noopener nofollow\" target=\"_blank\" href=\"https:\/\/www.lacasadieffehomerestaurant.com\/\" class=\"wp-block-social-link-anchor\"><svg width=\"24\" height=\"24\" viewBox=\"0 0 24 24\" version=\"1.1\" xmlns=\"http:\/\/www.w3.org\/2000\/svg\" aria-hidden=\"true\" focusable=\"false\"><path d=\"M19.647,16.706a1.134,1.134,0,0,0-.343-.833l-2.549-2.549a1.134,1.134,0,0,0-.833-.343,1.168,1.168,0,0,0-.883.392l.233.226q.2.189.264.264a2.922,2.922,0,0,1,.184.233.986.986,0,0,1,.159.312,1.242,1.242,0,0,1,.043.337,1.172,1.172,0,0,1-1.176,1.176,1.237,1.237,0,0,1-.337-.043,1,1,0,0,1-.312-.159,2.76,2.76,0,0,1-.233-.184q-.073-.068-.264-.264l-.226-.233a1.19,1.19,0,0,0-.4.895,1.134,1.134,0,0,0,.343.833L15.837,19.3a1.13,1.13,0,0,0,.833.331,1.18,1.18,0,0,0,.833-.318l1.8-1.789a1.12,1.12,0,0,0,.343-.821Zm-8.615-8.64a1.134,1.134,0,0,0-.343-.833L8.163,4.7a1.134,1.134,0,0,0-.833-.343,1.184,1.184,0,0,0-.833.331L4.7,6.473a1.12,1.12,0,0,0-.343.821,1.134,1.134,0,0,0,.343.833l2.549,2.549a1.13,1.13,0,0,0,.833.331,1.184,1.184,0,0,0,.883-.38L8.728,10.4q-.2-.189-.264-.264A2.922,2.922,0,0,1,8.28,9.9a.986.986,0,0,1-.159-.312,1.242,1.242,0,0,1-.043-.337A1.172,1.172,0,0,1,9.254,8.079a1.237,1.237,0,0,1,.337.043,1,1,0,0,1,.312.159,2.761,2.761,0,0,1,.233.184q.073.068.264.264l.226.233a1.19,1.19,0,0,0,.4-.895ZM22,16.706a3.343,3.343,0,0,1-1.042,2.488l-1.8,1.789a3.536,3.536,0,0,1-4.988-.025l-2.525-2.537a3.384,3.384,0,0,1-1.017-2.488,3.448,3.448,0,0,1,1.078-2.561l-1.078-1.078a3.434,3.434,0,0,1-2.549,1.078,3.4,3.4,0,0,1-2.5-1.029L3.029,9.794A3.4,3.4,0,0,1,2,7.294,3.343,3.343,0,0,1,3.042,4.806l1.8-1.789A3.384,3.384,0,0,1,7.331,2a3.357,3.357,0,0,1,2.5,1.042l2.525,2.537a3.384,3.384,0,0,1,1.017,2.488,3.448,3.448,0,0,1-1.078,2.561l1.078,1.078a3.551,3.551,0,0,1,5.049-.049l2.549,2.549A3.4,3.4,0,0,1,22,16.706Z\"><\/path><\/svg><span class=\"wp-block-social-link-label screen-reader-text\">Link<\/span><\/a><\/li>\n\n<li class=\"wp-social-link wp-social-link-facebook wp-block-social-link\"><a rel=\" noopener nofollow\" target=\"_blank\" href=\"https:\/\/www.facebook.com\/lacasadieffehomerestaurant\/\" class=\"wp-block-social-link-anchor\"><svg width=\"24\" height=\"24\" viewBox=\"0 0 24 24\" version=\"1.1\" xmlns=\"http:\/\/www.w3.org\/2000\/svg\" aria-hidden=\"true\" focusable=\"false\"><path d=\"M12 2C6.5 2 2 6.5 2 12c0 5 3.7 9.1 8.4 9.9v-7H7.9V12h2.5V9.8c0-2.5 1.5-3.9 3.8-3.9 1.1 0 2.2.2 2.2.2v2.5h-1.3c-1.2 0-1.6.8-1.6 1.6V12h2.8l-.4 2.9h-2.3v7C18.3 21.1 22 17 22 12c0-5.5-4.5-10-10-10z\"><\/path><\/svg><span class=\"wp-block-social-link-label screen-reader-text\">Facebook<\/span><\/a><\/li><\/ul>\n<\/div>\n<\/div>\n\n\n\n<blockquote class=\"wp-block-quote\">\n<p>Fabiana Eramo, K\u00f6chin aus Berufung und Leidenschaft und Fabio Lanciano, Experte f\u00fcr Wein und Rum, laden zu sich nach Hause ein, um wunderbaren Produkte und Gerichte der Region Tuscia zu kosten. Bei La casa di Effe erlebt man die ehrliche \u201ezirkul\u00e4re K\u00fcche\u201c Tuscias. Alle Zutaten stammen aus eigenem biologischen Anbau oder direkt aus der Region und werden im Haus frisch zubereitet.<\/p>\n<\/blockquote>\n\n\n\n<figure class=\"wp-block-image alignwide size-full is-style-rounded\"><img decoding=\"async\" loading=\"lazy\" width=\"1200\" height=\"479\" src=\"https:\/\/terratuscia.com\/wp-content\/uploads\/2022\/01\/casa-di-effe-banner.jpg\" alt=\"\" class=\"wp-image-5862\" srcset=\"https:\/\/terratuscia.com\/wp-content\/uploads\/2022\/01\/casa-di-effe-banner.jpg 1200w, https:\/\/terratuscia.com\/wp-content\/uploads\/2022\/01\/casa-di-effe-banner-768x307.jpg 768w\" sizes=\"(max-width: 1200px) 100vw, 1200px\" title=\"\"><\/figure>\n\n\n\n<div class=\"wp-block-media-text alignwide is-stacked-on-mobile is-vertically-aligned-center\" style=\"grid-template-columns:34% auto\"><figure class=\"wp-block-media-text__media\"><img decoding=\"async\" loading=\"lazy\" width=\"600\" height=\"600\" src=\"https:\/\/terratuscia.com\/wp-content\/uploads\/2022\/01\/casa-di-effe-1.jpg\" alt=\"\" class=\"wp-image-5857 size-full\" srcset=\"https:\/\/terratuscia.com\/wp-content\/uploads\/2022\/01\/casa-di-effe-1.jpg 600w, https:\/\/terratuscia.com\/wp-content\/uploads\/2022\/01\/casa-di-effe-1-350x350.jpg 350w, https:\/\/terratuscia.com\/wp-content\/uploads\/2022\/01\/casa-di-effe-1-200x200.jpg 200w, https:\/\/terratuscia.com\/wp-content\/uploads\/2022\/01\/casa-di-effe-1-150x150.jpg 150w\" sizes=\"(max-width: 600px) 100vw, 600px\" title=\"\"><\/figure><div class=\"wp-block-media-text__content\">\n<div class=\"wp-block-group has-white-background-color has-background is-layout-flow\" style=\"padding-top:var(--wp--preset--spacing--50);padding-right:var(--wp--preset--spacing--50);padding-bottom:var(--wp--preset--spacing--50);padding-left:var(--wp--preset--spacing--50)\">\n<figure class=\"wp-block-image size-large is-resized\"><img decoding=\"async\" loading=\"lazy\" src=\"https:\/\/terratuscia.com\/wp-content\/uploads\/2022\/01\/new-quote.png\" alt=\"\" class=\"wp-image-53898\" width=\"32\" height=\"32\" title=\"\"><figcaption class=\"wp-element-caption\"><em>Fabiana<\/em><\/figcaption><\/figure>\n\n\n\n<h3 class=\"alignwide wp-block-heading\">Wir folgen den Jahreszeiten, kochen nach traditionellen Rezepten und f\u00fcgen mit Sorgfalt und Liebe ein Hauch von eigener Kreativi\u00e4t zu.<\/h3>\n<\/div>\n<\/div><\/div>\n\n\n\n<p>Oft bereitet Fabiana Eramo Gerichte nach Rezepten ihres Buches \u201eTuscia Slow\u201c in der sie 80 Rezepte ihrer und anderer Familien Tuscias vorstellt. Daraus wurde auch die Idee geboren, Essen, Kultur und Kunst zu verbinden, und gastronomische Events in der Region zu veranstalten. <\/p>\n\n\n\n<div class=\"wp-block-media-text alignwide is-stacked-on-mobile is-vertically-aligned-center\" style=\"grid-template-columns:34% auto\"><figure class=\"wp-block-media-text__media\"><img decoding=\"async\" loading=\"lazy\" width=\"600\" height=\"600\" src=\"https:\/\/terratuscia.com\/wp-content\/uploads\/2022\/01\/casa-di-effe-2.jpg\" alt=\"\" class=\"wp-image-5858 size-full\" srcset=\"https:\/\/terratuscia.com\/wp-content\/uploads\/2022\/01\/casa-di-effe-2.jpg 600w, https:\/\/terratuscia.com\/wp-content\/uploads\/2022\/01\/casa-di-effe-2-350x350.jpg 350w, https:\/\/terratuscia.com\/wp-content\/uploads\/2022\/01\/casa-di-effe-2-200x200.jpg 200w, https:\/\/terratuscia.com\/wp-content\/uploads\/2022\/01\/casa-di-effe-2-150x150.jpg 150w\" sizes=\"(max-width: 600px) 100vw, 600px\" title=\"\"><\/figure><div class=\"wp-block-media-text__content\">\n<div class=\"wp-block-group has-white-background-color has-background is-layout-flow\" style=\"padding-top:var(--wp--preset--spacing--50);padding-right:var(--wp--preset--spacing--50);padding-bottom:var(--wp--preset--spacing--50);padding-left:var(--wp--preset--spacing--50)\">\n<figure class=\"wp-block-image size-large is-resized\"><img decoding=\"async\" loading=\"lazy\" src=\"https:\/\/terratuscia.com\/wp-content\/uploads\/2022\/01\/new-quote.png\" alt=\"\" class=\"wp-image-53898\" width=\"32\" height=\"32\" title=\"\"><\/figure>\n\n\n\n<h3 class=\"alignwide wp-block-heading\">Ich bin auf dem Land aufgewachsen. Meine Pausenbrote bestanden aus selbstgemachtem Brot mit eigenem Schinken und im Sommer mit frisch geernteten Tomaten. Dieser Geschmack blieb mir in Erinnerung und hat mich inspiriert, lokale ehrliche und typische Produkte aus meiner Heimat wiederzuentdecken.<\/h3>\n<\/div>\n<\/div><\/div>\n\n\n\n<p>Die Ger\u00fcche zum Erntedank von hausgemachten frischen Nudeln und seit dem fr\u00fchen Morgen kochenden Ragu, haben Fabiana inspiriert, eigene Nudeln herzustellen. Die Erz\u00e4hlungen Ihrer Grossmutter Eva vom eigenen Brotbackofen, hausgemachtes Brot anzubieten.<\/p>\n\n\n\n<div class=\"wp-block-media-text alignwide is-stacked-on-mobile is-vertically-aligned-center\" style=\"grid-template-columns:34% auto\"><figure class=\"wp-block-media-text__media\"><img decoding=\"async\" loading=\"lazy\" width=\"600\" height=\"400\" src=\"https:\/\/terratuscia.com\/wp-content\/uploads\/2022\/01\/casa-di-effe-4.jpg\" alt=\"\" class=\"wp-image-5860 size-full\" title=\"\"><\/figure><div class=\"wp-block-media-text__content\">\n<div class=\"wp-block-group has-white-background-color has-background is-layout-flow\" style=\"padding-top:var(--wp--preset--spacing--50);padding-right:var(--wp--preset--spacing--50);padding-bottom:var(--wp--preset--spacing--50);padding-left:var(--wp--preset--spacing--50)\">\n<figure class=\"wp-block-image size-large is-resized\"><img decoding=\"async\" loading=\"lazy\" src=\"https:\/\/terratuscia.com\/wp-content\/uploads\/2022\/01\/new-quote.png\" alt=\"\" class=\"wp-image-53898\" width=\"32\" height=\"32\" title=\"\"><\/figure>\n\n\n\n<h3 class=\"alignwide wp-block-heading\">Diese Erinnerungen, Ger\u00fcche, Geschmack und Weisheiten begleiten mich bis heute. Dies und die Liebe zur Natur pr\u00e4gen meine K\u00fcche.<\/h3>\n<\/div>\n<\/div><\/div>\n<\/div>\n","protected":false},"excerpt":{"rendered":"<p>Link Facebook Fabiana Eramo, K\u00f6chin aus Berufung und Leidenschaft und Fabio Lanciano, Experte f\u00fcr Wein und Rum, laden zu sich nach Hause ein, um wunderbaren Produkte und Gerichte der Region Tuscia zu kosten. Bei La casa di Effe erlebt man die ehrliche \u201ezirkul\u00e4re K\u00fcche\u201c Tuscias. Alle Zutaten stammen aus eigenem biologischen Anbau oder direkt aus &hellip;<\/p>\n<p class=\"read-more\"> <a class=\"ast-button\" href=\"https:\/\/terratuscia.com\/de\/restaurants\/la-casa-di-effe\/\"> <span class=\"screen-reader-text\">La casa di Effe<\/span> Weiterlesen \u00bb<\/a><\/p>\n","protected":false},"author":1,"featured_media":5860,"parent":6039,"menu_order":0,"comment_status":"open","ping_status":"closed","template":"","meta":{"_uag_custom_page_level_css":"","site-sidebar-layout":"default","site-content-layout":"default","ast-global-header-display":"","ast-banner-title-visibility":"","ast-main-header-display":"","ast-hfb-above-header-display":"","ast-hfb-below-header-display":"","ast-hfb-mobile-header-display":"","site-post-title":"disabled","ast-breadcrumbs-content":"","ast-featured-img":"disabled","footer-sml-layout":"","theme-transparent-header-meta":"","adv-header-id-meta":"","stick-header-meta":"","header-above-stick-meta":"","header-main-stick-meta":"","header-below-stick-meta":""},"uagb_featured_image_src":{"full":["https:\/\/terratuscia.com\/wp-content\/uploads\/2022\/01\/casa-di-effe-4.jpg",600,400,false],"thumbnail":["https:\/\/terratuscia.com\/wp-content\/uploads\/2022\/01\/casa-di-effe-4-150x150.jpg",150,150,true],"medium":["https:\/\/terratuscia.com\/wp-content\/uploads\/2022\/01\/casa-di-effe-4.jpg",600,400,false],"medium_large":["https:\/\/terratuscia.com\/wp-content\/uploads\/2022\/01\/casa-di-effe-4.jpg",600,400,false],"large":["https:\/\/terratuscia.com\/wp-content\/uploads\/2022\/01\/casa-di-effe-4.jpg",600,400,false],"1536x1536":["https:\/\/terratuscia.com\/wp-content\/uploads\/2022\/01\/casa-di-effe-4.jpg",600,400,false],"2048x2048":["https:\/\/terratuscia.com\/wp-content\/uploads\/2022\/01\/casa-di-effe-4.jpg",600,400,false],"woocommerce_thumbnail":["https:\/\/terratuscia.com\/wp-content\/uploads\/2022\/01\/casa-di-effe-4-350x350.jpg",350,350,true],"woocommerce_single":["https:\/\/terratuscia.com\/wp-content\/uploads\/2022\/01\/casa-di-effe-4.jpg",600,400,false],"woocommerce_gallery_thumbnail":["https:\/\/terratuscia.com\/wp-content\/uploads\/2022\/01\/casa-di-effe-4-200x200.jpg",200,200,true]},"uagb_author_info":{"display_name":"HolgerD","author_link":"https:\/\/terratuscia.com\/de\/author\/holgerd\/"},"uagb_comment_info":0,"uagb_excerpt":"Link Facebook Fabiana Eramo, K\u00f6chin aus Berufung und Leidenschaft und Fabio Lanciano, Experte f\u00fcr Wein und Rum, laden zu sich nach Hause ein, um wunderbaren Produkte und Gerichte der Region Tuscia zu kosten. Bei La casa di Effe erlebt man die ehrliche \u201ezirkul\u00e4re K\u00fcche\u201c Tuscias. Alle Zutaten stammen aus eigenem biologischen Anbau oder direkt aus&hellip;","_links":{"self":[{"href":"https:\/\/terratuscia.com\/de\/wp-json\/wp\/v2\/pages\/5870"}],"collection":[{"href":"https:\/\/terratuscia.com\/de\/wp-json\/wp\/v2\/pages"}],"about":[{"href":"https:\/\/terratuscia.com\/de\/wp-json\/wp\/v2\/types\/page"}],"author":[{"embeddable":true,"href":"https:\/\/terratuscia.com\/de\/wp-json\/wp\/v2\/users\/1"}],"replies":[{"embeddable":true,"href":"https:\/\/terratuscia.com\/de\/wp-json\/wp\/v2\/comments?post=5870"}],"version-history":[{"count":2,"href":"https:\/\/terratuscia.com\/de\/wp-json\/wp\/v2\/pages\/5870\/revisions"}],"predecessor-version":[{"id":14533,"href":"https:\/\/terratuscia.com\/de\/wp-json\/wp\/v2\/pages\/5870\/revisions\/14533"}],"up":[{"embeddable":true,"href":"https:\/\/terratuscia.com\/de\/wp-json\/wp\/v2\/pages\/6039"}],"wp:featuredmedia":[{"embeddable":true,"href":"https:\/\/terratuscia.com\/de\/wp-json\/wp\/v2\/media\/5860"}],"wp:attachment":[{"href":"https:\/\/terratuscia.com\/de\/wp-json\/wp\/v2\/media?parent=5870"}],"curies":[{"name":"wp","href":"https:\/\/api.w.org\/{rel}","templated":true}]}}