{"id":5616,"date":"2022-01-13T11:15:57","date_gmt":"2022-01-13T10:15:57","guid":{"rendered":"https:\/\/terratuscia.com\/?page_id=5616"},"modified":"2023-02-05T15:40:45","modified_gmt":"2023-02-05T14:40:45","slug":"terratuscia-und-biodistretto","status":"publish","type":"page","link":"https:\/\/terratuscia.com\/de\/terratuscia-und-biodistretto\/","title":{"rendered":"TerraTuscia und BioDistretto"},"content":{"rendered":"\r\n<div class=\"wp-block-group alignwide wp-block-group-hdm-no-margin has-white-background-color has-background is-layout-flow\">\r\n<h1 class=\"alignwide wp-block-heading\">TerraTuscia und BioDistretto<\/h1>\r\n\r\n\r\n\r\n<blockquote class=\"wp-block-quote is-style-default\">\r\n<p>Um dein Einkaufserlebnis zu vers\u00fc\u00dfen, die italienische Produktvielfalt an herausragenden Lebensmitteln aufzuzeigen und unser Angebot f\u00fcr dich zu optimieren, arbeitet TerraTuscia mit Bio Produzenten und ausgesuchten konventionellen Landwirten zusammen. Im Shop findest du nachvollziehbare Auszeichnungen und Filter, um das f\u00fcr dich richtige Produkt zu finden. Wir betreiben TerraTuscia &#8222;non Profit&#8220;. Gewinn wird in Arbeitspl\u00e4tze, die Erweiterung der Plattform und Ideen f\u00fcr eine nachhaltige Lebensweise in der Region investiert. Jede Hilfe willkommen.<\/p>\r\n<\/blockquote>\r\n\r\n\r\n\r\n<h4 class=\"alignwide wp-block-heading\">Warum TerraTuscia?<\/h4>\r\n\r\n\r\n\r\n<div class=\"wp-block-columns alignwide is-layout-flex wp-container-3\">\r\n<div class=\"wp-block-column is-layout-flow\" style=\"flex-basis:50%\">\r\n<figure class=\"wp-block-image aligncenter size-full is-style-rounded\"><img decoding=\"async\" loading=\"lazy\" width=\"600\" height=\"600\" src=\"https:\/\/terratuscia.com\/wp-content\/uploads\/2022\/01\/natur-pur-e1673103107398.jpg\" alt=\"\" class=\"wp-image-5693\" srcset=\"https:\/\/terratuscia.com\/wp-content\/uploads\/2022\/01\/natur-pur-e1673103107398.jpg 600w, https:\/\/terratuscia.com\/wp-content\/uploads\/2022\/01\/natur-pur-e1673103107398-350x350.jpg 350w, https:\/\/terratuscia.com\/wp-content\/uploads\/2022\/01\/natur-pur-e1673103107398-200x200.jpg 200w, https:\/\/terratuscia.com\/wp-content\/uploads\/2022\/01\/natur-pur-e1673103107398-150x150.jpg 150w\" sizes=\"(max-width: 600px) 100vw, 600px\" title=\"\"><\/figure>\r\n<\/div>\r\n\r\n\r\n\r\n<div class=\"wp-block-column is-layout-flow\" style=\"flex-basis:50%\">\r\n<p>Wir m\u00f6chten Umwelt und Biodiversit\u00e4t der Region Lago di Bolsena &#8211; Tuscia sch\u00fctzen, denn wir lieben &#8222;das Leben&#8220; hier.<\/p>\r\n\r\n\r\n\r\n<p>Wir glauben 100% nicht nur an die \u00f6kologischen und sozialen Vorteile nachhaltiger Landwirtschaft, sondern auch an die \u00f6konomischen. Nur so wird sie Realit\u00e4t und kann funktionieren. Und sich ausbreiten. TerraTuscia ist unser Beitrag dazu.<\/p>\r\n\r\n\r\n\r\n<p>Gradoli am Bolsena See ist unser neues oder zweites Zuhause. Wir kamen, um hier zu leben und zu arbeiten. Wegen der unber\u00fchrten Natur, der sauberen Luft, der aktiven Erde und dem See. Wegen der Sch\u00f6nheit der urspr\u00fcnglichen D\u00f6rfer und dem Reichtum an Geschichte. Aber auch hier ist nicht alles perfekt. Viele junge Menschen verlassen die D\u00f6rfer, um Arbeit zu finden. Die Bev\u00f6lkerung \u00fcberaltert, die kleinen Parzellen werden nicht mehr bewirtschaftet, Kulturland verwaldet. Auch hier gibt es Pestizide und entwickeln sich Umweltsch\u00e4den.<br>&nbsp;<br>Was k\u00f6nnte man tun, um diese Umgebung zu sch\u00fctzen und zu unterst\u00fctzen? Wir begannen zu tr\u00e4umen: Wie genial w\u00e4re es, wenn unser Dorf oder alle D\u00f6rfer um den See komplett \u201cbio\u201c w\u00fcrden! Nicht nur was landwirtschaftliche Produkte angeht. Natur, Biodiversit\u00e4t und Leben w\u00fcrden gesch\u00fctzt, neue Arbeitspl\u00e4tze geschaffen \u2026 Wir sahen alles vor uns \ud83d\ude09<\/p>\r\n<\/div>\r\n<\/div>\r\n\r\n\r\n\r\n<h4 class=\"wp-block-heading\">Was ist TerraTuscia?<\/h4>\r\n\r\n\r\n\r\n<div class=\"wp-block-columns alignwide is-layout-flex wp-container-7\">\r\n<div class=\"wp-block-column is-layout-flow\" style=\"flex-basis:70%\">\r\n<p>Um unseren konkreten Beitrag zu diesem Traum zu leisten und hoffentlich etwas im Kleinen zu bewegen, haben wir TerraTuscia errichtet. Eine Webplattform und Webshop mit Blog und Forum zum Austausch untereinander &#8211;  f\u00fcr nachhaltige Produkte der Region Lago di Bolsena, Tuscia und die Region an sich.<br>Damit die vielen kleinen, lokalen Bio-Bauern Zugang zu einem gr\u00f6sseren Markt haben.<br>Damit sich Bio f\u00fcr sie (weiterhin) lohnt. Sich auch lohnt f\u00fcr die, die mit Liebe und Sorgfalt und mehr als allen EU Bioregeln ihren Boden bewirtschaften und fantastische Produkte herstellen.<br>Damit alle noch-nicht-Bio-Bauern sehen, dass es sich lohnt. F\u00fcr den Geldbeutel und f\u00fcr das Leben in einer gesunden Umgebung.<br>Um das Informationsangebot auch f\u00fcr Besucher des BioDistretto, des Lago di Bolsena und der ganzen Region zu erweitern, versuchen wir, ausgesuchte Agriturismi, Restaurants, Gesch\u00e4fte, Events und Veranstaltungen, Campingpl\u00e4tze, etc. mit zu integrieren.<\/p>\r\n\r\n\r\n\r\n<div class=\"inherit-container-width wp-block-group is-layout-constrained\" style=\"padding-top:var(--wp--preset--spacing--60);padding-bottom:var(--wp--preset--spacing--60)\">\r\n<figure class=\"wp-block-image aligncenter size-full is-resized is-style-default hdm_teiler\"><img decoding=\"async\" loading=\"lazy\" src=\"https:\/\/terratuscia.com\/wp-content\/uploads\/2021\/05\/Untitled_Artwork-19_horizontal.png\" alt=\"\" class=\"wp-image-4890\" width=\"200\" height=\"30\" title=\"\"><\/figure>\r\n<\/div>\r\n<\/div>\r\n\r\n\r\n\r\n<div class=\"wp-block-column is-vertically-aligned-top is-layout-flow\" style=\"flex-basis:30%\">\r\n<figure class=\"wp-block-image aligncenter size-full is-style-rounded\"><a href=\"http:\/\/www.ortodellefate.it\" target=\"_blank\" rel=\"noopener\"><img decoding=\"async\" loading=\"lazy\" width=\"675\" height=\"675\" src=\"https:\/\/terratuscia.com\/wp-content\/uploads\/2022\/01\/old-lady-ontractor-square.jpg\" alt=\"\" class=\"wp-image-5706\" srcset=\"https:\/\/terratuscia.com\/wp-content\/uploads\/2022\/01\/old-lady-ontractor-square.jpg 675w, https:\/\/terratuscia.com\/wp-content\/uploads\/2022\/01\/old-lady-ontractor-square-350x350.jpg 350w, https:\/\/terratuscia.com\/wp-content\/uploads\/2022\/01\/old-lady-ontractor-square-200x200.jpg 200w, https:\/\/terratuscia.com\/wp-content\/uploads\/2022\/01\/old-lady-ontractor-square-150x150.jpg 150w\" sizes=\"(max-width: 675px) 100vw, 675px\" title=\"\"><\/a><figcaption class=\"wp-element-caption\">  <\/figcaption><\/figure>\r\n<\/div>\r\n<\/div>\r\n\r\n\r\n\r\n<h4 class=\"alignwide wp-block-heading\">was bietet TerraTuscia? &#8211; f\u00fcr unsere Kunden<\/h4>\r\n\r\n\r\n\r\n<ul>\r\n<li>Einkaufen wie auf dem biologischen Wochenmarkt in Tuscia aber online und kuratiert<\/li>\r\n\r\n\r\n\r\n<li>Nachhaltige Produkte der Region Lago di Bolsena &#8211; Tuscia<\/li>\r\n\r\n\r\n\r\n<li>Handverlesene Anbieter und Kleinbauern die ehrliche, nachhaltige Landwirtschaft betreiben&nbsp;<\/li>\r\n\r\n\r\n\r\n<li>Konkrete und transparente Kommunikation zu Produkt und Betrieb<\/li>\r\n\r\n\r\n\r\n<li>Sichere und einfache Zahlung online (Kreditkarte, paypal, \u00dcberweisung)<\/li>\r\n\r\n\r\n\r\n<li>Nachhaltige Verpackung<\/li>\r\n\r\n\r\n\r\n<li>Lieferung durch professionelle Partner (Abholung Pakete kumuliert nur zwei mal die Woche, um den Footprint klein zu halten)<\/li>\r\n\r\n\r\n\r\n<li>Direkte und schnelle Kommunikation \u00fcber Chat, Mail und Messageservice (Italienisch, Deutsch, Englisch)<\/li>\r\n\r\n\r\n\r\n<li>Jeder Kauf unterst\u00fctzt die Entwicklung von nachhaltiger Landwirtschaft und nachhaltigem Einkommen der Menschen in der Region<\/li>\r\n\r\n\r\n\r\n<li>Zum St\u00f6bern auf TerraTuscia und f\u00fcr Besucher der Region, allgemeine Informationen zu Agriturismi, Restaurants, Gesch\u00e4ften, Events und Veranstaltungen, Campingpl\u00e4tzen und was uns sonst noch so in der Region Lago di Bolsena &#8211; Tuscia gef\u00e4llt<\/li>\r\n<\/ul>\r\n\r\n\r\n\r\n<div class=\"inherit-container-width wp-block-group alignwide is-layout-constrained\" style=\"padding-top:var(--wp--preset--spacing--50);padding-bottom:var(--wp--preset--spacing--50)\">\r\n<figure class=\"wp-block-image aligncenter size-full\"><img decoding=\"async\" loading=\"lazy\" width=\"200\" height=\"40\" src=\"https:\/\/terratuscia.com\/wp-content\/uploads\/2021\/05\/Untitled_Artwork-2_horizontal.png\" alt=\"\" class=\"wp-image-4888\" title=\"\"><\/figure>\r\n<\/div>\r\n\r\n\r\n\r\n<h4 class=\"alignwide wp-block-heading\">was bietet TerraTuscia? &#8211; f\u00fcr unsere Anbieter<\/h4>\r\n\r\n\r\n\r\n<h5 class=\"alignwide wp-block-heading\">Webseite und Webshop<\/h5>\r\n\r\n\r\n\r\n<ul>\r\n<li>Kreation und Bau der Seite und des Webshops inklusive Waren und Rechnungssystem<\/li>\r\n\r\n\r\n\r\n<li>Forum zum Erfahrungsaustausch und zu Herausforderungen der B\u00fcrokratie<\/li>\r\n\r\n\r\n\r\n<li>Blogbeitr\u00e4ge. Allgemein. Unterhaltsam. Lehrsam. Informativ<\/li>\r\n\r\n\r\n\r\n<li>Veranstaltungskalender (M\u00e4rkte, Events, Versammlungen, etc, &#8230;.)<\/li>\r\n\r\n\r\n\r\n<li>Publikation der von den Anbietern zur Verf\u00fcgung gestellten Infos (Produkte, Betrieb, Philosophie, Geschichte, Preise, Fotos)<\/li>\r\n\r\n\r\n\r\n<li>Features und Interessantes zu Produzenten und der Region<\/li>\r\n\r\n\r\n\r\n<li>Aktivation der Produkte im Online-shop (der Produzent bestimmt die Preise)&nbsp;<\/li>\r\n\r\n\r\n\r\n<li>Sichere und einfache Zahlung online (Kreditkarte, Paypal, \u00dcberweisung, etc.)<\/li>\r\n\r\n\r\n\r\n<li>Kommunikation mit den Kunden \u00fcber Telefon, Mail und Messagingservices (Italienisch, Deutsch, Englisch)<\/li>\r\n<\/ul>\r\n\r\n\r\n\r\n<h5 class=\"alignwide wp-block-heading\">Werbung<\/h5>\r\n\r\n\r\n\r\n<ul>\r\n<li>Promotion der Seite via professionellem Internet Marketing<\/li>\r\n\r\n\r\n\r\n<li>Blogs und Vlogs<\/li>\r\n\r\n\r\n\r\n<li>Promos und Werbeaktionen in Absprache mit den Anbietern<\/li>\r\n<\/ul>\r\n\r\n\r\n\r\n<h5 class=\"alignwide wp-block-heading\">Lager und Lieferung<\/h5>\r\n\r\n\r\n\r\n<ul>\r\n<li>Sachgem\u00e4sse Lagerung der Produkte (Anfangs keine Frischeprodukte)&nbsp;<\/li>\r\n\r\n\r\n\r\n<li>Lieferung durch professionelle Partner<\/li>\r\n\r\n\r\n\r\n<li>Nachhaltige Verpackung. Transport so nachhaltig wie m\u00f6glich<\/li>\r\n<\/ul>\r\n\r\n\r\n\r\n<div class=\"inherit-container-width wp-block-group alignwide is-layout-constrained\" style=\"padding-top:var(--wp--preset--spacing--50);padding-bottom:var(--wp--preset--spacing--50)\">\r\n<figure class=\"wp-block-image aligncenter size-full\"><img decoding=\"async\" loading=\"lazy\" width=\"200\" height=\"29\" src=\"https:\/\/terratuscia.com\/wp-content\/uploads\/2021\/05\/Untitled_Artwork-7_horizontal.png\" alt=\"\" class=\"wp-image-4889\" title=\"\"><\/figure>\r\n<\/div>\r\n\r\n\r\n\r\n<h4 class=\"alignwide wp-block-heading\" id=\"anker-anbieter\">Wie kann ich meine Waren \u00fcber TerraTuscia verkaufen und\/oder mitmachen? &#8211; f\u00fcr Anbieter<\/h4>\r\n\r\n\r\n\r\n<p>Eine Mail senden an web@terratuscia.com mit folgenden Informationen:<\/p>\r\n\r\n\r\n\r\n<ul>\r\n<li>Infos zu Betrieb, Geschichte, Philosophie und deinen Produkten oder deinem Angebot<\/li>\r\n\r\n\r\n\r\n<li>Photos !!!, Telefonnummer, E-Mail-Adresse, Social Pages, Webseite falls du eine hast. Google Maps Link oder GPS Position deines Betriebes<\/li>\r\n\r\n\r\n\r\n<li>Kein Content oder Photos parat? Wir helfen gerne<\/li>\r\n\r\n\r\n\r\n<li>EU-Bio Zertifikation und\/oder qualifiziertes Mitglied im Verein bio-distretto Lago di Bolsena, oder auch nicht?<\/li>\r\n<\/ul>\r\n\r\n\r\n\r\n<p class=\"has-text-align-center\"><strong>&#8212;- f\u00fcr Agriturismi, Restaurants, Campingpl\u00e4tze, Events, etc. reichen die obigen Punkte &#8212;-<\/strong><\/p>\r\n\r\n\r\n\r\n<ul>\r\n<li>Deine Produkte und Preise. Du bestimmst den Verkaufspreis. Dieser sollte aber nicht h\u00f6her sein, als zB in deinem eigenen Webshop\/Verkaufsraum<\/li>\r\n\r\n\r\n\r\n<li>Details wie du Rechnungen stellst (Gesellschaftsform, Kleingewerbe, C.F\/P.IVA, etc.) und wie oft du Rechnungen stellen willst (empfohlen viertelj\u00e4hrlich)<\/li>\r\n<\/ul>\r\n\r\n\r\n\r\n<ul>\r\n<li>Nach Best\u00e4tigung durch uns, eine Mindestmenge an Produkten in unser Lager liefern und danach zeitgerecht auff\u00fcllen, um Bestellungen rechtzeitig und nach Wunsch des Kunden erf\u00fcllen zu k\u00f6nnen<\/li>\r\n\r\n\r\n\r\n<li>Wir best\u00e4tigen dir den Wareneingang und registrieren den Warenausgang<\/li>\r\n\r\n\r\n\r\n<li>Unsere Kommission f\u00fcr \u00fcber TerraTuscia verkaufte Produkte auf den Nettoverkaufspreis: <br><br>\r\n<ul>\r\n<li>EU-Biozertifizierte Produkte von qualifizierten Mitgliedern des Vereins bio-distretto: reduzierter Satz<\/li>\r\n\r\n\r\n\r\n<li>EU-Biozertifizierte Produkte von au\u00dferhalb der Region BioDistretto oder Nichtmitgliedern: reduzierter Satz + 10%<\/li>\r\n\r\n\r\n\r\n<li>Produkte aus konventioneller Landwirtschaft: reduzierter Satz + 20%<\/li>\r\n<\/ul>\r\n<\/li>\r\n<\/ul>\r\n\r\n\r\n\r\n<ul>\r\n<li>Rechnungsstellung von dir an TerraTuscia f\u00fcr verkaufte Produkte: Nettoverkaufspreis abz\u00fcglich der Kommission plus MwSt. (falls du MwSt. berechnest)<\/li>\r\n<\/ul>\r\n\r\n\r\n\r\n<div class=\"inherit-container-width wp-block-group alignwide is-layout-constrained\" style=\"padding-top:var(--wp--preset--spacing--50);padding-right:0;padding-bottom:var(--wp--preset--spacing--50);padding-left:0\">\r\n<figure class=\"wp-block-image aligncenter size-full\"><img decoding=\"async\" loading=\"lazy\" width=\"200\" height=\"32\" src=\"https:\/\/terratuscia.com\/wp-content\/uploads\/2021\/05\/Untitled_Artwork-23_horizontal.png\" alt=\"\" class=\"wp-image-4891\" title=\"\"><\/figure>\r\n<\/div>\r\n\r\n\r\n\r\n<h4 class=\"alignwide wp-block-heading\">Was ist das BioDistretto?<\/h4>\r\n\r\n\r\n\r\n<p>In der Region BioDistretto Lago di Bolsena arbeiten Gemeinden, B\u00fcrger, Betriebe, Landwirtschaft, Tourismus und Wissenschaftler mit Passion und in konkreten Projekten an Nachhaltigkeit in der Region. Das heisst Schutz von Boden, See, Landschaft, Biodiversit\u00e4t und archaischem Kulturgut, Entwicklung von Bio-Landwirtschaft, sanftem Tourismus und nachhaltiger Energieversorgung. Durch Information, Austausch, Weiterbildung und aktivem Selbsttun.<\/p>\r\n\r\n\r\n\r\n<div class=\"wp-block-columns alignwide is-layout-flex wp-container-13\">\r\n<div class=\"wp-block-column is-vertically-aligned-center is-layout-flow\" style=\"flex-basis:50%\">\r\n<p>Landwirte und Betriebe qualifizieren sich bei Erf\u00fcllung bestimmter Kriterien (info pending) f\u00fcr das Logo des Vereins bio-distretto Lago di Bolsena<\/p>\r\n<\/div>\r\n\r\n\r\n\r\n<div class=\"wp-block-column is-vertically-aligned-center is-layout-flow\" style=\"flex-basis:50%\">\r\n<figure class=\"wp-block-image aligncenter size-full is-resized\"><a href=\"https:\/\/www.facebook.com\/biodistrettolagobolsena\/\" target=\"_blank\" rel=\"noopener\"><img decoding=\"async\" loading=\"lazy\" src=\"https:\/\/terratuscia.com\/wp-content\/uploads\/2022\/01\/BioDistretto-Logo-beschnitten.jpg\" alt=\"\" class=\"wp-image-6316\" width=\"162\" height=\"96\" title=\"\"><\/a><\/figure>\r\n<\/div>\r\n<\/div>\r\n\r\n\r\n\r\n<blockquote class=\"wp-block-quote\">\r\n<p>Wir sind begeistert von dieser Initiative und freuen uns, EU zertifizierten Biolandwirten die qualifizierte Mitglieder des Vereins bio-distretto Lago di Bolsena sind, eine reduzierte Verkaufskommision anbieten zu k\u00f6nnen. Wir m\u00f6chten allen Aktivisten der Region Lago di Bolsena &#8211; Tuscia eine Plattform bieten und hoffen, die Idee auch mit unserer Arbeit voranzutreiben und zu unterst\u00fctzen.<\/p>\r\n<\/blockquote>\r\n\r\n\r\n\r\n<div class=\"wp-block-columns alignwide is-layout-flex wp-container-16\">\r\n<div class=\"wp-block-column is-layout-constrained\">\r\n<figure class=\"wp-block-image aligncenter size-full is-style-rounded\"><a href=\"https:\/\/www.lamontagnolaretreat.com\/\" target=\"_blank\" rel=\"noopener\"><img decoding=\"async\" loading=\"lazy\" width=\"600\" height=\"400\" src=\"https:\/\/terratuscia.com\/wp-content\/uploads\/2022\/01\/sabine-profil.jpg\" alt=\"\" class=\"wp-image-6294\" title=\"\"><\/a><figcaption class=\"wp-element-caption\"><em>Sabine | CEO und Gesellschafter von TerraTuscia<\/em><\/figcaption><\/figure>\r\n<\/div>\r\n\r\n\r\n\r\n<div class=\"wp-block-column is-layout-constrained\">\r\n<figure class=\"wp-block-image aligncenter size-full is-style-rounded\"><a href=\"https:\/\/feinsinn.ch\/\" target=\"_blank\" rel=\"noopener\"><img decoding=\"async\" loading=\"lazy\" width=\"600\" height=\"400\" src=\"https:\/\/terratuscia.com\/wp-content\/uploads\/2022\/01\/nicole-profil-2.jpg\" alt=\"\" class=\"wp-image-6304\" title=\"\"><\/a><figcaption class=\"wp-element-caption\"><em>Nicole | CFO und Gesellschafter von TerraTuscia<\/em><\/figcaption><\/figure>\r\n<\/div>\r\n<\/div>\r\n<\/div>\r\n","protected":false},"excerpt":{"rendered":"<p>Um dein Einkaufserlebnis zu vers\u00fc\u00dfen, die italienische Produktvielfalt an herausragenden Lebensmitteln aufzuzeigen und unser Angebot f\u00fcr dich zu optimieren, arbeitet TerraTuscia mit Bio Produzenten und ausgesuchten konventionellen Landwirten zusammen. Im Shop findest du nachvollziehbare Auszeichnungen und Filter, um das f\u00fcr dich richtige Produkt zu finden. Wir betreiben TerraTuscia &#8222;non Profit&#8220;. Gewinn wird in Arbeitspl\u00e4tze, die &hellip;<\/p>\n<p class=\"read-more\"> <a class=\"ast-button\" href=\"https:\/\/terratuscia.com\/de\/terratuscia-und-biodistretto\/\"> <span class=\"screen-reader-text\">TerraTuscia und BioDistretto<\/span> Weiterlesen \u00bb<\/a><\/p>\n","protected":false},"author":1,"featured_media":5277,"parent":0,"menu_order":0,"comment_status":"closed","ping_status":"closed","template":"","meta":{"_uag_custom_page_level_css":"","site-sidebar-layout":"default","site-content-layout":"default","ast-global-header-display":"","ast-banner-title-visibility":"","ast-main-header-display":"","ast-hfb-above-header-display":"","ast-hfb-below-header-display":"","ast-hfb-mobile-header-display":"","site-post-title":"disabled","ast-breadcrumbs-content":"","ast-featured-img":"disabled","footer-sml-layout":"","theme-transparent-header-meta":"","adv-header-id-meta":"","stick-header-meta":"","header-above-stick-meta":"","header-main-stick-meta":"","header-below-stick-meta":""},"uagb_featured_image_src":{"full":["https:\/\/terratuscia.com\/wp-content\/uploads\/2022\/01\/TT_Logo_big.png",1532,892,false],"thumbnail":["https:\/\/terratuscia.com\/wp-content\/uploads\/2022\/01\/TT_Logo_big-150x150.png",150,150,true],"medium":["https:\/\/terratuscia.com\/wp-content\/uploads\/2022\/01\/TT_Logo_big-768x447.png",768,447,true],"medium_large":["https:\/\/terratuscia.com\/wp-content\/uploads\/2022\/01\/TT_Logo_big-768x447.png",768,447,true],"large":["https:\/\/terratuscia.com\/wp-content\/uploads\/2022\/01\/TT_Logo_big-1440x838.png",1440,838,true],"1536x1536":["https:\/\/terratuscia.com\/wp-content\/uploads\/2022\/01\/TT_Logo_big.png",1532,892,false],"2048x2048":["https:\/\/terratuscia.com\/wp-content\/uploads\/2022\/01\/TT_Logo_big.png",1532,892,false],"woocommerce_thumbnail":["https:\/\/terratuscia.com\/wp-content\/uploads\/2022\/01\/TT_Logo_big-350x350.png",350,350,true],"woocommerce_single":["https:\/\/terratuscia.com\/wp-content\/uploads\/2022\/01\/TT_Logo_big-768x447.png",768,447,true],"woocommerce_gallery_thumbnail":["https:\/\/terratuscia.com\/wp-content\/uploads\/2022\/01\/TT_Logo_big-200x200.png",200,200,true]},"uagb_author_info":{"display_name":"HolgerD","author_link":"https:\/\/terratuscia.com\/de\/author\/holgerd\/"},"uagb_comment_info":0,"uagb_excerpt":"Um dein Einkaufserlebnis zu vers\u00fc\u00dfen, die italienische Produktvielfalt an herausragenden Lebensmitteln aufzuzeigen und unser Angebot f\u00fcr dich zu optimieren, arbeitet TerraTuscia mit Bio Produzenten und ausgesuchten konventionellen Landwirten zusammen. Im Shop findest du nachvollziehbare Auszeichnungen und Filter, um das f\u00fcr dich richtige Produkt zu finden. Wir betreiben TerraTuscia &#8222;non Profit&#8220;. Gewinn wird in Arbeitspl\u00e4tze, die&hellip;","_links":{"self":[{"href":"https:\/\/terratuscia.com\/de\/wp-json\/wp\/v2\/pages\/5616"}],"collection":[{"href":"https:\/\/terratuscia.com\/de\/wp-json\/wp\/v2\/pages"}],"about":[{"href":"https:\/\/terratuscia.com\/de\/wp-json\/wp\/v2\/types\/page"}],"author":[{"embeddable":true,"href":"https:\/\/terratuscia.com\/de\/wp-json\/wp\/v2\/users\/1"}],"replies":[{"embeddable":true,"href":"https:\/\/terratuscia.com\/de\/wp-json\/wp\/v2\/comments?post=5616"}],"version-history":[{"count":2,"href":"https:\/\/terratuscia.com\/de\/wp-json\/wp\/v2\/pages\/5616\/revisions"}],"predecessor-version":[{"id":17947,"href":"https:\/\/terratuscia.com\/de\/wp-json\/wp\/v2\/pages\/5616\/revisions\/17947"}],"wp:featuredmedia":[{"embeddable":true,"href":"https:\/\/terratuscia.com\/de\/wp-json\/wp\/v2\/media\/5277"}],"wp:attachment":[{"href":"https:\/\/terratuscia.com\/de\/wp-json\/wp\/v2\/media?parent=5616"}],"curies":[{"name":"wp","href":"https:\/\/api.w.org\/{rel}","templated":true}]}}