{"id":3972,"date":"2021-04-29T19:36:00","date_gmt":"2021-04-29T17:36:00","guid":{"rendered":"https:\/\/terratuscia.com\/impressum\/"},"modified":"2023-01-05T00:59:01","modified_gmt":"2023-01-04T23:59:01","slug":"impressum","status":"publish","type":"page","link":"https:\/\/terratuscia.com\/de\/impressum\/","title":{"rendered":"Impressum"},"content":{"rendered":"\n<h4 class=\"alignwide wp-block-heading\" id=\"m46\">Diensteanbieter<\/h4>\n\n\n\n<p>TerraTuscia srl<br>Loc la Cantoniera 24<br>01010 Gradoli (VT)<br>Italien<\/p>\n\n\n\n<h4 class=\"alignwide wp-block-heading\" id=\"m56\">Kontaktm\u00f6glichkeiten<\/h4>\n\n\n\n<p>E-Mail-Adresse: <a href=\"mailto:impressum@terratuscia.com\">impressum@terratuscia.com<\/a><br>Kontaktformular: <a href=\"https:\/\/terratuscia.com\/de\/kontakt\/\">https:\/\/terratuscia.com\/de\/kontakt\/<\/a><br>Telefon: <a href=\"tel: +49 6331 4836605\">+49 6331 4836605<\/a><\/p>\n\n\n\n<h4 class=\"alignwide wp-block-heading\" id=\"m154\">Journalistisch-redaktionelle Angebote<\/h4>\n\n\n\n<p>Inhaltlich verantwortlich: Sabine Hess\n<\/p>\n\n\n\n<h4 class=\"alignwide wp-block-heading\" id=\"m58\">Angaben zum Unternehmen<\/h4>\n\n\n\n<p>Umsatzsteuer Identifikationsnummer (P. IVA): IT02391620560<br>Codice Fiscale (C.F.): 02391620560<br>AGB: <a href=\"https:\/\/terratuscia.com\/de\/agb\/\">https:\/\/terratuscia.com\/de\/agb\/<\/a><br>Stammkapital: 10.000\u20ac<br>PEC-Mail: terratuscia1@pec.it<\/p>\n\n\n\n<h4 class=\"alignwide wp-block-heading\" id=\"m151\">Register und Registernummer<\/h4>\n\n\n\n<p>Handelsregister: Viterbo<br>Nummer (N.REA): VT-201004<\/p>\n\n\n\n<h4 class=\"alignwide wp-block-heading\" id=\"m174\">Online-Streitbeilegung (OS)<\/h4>\n\n\n\n<p>Die Europ\u00e4ische Kommission stellt eine Plattform zur Online-Streitbeilegung (OS) bereit, die Sie unter <a href=\"https:\/\/ec.europa.eu\/consumers\/odr\/\" target=\"_blank\" rel=\"noopener\">https:\/\/ec.europa.eu\/consumers\/odr\/<\/a> finden. Verbraucher haben die M\u00f6glichkeit, diese Plattform f\u00fcr die Beilegung ihrer Streitigkeiten zu nutzen. Zur Teilnahme an einem Streitbeilegungsverfahren vor einer Verbraucherschlichtungsstelle sind wir nicht verpflichtet und nicht bereit.<\/p>\n\n\n\n<h4 class=\"alignwide wp-block-heading\" id=\"m65\">Haftungs- und Schutzrechtshinweise<\/h4>\n\n\n\n<p><strong>Haftungsausschluss<\/strong>: Die Inhalte dieses Onlineangebotes wurden sorgf\u00e4ltig und nach unserem aktuellen Kenntnisstand erstellt, dienen jedoch nur der Information und entfalten keine rechtlich bindende Wirkung, sofern es sich nicht um gesetzlich verpflichtende Informationen (z.B. das Impressum, die Datenschutzerkl\u00e4rung, AGB oder verpflichtende Belehrungen von Verbrauchern) handelt. Wir behalten uns vor, die Inhalte vollst\u00e4ndig oder teilweise zu \u00e4ndern oder zu l\u00f6schen, soweit vertragliche Verpflichtungen unber\u00fchrt bleiben. Alle Angebote sind freibleibend und unverbindlich.<\/p>\n\n\n\n<p><strong>Links auf fremde Webseiten<\/strong>: Die Inhalte fremder Webseiten, auf die wir direkt oder indirekt verweisen, liegen au\u00dferhalb unseres Verantwortungsbereiches und wir machen sie uns nicht zu Eigen. F\u00fcr alle Inhalte und Nachteile, die aus der Nutzung der in den verlinkten Webseiten aufrufbaren Informationen entstehen, \u00fcbernehmen wir keine Verantwortung.<\/p>\n\n\n\n<p><strong>Urheberrechte und Markenrechte<\/strong>: Alle auf dieser Website dargestellten Inhalte, wie Texte, Fotografien, Grafiken, Marken und Warenzeichen sind durch die jeweiligen Schutzrechte (Urheberrechte, Markenrechte) gesch\u00fctzt. Die Verwendung, Vervielf\u00e4ltigung usw. unterliegen unseren Rechten oder den Rechten der jeweiligen Urheber bzw. Rechteinhaber.<\/p>\n\n\n\n<p><strong>Hinweise auf Rechtsverst\u00f6\u00dfe<\/strong>: Sollten Sie innerhalb unseres Internetauftritts Rechtsverst\u00f6\u00dfe bemerken, bitten wir Sie uns auf diese hinzuweisen. Wir werden rechtswidrige Inhalte und Links nach Kenntnisnahme unverz\u00fcglich entfernen.<\/p>\n\n\n\n<div style=\"height:20px\" aria-hidden=\"true\" class=\"wp-block-spacer\"><\/div>\n","protected":false},"excerpt":{"rendered":"<p>TerraTuscia srlLoc la Cantoniera 2401010 Gradoli (VT)Italien E-Mail-Adresse: impressum@terratuscia.comKontaktformular: https:\/\/terratuscia.com\/de\/kontakt\/Telefon: +49 6331 4836605 Inhaltlich verantwortlich: Sabine Hess Umsatzsteuer Identifikationsnummer (P. IVA): IT02391620560Codice Fiscale (C.F.): 02391620560AGB: https:\/\/terratuscia.com\/de\/agb\/Stammkapital: 10.000\u20acPEC-Mail: terratuscia1@pec.it Handelsregister: ViterboNummer (N.REA): VT-201004 Die Europ\u00e4ische Kommission stellt eine Plattform zur Online-Streitbeilegung (OS) bereit, die Sie unter https:\/\/ec.europa.eu\/consumers\/odr\/ finden. Verbraucher haben die M\u00f6glichkeit, diese Plattform f\u00fcr die &hellip;<\/p>\n<p class=\"read-more\"> <a class=\"ast-button\" href=\"https:\/\/terratuscia.com\/de\/impressum\/\"> <span class=\"screen-reader-text\">Impressum<\/span> Weiterlesen \u00bb<\/a><\/p>\n","protected":false},"author":1,"featured_media":0,"parent":0,"menu_order":0,"comment_status":"closed","ping_status":"closed","template":"","meta":{"_uag_custom_page_level_css":"","site-sidebar-layout":"default","site-content-layout":"default","ast-global-header-display":"","ast-banner-title-visibility":"","ast-main-header-display":"","ast-hfb-above-header-display":"","ast-hfb-below-header-display":"","ast-hfb-mobile-header-display":"","site-post-title":"","ast-breadcrumbs-content":"","ast-featured-img":"","footer-sml-layout":"","theme-transparent-header-meta":"default","adv-header-id-meta":"","stick-header-meta":"default","header-above-stick-meta":"","header-main-stick-meta":"","header-below-stick-meta":""},"uagb_featured_image_src":{"full":false,"thumbnail":false,"medium":false,"medium_large":false,"large":false,"1536x1536":false,"2048x2048":false,"woocommerce_thumbnail":false,"woocommerce_single":false,"woocommerce_gallery_thumbnail":false},"uagb_author_info":{"display_name":"HolgerD","author_link":"https:\/\/terratuscia.com\/de\/author\/holgerd\/"},"uagb_comment_info":0,"uagb_excerpt":"TerraTuscia srlLoc la Cantoniera 2401010 Gradoli (VT)Italien E-Mail-Adresse: impressum@terratuscia.comKontaktformular: https:\/\/terratuscia.com\/de\/kontakt\/Telefon: +49 6331 4836605 Inhaltlich verantwortlich: Sabine Hess Umsatzsteuer Identifikationsnummer (P. IVA): IT02391620560Codice Fiscale (C.F.): 02391620560AGB: https:\/\/terratuscia.com\/de\/agb\/Stammkapital: 10.000\u20acPEC-Mail: terratuscia1@pec.it Handelsregister: ViterboNummer (N.REA): VT-201004 Die Europ\u00e4ische Kommission stellt eine Plattform zur Online-Streitbeilegung (OS) bereit, die Sie unter https:\/\/ec.europa.eu\/consumers\/odr\/ finden. Verbraucher haben die M\u00f6glichkeit, diese Plattform f\u00fcr die&hellip;","_links":{"self":[{"href":"https:\/\/terratuscia.com\/de\/wp-json\/wp\/v2\/pages\/3972"}],"collection":[{"href":"https:\/\/terratuscia.com\/de\/wp-json\/wp\/v2\/pages"}],"about":[{"href":"https:\/\/terratuscia.com\/de\/wp-json\/wp\/v2\/types\/page"}],"author":[{"embeddable":true,"href":"https:\/\/terratuscia.com\/de\/wp-json\/wp\/v2\/users\/1"}],"replies":[{"embeddable":true,"href":"https:\/\/terratuscia.com\/de\/wp-json\/wp\/v2\/comments?post=3972"}],"version-history":[{"count":2,"href":"https:\/\/terratuscia.com\/de\/wp-json\/wp\/v2\/pages\/3972\/revisions"}],"predecessor-version":[{"id":14233,"href":"https:\/\/terratuscia.com\/de\/wp-json\/wp\/v2\/pages\/3972\/revisions\/14233"}],"wp:attachment":[{"href":"https:\/\/terratuscia.com\/de\/wp-json\/wp\/v2\/media?parent=3972"}],"curies":[{"name":"wp","href":"https:\/\/api.w.org\/{rel}","templated":true}]}}