{"id":11969,"date":"2022-07-22T15:22:09","date_gmt":"2022-07-22T13:22:09","guid":{"rendered":"https:\/\/terratuscia.com\/?page_id=11969"},"modified":"2023-02-05T16:33:59","modified_gmt":"2023-02-05T15:33:59","slug":"naturaaemme-ecoprinting-von-alessandra-mei","status":"publish","type":"page","link":"https:\/\/terratuscia.com\/de\/produzenten\/naturaaemme-ecoprinting-von-alessandra-mei\/","title":{"rendered":"NaturaAemme &#8211; EcoPrinting von Alessandra Mei"},"content":{"rendered":"\n<div class=\"inherit-container-width wp-block-group alignwide wp-block-group-hdm-no-margin has-white-background-color has-background is-layout-constrained\">\n<div class=\"wp-block-columns alignwide is-layout-flex wp-container-4\">\n<div class=\"wp-block-column is-layout-flow\" style=\"flex-basis:80%\">\n<h1 class=\"has-text-align-left wp-block-heading\">NaturaAemme &#8211; EcoPrinting von Alessandra Mei<\/h1>\n<\/div>\n\n\n\n<div class=\"wp-block-column is-vertically-aligned-center is-layout-flow\" style=\"flex-basis:20%\">\n<ul class=\"wp-block-social-links alignright has-small-icon-size items-justified-right items-justified-center is-layout-flex\"><li class=\"wp-social-link wp-social-link-instagram wp-block-social-link\"><a rel=\" noopener nofollow\" target=\"_blank\" href=\"https:\/\/www.instagram.com\/alemei.14\/\" class=\"wp-block-social-link-anchor\"><svg width=\"24\" height=\"24\" viewBox=\"0 0 24 24\" version=\"1.1\" xmlns=\"http:\/\/www.w3.org\/2000\/svg\" aria-hidden=\"true\" focusable=\"false\"><path d=\"M12,4.622c2.403,0,2.688,0.009,3.637,0.052c0.877,0.04,1.354,0.187,1.671,0.31c0.42,0.163,0.72,0.358,1.035,0.673 c0.315,0.315,0.51,0.615,0.673,1.035c0.123,0.317,0.27,0.794,0.31,1.671c0.043,0.949,0.052,1.234,0.052,3.637 s-0.009,2.688-0.052,3.637c-0.04,0.877-0.187,1.354-0.31,1.671c-0.163,0.42-0.358,0.72-0.673,1.035 c-0.315,0.315-0.615,0.51-1.035,0.673c-0.317,0.123-0.794,0.27-1.671,0.31c-0.949,0.043-1.233,0.052-3.637,0.052 s-2.688-0.009-3.637-0.052c-0.877-0.04-1.354-0.187-1.671-0.31c-0.42-0.163-0.72-0.358-1.035-0.673 c-0.315-0.315-0.51-0.615-0.673-1.035c-0.123-0.317-0.27-0.794-0.31-1.671C4.631,14.688,4.622,14.403,4.622,12 s0.009-2.688,0.052-3.637c0.04-0.877,0.187-1.354,0.31-1.671c0.163-0.42,0.358-0.72,0.673-1.035 c0.315-0.315,0.615-0.51,1.035-0.673c0.317-0.123,0.794-0.27,1.671-0.31C9.312,4.631,9.597,4.622,12,4.622 M12,3 C9.556,3,9.249,3.01,8.289,3.054C7.331,3.098,6.677,3.25,6.105,3.472C5.513,3.702,5.011,4.01,4.511,4.511 c-0.5,0.5-0.808,1.002-1.038,1.594C3.25,6.677,3.098,7.331,3.054,8.289C3.01,9.249,3,9.556,3,12c0,2.444,0.01,2.751,0.054,3.711 c0.044,0.958,0.196,1.612,0.418,2.185c0.23,0.592,0.538,1.094,1.038,1.594c0.5,0.5,1.002,0.808,1.594,1.038 c0.572,0.222,1.227,0.375,2.185,0.418C9.249,20.99,9.556,21,12,21s2.751-0.01,3.711-0.054c0.958-0.044,1.612-0.196,2.185-0.418 c0.592-0.23,1.094-0.538,1.594-1.038c0.5-0.5,0.808-1.002,1.038-1.594c0.222-0.572,0.375-1.227,0.418-2.185 C20.99,14.751,21,14.444,21,12s-0.01-2.751-0.054-3.711c-0.044-0.958-0.196-1.612-0.418-2.185c-0.23-0.592-0.538-1.094-1.038-1.594 c-0.5-0.5-1.002-0.808-1.594-1.038c-0.572-0.222-1.227-0.375-2.185-0.418C14.751,3.01,14.444,3,12,3L12,3z M12,7.378 c-2.552,0-4.622,2.069-4.622,4.622S9.448,16.622,12,16.622s4.622-2.069,4.622-4.622S14.552,7.378,12,7.378z M12,15 c-1.657,0-3-1.343-3-3s1.343-3,3-3s3,1.343,3,3S13.657,15,12,15z M16.804,6.116c-0.596,0-1.08,0.484-1.08,1.08 s0.484,1.08,1.08,1.08c0.596,0,1.08-0.484,1.08-1.08S17.401,6.116,16.804,6.116z\"><\/path><\/svg><span class=\"wp-block-social-link-label screen-reader-text\">Instagram<\/span><\/a><\/li><\/ul>\n<\/div>\n<\/div>\n\n\n\n<blockquote class=\"wp-block-quote\">\n<p>Ecoprinting oder Botanical Printing ist eine handwerkliche Technik, die in Australien von der Textilk\u00fcnstlerin India Flint geboren und getestet wurde, und es erm\u00f6glicht, Pflanzen auf Stoffe zu drucken, ohne Tinte oder sch\u00e4dliche Chemikalien zu verwenden. Bl\u00e4tter, Bl\u00fcten, Beeren, Wurzeln und Rinden geben ihre Farbe und einen perfekten Abdruck ihrer selbst auf Stoffen nat\u00fcrlichen Ursprungs ab.<\/p>\n<\/blockquote>\n\n\n\n<figure class=\"wp-block-image alignwide size-full is-style-rounded\"><img decoding=\"async\" loading=\"lazy\" width=\"1200\" height=\"400\" src=\"https:\/\/terratuscia.com\/wp-content\/uploads\/2022\/07\/Natuaaemme-alessandra-mei-banner.jpg\" alt=\"\" class=\"wp-image-11971\" srcset=\"https:\/\/terratuscia.com\/wp-content\/uploads\/2022\/07\/Natuaaemme-alessandra-mei-banner.jpg 1200w, https:\/\/terratuscia.com\/wp-content\/uploads\/2022\/07\/Natuaaemme-alessandra-mei-banner-768x256.jpg 768w\" sizes=\"(max-width: 1200px) 100vw, 1200px\" title=\"\"><\/figure>\n\n\n\n<div class=\"inherit-container-width wp-block-group alignwide has-white-background-color has-background is-layout-constrained\" style=\"padding-top:var(--wp--preset--spacing--50);padding-right:var(--wp--preset--spacing--50);padding-bottom:var(--wp--preset--spacing--50);padding-left:var(--wp--preset--spacing--50)\">\n<figure class=\"wp-block-image size-large is-resized\"><img decoding=\"async\" loading=\"lazy\" src=\"https:\/\/terratuscia.com\/wp-content\/uploads\/2022\/01\/new-quote.png\" alt=\"\" class=\"wp-image-53898\" width=\"32\" height=\"32\" title=\"\"><figcaption class=\"wp-element-caption\">Alessandra<\/figcaption><\/figure>\n\n\n\n<h4 class=\"alignwide wp-block-heading\">\u201cIch habe mich in die Kunst verliebt, Stoffe mit den Farben und Fu\u00dfspuren der Natur zu bemalen.\u201c<\/h4>\n<\/div>\n\n\n\n<figure class=\"wp-block-image alignwide size-full\"><img decoding=\"async\" loading=\"lazy\" width=\"1200\" height=\"400\" src=\"https:\/\/terratuscia.com\/wp-content\/uploads\/2022\/07\/Natuaaemme-alessandra-mei-banner2.jpg\" alt=\"\" class=\"wp-image-12019\" srcset=\"https:\/\/terratuscia.com\/wp-content\/uploads\/2022\/07\/Natuaaemme-alessandra-mei-banner2.jpg 1200w, https:\/\/terratuscia.com\/wp-content\/uploads\/2022\/07\/Natuaaemme-alessandra-mei-banner2-768x256.jpg 768w\" sizes=\"(max-width: 1200px) 100vw, 1200px\" title=\"\"><\/figure>\n\n\n\n<h3 class=\"alignwide wp-block-heading\">Ecoprinting \u2013 was ist das? Handarbeit in jedem Schritt<\/h3>\n\n\n\n<p>Der Prozess ist sehr arbeitsintensiv.<\/p>\n\n\n\n<p>Man beginnt mit der Vorbereitung von nat\u00fcrlichen Stoffen (Wolle, Seide, Baumwolle, Leinen, Bambus usw.), die gr\u00fcndlich entfettet werden m\u00fcssen, um alle Verunreinigungen zu entfernen.<\/p>\n\n\n\n<p>Danach folgt das \u00c4tzen, was es dank der Verwendung einiger ebenfalls nat\u00fcrlicher Mineralsalze erm\u00f6glicht, die Farben und Pigmente der Bl\u00e4tter auf dem Stoff zu fixieren. Dann geht es weiter mit der Sammlung von Pflanzenmaterial.<\/p>\n\n\n\n<figure class=\"wp-block-gallery alignwide has-nested-images columns-default is-cropped wp-block-gallery-6 is-layout-flex\">\n<figure class=\"wp-block-image size-full\"><img decoding=\"async\" loading=\"lazy\" width=\"600\" height=\"400\" src=\"https:\/\/terratuscia.com\/wp-content\/uploads\/2022\/07\/naturaaemme-alessandra-mei-ecoprinting-process-1.jpg\" alt=\"\" class=\"wp-image-11974\" title=\"\"><\/figure>\n\n\n\n<figure class=\"wp-block-image size-full\"><img decoding=\"async\" loading=\"lazy\" width=\"600\" height=\"400\" src=\"https:\/\/terratuscia.com\/wp-content\/uploads\/2022\/07\/naturaaemme-alessandra-mei-ecoprinting-process-7.jpg\" alt=\"\" class=\"wp-image-11992\" title=\"\"><\/figure>\n\n\n\n<figure class=\"wp-block-image size-full\"><img decoding=\"async\" loading=\"lazy\" width=\"600\" height=\"400\" src=\"https:\/\/terratuscia.com\/wp-content\/uploads\/2022\/07\/naturaaemme-alessandra-mei-ecoprinting-process-3.jpg\" alt=\"\" class=\"wp-image-11980\" title=\"\"><\/figure>\n<\/figure>\n\n\n\n<div class=\"inherit-container-width wp-block-group alignwide has-white-background-color has-background is-layout-constrained\" style=\"padding-top:var(--wp--preset--spacing--50);padding-right:var(--wp--preset--spacing--50);padding-bottom:var(--wp--preset--spacing--50);padding-left:var(--wp--preset--spacing--50)\">\n<figure class=\"wp-block-image size-large is-resized\"><img decoding=\"async\" loading=\"lazy\" src=\"https:\/\/terratuscia.com\/wp-content\/uploads\/2022\/01\/new-quote.png\" alt=\"\" class=\"wp-image-53898\" width=\"32\" height=\"32\" title=\"\"><\/figure>\n\n\n\n<h4 class=\"alignwide wp-block-heading\">\u201cIch lebe in einer unber\u00fchrten Umgebung und sammle, was ich brauche, auf dem Land und in den W\u00e4ldern in der N\u00e4he meines Zuhauses. Man muss wissen, wie man die richtigen Pflanzen erkennt. die besten Ergebnisse erzielt man mit tanninreichen Bl\u00e4ttern wie Walnuss, Eiche, Brombeere, Rose, um nur einige zu nennen.\u201c<\/h4>\n<\/div>\n\n\n\n<figure class=\"wp-block-gallery alignwide has-nested-images columns-default is-cropped wp-block-gallery-9 is-layout-flex\">\n<figure class=\"wp-block-image size-full\"><img decoding=\"async\" loading=\"lazy\" width=\"400\" height=\"600\" src=\"https:\/\/terratuscia.com\/wp-content\/uploads\/2022\/07\/naturaaemme-alessandra-mei-ecoprinting-process-4-vertical.jpg\" alt=\"\" class=\"wp-image-11983\" title=\"\"><\/figure>\n\n\n\n<figure class=\"wp-block-image size-full\"><img decoding=\"async\" loading=\"lazy\" width=\"400\" height=\"600\" src=\"https:\/\/terratuscia.com\/wp-content\/uploads\/2022\/07\/naturaaemme-alessandra-mei-ecoprinting-process-5-vertical.jpg\" alt=\"\" class=\"wp-image-11986\" title=\"\"><\/figure>\n\n\n\n<figure class=\"wp-block-image size-full\"><img decoding=\"async\" loading=\"lazy\" width=\"400\" height=\"600\" src=\"https:\/\/terratuscia.com\/wp-content\/uploads\/2022\/07\/naturaaemme-alessandra-mei-ecoprinting-process-6-vertical.jpg\" alt=\"\" class=\"wp-image-11989\" title=\"\"><\/figure>\n<\/figure>\n\n\n\n<h3 class=\"wp-block-heading\">Der kreative Prozess<\/h3>\n\n\n\n<p>Dann kommt der kreative Moment: Die Bl\u00e4tter und Blumen werden auf den behandelten Stoff gelegt, wodurch eine Fantasiekomposition entsteht. Alles wird auf eine Holz- oder Metallunterlage gewickelt, mit Schn\u00fcren zusammengebunden und die so erhaltene Rolle wird mindestens zwei Stunden lang in einem Dampfgarer &#8222;gekocht&#8220;.<\/p>\n\n\n\n<p>Nach Ablauf der Zeit, einmal abgek\u00fchlt, rollt es sich aus, das Pflanzenmaterial wird entfernt, in kaltem Wasser gewaschen und man kann das Ergebnis bewundern, einzigartig, originell und nicht zu kopieren!<\/p>\n\n\n\n<figure class=\"wp-block-gallery alignwide has-nested-images columns-default is-cropped wp-block-gallery-11 is-layout-flex\">\n<figure class=\"wp-block-image size-full\"><img decoding=\"async\" loading=\"lazy\" width=\"400\" height=\"600\" src=\"https:\/\/terratuscia.com\/wp-content\/uploads\/2022\/07\/naturaaemme-alessandra-mei-ecoprinting-process-8-vertical.jpg\" alt=\"\" class=\"wp-image-11995\" title=\"\"><\/figure>\n\n\n\n<figure class=\"wp-block-image size-full\"><img decoding=\"async\" loading=\"lazy\" width=\"400\" height=\"600\" src=\"https:\/\/terratuscia.com\/wp-content\/uploads\/2022\/07\/naturaaemme-alessandra-mei-ecoprinting-process-9-vertical.jpg\" alt=\"\" class=\"wp-image-11998\" title=\"\"><\/figure>\n\n\n\n<figure class=\"wp-block-image size-full\"><img decoding=\"async\" loading=\"lazy\" width=\"400\" height=\"600\" src=\"https:\/\/terratuscia.com\/wp-content\/uploads\/2022\/07\/naturaaemme-alessandra-mei-ecoprinting-process-10-vertical.jpg\" alt=\"\" class=\"wp-image-12001\" title=\"\"><\/figure>\n<\/figure>\n\n\n\n<h3 class=\"alignwide wp-block-heading\">Was die Natur daraus macht<\/h3>\n\n\n\n<p>Es ist au\u00dfergew\u00f6hnlich, wie die Form eines Blattes, das auf einem Stoff liegt, dank einer &#8222;alchemistischen&#8220; Kombination aus Mineralsalzen, W\u00e4rme und Tannin seinen perfekten Abdruck freigeben kann, einschlie\u00dflich Adern!<\/p>\n\n\n\n<figure class=\"wp-block-gallery alignwide has-nested-images columns-default is-cropped wp-block-gallery-13 is-layout-flex\">\n<figure class=\"wp-block-image size-full\"><img decoding=\"async\" loading=\"lazy\" width=\"400\" height=\"600\" src=\"https:\/\/terratuscia.com\/wp-content\/uploads\/2022\/07\/naturaaemme-alessandra-mei-ecoprinting-process-12-vertical.jpg\" alt=\"\" class=\"wp-image-12007\" title=\"\"><\/figure>\n\n\n\n<figure class=\"wp-block-image size-full\"><img decoding=\"async\" loading=\"lazy\" width=\"400\" height=\"600\" src=\"https:\/\/terratuscia.com\/wp-content\/uploads\/2022\/07\/naturaaemme-alessandra-mei-ecoprinting-process-13-vertical.jpg\" alt=\"\" class=\"wp-image-12010\" title=\"\"><\/figure>\n\n\n\n<figure class=\"wp-block-image size-full\"><img decoding=\"async\" loading=\"lazy\" width=\"400\" height=\"600\" src=\"https:\/\/terratuscia.com\/wp-content\/uploads\/2022\/07\/naturaaemme-alessandra-mei-ecoprinting-process-14-vertical.jpg\" alt=\"\" class=\"wp-image-12013\" title=\"\"><\/figure>\n<\/figure>\n\n\n\n<div class=\"inherit-container-width wp-block-group has-white-background-color has-background is-layout-constrained\" style=\"padding-top:var(--wp--preset--spacing--50);padding-right:var(--wp--preset--spacing--50);padding-bottom:var(--wp--preset--spacing--50);padding-left:var(--wp--preset--spacing--50)\">\n<figure class=\"wp-block-image size-large is-resized\"><img decoding=\"async\" loading=\"lazy\" src=\"https:\/\/terratuscia.com\/wp-content\/uploads\/2022\/01\/new-quote.png\" alt=\"\" class=\"wp-image-53898\" width=\"32\" height=\"32\" title=\"\"><\/figure>\n\n\n\n<h4 class=\"wp-block-heading\">\u201cDas F\u00e4rben und Bedrucken mit Bl\u00e4ttern und Blumen l\u00e4sst mich in einen innigen Kontakt mit der Natur treten, Pflanzen sammeln und erkennen, ihre Eigenschaften studieren, sie auf Stoffen testen.\u201c<\/h4>\n<\/div>\n\n\n\n<figure class=\"wp-block-image alignwide size-full\"><img decoding=\"async\" loading=\"lazy\" width=\"1200\" height=\"400\" src=\"https:\/\/terratuscia.com\/wp-content\/uploads\/2022\/07\/Natuaaemme-alessandra-mei-banner3.jpg\" alt=\"\" class=\"wp-image-12022\" srcset=\"https:\/\/terratuscia.com\/wp-content\/uploads\/2022\/07\/Natuaaemme-alessandra-mei-banner3.jpg 1200w, https:\/\/terratuscia.com\/wp-content\/uploads\/2022\/07\/Natuaaemme-alessandra-mei-banner3-768x256.jpg 768w\" sizes=\"(max-width: 1200px) 100vw, 1200px\" title=\"\"><\/figure>\n\n\n\n<h3 class=\"alignwide wp-block-heading\">und das sind einige von Alessandras Produkten<\/h3>\n\n\n<div class=\"woocommerce columns-6 \"><ul class=\"products columns-6\">\n<li class=\"desktop-align-right tablet-align-right mobile-align-right ast-product-gallery-layout-horizontal-slider ast-product-gallery-with-no-image ast-product-single-variable ast-product-tabs-layout-vertical product type-product post-12361 status-publish first instock product_cat-kunst-und-gegenstaende has-post-thumbnail taxable shipping-taxable purchasable product-type-variable\">\n\t<div class=\"biokategorie_block\"><\/div><div class=\"pwb-brands-in-loop\"><span><a href=\"https:\/\/terratuscia.com\/de\/produzentproduktarchiv\/naturaaemme\/\">NaturaAemme<\/a><\/span><\/div><\/li>\n<li class=\"desktop-align-right tablet-align-right mobile-align-right ast-product-gallery-layout-horizontal-slider ast-product-single-variable ast-product-tabs-layout-vertical product type-product post-10720 status-publish instock product_cat-kunst-und-gegenstaende has-post-thumbnail featured taxable shipping-taxable purchasable product-type-variable\">\n\t<div class=\"biokategorie_block\"><\/div><div class=\"pwb-brands-in-loop\"><span><a href=\"https:\/\/terratuscia.com\/de\/produzentproduktarchiv\/naturaaemme\/\">NaturaAemme<\/a><\/span><\/div><\/li>\n<li class=\"desktop-align-right tablet-align-right mobile-align-right ast-product-gallery-layout-horizontal-slider ast-product-tabs-layout-vertical product type-product post-13544 status-publish instock product_cat-spezielle-angebote product_cat-kunst-und-gegenstaende product_cat-wein-und-spirituosen has-post-thumbnail sale taxable shipping-taxable purchasable product-type-simple\">\n\t<div class=\"biokategorie_block\"><span class=\"biokategorie_display Biozertifiziert\" title=\"Biozertifiziert\" role=\"img\" aria-label=\"Biozertifiziert\"> <\/span><\/div><div class=\"pwb-brands-in-loop\"><span><a href=\"https:\/\/terratuscia.com\/de\/produzentproduktarchiv\/annick-ethic-drinks\/\">Annick<\/a><\/span><span><a href=\"https:\/\/terratuscia.com\/de\/produzentproduktarchiv\/naturaaemme\/\">NaturaAemme<\/a><\/span><\/div><\/li>\n<li class=\"desktop-align-right tablet-align-right mobile-align-right ast-product-gallery-layout-horizontal-slider ast-product-single-variable ast-product-tabs-layout-vertical product type-product post-12550 status-publish instock product_cat-kunst-und-gegenstaende has-post-thumbnail taxable shipping-taxable purchasable product-type-variable\">\n\t<div class=\"biokategorie_block\"><\/div><div class=\"pwb-brands-in-loop\"><span><a href=\"https:\/\/terratuscia.com\/de\/produzentproduktarchiv\/naturaaemme\/\">NaturaAemme<\/a><\/span><\/div><\/li>\n<li class=\"desktop-align-right tablet-align-right mobile-align-right ast-product-gallery-layout-horizontal-slider ast-product-gallery-with-no-image ast-product-single-variable ast-product-tabs-layout-vertical product type-product post-11169 status-publish instock product_cat-kunst-und-gegenstaende has-post-thumbnail taxable shipping-taxable purchasable product-type-variable\">\n\t<div class=\"biokategorie_block\"><\/div><div class=\"pwb-brands-in-loop\"><span><a href=\"https:\/\/terratuscia.com\/de\/produzentproduktarchiv\/naturaaemme\/\">NaturaAemme<\/a><\/span><\/div><\/li>\n<\/ul>\n<\/div>\n<\/div>\n","protected":false},"excerpt":{"rendered":"<p>Bl\u00e4tter, Wurzeln, Beeren, Rinden werden wie von Zauberhand auf den Stoff gepr\u00e4gt und setzten wundersch\u00f6ne Drucke und Farben frei. In sieben Arbeitsg\u00e4ngen werden die Pflanzen je nach Jahreszeit handverlesen und geerntet, der Stoff vorbereitet, die Tasche gen\u00e4ht, Vorder-und R\u00fcckseite minuti\u00f6s voneinander getrennt, die Muster gelegt, der Stoff vorsichtig eingerollt und mit nat\u00fcrlichen Zus\u00e4tzen gedampft, das &hellip;<\/p>\n<p class=\"read-more\"> <a class=\"ast-button\" href=\"https:\/\/terratuscia.com\/de\/produzenten\/naturaaemme-ecoprinting-von-alessandra-mei\/\"> <span class=\"screen-reader-text\">NaturaAemme &#8211; EcoPrinting von Alessandra Mei<\/span> Weiterlesen \u00bb<\/a><\/p>\n","protected":false},"author":1,"featured_media":12036,"parent":6031,"menu_order":0,"comment_status":"open","ping_status":"closed","template":"","meta":{"_uag_custom_page_level_css":"","site-sidebar-layout":"default","site-content-layout":"default","ast-global-header-display":"","ast-banner-title-visibility":"","ast-main-header-display":"","ast-hfb-above-header-display":"","ast-hfb-below-header-display":"","ast-hfb-mobile-header-display":"","site-post-title":"disabled","ast-breadcrumbs-content":"","ast-featured-img":"disabled","footer-sml-layout":"","theme-transparent-header-meta":"","adv-header-id-meta":"","stick-header-meta":"","header-above-stick-meta":"","header-main-stick-meta":"","header-below-stick-meta":""},"uagb_featured_image_src":{"full":["https:\/\/terratuscia.com\/wp-content\/uploads\/2022\/07\/Natuaaemme-alessandra-mei-profil.jpg",600,400,false],"thumbnail":["https:\/\/terratuscia.com\/wp-content\/uploads\/2022\/07\/Natuaaemme-alessandra-mei-profil-150x150.jpg",150,150,true],"medium":["https:\/\/terratuscia.com\/wp-content\/uploads\/2022\/07\/Natuaaemme-alessandra-mei-profil.jpg",600,400,false],"medium_large":["https:\/\/terratuscia.com\/wp-content\/uploads\/2022\/07\/Natuaaemme-alessandra-mei-profil.jpg",600,400,false],"large":["https:\/\/terratuscia.com\/wp-content\/uploads\/2022\/07\/Natuaaemme-alessandra-mei-profil.jpg",600,400,false],"1536x1536":["https:\/\/terratuscia.com\/wp-content\/uploads\/2022\/07\/Natuaaemme-alessandra-mei-profil.jpg",600,400,false],"2048x2048":["https:\/\/terratuscia.com\/wp-content\/uploads\/2022\/07\/Natuaaemme-alessandra-mei-profil.jpg",600,400,false],"woocommerce_thumbnail":["https:\/\/terratuscia.com\/wp-content\/uploads\/2022\/07\/Natuaaemme-alessandra-mei-profil-350x350.jpg",350,350,true],"woocommerce_single":["https:\/\/terratuscia.com\/wp-content\/uploads\/2022\/07\/Natuaaemme-alessandra-mei-profil.jpg",600,400,false],"woocommerce_gallery_thumbnail":["https:\/\/terratuscia.com\/wp-content\/uploads\/2022\/07\/Natuaaemme-alessandra-mei-profil-200x200.jpg",200,200,true]},"uagb_author_info":{"display_name":"HolgerD","author_link":"https:\/\/terratuscia.com\/de\/author\/holgerd\/"},"uagb_comment_info":0,"uagb_excerpt":"Bl\u00e4tter, Wurzeln, Beeren, Rinden werden wie von Zauberhand auf den Stoff gepr\u00e4gt und setzten wundersch\u00f6ne Drucke und Farben frei. In sieben Arbeitsg\u00e4ngen werden die Pflanzen je nach Jahreszeit handverlesen und geerntet, der Stoff vorbereitet, die Tasche gen\u00e4ht, Vorder-und R\u00fcckseite minuti\u00f6s voneinander getrennt, die Muster gelegt, der Stoff vorsichtig eingerollt und mit nat\u00fcrlichen Zus\u00e4tzen gedampft, das&hellip;","_links":{"self":[{"href":"https:\/\/terratuscia.com\/de\/wp-json\/wp\/v2\/pages\/11969"}],"collection":[{"href":"https:\/\/terratuscia.com\/de\/wp-json\/wp\/v2\/pages"}],"about":[{"href":"https:\/\/terratuscia.com\/de\/wp-json\/wp\/v2\/types\/page"}],"author":[{"embeddable":true,"href":"https:\/\/terratuscia.com\/de\/wp-json\/wp\/v2\/users\/1"}],"replies":[{"embeddable":true,"href":"https:\/\/terratuscia.com\/de\/wp-json\/wp\/v2\/comments?post=11969"}],"version-history":[{"count":2,"href":"https:\/\/terratuscia.com\/de\/wp-json\/wp\/v2\/pages\/11969\/revisions"}],"predecessor-version":[{"id":15453,"href":"https:\/\/terratuscia.com\/de\/wp-json\/wp\/v2\/pages\/11969\/revisions\/15453"}],"up":[{"embeddable":true,"href":"https:\/\/terratuscia.com\/de\/wp-json\/wp\/v2\/pages\/6031"}],"wp:featuredmedia":[{"embeddable":true,"href":"https:\/\/terratuscia.com\/de\/wp-json\/wp\/v2\/media\/12036"}],"wp:attachment":[{"href":"https:\/\/terratuscia.com\/de\/wp-json\/wp\/v2\/media?parent=11969"}],"curies":[{"name":"wp","href":"https:\/\/api.w.org\/{rel}","templated":true}]}}